{"id":2552,"date":"2021-03-09T13:25:42","date_gmt":"2021-03-09T12:25:42","guid":{"rendered":"https:\/\/babiedoly.com\/majowka-nad-morzem\/"},"modified":"2026-03-27T15:27:50","modified_gmt":"2026-03-27T14:27:50","slug":"may-weekend-at-the-seaside-in-gdynia","status":"publish","type":"page","link":"https:\/\/babiedoly.com\/en\/may-weekend-at-the-seaside-in-gdynia\/","title":{"rendered":"May Day at the seaside in Gdynia"},"content":{"rendered":"\n\n\t<h1>May weekend at the seaside in Poland &#8211; this has to be a success!<\/h1>\n<p>There are hundreds of ways to spend the May Day weekend, although low temperatures preclude most outdoor activities. Therefore, you&#8217;ll need a fire pit and a warm base.<\/p>\n<p>If you are interested in heated year-round cottages located close to the sea, we invite you to Babie Do\u0142y in Gdynia.<\/p>\n<p>Babie Do\u0142y is a district of Gdynia located 12 km from the center, right by the sea.<\/p>\n<h5>It is peaceful there, there is no hustle and bustle of a big city, and due to the shelter of the forests the winds are less intense than in Gdynia.<\/h5>\n\t\t\t\t<a href=\"https:\/\/babiedoly.com\/wp-content\/uploads\/2021\/07\/domki-nad-morzem-Gdynia-Babie-doly.jpg\" target=\"_self\" itemprop=\"url\">\n\t\t\t\t<img loading=\"lazy\" decoding=\"async\" src=\"https:\/\/babiedoly.com\/wp-content\/uploads\/2021\/07\/domki-nad-morzem-Gdynia-Babie-doly.jpg\" alt=\"seaside cottages Gdynia Babie Doly babiedoly.com\" itemprop=\"image\" height=\"600\" width=\"900\" title=\"seaside cottages Gdynia Babie Doly babiedoly.com\" onerror=\"this.style.display='none'\"  \/>\n\t\t\t\t<\/a>\n\t<h3>We offer accommodation by the sea &#8211; in heated year-round cottages<\/h3>\n<p>You can check available dates on the <a href=\"https:\/\/babiedoly.com\/en\/reservations\/\">BOOKING<\/a> page.<\/p>\n<p>We advise you to hurry up with your reservation, as dates on popular days such as New Year&#8217;s Eve, May Day and summer sell out even six months in advance.<\/p>\n<p>The current price list is available on the <a href=\"https:\/\/babiedoly.com\/en\/#cennik\">home page<\/a><\/p>\n<p>May long weekends are usually chilly, so choosing a heated location is essential. Our cottages are heated with hot\/cold air conditioning, which maintains the temperature well.<\/p>\n<p>The cottages are new, built in 2020, so all facilities are in working order and regularly maintained. We are open year-round.<\/p>\n\t<h2>May weekend by the sea for 2 &#8211; 12 people<\/h2>\n<p>We offer accommodation in two year-round holiday cottages. Each can comfortably accommodate four people, or a slightly tighter but still comfortable 6-person cottage.<\/p>\n<p>For groups of 7 or more, a reservation for two cottages is required.<\/p>\n<p>The price is for the cottage, not the number of people staying there. So, if you&#8217;re a sociable person, you can bring friends along to maximize the space.<\/p>\n<p>&nbsp;<\/p>\n<p>&nbsp;<\/p>\n\t\t\t\t<a href=\"https:\/\/babiedoly.com\/wp-content\/uploads\/2020\/07\/plaza-i-stara-torpedownia-babie-doly.jpg\" target=\"_self\" itemprop=\"url\">\n\t\t\t\t<img loading=\"lazy\" decoding=\"async\" src=\"https:\/\/babiedoly.com\/wp-content\/uploads\/2020\/07\/plaza-i-stara-torpedownia-babie-doly.jpg\" alt=\"beach and old torpedo testing station Babie Do\u0142y\" itemprop=\"image\" height=\"933\" width=\"1400\" title=\"beach and old torpedo testing station Babie Do\u0142y\" onerror=\"this.style.display='none'\"  \/>\n\t\t\t\t<\/a>\n\t\t\t\t<a href=\"https:\/\/babiedoly.com\/wp-content\/uploads\/2021\/07\/teren-do-zabawy-dla-dzieci-Gdynia-babie-doly.jpg\" target=\"_self\" itemprop=\"url\">\n\t\t\t\t<img loading=\"lazy\" decoding=\"async\" src=\"https:\/\/babiedoly.com\/wp-content\/uploads\/2021\/07\/teren-do-zabawy-dla-dzieci-Gdynia-babie-doly.jpg\" alt=\"children&#039;s play area Gdynia Babie Do\u0142y babiedoly.com\" itemprop=\"image\" height=\"720\" width=\"900\" title=\"children&#039;s play area Gdynia Babie Do\u0142y babiedoly.com\" onerror=\"this.style.display='none'\"  \/>\n\t\t\t\t<\/a>\n\t<h2>Long May weekend with family or maybe with friends?<\/h2>\n<p>In our cottages you can spend time peacefully with your family, with children, but also with the elderly and a group of friends.<\/p>\n<p>A children&#8217;s playground is available on the fenced plot. It includes: <\/p>\n<ul>\n<li>slide<\/li>\n<li>rocker<\/li>\n<li>swing<\/li>\n<li>trampoline<\/li>\n<li>small climbing wall,<\/li>\n<li>fences,<\/li>\n<li>and goals.<\/li>\n<\/ul>\n<p>We use certified, child-safe equipment. The playground is located right next to the cottages, allowing parents to keep an eye on their children from the terrace or gazebo. <\/p>\n<p>&nbsp;<\/p>\n<p>&nbsp;<\/p>\n<p>&nbsp;<\/p>\n\t<h2>How far is it to the sea?<\/h2>\n<p>Aby maj\u00f3wka nad morzem by\u0142a udana nie obejdzie si\u0119 przynajmniej bez kilku spacer\u00f3w nad wod\u0119. Pla\u017ca na kt\u00f3rej mo\u017cna si\u0119 k\u0105pa\u0107, albo roz\u0142o\u017cy\u0107 sprz\u0119t p\u0142ywacki\/sportowy znajduje si\u0119 500 metr\u00f3w od naszych domk\u00f3w. Samo zej\u015bcie na pla\u017c\u0119 oddalone jest 150 m od domk\u00f3w.  <\/p>\n<p>&nbsp;<\/p>\n<p>&nbsp;<\/p>\n<p>&nbsp;<\/p>\n<p>&nbsp;<\/p>\n\t\t\t\t\t<a href=\"#\" id=\"fl-accordion--label-0\" tabindex=\"0\" aria-controls=\"fl-accordion--panel-0\">Featured Offers on Our Website<\/a>\n\t\t\t\t\t\t\t\t\t\t\t<a href=\"#\" id=\"fl-accordion--icon-0\" tabindex=\"-1\"><i>Expand<\/i><\/a>\n\t\t\t\t\t<a href=\"https:\/\/babiedoly.com\/en\/gdynia-babie-doly-accommodation\/\">Year-round Accommodation in Modern Cottages<\/a><br \/>\n<a href=\"https:\/\/babiedoly.com\/en\/year-round-modern-cottages-for-rent\/\">Year-round modern holiday cottages for rent<\/a><br \/>\n<a href=\"https:\/\/babiedoly.com\/en\/4-person-cottage-by-the-sea\/\">4-person cottage by the sea &#8211; Gdynia, Poland<\/a><br \/>\n<a href=\"https:\/\/babiedoly.com\/en\/6-person-cottage-by-the-sea\/\">6-person cottage by the sea &#8211; Gdynia, Poland<\/a><br \/>\n<a href=\"https:\/\/babiedoly.com\/en\/seaside-cottage\/\">Cottage close to the sea &#8211; rent for 4 &#8211; 8 people<\/a><br \/>\n<a href=\"https:\/\/babiedoly.com\/en\/seaside-cottage-rental\/\">Seaside cottage rental<\/a><br \/>\n<a href=\"https:\/\/babiedoly.com\/en\/year-round-cottages-by-the-sea-in-gdynia\/\">Year-round cottages &#8211; by the sea, in Gdynia<\/a><br \/>\n<a href=\"https:\/\/babiedoly.com\/en\/year-round-cottages-for-rent\/\">Year-round cottages for rent<\/a><br \/>\n<a href=\"https:\/\/babiedoly.com\/en\/year-round-cottage-rentals-in-pomerania\/\">Year-round cottages for rent Pomerania<\/a><br \/>\n<a href=\"https:\/\/babiedoly.com\/en\/cottages-for-rent-gdynia\/\">Cottages for rent Gdynia<\/a><br \/>\n<a href=\"https:\/\/babiedoly.com\/en\/gdynia-cottages-tourist-voucher\/\">Cottages Gdynia Tourist Voucher<\/a><br \/>\n<a href=\"https:\/\/babiedoly.com\/en\/year-round-holiday-cottages\/\">Year-round holiday cottages<\/a><br \/>\n<a href=\"https:\/\/babiedoly.com\/en\/seaside-cottages-babie-doly-gdynia\/\">Holiday cottages by the sea &#8211; Babie Do\u0142y, Gdynia<\/a><br \/>\n<a href=\"https:\/\/babiedoly.com\/en\/holiday-cottages-for-rent\/\">Holiday cottages for rent<\/a><br \/>\n<a href=\"https:\/\/babiedoly.com\/en\/cottages-for-12-people-by-the-sea\/\">Cottages for 12 people by the sea<\/a>\n\t\t\t\t<a href=\"https:\/\/babiedoly.com\/wp-content\/uploads\/2020\/12\/500-metr\u00f3w-od-morza.jpg\" target=\"_self\" itemprop=\"url\">\n\t\t\t\t<img loading=\"lazy\" decoding=\"async\" src=\"https:\/\/babiedoly.com\/wp-content\/uploads\/2020\/12\/500-metr\u00f3w-od-morza.jpg\" alt=\"500 meters from the sea\" itemprop=\"image\" height=\"933\" width=\"1400\" title=\"500 meters from the sea\" onerror=\"this.style.display='none'\"  \/>\n\t\t\t\t<\/a>\n\t\t500 meters from the sea\n\t<h5>We cordially invite you to spend the May weekend or visit us at other times of the year. We&#8217;re open year-round!<\/h5>\n\t\t\t\t<a\n\t\t\thref=\"https:\/\/babiedoly.com\/wp-content\/uploads\/2021\/07\/domki-letniskowe-z-zewnatrz.jpg\"\n\t\t\t\t\t\tdata-fancybox=\"images\" \n\t\t\ttitle=\"holiday cottages from the outside babiedoly.com\" \n\t\t\t\t\t\tdata-caption=\"\"\n\t\t\t\t\t\tdata-description=\"\" \n\t\t\titemprop=\"contentUrl\">\n\t\t\t<img loading=\"lazy\" decoding=\"async\" src=\"https:\/\/babiedoly.com\/wp-content\/uploads\/2021\/07\/domki-letniskowe-z-zewnatrz.jpg\" alt=\"holiday cottages from the outside babiedoly.com\" data-no-lazy=\"1\" itemprop=\"thumbnail\" width=\"900\" height=\"600\" \/>\n\t\t\t<!-- Overlay Wrapper -->\n\t\t\t <!-- Overlay Wrapper Closed -->\n\t\t\t\t<\/a>\n\t\t\t\t\t\t\t<meta itemprop=\"width\" content=\"900\" \/>\n\t\t\t<meta itemprop=\"height\" content=\"600\" \/>\n\t\t\t\t<a\n\t\t\thref=\"https:\/\/babiedoly.com\/wp-content\/uploads\/2021\/07\/altanka-z-lezakami.jpg\"\n\t\t\t\t\t\tdata-fancybox=\"images\" \n\t\t\ttitle=\"altanka z lezakami babiedoly.com\" \n\t\t\t\t\t\tdata-caption=\"\"\n\t\t\t\t\t\tdata-description=\"\" \n\t\t\titemprop=\"contentUrl\">\n\t\t\t<img loading=\"lazy\" decoding=\"async\" src=\"https:\/\/babiedoly.com\/wp-content\/uploads\/2021\/07\/altanka-z-lezakami.jpg\" alt=\"altanka z lezakami babiedoly.com\" data-no-lazy=\"1\" itemprop=\"thumbnail\" width=\"900\" height=\"600\" \/>\n\t\t\t<!-- Overlay Wrapper -->\n\t\t\t <!-- Overlay Wrapper Closed -->\n\t\t\t\t<\/a>\n\t\t\t\t\t\t\t<meta itemprop=\"width\" content=\"900\" \/>\n\t\t\t<meta itemprop=\"height\" content=\"600\" \/>\n\t\t\t\t<a\n\t\t\thref=\"https:\/\/babiedoly.com\/wp-content\/uploads\/2021\/07\/okno-na-ogrod.jpg\"\n\t\t\t\t\t\tdata-fancybox=\"images\" \n\t\t\ttitle=\"okno na ogrod babiedoly.com\" \n\t\t\t\t\t\tdata-caption=\"\"\n\t\t\t\t\t\tdata-description=\"\" \n\t\t\titemprop=\"contentUrl\">\n\t\t\t<img loading=\"lazy\" decoding=\"async\" src=\"https:\/\/babiedoly.com\/wp-content\/uploads\/2021\/07\/okno-na-ogrod.jpg\" alt=\"okno na ogrod babiedoly.com\" data-no-lazy=\"1\" itemprop=\"thumbnail\" width=\"900\" height=\"600\" \/>\n\t\t\t<!-- Overlay Wrapper -->\n\t\t\t <!-- Overlay Wrapper Closed -->\n\t\t\t\t<\/a>\n\t\t\t\t\t\t\t<meta itemprop=\"width\" content=\"900\" \/>\n\t\t\t<meta itemprop=\"height\" content=\"600\" \/>\n\t\t\t\t<a\n\t\t\thref=\"https:\/\/babiedoly.com\/wp-content\/uploads\/2021\/07\/klimatyzowane-i-ogrzewane-domki-nad-morzem.jpg\"\n\t\t\t\t\t\tdata-fancybox=\"images\" \n\t\t\ttitle=\"air-conditioned and heated seaside cottages babiedoly.com\" \n\t\t\t\t\t\tdata-caption=\"\"\n\t\t\t\t\t\tdata-description=\"\" \n\t\t\titemprop=\"contentUrl\">\n\t\t\t<img loading=\"lazy\" decoding=\"async\" src=\"https:\/\/babiedoly.com\/wp-content\/uploads\/2021\/07\/klimatyzowane-i-ogrzewane-domki-nad-morzem.jpg\" alt=\"air-conditioned and heated seaside cottages babiedoly.com\" data-no-lazy=\"1\" itemprop=\"thumbnail\" width=\"900\" height=\"600\" \/>\n\t\t\t<!-- Overlay Wrapper -->\n\t\t\t <!-- Overlay Wrapper Closed -->\n\t\t\t\t<\/a>\n\t\t\t\t\t\t\t<meta itemprop=\"width\" content=\"900\" \/>\n\t\t\t<meta itemprop=\"height\" content=\"600\" \/>\n\t\t\t\t<a\n\t\t\thref=\"https:\/\/babiedoly.com\/wp-content\/uploads\/2021\/07\/wyposazenie-domkow-duze.jpg\"\n\t\t\t\t\t\tdata-fancybox=\"images\" \n\t\t\ttitle=\"cottage equipment large babiedoly.com\" \n\t\t\t\t\t\tdata-caption=\"\"\n\t\t\t\t\t\tdata-description=\"\" \n\t\t\titemprop=\"contentUrl\">\n\t\t\t<img loading=\"lazy\" decoding=\"async\" src=\"https:\/\/babiedoly.com\/wp-content\/uploads\/2021\/07\/wyposazenie-domkow-duze-683x1024.jpg\" alt=\"cottage equipment large babiedoly.com\" data-no-lazy=\"1\" itemprop=\"thumbnail\" width=\"683\" height=\"1024\" \/>\n\t\t\t<!-- Overlay Wrapper -->\n\t\t\t <!-- Overlay Wrapper Closed -->\n\t\t\t\t<\/a>\n\t\t\t\t\t\t\t<meta itemprop=\"width\" content=\"683\" \/>\n\t\t\t<meta itemprop=\"height\" content=\"1024\" \/>\n\t\t\t\t<a\n\t\t\thref=\"https:\/\/babiedoly.com\/wp-content\/uploads\/2021\/07\/wyposazenie-domku-Gdynia.jpg\"\n\t\t\t\t\t\tdata-fancybox=\"images\" \n\t\t\ttitle=\"cottage equipment Gdynia babiedoly.com\" \n\t\t\t\t\t\tdata-caption=\"\"\n\t\t\t\t\t\tdata-description=\"\" \n\t\t\titemprop=\"contentUrl\">\n\t\t\t<img loading=\"lazy\" decoding=\"async\" src=\"https:\/\/babiedoly.com\/wp-content\/uploads\/2021\/07\/wyposazenie-domku-Gdynia.jpg\" alt=\"cottage equipment Gdynia babiedoly.com\" data-no-lazy=\"1\" itemprop=\"thumbnail\" width=\"900\" height=\"600\" \/>\n\t\t\t<!-- Overlay Wrapper -->\n\t\t\t <!-- Overlay Wrapper Closed -->\n\t\t\t\t<\/a>\n\t\t\t\t\t\t\t<meta itemprop=\"width\" content=\"900\" \/>\n\t\t\t<meta itemprop=\"height\" content=\"600\" \/>\n\t\t\t\t<a\n\t\t\thref=\"https:\/\/babiedoly.com\/wp-content\/uploads\/2021\/07\/lozka-w-domkach-letniskowych.jpg\"\n\t\t\t\t\t\tdata-fancybox=\"images\" \n\t\t\ttitle=\"lozka w domkach letniskowych babiedoly.com\" \n\t\t\t\t\t\tdata-caption=\"\"\n\t\t\t\t\t\tdata-description=\"\" \n\t\t\titemprop=\"contentUrl\">\n\t\t\t<img loading=\"lazy\" decoding=\"async\" src=\"https:\/\/babiedoly.com\/wp-content\/uploads\/2021\/07\/lozka-w-domkach-letniskowych.jpg\" alt=\"lozka w domkach letniskowych babiedoly.com\" data-no-lazy=\"1\" itemprop=\"thumbnail\" width=\"900\" height=\"600\" \/>\n\t\t\t<!-- Overlay Wrapper -->\n\t\t\t <!-- Overlay Wrapper Closed -->\n\t\t\t\t<\/a>\n\t\t\t\t\t\t\t<meta itemprop=\"width\" content=\"900\" \/>\n\t\t\t<meta itemprop=\"height\" content=\"600\" \/>\n\t\t\t\t<a\n\t\t\thref=\"https:\/\/babiedoly.com\/wp-content\/uploads\/2021\/07\/plac-zabaw-dla-dzieci-z-wieza-scianka-wspinaczkowa-Gdynia-Babie-Doly-babiedoly-com-8.jpg\"\n\t\t\t\t\t\tdata-fancybox=\"images\" \n\t\t\ttitle=\"children&#039;s playground with a tower-climbing wall Gdynia Babie Do\u0142y - babiedoly.com\" \n\t\t\t\t\t\tdata-caption=\"\"\n\t\t\t\t\t\tdata-description=\"\" \n\t\t\titemprop=\"contentUrl\">\n\t\t\t<img loading=\"lazy\" decoding=\"async\" src=\"https:\/\/babiedoly.com\/wp-content\/uploads\/2021\/07\/plac-zabaw-dla-dzieci-z-wieza-scianka-wspinaczkowa-Gdynia-Babie-Doly-babiedoly-com-8-1024x682.jpg\" alt=\"children&#039;s playground with a tower-climbing wall Gdynia Babie Do\u0142y - babiedoly.com\" data-no-lazy=\"1\" itemprop=\"thumbnail\" width=\"1024\" height=\"682\" \/>\n\t\t\t<!-- Overlay Wrapper -->\n\t\t\t <!-- Overlay Wrapper Closed -->\n\t\t\t\t<\/a>\n\t\t\t\t\t\t\t<meta itemprop=\"width\" content=\"1024\" \/>\n\t\t\t<meta itemprop=\"height\" content=\"682\" \/>\n\t<h4>\n\t\tFeel free to contact us or make a reservation via the form\n\t<\/h4>\n\t\t\t\t\t\t\t<img decoding=\"async\" src=\"https:\/\/demo.wpbeaveraddons.com\/wp-content\/uploads\/2017\/10\/mobile-icon.png\" alt=\"\" \/>\n\t\t\t\t\t\t\t\t\t\t\t\n\t\t\t\t\t<p><a href=\"tel:0048690197987\">+48 690 197 987<\/a><br \/><a href=\"mailto:domki@2mpro.pl\">domki@2mpro.pl<\/a><br \/><a href=\"https:\/\/wa.me\/0048690197987\" target=\"_blank\" rel=\"noopener\">WhatsApp <img loading=\"lazy\" decoding=\"async\" src=\"https:\/\/babiedoly.com\/wp-content\/uploads\/2026\/03\/whatsapp.webp\" alt=\"whatsapp\" width=\"25\" height=\"29\" \/><\/a><\/p>\t\t\t\t\n\t\t\t<a href=\"https:\/\/share.google\/Ifk0boLsw69kfMzKq\" target=\"_blank\" rel=\"noopener\">\n\t\t\t\t\t\t\t<img decoding=\"async\" src=\"https:\/\/demo.wpbeaveraddons.com\/wp-content\/uploads\/2017\/10\/map-icon.png\" alt=\"\" \/>\n\t\t\t\t\t\t\t\t\t\t\t\n\t\t\t\t\t<p>Rybak\u00f3w 32D, <br \/>81-197 Gdynia, Poland<\/p>\t\t\t\t\n\t\t<\/a>\n\t\t\t<a href=\"https:\/\/www.facebook.com\/pages\/category\/Vacation-Home-Rental\/Domki-Letniskowe-Babie-Do%C5%82y-101882701579054\/\" target=\"_self\" rel=\"nofollow noopener\">\n\t\t\t\t\t\t\t\t\t\t\t\n\t\t\t\t\t<p>See our<br \/>Fanpage<\/p>\t\t\t\t\n\t\t<\/a>\n\t\u00a9 2020-2026 r. <a href=\"https:\/\/babiedoly.com\/en\/privacy-policy\/\">privacy policy<\/a><br \/>\nmade by: <a href=\"https:\/\/brandrei.com\/\" target=\"_blank\" rel=\"noopener\">Brandrei.com<\/a> &amp; <a href=\"https:\/\/finemarketing.pl\/\" target=\"_blank\" rel=\"noopener\">Fine Marketing<\/a><br \/>\nAll photos are copyrighted<br \/>\n\n<p>See also <a href=\"https:\/\/babiedoly.com\/en\/year-round-cottages-by-the-sea-in-gdynia\/\">Year-round Holiday cottages &#8211; by the sea Poland<\/a><\/p>\n\n","protected":false},"excerpt":{"rendered":"<p>May weekend at the seaside in Poland &#8211; this has to be a success! There are hundreds of ways to spend the May Day weekend, although low temperatures preclude most outdoor activities. Therefore, you&#8217;ll need a fire pit and a warm base. If you are interested in heated year-round cottages located close to the sea,&hellip;<\/p>\n","protected":false},"author":1,"featured_media":2268,"parent":0,"menu_order":0,"comment_status":"closed","ping_status":"closed","template":"tpl-no-header-footer.php","meta":{"footnotes":""},"class_list":["post-2552","page","type-page","status-publish","has-post-thumbnail","hentry"],"_links":{"self":[{"href":"https:\/\/babiedoly.com\/en\/wp-json\/wp\/v2\/pages\/2552","targetHints":{"allow":["GET"]}}],"collection":[{"href":"https:\/\/babiedoly.com\/en\/wp-json\/wp\/v2\/pages"}],"about":[{"href":"https:\/\/babiedoly.com\/en\/wp-json\/wp\/v2\/types\/page"}],"author":[{"embeddable":true,"href":"https:\/\/babiedoly.com\/en\/wp-json\/wp\/v2\/users\/1"}],"replies":[{"embeddable":true,"href":"https:\/\/babiedoly.com\/en\/wp-json\/wp\/v2\/comments?post=2552"}],"version-history":[{"count":3,"href":"https:\/\/babiedoly.com\/en\/wp-json\/wp\/v2\/pages\/2552\/revisions"}],"predecessor-version":[{"id":3342,"href":"https:\/\/babiedoly.com\/en\/wp-json\/wp\/v2\/pages\/2552\/revisions\/3342"}],"wp:featuredmedia":[{"embeddable":true,"href":"https:\/\/babiedoly.com\/en\/wp-json\/wp\/v2\/media\/2268"}],"wp:attachment":[{"href":"https:\/\/babiedoly.com\/en\/wp-json\/wp\/v2\/media?parent=2552"}],"curies":[{"name":"wp","href":"https:\/\/api.w.org\/{rel}","templated":true}]}}