{"id":2547,"date":"2021-04-22T13:46:10","date_gmt":"2021-04-22T11:46:10","guid":{"rendered":"https:\/\/babiedoly.com\/gdzie-na-weekend\/"},"modified":"2026-03-27T15:34:37","modified_gmt":"2026-03-27T14:34:37","slug":"where-to-go-for-the-weekend","status":"publish","type":"page","link":"https:\/\/babiedoly.com\/en\/where-to-go-for-the-weekend\/","title":{"rendered":"Where to go for the weekend? We invite you to Gdynia, by the sea."},"content":{"rendered":"\n<h1>\n\t\tWhere to go for the weekend? Or where to go for two days without worrying about anything? \n\t<\/h1>\n\tThere are countless options, so we&#8217;ll present our proposal quickly.<br \/>\nWe offer accommodation and a base camp in year-round seaside cottages<br \/>\nin Babie Do\u0142y, Gdynia.<br \/>\nDates fill up quickly, so we recommend checking cottage availability in the <a href=\"https:\/\/babiedoly.com\/en\/reservations\/\">BOOKING<\/a> section.<br \/>\nThere&#8217;s a detailed calendar there.\n\t<iframe allowfullscreen allow=\"autoplay\" data-src=\"https:\/\/www.youtube.com\/embed\/QzZ2msDLVb0?feature=oembed&amp;playlist=QzZ2msDLVb0&amp;start=1&amp;end&amp;wmode=opaque&amp;loop=1&amp;controls=1&amp;mute=0&amp;rel=0&amp;modestbranding=0\"><\/iframe>\t\t\n\t\t\t\t\tPlay Video\n\tYou can find available dates for our cottages in the <a href=\"https:\/\/babiedoly.com\/en\/reservations\/\">BOOKING<\/a> tab.<br \/>\nYou can find reviews on Google Maps, among other places:\n\t\t\t\t<img loading=\"lazy\" decoding=\"async\" src=\"https:\/\/babiedoly.com\/wp-content\/uploads\/2021\/07\/domki-letniskowe-caloroczne-Gdynia-Babie-Doly-babiedoly-com1.jpg\" alt=\"year-round holiday cottages Gdynia Babie Do\u0142y babie do\u0142y-com\" itemprop=\"image\" height=\"630\" width=\"900\" title=\"year-round holiday cottages Gdynia Babie Do\u0142y babie do\u0142y-com\" onerror=\"this.style.display='none'\"  \/>\n<h2>\n\t\tPrice list for year-round cottage rentals in Gdynia Babie Do\u0142y\n\t<\/h2>\n\t<p>Depending on availability, you can rent one or more cottages.<\/p>\n<p>The number of people staying does not affect the price.<\/p>\n<p>Price varies depending on the season. <strong><a href=\"https:\/\/babiedoly.com\/en\/reservations\/\">Go to booking<\/a><\/strong><\/p>\n<p>&nbsp;<\/p>\n\t<h3>Small Cottage<\/h3>\n<p>Price per cottage per night<\/p>\n<p>Cottages <strong>No. 1 and 2<\/strong>: up to 6 people<\/p>\n<p>Cottage <strong>No. 4:<\/strong> up to 5 people<\/p>\n\t<h3>Large Cottage<\/h3>\n<p>Price per cottage per night<\/p>\n<p>Cottage <strong>No. 3<\/strong>: up to 8 people<\/p>\n\t<ul>\n<li><strong>Resort tax<\/strong> at the current annual rate. Payable on-site per person per night.<\/li>\n<li><strong>Dog\/cat fee<\/strong> &#8211; PLN 100 per dog\/cat per stay<\/li>\n<li><strong>Parking<\/strong> behind a fence &#8211; PLN 0.<\/li>\n<li><strong>Sauna<\/strong> &#8211; <strong>free for 2 hours per stay<\/strong>, then PLN 100 for 2 hours on another day. Reservations are required.<\/li>\n<\/ul>\n<p>Additional equipment available::<\/p>\n<ul>\n<li>Travel cot with bedding &#8211; PLN 0<\/li>\n<li>Bathtub for children and infants &#8211; PLN 0<\/li>\n<li>Highchair &#8211; PLN 0<\/li>\n<\/ul>\n<p>Discounts<\/p>\n<p>10% for stays of 7 to 14 days<\/p>\n<p>Discounts for stays longer than 14 days are individually negotiated.<\/p>\n\t<a href=\"https:\/\/babiedoly.com\/en\/reservations\/\" target=\"_self\" role=\"button\" aria-label=\"BOOK NOW\">\n\t\t\t\t\t\tBOOK NOW\n\t\t\t\t\t<\/a>\n\t<a href=\"https:\/\/babiedoly.com\/en\/rules-of-stay\/\" target=\"_self\" role=\"button\" aria-label=\"SEE THE RULES OF STAY\">\n\t\t\t\t\t\tSEE THE RULES OF STAY\n\t\t\t\t\t<\/a>\n\t\t\t\t<a href=\"https:\/\/babiedoly.com\/wp-content\/uploads\/2020\/07\/dekoracje-na-plazy-2.jpg\" target=\"_self\" itemprop=\"url\">\n\t\t\t\t<img loading=\"lazy\" decoding=\"async\" src=\"https:\/\/babiedoly.com\/wp-content\/uploads\/2020\/07\/dekoracje-na-plazy-2.jpg\" alt=\"seaside cottages Gdynia\" itemprop=\"image\" height=\"933\" width=\"1400\" title=\"beach decorations 2\" onerror=\"this.style.display='none'\"  \/>\n\t\t\t\t<\/a>\n\t<h2>A base by the sea<\/h2>\n<p>The cottages are:<\/p>\n<ul>\n<li>new, built in 2020,<\/li>\n<li>heated and air-conditioned, so thermal comfort is always high<\/li>\n<li>they include full equipment &#8211; \u200b\u200byou don&#8217;t have to worry about taking cutlery, pots, kettle, etc. with you.<\/li>\n<li>we offer fresh linen and towels<\/li>\n<li>Wi-Fi and TV available<\/li>\n<li>space for 4-6 people per cottage<\/li>\n<li>safe parking on a fenced property<\/li>\n<li>a place to relax outdoors:\n<ul>\n<li>alcove<\/li>\n<li>place for a bonfire<\/li>\n<li>swing<\/li>\n<li>children&#8217;s playground<\/li>\n<\/ul>\n<\/li>\n<\/ul>\n\t<h2>Air-conditioned and heated cottages &#8211; suitable for every season<\/h2>\n<p>Air conditioning and heating allow for comfortable stays in the cottages. The cottages are new and insulated, maintaining a comfortable temperature during both harsh winters and scorching summers. They are ideal for long autumn weekends or spring getaways.  <\/p>\n<p>This is the perfect place to spend a weekend in Poland. The area is incredibly rich and diverse, ensuring plenty of opportunities for a long weekend or even a longer vacation. <\/p>\n<p>&nbsp;<\/p>\n\t\t\t\t<a href=\"https:\/\/babiedoly.com\/wp-content\/uploads\/2021\/07\/domki-drewniane-letniskowe-Gdynia-Babie-Doly-babiedoly-com.jpg\" target=\"_self\" itemprop=\"url\">\n\t\t\t\t<img loading=\"lazy\" decoding=\"async\" src=\"https:\/\/babiedoly.com\/wp-content\/uploads\/2021\/07\/domki-drewniane-letniskowe-Gdynia-Babie-Doly-babiedoly-com.jpg\" alt=\"wooden holiday cottages Gdynia Babie Doly - babiedoly.com\" itemprop=\"image\" height=\"933\" width=\"1400\" title=\"wooden holiday cottages Gdynia Babie Doly - babiedoly.com\" onerror=\"this.style.display='none'\"  \/>\n\t\t\t\t<\/a>\n\t\t\t\t<a href=\"https:\/\/babiedoly.com\/wp-content\/uploads\/2021\/07\/kuchnia-i-pokoj-Gdynia-Babie-Doly-babiedoly-com.jpg\" target=\"_self\" itemprop=\"url\">\n\t\t\t\t<img loading=\"lazy\" decoding=\"async\" src=\"https:\/\/babiedoly.com\/wp-content\/uploads\/2021\/07\/kuchnia-i-pokoj-Gdynia-Babie-Doly-babiedoly-com.jpg\" alt=\"kitchen and room Gdynia Babie Doly - babiedoly.com\" itemprop=\"image\" height=\"933\" width=\"1400\" title=\"kitchen and room Gdynia Babie Doly - babiedoly.com\" onerror=\"this.style.display='none'\"  \/>\n\t\t\t\t<\/a>\n\t<h3>Fully equipped cottages &#8211; you only need to bring clothes and a toothbrush<\/h3>\n<p>We offer fully equipped cottages.<\/p>\n<p>In addition to clean bed linen and towels, you can freely use:<\/p>\n<p>Bathroom equipment<\/p>\n<ul>\n<li>visible in the photos<\/li>\n<\/ul>\n<p>Kitchenette equipment<\/p>\n<ul>\n<li>cutlery<\/li>\n<li>pots, pans<\/li>\n<li>microwave, fridge, hob<\/li>\n<li>kettle and others<\/li>\n<\/ul>\n<p>Recreation facilities:<\/p>\n<ul>\n<li>internet via Wi-Fi<\/li>\n<li>TV<\/li>\n<li>outdoor deck chairs<\/li>\n<li>playground<\/li>\n<li>area for a bonfire<\/li>\n<\/ul>\n\t<h3>Secure fenced plot and free parking<\/h3>\n<p>The area is fenced, safe for children, and peaceful. Even in the height of the summer season or on a long weekend, it remains quiet and peaceful. <\/p>\n<p>Parking is free. For added security, bicycles can be stored there. <\/p>\n<p>The area is quiet, away from large recreation centers.<\/p>\n<p><strong>A place to rest is very important not only after a day trip<\/strong><\/p>\n<p>Evenings, mornings, and even entire days are made more pleasant by the barbecue gazebo and a small terrace where you can drink coffee or read a book.<\/p>\n<p>&nbsp;<\/p>\n\t\t\t\t<a href=\"https:\/\/babiedoly.com\/wp-content\/uploads\/2021\/07\/bujawka-obok-domkow-Gdynia-Babie-Doly-babiedoly-com-13.jpg\" target=\"_self\" itemprop=\"url\">\n\t\t\t\t<img loading=\"lazy\" decoding=\"async\" src=\"https:\/\/babiedoly.com\/wp-content\/uploads\/2021\/07\/bujawka-obok-domkow-Gdynia-Babie-Doly-babiedoly-com-13.jpg\" alt=\"rocking chair next to the houses in Gdynia Babie Do\u0142y - babiedoly.com\" itemprop=\"image\" height=\"933\" width=\"1400\" title=\"rocking chair next to the houses in Gdynia Babie Do\u0142y - babiedoly.com\" onerror=\"this.style.display='none'\"  \/>\n\t\t\t\t<\/a>\n\t\t\t\t<a href=\"https:\/\/babiedoly.com\/wp-content\/uploads\/2020\/12\/zrealizuj-bon-turystyczny.jpg\" target=\"_self\" itemprop=\"url\">\n\t\t\t\t<img loading=\"lazy\" decoding=\"async\" src=\"https:\/\/babiedoly.com\/wp-content\/uploads\/2020\/12\/zrealizuj-bon-turystyczny.jpg\" alt=\"redeem your tourist voucher\" itemprop=\"image\" height=\"933\" width=\"1400\" title=\"redeem your tourist voucher\" onerror=\"this.style.display='none'\"  \/>\n\t\t\t\t<\/a>\n\t\tredeem your tourist voucher\n\t<h3>You can use your tourist voucher here<\/h3>\n<p>If you have a tourist voucher, you can redeem it on site. The booking is made with a standard payment, and on site, you pay for the entire stay with the voucher, and we refund your booking payment. In other words &#8211; you pay for the entire stay with a tourist voucher, and your booking payment is returned to you.  <\/p>\n<p>&nbsp;<\/p>\n<p>&nbsp;<\/p>\n<p>&nbsp;<\/p>\n<h4>\n\t\tFeel free to contact us or make a reservation via the form\n\t<\/h4>\n\t\t\t\t<a href=\"https:\/\/babiedoly.com\/wp-content\/uploads\/2021\/07\/trampolina-Gdynia-Babie-Doly-babiedoly-com-9.jpg\" target=\"_self\" itemprop=\"url\">\n\t\t\t\t<img loading=\"lazy\" decoding=\"async\" src=\"https:\/\/babiedoly.com\/wp-content\/uploads\/2021\/07\/trampolina-Gdynia-Babie-Doly-babiedoly-com-9.jpg\" alt=\"trampoline Gdynia Babie Do\u0142y - babiedoly.com\" itemprop=\"image\" height=\"933\" width=\"1400\" title=\"trampoline Gdynia Babie Do\u0142y - babiedoly.com\" onerror=\"this.style.display='none'\"  \/>\n\t\t\t\t<\/a>\n\t<h3>Children&#8217;s playground<\/h3>\n<p>A children&#8217;s playground not only provides entertainment for the little ones, but also provides a relaxing environment for parents. The peace and quiet of neighbors, the roar of the sea, and the rustle of the forest are the sounds that accompany relaxation.  <\/p>\n<p>This is a great convenience for families with children, and all the equipment has been made safely for younger children.<\/p>\n<p>It is equipped with:<\/p>\n<p>\u2022 slide,<\/p>\n<p>\u2022 rocker,<\/p>\n<p>\u2022 swing,<\/p>\n<p>\u2022 trampoline,<\/p>\n<p>\u2022 climbing wall,<\/p>\n<p>\u2022 hurdles,<\/p>\n<p>\u2022 and goals.<\/p>\n<p>&nbsp;<\/p>\n\t<h3>Close to the sea<\/h3>\n<p>The distance to the sea is an attraction not only in the summer season.<\/p>\n<p>Beaches with cliffs are of great value to the landscape of Gdynia.<\/p>\n<p>In addition, from the beach near the houses you can see an old torpedo launch from World War II.<\/p>\n<p><strong>The beach access is 150 meters from the cottages.<\/strong><\/p>\n<p><strong>The beach where you can swim is 500 meters from the houses.<\/strong><\/p>\n\t\t\t\t\t<a href=\"#\" id=\"fl-accordion--label-0\" tabindex=\"0\" aria-controls=\"fl-accordion--panel-0\">Featured Offers on Our Website<\/a>\n\t\t\t\t\t\t\t\t\t\t\t<a href=\"#\" id=\"fl-accordion--icon-0\" tabindex=\"-1\"><i>Expand<\/i><\/a>\n\t\t\t\t\t<a href=\"https:\/\/babiedoly.com\/en\/cheap-houses-gdynia\/\">Cheap cottages Gdynia<\/a><br \/>\n<a href=\"https:\/\/babiedoly.com\/en\/cheap-houses-by-the-sea-gdynia\/\">Cheap cottages by the sea Gdynia, Babie Do\u0142y<\/a><br \/>\n<a href=\"https:\/\/babiedoly.com\/en\/torpedo-station\/\">Torpedo station Gdynia &#8211; Babie Do\u0142y<\/a><br \/>\n<a href=\"https:\/\/babiedoly.com\/en\/holidays-by-the-polish-sea\/\">Holidays by the Polish sea<\/a><br \/>\n<a href=\"https:\/\/babiedoly.com\/en\/seaside-holidays-looking-for-a-way-to-relax\/\">Seaside holidays &#8211; check out our cottages<\/a><br \/>\n<a href=\"https:\/\/babiedoly.com\/en\/available-cottages-by-the-sea\/\">Available cottages by the sea<\/a><br \/>\n<a href=\"https:\/\/babiedoly.com\/en\/weekend-by-the-sea-poland\/\">A weekend by the sea<\/a><br \/>\n<a href=\"https:\/\/babiedoly.com\/en\/weekend-getaway-with-a-child\/\">Weekend trip with a child in Poland<\/a><br \/>\n<a href=\"https:\/\/babiedoly.com\/en\/photos\/\">Photos<\/a><br \/>\n<a href=\"https:\/\/babiedoly.com\/en\/year-round-seaside-accommodation-poland\/\">Year-Round Seaside Accommodation &#8211; Poland<\/a><br \/>\n<a href=\"https:\/\/babiedoly.com\/en\/seaside-cottage-rental\/\">Seaside cottage rental<\/a><br \/>\n<a href=\"https:\/\/babiedoly.com\/en\/tricity-cottages\/\">Tricity Cottages &#8211; make yourself at home<\/a><br \/>\n<a href=\"https:\/\/babiedoly.com\/en\/gdynia-accommodation\/\">Gdynia accommodation &#8211; in wooden houses near the sea Poland<\/a><br \/>\n<a href=\"https:\/\/babiedoly.com\/en\/autumn-weekend-getaway\/\">Where to go for a weekend in autumn<\/a><br \/>\n<a href=\"https:\/\/babiedoly.com\/en\/wooden-cottages-for-families\/\">Wooden cottages for families with children for winter holidays<\/a>\n\t\t\t\t<a href=\"https:\/\/babiedoly.com\/wp-content\/uploads\/2020\/12\/500-metr\u00f3w-od-morza.jpg\" target=\"_self\" itemprop=\"url\">\n\t\t\t\t<img loading=\"lazy\" decoding=\"async\" src=\"https:\/\/babiedoly.com\/wp-content\/uploads\/2020\/12\/500-metr\u00f3w-od-morza.jpg\" alt=\"500 meters from the sea\" itemprop=\"image\" height=\"933\" width=\"1400\" title=\"500 meters from the sea\" onerror=\"this.style.display='none'\"  \/>\n\t\t\t\t<\/a>\n\t\t500 meters from the sea\n\t\t\t\t<a href=\"https:\/\/babiedoly.com\/wp-content\/uploads\/2021\/05\/Trojmiejski-park-krajobrazowy1.jpg\" target=\"_self\" itemprop=\"url\">\n\t\t\t\t<img loading=\"lazy\" decoding=\"async\" src=\"https:\/\/babiedoly.com\/wp-content\/uploads\/2021\/05\/Trojmiejski-park-krajobrazowy1.jpg\" alt=\"Tricity Landscape Park\" itemprop=\"image\" height=\"452\" width=\"678\" title=\"Tricity Landscape Park\" onerror=\"this.style.display='none'\"  \/>\n\t\t\t\t<\/a>\n\t<h3>Tricity Landscape Park<\/h3>\n<p>The Tricity Landscape Park is worth seeing. It&#8217;s a forest belt stretching along the entire length of the Tricity. Whether by bike or on foot, you can traverse the entire length from Gdynia to Gda\u0144sk and back. It contains numerous marked and well-maintained roads and trails. Some sections may experience light traffic. The forests stretch for over 20 km.     <\/p>\n<p>Each trail is well marked and suitable for hiking even in light rain.<\/p>\n<h3>Cliffs by the sea<\/h3>\n<p>Cliffs line the seafront, primarily in Gdynia. You can admire them from the beach near our cottages, but there are also a large number south of Gdynia&#8217;s city center. <\/p>\n<p>They are an attraction both from below and above, and are accompanied by forest hiking trails. <\/p>\n<p>&nbsp;<\/p>\n<p>National park information: the nearest national park is approximately 80 km away. It&#8217;s S\u0142owi\u0144ski National Park. Ko\u015bcierzyna is also close to another national park &#8211; the Tuchola Forest Park. Visiting it from our location might be too time-consuming for a weekend getaway.    <\/p>\n<p>&nbsp;<\/p>\n<p>&nbsp;<\/p>\n<p>&nbsp;<\/p>\n\t<h3>When to book cottages for a long weekend or for the summer? &#8211; booking information: <\/h3>\n<p>All information can be found on the <a href=\"https:\/\/babiedoly.com\/en\/reservations\/\">BOOKING<\/a> page.<\/p>\n<p>We would like to emphasize that dates fill up quickly, so to find a place with us, even on a long weekend or in the summer, you should make a reservation even half a year in advance (!).<\/p>\n\t\t\t\t\t\t\t<img decoding=\"async\" src=\"https:\/\/demo.wpbeaveraddons.com\/wp-content\/uploads\/2017\/10\/mobile-icon.png\" alt=\"\" \/>\n\t\t\t\t\t\t\t\t\t\t\t\n\t\t\t\t\t<p><a href=\"tel:0048690197987\">+48 690 197 987<\/a><br \/><a href=\"mailto:domki@2mpro.pl\">domki@2mpro.pl<\/a><br \/><a href=\"https:\/\/wa.me\/0048690197987\" target=\"_blank\" rel=\"noopener\">WhatsApp <img loading=\"lazy\" decoding=\"async\" src=\"https:\/\/babiedoly.com\/wp-content\/uploads\/2026\/03\/whatsapp.webp\" alt=\"whatsapp\" width=\"25\" height=\"29\" \/><\/a><\/p>\t\t\t\t\n\t\t\t<a href=\"https:\/\/share.google\/Ifk0boLsw69kfMzKq\" target=\"_blank\" rel=\"noopener\">\n\t\t\t\t\t\t\t<img decoding=\"async\" src=\"https:\/\/demo.wpbeaveraddons.com\/wp-content\/uploads\/2017\/10\/map-icon.png\" alt=\"\" \/>\n\t\t\t\t\t\t\t\t\t\t\t\n\t\t\t\t\t<p>Rybak\u00f3w 32D, <br \/>81-197 Gdynia, Poland<\/p>\t\t\t\t\n\t\t<\/a>\n\t\t\t<a href=\"https:\/\/www.facebook.com\/pages\/category\/Vacation-Home-Rental\/Domki-Letniskowe-Babie-Do%C5%82y-101882701579054\/\" target=\"_self\" rel=\"nofollow noopener\">\n\t\t\t\t\t\t\t\t\t\t\t\n\t\t\t\t\t<p>See our<br \/>Fanpage<\/p>\t\t\t\t\n\t\t<\/a>\n\t\u00a9 2020-2026 r. <a href=\"https:\/\/babiedoly.com\/en\/privacy-policy\/\">privacy policy<\/a><br \/>\nmade by: <a href=\"https:\/\/brandrei.com\/\" target=\"_blank\" rel=\"noopener\">Brandrei.com<\/a> &amp; <a href=\"https:\/\/finemarketing.pl\/\" target=\"_blank\" rel=\"noopener\">Fine Marketing<\/a><br \/>\nAll photos are copyrighted<br \/>\n\n<p>See also <a href=\"https:\/\/babiedoly.com\/en\/year-round-cottages-by-the-sea-in-gdynia\/\">Year-round Holiday cottages &#8211; by the sea Poland<\/a><\/p>\n\n","protected":false},"excerpt":{"rendered":"<p>Where to go for the weekend? Or where to go for two days without worrying about anything? There are countless options, so we&#8217;ll present our proposal quickly. We offer accommodation and a base camp in year-round seaside cottages in Babie Do\u0142y, Gdynia. Dates fill up quickly, so we recommend checking cottage availability in the BOOKING&hellip;<\/p>\n","protected":false},"author":1,"featured_media":2415,"parent":0,"menu_order":0,"comment_status":"closed","ping_status":"closed","template":"tpl-no-header-footer.php","meta":{"footnotes":""},"class_list":["post-2547","page","type-page","status-publish","has-post-thumbnail","hentry"],"_links":{"self":[{"href":"https:\/\/babiedoly.com\/en\/wp-json\/wp\/v2\/pages\/2547","targetHints":{"allow":["GET"]}}],"collection":[{"href":"https:\/\/babiedoly.com\/en\/wp-json\/wp\/v2\/pages"}],"about":[{"href":"https:\/\/babiedoly.com\/en\/wp-json\/wp\/v2\/types\/page"}],"author":[{"embeddable":true,"href":"https:\/\/babiedoly.com\/en\/wp-json\/wp\/v2\/users\/1"}],"replies":[{"embeddable":true,"href":"https:\/\/babiedoly.com\/en\/wp-json\/wp\/v2\/comments?post=2547"}],"version-history":[{"count":3,"href":"https:\/\/babiedoly.com\/en\/wp-json\/wp\/v2\/pages\/2547\/revisions"}],"predecessor-version":[{"id":3348,"href":"https:\/\/babiedoly.com\/en\/wp-json\/wp\/v2\/pages\/2547\/revisions\/3348"}],"wp:featuredmedia":[{"embeddable":true,"href":"https:\/\/babiedoly.com\/en\/wp-json\/wp\/v2\/media\/2415"}],"wp:attachment":[{"href":"https:\/\/babiedoly.com\/en\/wp-json\/wp\/v2\/media?parent=2547"}],"curies":[{"name":"wp","href":"https:\/\/api.w.org\/{rel}","templated":true}]}}