{"id":2545,"date":"2021-12-20T11:46:44","date_gmt":"2021-12-20T10:46:44","guid":{"rendered":"https:\/\/babiedoly.com\/wyjazd-na-weekend-z-dzieckiem\/"},"modified":"2026-03-27T14:50:05","modified_gmt":"2026-03-27T13:50:05","slug":"weekend-getaway-with-a-child","status":"publish","type":"page","link":"https:\/\/babiedoly.com\/en\/weekend-getaway-with-a-child\/","title":{"rendered":"Weekend getaway with a child Poland"},"content":{"rendered":"\n\n\t<h1>Going away for the weekend with your child &#8211; choose safe houses with a playground &#8211; Poland<\/h1>\n<p>If you want to spend a quiet weekend in the bosom of nature, we invite you to Babie Do\u0142y.<\/p>\n<p>This is a quiet district of Gdynia, right by the sea, where you can hear the distant roar of waves and the wind in the treetops. You won&#8217;t experience the hustle and bustle of traffic here. We&#8217;re just 8 km from the city center.<\/p>\n<p>Our plot is safe for children, fenced, and above all, large and full of attractions.<\/p>\n<p>There is a large playground available from spring to late autumn.<\/p>\n\t\t\t\t<a href=\"https:\/\/babiedoly.com\/wp-content\/uploads\/2021\/07\/plac-zabaw-dla-dzieci-domki-letniskowe-caloroczne.jpg\" target=\"_self\" itemprop=\"url\">\n\t\t\t\t<img loading=\"lazy\" decoding=\"async\" src=\"https:\/\/babiedoly.com\/wp-content\/uploads\/2021\/07\/plac-zabaw-dla-dzieci-domki-letniskowe-caloroczne.jpg\" alt=\"playground for children, year-round summer houses babiedoly.com\" itemprop=\"image\" height=\"600\" width=\"900\" title=\"playground for children, year-round summer houses babiedoly.com\" onerror=\"this.style.display='none'\"  \/>\n\t\t\t\t<\/a>\n\t<h2>Attractions for children include:<\/h2>\n<ul>\n<li>slide<\/li>\n<li>rocker,<\/li>\n<li>swing,<\/li>\n<li>trampoline,<\/li>\n<li>climbing wall,<\/li>\n<li>fences,<\/li>\n<li>and goals.<\/li>\n<\/ul>\n<p>The whole thing creates a family amusement park, because older people will also find something for themselves there &#8211; a barbecue shelter, swings and rocking chairs.<\/p>\n<p>Please note that some of our attractions are not certified for children, so please supervise your children during more intense play. Of course, these are sturdy pieces of equipment, and we want you to have a pleasant and relaxing time.<\/p>\n<p>Child-friendly playgrounds are a necessity in modern summerhouse design. Fortunately, we had the luxury of building more attractions.<\/p>\n<p>Check prices and available dates in the <a href=\"https:\/\/babiedoly.com\/en\/reservations\/\">BOOKING<\/a> section.<\/p>\n\t<h2>We offer accommodation in heated and air-conditioned holiday cottages &#8211; year-round.<\/h2>\n<p>The cottages are modern, built in 2020.<\/p>\n<p>Fresh linens and large beds await you. You can sleep on the sofa with your children or separately in the twin beds. <\/p>\n<p>Each room has enough space to place a cot for the little ones or to spread out children&#8217;s toys.<\/p>\n<p>The cottages are lockable. The plot is not large, making it easy to keep an eye on your children. Furthermore, our cottages are located away from larger tourist centers.  <\/p>\n<p>&nbsp;<\/p>\n\t\t\t\t<a href=\"https:\/\/babiedoly.com\/wp-content\/uploads\/2021\/07\/domki-letniskowe-kolo-Gdyni-tuz-nad-morzem.jpg\" target=\"_self\" itemprop=\"url\">\n\t\t\t\t<img loading=\"lazy\" decoding=\"async\" src=\"https:\/\/babiedoly.com\/wp-content\/uploads\/2021\/07\/domki-letniskowe-kolo-Gdyni-tuz-nad-morzem.jpg\" alt=\"holiday cottages near Gdynia, right by the sea babiedoly.com\" itemprop=\"image\" height=\"600\" width=\"900\" title=\"holiday cottages near Gdynia, right by the sea babiedoly.com\" onerror=\"this.style.display='none'\"  \/>\n\t\t\t\t<\/a>\n\t<h4>Weekend attractions with children<\/h4>\n<p>A weekend trip with your child to Babie Do\u0142y and then on to Gdynia or Tricity is a great opportunity to visit local attractions for children.<\/p>\n<p>We must say right away that all the most important places are located within a 30-kilometer radius of our cottages, so it&#8217;s worth getting up early in the morning.<\/p>\n<p>Places worth visiting:<\/p>\n<ul>\n<li>The Kashubian Miniature Park in Strysza Buda (Kashubia), especially the Giants&#8217; Park located right next door. The second location is definitely a better attraction for children under 12. <\/li>\n<li>The AirSpace inflatable amusement park is a space adventure for younger children (ages 4 to 10), where you can easily spend several hours. Address: Tadeusza Wendy 7\/9, Gdynia <\/li>\n<li>Water parks in Reda or Sopot &#8211; in our opinion, the former is more child-friendly and offers more attractions. The fish viewing tunnel is particularly interesting, providing a fun activity for the whole family. You can visit the water park with your child on the weekend, but it&#8217;s worth noting that it&#8217;s busiest then.  <\/li>\n<li>The Gdynia Aquarium is a very modern and interesting facility. Suitable for families with children. <\/li>\n<li>DeJa Vu Museum of Illusions in Gda\u0144sk &#8211; Address: D\u0142ugie Ogrody 18, Gda\u0144sk<\/li>\n<\/ul>\n<p>Due to their commercial nature, most attractions are open on Saturdays and Sundays &#8211; suitable for a weekend with children.<\/p>\n<p>A weekend with children is a great adventure, but it can also be quite challenging. We&#8217;ve made sure your little ones won&#8217;t get bored, allowing you to relax. <\/p>\n<p>You&#8217;ll find more attractions for children in numerous Gdynia guides. If you&#8217;re looking for something specific, we&#8217;re happy to advise you. <\/p>\n<p>&nbsp;<\/p>\n\t<h2>Close to the sea, in Gdynia.<\/h2>\n<p>Babie Do\u0142y is a quiet district of Gdynia. It&#8217;s located 8 kilometers from the city center, but thanks to an overpass, the journey is very short outside rush hours. <\/p>\n<p>We advise you to avoid traffic on weekdays around 3-5 p.m., as it can take up to 30 minutes to get to the city center.  <\/p>\n<p>The location north of the city provides easy access to roads leading west along the coast or deeper into Kashubia.<\/p>\n\t\t\t\t\t<a href=\"#\" id=\"fl-accordion--label-0\" tabindex=\"0\" aria-controls=\"fl-accordion--panel-0\">Featured Offers on Our Website<\/a>\n\t\t\t\t\t\t\t\t\t\t\t<a href=\"#\" id=\"fl-accordion--icon-0\" tabindex=\"-1\"><i>Expand<\/i><\/a>\n\t\t\t\t\t<a href=\"https:\/\/babiedoly.com\/en\/\">New year-round cottages for rent &#8211; Gdynia, Babie Do\u0142y, Poland on the Baltic Sea<\/a><br \/>\n<a href=\"https:\/\/babiedoly.com\/en\/6-person-cottage-by-the-sea\/\">6-person cottage by the sea &#8211; Gdynia, Poland<\/a><br \/>\n<a href=\"https:\/\/babiedoly.com\/en\/weekend-by-the-sea-poland\/\">A weekend by the sea<\/a><br \/>\n<a href=\"https:\/\/babiedoly.com\/en\/cheap-houses-by-the-sea-gdynia\/\">Cheap cottages by the sea Gdynia, Babie Do\u0142y<\/a><br \/>\n<a href=\"https:\/\/babiedoly.com\/en\/cottages-for-12-people-by-the-sea\/\">Cottages for 12 people by the sea<\/a><br \/>\n<a href=\"https:\/\/babiedoly.com\/en\/year-round-cottage-rentals-in-pomerania\/\">Year-round cottages for rent Pomerania<\/a><br \/>\n<a href=\"https:\/\/babiedoly.com\/en\/seaside-cottage-rental\/\">Seaside cottage rental<\/a><br \/>\n<a href=\"https:\/\/babiedoly.com\/en\/year-round-cottages-by-the-sea-in-gdynia\/\">Year-round cottages &#8211; by the sea, in Gdynia<\/a><br \/>\n<a href=\"https:\/\/babiedoly.com\/en\/year-round-cottages-for-rent\/\">Year-round cottages for rent<\/a><br \/>\n<a href=\"https:\/\/babiedoly.com\/en\/where-to-go-for-a-weekend-in-autumn-winter-poland\/\">Where to go for a weekend in autumn &#8211; winter, Poland?<\/a><br \/>\n<a href=\"https:\/\/babiedoly.com\/en\/available-cottages-by-the-sea\/\">Available cottages by the sea<\/a><br \/>\n<a href=\"https:\/\/babiedoly.com\/en\/cottages-by-the-sea-price-list\/\">Cottages by the sea price list<\/a><br \/>\n<a href=\"https:\/\/babiedoly.com\/en\/year-round-seaside-accommodation-poland\/\">Year-Round Seaside Accommodation &#8211; Poland<\/a><br \/>\n<a href=\"https:\/\/babiedoly.com\/en\/location\/\">Location<\/a><br \/>\n<a href=\"https:\/\/babiedoly.com\/en\/photos\/\">Photos<\/a><br \/>\n<a href=\"https:\/\/babiedoly.com\/en\/holiday-cottages-for-rent\/\">Holiday cottages for rent<\/a><br \/>\n<a href=\"https:\/\/babiedoly.com\/en\/year-round-holiday-cottages\/\">Year-round holiday cottages<\/a><br \/>\n<a href=\"https:\/\/babiedoly.com\/en\/holiday-cottages-gdynia\/\">Holiday cottages Gdynia Poland<\/a><br \/>\n<a href=\"https:\/\/babiedoly.com\/en\/where-to-spend-a-winter-weekend\/\">Where to spend a winter weekend<\/a><br \/>\n<a href=\"https:\/\/babiedoly.com\/en\/holidays-by-the-polish-sea\/\">Holidays by the Polish sea<\/a>\n\t\t\t\t<a href=\"https:\/\/babiedoly.com\/wp-content\/uploads\/2021\/07\/stara-torpedownia-Gdynia-Babie-Doly-babiedoly-com-7.jpg\" target=\"_self\" itemprop=\"url\">\n\t\t\t\t<img loading=\"lazy\" decoding=\"async\" src=\"https:\/\/babiedoly.com\/wp-content\/uploads\/2021\/07\/stara-torpedownia-Gdynia-Babie-Doly-babiedoly-com-7.jpg\" alt=\"old torpedo station Gdynia Babie Doly babiedoly.com\" itemprop=\"image\" height=\"933\" width=\"1400\" title=\"old torpedo station Gdynia Babie Doly babiedoly.com\" onerror=\"this.style.display='none'\"  \/>\n\t\t\t\t<\/a>\n\t\t\t\t<a\n\t\t\thref=\"https:\/\/babiedoly.com\/wp-content\/uploads\/2021\/07\/duzy-domek-letniskowy-dla-8-osob.jpg\"\n\t\t\t\t\t\tdata-fancybox=\"images\" \n\t\t\ttitle=\"duzy domek letniskowy dla 8 osob babiedoly.com\" \n\t\t\t\t\t\tdata-caption=\"\"\n\t\t\t\t\t\tdata-description=\"\" \n\t\t\titemprop=\"contentUrl\">\n\t\t\t<img loading=\"lazy\" decoding=\"async\" src=\"https:\/\/babiedoly.com\/wp-content\/uploads\/2021\/07\/duzy-domek-letniskowy-dla-8-osob.jpg\" alt=\"duzy domek letniskowy dla 8 osob babiedoly.com\" data-no-lazy=\"1\" itemprop=\"thumbnail\" width=\"900\" height=\"600\" \/>\n\t\t\t<!-- Overlay Wrapper -->\n\t\t\t <!-- Overlay Wrapper Closed -->\n\t\t\t\t<\/a>\n\t\t\t\t\t\t\t<meta itemprop=\"width\" content=\"900\" \/>\n\t\t\t<meta itemprop=\"height\" content=\"600\" \/>\n\t\t\t\t<a\n\t\t\thref=\"https:\/\/babiedoly.com\/wp-content\/uploads\/2021\/07\/salon-duzego-domku.jpg\"\n\t\t\t\t\t\tdata-fancybox=\"images\" \n\t\t\ttitle=\"salon duzego domku babiedoly.com\" \n\t\t\t\t\t\tdata-caption=\"\"\n\t\t\t\t\t\tdata-description=\"\" \n\t\t\titemprop=\"contentUrl\">\n\t\t\t<img loading=\"lazy\" decoding=\"async\" src=\"https:\/\/babiedoly.com\/wp-content\/uploads\/2021\/07\/salon-duzego-domku.jpg\" alt=\"salon duzego domku babiedoly.com\" data-no-lazy=\"1\" itemprop=\"thumbnail\" width=\"900\" height=\"600\" \/>\n\t\t\t<!-- Overlay Wrapper -->\n\t\t\t <!-- Overlay Wrapper Closed -->\n\t\t\t\t<\/a>\n\t\t\t\t\t\t\t<meta itemprop=\"width\" content=\"900\" \/>\n\t\t\t<meta itemprop=\"height\" content=\"600\" \/>\n\t\t\t\t<a\n\t\t\thref=\"https:\/\/babiedoly.com\/wp-content\/uploads\/2021\/07\/wyposazenie-domkow-letniskowych-5.jpg\"\n\t\t\t\t\t\tdata-fancybox=\"images\" \n\t\t\ttitle=\"wyposazenie domkow letniskowych babiedoly.com\" \n\t\t\t\t\t\tdata-caption=\"\"\n\t\t\t\t\t\tdata-description=\"\" \n\t\t\titemprop=\"contentUrl\">\n\t\t\t<img loading=\"lazy\" decoding=\"async\" src=\"https:\/\/babiedoly.com\/wp-content\/uploads\/2021\/07\/wyposazenie-domkow-letniskowych-5.jpg\" alt=\"wyposazenie domkow letniskowych babiedoly.com\" data-no-lazy=\"1\" itemprop=\"thumbnail\" width=\"1000\" height=\"1000\" \/>\n\t\t\t<!-- Overlay Wrapper -->\n\t\t\t <!-- Overlay Wrapper Closed -->\n\t\t\t\t<\/a>\n\t\t\t\t\t\t\t<meta itemprop=\"width\" content=\"1000\" \/>\n\t\t\t<meta itemprop=\"height\" content=\"1000\" \/>\n\t\t\t\t<a\n\t\t\thref=\"https:\/\/babiedoly.com\/wp-content\/uploads\/2021\/07\/domki-letniskowe-z-zewnatrz.jpg\"\n\t\t\t\t\t\tdata-fancybox=\"images\" \n\t\t\ttitle=\"domki letniskowe z zewnatrz babiedoly.com\" \n\t\t\t\t\t\tdata-caption=\"\"\n\t\t\t\t\t\tdata-description=\"\" \n\t\t\titemprop=\"contentUrl\">\n\t\t\t<img loading=\"lazy\" decoding=\"async\" src=\"https:\/\/babiedoly.com\/wp-content\/uploads\/2021\/07\/domki-letniskowe-z-zewnatrz.jpg\" alt=\"domki letniskowe z zewnatrz babiedoly.com\" data-no-lazy=\"1\" itemprop=\"thumbnail\" width=\"900\" height=\"600\" \/>\n\t\t\t<!-- Overlay Wrapper -->\n\t\t\t <!-- Overlay Wrapper Closed -->\n\t\t\t\t<\/a>\n\t\t\t\t\t\t\t<meta itemprop=\"width\" content=\"900\" \/>\n\t\t\t<meta itemprop=\"height\" content=\"600\" \/>\n\t\t\t\t<a\n\t\t\thref=\"https:\/\/babiedoly.com\/wp-content\/uploads\/2021\/07\/wnetrze-domku-letniskowego-Gdynia.jpg\"\n\t\t\t\t\t\tdata-fancybox=\"images\" \n\t\t\ttitle=\"wnetrze domku letniskowego Gdynia babiedoly.com\" \n\t\t\t\t\t\tdata-caption=\"\"\n\t\t\t\t\t\tdata-description=\"\" \n\t\t\titemprop=\"contentUrl\">\n\t\t\t<img loading=\"lazy\" decoding=\"async\" src=\"https:\/\/babiedoly.com\/wp-content\/uploads\/2021\/07\/wnetrze-domku-letniskowego-Gdynia.jpg\" alt=\"wnetrze domku letniskowego Gdynia babiedoly.com\" data-no-lazy=\"1\" itemprop=\"thumbnail\" width=\"900\" height=\"600\" \/>\n\t\t\t<!-- Overlay Wrapper -->\n\t\t\t <!-- Overlay Wrapper Closed -->\n\t\t\t\t<\/a>\n\t\t\t\t\t\t\t<meta itemprop=\"width\" content=\"900\" \/>\n\t\t\t<meta itemprop=\"height\" content=\"600\" \/>\n\t\t\t\t<a\n\t\t\thref=\"https:\/\/babiedoly.com\/wp-content\/uploads\/2021\/07\/okno-na-ogrod.jpg\"\n\t\t\t\t\t\tdata-fancybox=\"images\" \n\t\t\ttitle=\"okno na ogrod babiedoly.com\" \n\t\t\t\t\t\tdata-caption=\"\"\n\t\t\t\t\t\tdata-description=\"\" \n\t\t\titemprop=\"contentUrl\">\n\t\t\t<img loading=\"lazy\" decoding=\"async\" src=\"https:\/\/babiedoly.com\/wp-content\/uploads\/2021\/07\/okno-na-ogrod.jpg\" alt=\"okno na ogrod babiedoly.com\" data-no-lazy=\"1\" itemprop=\"thumbnail\" width=\"900\" height=\"600\" \/>\n\t\t\t<!-- Overlay Wrapper -->\n\t\t\t <!-- Overlay Wrapper Closed -->\n\t\t\t\t<\/a>\n\t\t\t\t\t\t\t<meta itemprop=\"width\" content=\"900\" \/>\n\t\t\t<meta itemprop=\"height\" content=\"600\" \/>\n\t\t\t\t<a\n\t\t\thref=\"https:\/\/babiedoly.com\/wp-content\/uploads\/2021\/07\/altanka-z-lezakami.jpg\"\n\t\t\t\t\t\tdata-fancybox=\"images\" \n\t\t\ttitle=\"altanka z lezakami babiedoly.com\" \n\t\t\t\t\t\tdata-caption=\"\"\n\t\t\t\t\t\tdata-description=\"\" \n\t\t\titemprop=\"contentUrl\">\n\t\t\t<img loading=\"lazy\" decoding=\"async\" src=\"https:\/\/babiedoly.com\/wp-content\/uploads\/2021\/07\/altanka-z-lezakami.jpg\" alt=\"altanka z lezakami babiedoly.com\" data-no-lazy=\"1\" itemprop=\"thumbnail\" width=\"900\" height=\"600\" \/>\n\t\t\t<!-- Overlay Wrapper -->\n\t\t\t <!-- Overlay Wrapper Closed -->\n\t\t\t\t<\/a>\n\t\t\t\t\t\t\t<meta itemprop=\"width\" content=\"900\" \/>\n\t\t\t<meta itemprop=\"height\" content=\"600\" \/>\n\t\t\t\t<a\n\t\t\thref=\"https:\/\/babiedoly.com\/wp-content\/uploads\/2020\/12\/zrealizuj-bon-turystyczny.jpg\"\n\t\t\t\t\t\tdata-fancybox=\"images\" \n\t\t\ttitle=\"zrealizuj bon turystyczny\" \n\t\t\t\t\t\tdata-caption=\"zrealizuj bon turystyczny\"\n\t\t\t\t\t\tdata-description=\"\" \n\t\t\titemprop=\"contentUrl\">\n\t\t\t<img loading=\"lazy\" decoding=\"async\" src=\"https:\/\/babiedoly.com\/wp-content\/uploads\/2020\/12\/zrealizuj-bon-turystyczny-1024x682.jpg\" alt=\"zrealizuj bon turystyczny\" data-no-lazy=\"1\" itemprop=\"thumbnail\" width=\"1024\" height=\"682\" \/>\n\t\t\t<!-- Overlay Wrapper -->\n\t\t\t\t\t\t\tzrealizuj bon turystyczny\t\t\t\t\t\t\n\t\t\t <!-- Overlay Wrapper Closed -->\n\t\t\t\t<\/a>\n\t\t\t\t\t\t\t<meta itemprop=\"width\" content=\"1024\" \/>\n\t\t\t<meta itemprop=\"height\" content=\"682\" \/>\n\t<h4>\n\t\tFeel free to contact us or make a reservation via the form\n\t<\/h4>\n\t\t\t\t\t\t\t<img decoding=\"async\" src=\"https:\/\/demo.wpbeaveraddons.com\/wp-content\/uploads\/2017\/10\/mobile-icon.png\" alt=\"\" \/>\n\t\t\t\t\t\t\t\t\t\t\t\n\t\t\t\t\t<p><a href=\"tel:0048690197987\">+48 690 197 987<\/a><br \/><a href=\"mailto:domki@2mpro.pl\">domki@2mpro.pl<\/a><br \/><a href=\"https:\/\/wa.me\/0048690197987\" target=\"_blank\" rel=\"noopener\">WhatsApp <img loading=\"lazy\" decoding=\"async\" src=\"https:\/\/babiedoly.com\/wp-content\/uploads\/2026\/03\/whatsapp.webp\" alt=\"whatsapp\" width=\"25\" height=\"29\" \/><\/a><\/p>\t\t\t\t\n\t\t\t<a href=\"https:\/\/share.google\/Ifk0boLsw69kfMzKq\" target=\"_blank\" rel=\"noopener\">\n\t\t\t\t\t\t\t<img decoding=\"async\" src=\"https:\/\/demo.wpbeaveraddons.com\/wp-content\/uploads\/2017\/10\/map-icon.png\" alt=\"\" \/>\n\t\t\t\t\t\t\t\t\t\t\t\n\t\t\t\t\t<p>Rybak\u00f3w 32D, <br \/>81-197 Gdynia, Poland<\/p>\t\t\t\t\n\t\t<\/a>\n\t\t\t<a href=\"https:\/\/www.facebook.com\/pages\/category\/Vacation-Home-Rental\/Domki-Letniskowe-Babie-Do%C5%82y-101882701579054\/\" target=\"_self\" rel=\"nofollow noopener\">\n\t\t\t\t\t\t\t\t\t\t\t\n\t\t\t\t\t<p>See our<br \/>Fanpage<\/p>\t\t\t\t\n\t\t<\/a>\n\t\u00a9 2020-2026 r. <a href=\"https:\/\/babiedoly.com\/en\/privacy-policy\/\">privacy policy<\/a><br \/>\nmade by: <a href=\"https:\/\/brandrei.com\/\" target=\"_blank\" rel=\"noopener\">Brandrei.com<\/a> &amp; <a href=\"https:\/\/finemarketing.pl\/\" target=\"_blank\" rel=\"noopener\">Fine Marketing<\/a><br \/>\nAll photos are copyrighted<br \/>\n\n<p>See also <a href=\"https:\/\/babiedoly.com\/en\/year-round-cottages-by-the-sea-in-gdynia\/\">Year-round Holiday cottages &#8211; by the sea Poland<\/a><\/p>\n\n","protected":false},"excerpt":{"rendered":"<p>Going away for the weekend with your child &#8211; choose safe houses with a playground &#8211; Poland If you want to spend a quiet weekend in the bosom of nature, we invite you to Babie Do\u0142y. This is a quiet district of Gdynia, right by the sea, where you can hear the distant roar of&hellip;<\/p>\n","protected":false},"author":1,"featured_media":2311,"parent":0,"menu_order":0,"comment_status":"closed","ping_status":"closed","template":"tpl-no-header-footer.php","meta":{"footnotes":""},"class_list":["post-2545","page","type-page","status-publish","has-post-thumbnail","hentry"],"_links":{"self":[{"href":"https:\/\/babiedoly.com\/en\/wp-json\/wp\/v2\/pages\/2545","targetHints":{"allow":["GET"]}}],"collection":[{"href":"https:\/\/babiedoly.com\/en\/wp-json\/wp\/v2\/pages"}],"about":[{"href":"https:\/\/babiedoly.com\/en\/wp-json\/wp\/v2\/types\/page"}],"author":[{"embeddable":true,"href":"https:\/\/babiedoly.com\/en\/wp-json\/wp\/v2\/users\/1"}],"replies":[{"embeddable":true,"href":"https:\/\/babiedoly.com\/en\/wp-json\/wp\/v2\/comments?post=2545"}],"version-history":[{"count":3,"href":"https:\/\/babiedoly.com\/en\/wp-json\/wp\/v2\/pages\/2545\/revisions"}],"predecessor-version":[{"id":3327,"href":"https:\/\/babiedoly.com\/en\/wp-json\/wp\/v2\/pages\/2545\/revisions\/3327"}],"wp:featuredmedia":[{"embeddable":true,"href":"https:\/\/babiedoly.com\/en\/wp-json\/wp\/v2\/media\/2311"}],"wp:attachment":[{"href":"https:\/\/babiedoly.com\/en\/wp-json\/wp\/v2\/media?parent=2545"}],"curies":[{"name":"wp","href":"https:\/\/api.w.org\/{rel}","templated":true}]}}