{"id":2541,"date":"2021-12-20T12:27:04","date_gmt":"2021-12-20T11:27:04","guid":{"rendered":"https:\/\/babiedoly.com\/weekend-nad-morzem\/"},"modified":"2026-03-27T14:54:51","modified_gmt":"2026-03-27T13:54:51","slug":"weekend-by-the-sea-poland","status":"publish","type":"page","link":"https:\/\/babiedoly.com\/en\/weekend-by-the-sea-poland\/","title":{"rendered":"Weekend by the sea Poland"},"content":{"rendered":"\n\n\t<h1>A weekend by the sea &#8211; try it in Babie Do\u0142y<\/h1>\n<p>Babie Do\u0142y is a beautiful, relaxing district of Gdynia, located right by the sea, away from the hustle and bustle of the city. If you want to relax outdoors, in the comfort of summer cottages, trees, and the sound of the sea, this is the place for you. <\/p>\n<p>Dates fill up quickly, so we recommend checking the availability of cottages in the <a href=\"https:\/\/babiedoly.com\/en\/reservations\/\">BOOKING<\/a> section. There is a detailed calendar there.<\/p>\n\t<iframe allowfullscreen allow=\"autoplay\" data-src=\"https:\/\/www.youtube.com\/embed\/QzZ2msDLVb0?feature=oembed&amp;playlist=QzZ2msDLVb0&amp;start=1&amp;end&amp;wmode=opaque&amp;loop=1&amp;controls=1&amp;mute=0&amp;rel=0&amp;modestbranding=0\"><\/iframe>\t\t\n\t\t\t\t\tPlay Video\n<h2>\n\t\tPrice list for year-round cottage rentals in Gdynia Babie Do\u0142y\n\t<\/h2>\n\t<p>Depending on availability, you can rent one or more cottages.<\/p>\n<p>The number of people staying does not affect the price.<\/p>\n<p>Price varies depending on the season. <strong><a href=\"https:\/\/babiedoly.com\/en\/reservations\/\">Go to booking<\/a><\/strong><\/p>\n<p>&nbsp;<\/p>\n\t<h3>Small Cottage<\/h3>\n<p>Price per cottage per night<\/p>\n<p>Cottages <strong>No. 1 and 2<\/strong>: up to 6 people<\/p>\n<p>Cottage <strong>No. 4:<\/strong> up to 5 people<\/p>\n\t<h3>Large Cottage<\/h3>\n<p>Price per cottage per night<\/p>\n<p>Cottage <strong>No. 3<\/strong>: up to 8 people<\/p>\n\t<ul>\n<li><strong>Resort tax<\/strong> at the current annual rate. Payable on-site per person per night.<\/li>\n<li><strong>Dog\/cat fee<\/strong> &#8211; PLN 100 per dog\/cat per stay<\/li>\n<li><strong>Parking<\/strong> behind a fence &#8211; PLN 0.<\/li>\n<li><strong>Sauna<\/strong> &#8211; <strong>free for 2 hours per stay<\/strong>, then PLN 100 for 2 hours on another day. Reservations are required.<\/li>\n<\/ul>\n<p>Additional equipment available::<\/p>\n<ul>\n<li>Travel cot with bedding &#8211; PLN 0<\/li>\n<li>Bathtub for children and infants &#8211; PLN 0<\/li>\n<li>Highchair &#8211; PLN 0<\/li>\n<\/ul>\n<p>Discounts<\/p>\n<p>10% for stays of 7 to 14 days<\/p>\n<p>Discounts for stays longer than 14 days are individually negotiated.<\/p>\n\t<h3>Offer and price list of cottages<\/h3>\n<p>Our cottages are available for rent any time of year, for any number of days. We welcome you for family celebrations, special occasions, holidays, or at least for a weekend.<\/p>\n<p>The fee is for the entire cottage, so it&#8217;s most attractive when you rent it with more than two people. We have two cottages for 4-6 people and one cottage for 4-8 people (available from May to the end of September).<\/p>\n<p>The stay (or hotel day \ud83d\ude42 ) begins at 3 p.m. and ends at 11 a.m. the following day.<\/p>\n\t<a href=\"https:\/\/babiedoly.com\/en\/reservations\/\" target=\"_self\" role=\"button\" aria-label=\"BOOK NOW\">\n\t\t\t\t\t\tBOOK NOW\n\t\t\t\t\t<\/a>\n\t<a href=\"https:\/\/babiedoly.com\/en\/rules-of-stay\/\" target=\"_self\" role=\"button\" aria-label=\"SEE THE RULES OF STAY\">\n\t\t\t\t\t\tSEE THE RULES OF STAY\n\t\t\t\t\t<\/a>\n\t\t\t\t<a\n\t\t\thref=\"https:\/\/babiedoly.com\/wp-content\/uploads\/2021\/07\/domki-letniskowe-z-zewnatrz.jpg\"\n\t\t\t\t\t\tdata-fancybox=\"images\" \n\t\t\ttitle=\"holiday cottages from the outside babiedoly.com\" \n\t\t\t\t\t\tdata-caption=\"\"\n\t\t\t\t\t\tdata-description=\"\" \n\t\t\titemprop=\"contentUrl\">\n\t\t\t<img loading=\"lazy\" decoding=\"async\" src=\"https:\/\/babiedoly.com\/wp-content\/uploads\/2021\/07\/domki-letniskowe-z-zewnatrz.jpg\" alt=\"holiday cottages from the outside babiedoly.com\" data-no-lazy=\"1\" itemprop=\"thumbnail\" width=\"900\" height=\"600\" \/>\n\t\t\t<!-- Overlay Wrapper -->\n\t\t\t <!-- Overlay Wrapper Closed -->\n\t\t\t\t<\/a>\n\t\t\t\t\t\t\t<meta itemprop=\"width\" content=\"900\" \/>\n\t\t\t<meta itemprop=\"height\" content=\"600\" \/>\n\t\t\t\t<a\n\t\t\thref=\"https:\/\/babiedoly.com\/wp-content\/uploads\/2021\/07\/altanka-z-lezakami.jpg\"\n\t\t\t\t\t\tdata-fancybox=\"images\" \n\t\t\ttitle=\"altanka z lezakami babiedoly.com\" \n\t\t\t\t\t\tdata-caption=\"\"\n\t\t\t\t\t\tdata-description=\"\" \n\t\t\titemprop=\"contentUrl\">\n\t\t\t<img loading=\"lazy\" decoding=\"async\" src=\"https:\/\/babiedoly.com\/wp-content\/uploads\/2021\/07\/altanka-z-lezakami.jpg\" alt=\"altanka z lezakami babiedoly.com\" data-no-lazy=\"1\" itemprop=\"thumbnail\" width=\"900\" height=\"600\" \/>\n\t\t\t<!-- Overlay Wrapper -->\n\t\t\t <!-- Overlay Wrapper Closed -->\n\t\t\t\t<\/a>\n\t\t\t\t\t\t\t<meta itemprop=\"width\" content=\"900\" \/>\n\t\t\t<meta itemprop=\"height\" content=\"600\" \/>\n\t\t\t\t<a\n\t\t\thref=\"https:\/\/babiedoly.com\/wp-content\/uploads\/2021\/07\/klimatyzowane-i-ogrzewane-domki-nad-morzem.jpg\"\n\t\t\t\t\t\tdata-fancybox=\"images\" \n\t\t\ttitle=\"air-conditioned and heated seaside cottages babiedoly.com\" \n\t\t\t\t\t\tdata-caption=\"\"\n\t\t\t\t\t\tdata-description=\"\" \n\t\t\titemprop=\"contentUrl\">\n\t\t\t<img loading=\"lazy\" decoding=\"async\" src=\"https:\/\/babiedoly.com\/wp-content\/uploads\/2021\/07\/klimatyzowane-i-ogrzewane-domki-nad-morzem.jpg\" alt=\"air-conditioned and heated seaside cottages babiedoly.com\" data-no-lazy=\"1\" itemprop=\"thumbnail\" width=\"900\" height=\"600\" \/>\n\t\t\t<!-- Overlay Wrapper -->\n\t\t\t <!-- Overlay Wrapper Closed -->\n\t\t\t\t<\/a>\n\t\t\t\t\t\t\t<meta itemprop=\"width\" content=\"900\" \/>\n\t\t\t<meta itemprop=\"height\" content=\"600\" \/>\n\t\t\t\t<a\n\t\t\thref=\"https:\/\/babiedoly.com\/wp-content\/uploads\/2021\/07\/wyposazenie-domkow-duze.jpg\"\n\t\t\t\t\t\tdata-fancybox=\"images\" \n\t\t\ttitle=\"cottage equipment large babiedoly.com\" \n\t\t\t\t\t\tdata-caption=\"\"\n\t\t\t\t\t\tdata-description=\"\" \n\t\t\titemprop=\"contentUrl\">\n\t\t\t<img loading=\"lazy\" decoding=\"async\" src=\"https:\/\/babiedoly.com\/wp-content\/uploads\/2021\/07\/wyposazenie-domkow-duze-683x1024.jpg\" alt=\"cottage equipment large babiedoly.com\" data-no-lazy=\"1\" itemprop=\"thumbnail\" width=\"683\" height=\"1024\" \/>\n\t\t\t<!-- Overlay Wrapper -->\n\t\t\t <!-- Overlay Wrapper Closed -->\n\t\t\t\t<\/a>\n\t\t\t\t\t\t\t<meta itemprop=\"width\" content=\"683\" \/>\n\t\t\t<meta itemprop=\"height\" content=\"1024\" \/>\n\t\t\t\t<a\n\t\t\thref=\"https:\/\/babiedoly.com\/wp-content\/uploads\/2021\/07\/wyposazenie-domku-Gdynia.jpg\"\n\t\t\t\t\t\tdata-fancybox=\"images\" \n\t\t\ttitle=\"cottage equipment Gdynia babiedoly.com\" \n\t\t\t\t\t\tdata-caption=\"\"\n\t\t\t\t\t\tdata-description=\"\" \n\t\t\titemprop=\"contentUrl\">\n\t\t\t<img loading=\"lazy\" decoding=\"async\" src=\"https:\/\/babiedoly.com\/wp-content\/uploads\/2021\/07\/wyposazenie-domku-Gdynia.jpg\" alt=\"cottage equipment Gdynia babiedoly.com\" data-no-lazy=\"1\" itemprop=\"thumbnail\" width=\"900\" height=\"600\" \/>\n\t\t\t<!-- Overlay Wrapper -->\n\t\t\t <!-- Overlay Wrapper Closed -->\n\t\t\t\t<\/a>\n\t\t\t\t\t\t\t<meta itemprop=\"width\" content=\"900\" \/>\n\t\t\t<meta itemprop=\"height\" content=\"600\" \/>\n\t\t\t\t<a\n\t\t\thref=\"https:\/\/babiedoly.com\/wp-content\/uploads\/2021\/07\/lozka-w-domkach-letniskowych.jpg\"\n\t\t\t\t\t\tdata-fancybox=\"images\" \n\t\t\ttitle=\"lozka w domkach letniskowych babiedoly.com\" \n\t\t\t\t\t\tdata-caption=\"\"\n\t\t\t\t\t\tdata-description=\"\" \n\t\t\titemprop=\"contentUrl\">\n\t\t\t<img loading=\"lazy\" decoding=\"async\" src=\"https:\/\/babiedoly.com\/wp-content\/uploads\/2021\/07\/lozka-w-domkach-letniskowych.jpg\" alt=\"lozka w domkach letniskowych babiedoly.com\" data-no-lazy=\"1\" itemprop=\"thumbnail\" width=\"900\" height=\"600\" \/>\n\t\t\t<!-- Overlay Wrapper -->\n\t\t\t <!-- Overlay Wrapper Closed -->\n\t\t\t\t<\/a>\n\t\t\t\t\t\t\t<meta itemprop=\"width\" content=\"900\" \/>\n\t\t\t<meta itemprop=\"height\" content=\"600\" \/>\n\t\t\t\t<a\n\t\t\thref=\"https:\/\/babiedoly.com\/wp-content\/uploads\/2021\/07\/plac-zabaw-dla-dzieci-z-wieza-scianka-wspinaczkowa-Gdynia-Babie-Doly-babiedoly-com-8.jpg\"\n\t\t\t\t\t\tdata-fancybox=\"images\" \n\t\t\ttitle=\"children&#039;s playground with a tower-climbing wall Gdynia Babie Do\u0142y - babiedoly.com\" \n\t\t\t\t\t\tdata-caption=\"\"\n\t\t\t\t\t\tdata-description=\"\" \n\t\t\titemprop=\"contentUrl\">\n\t\t\t<img loading=\"lazy\" decoding=\"async\" src=\"https:\/\/babiedoly.com\/wp-content\/uploads\/2021\/07\/plac-zabaw-dla-dzieci-z-wieza-scianka-wspinaczkowa-Gdynia-Babie-Doly-babiedoly-com-8-1024x682.jpg\" alt=\"children&#039;s playground with a tower-climbing wall Gdynia Babie Do\u0142y - babiedoly.com\" data-no-lazy=\"1\" itemprop=\"thumbnail\" width=\"1024\" height=\"682\" \/>\n\t\t\t<!-- Overlay Wrapper -->\n\t\t\t <!-- Overlay Wrapper Closed -->\n\t\t\t\t<\/a>\n\t\t\t\t\t\t\t<meta itemprop=\"width\" content=\"1024\" \/>\n\t\t\t<meta itemprop=\"height\" content=\"682\" \/>\n\t\t\t\t<a\n\t\t\thref=\"https:\/\/babiedoly.com\/wp-content\/uploads\/2021\/07\/rozlegla-plaza-obok-domkow-i-klify.jpg\"\n\t\t\t\t\t\tdata-fancybox=\"images\" \n\t\t\ttitle=\"rozlegla plaza obok domkow i klify babiedoly.com\" \n\t\t\t\t\t\tdata-caption=\"\"\n\t\t\t\t\t\tdata-description=\"\" \n\t\t\titemprop=\"contentUrl\">\n\t\t\t<img loading=\"lazy\" decoding=\"async\" src=\"https:\/\/babiedoly.com\/wp-content\/uploads\/2021\/07\/rozlegla-plaza-obok-domkow-i-klify.jpg\" alt=\"rozlegla plaza obok domkow i klify babiedoly.com\" data-no-lazy=\"1\" itemprop=\"thumbnail\" width=\"900\" height=\"600\" \/>\n\t\t\t<!-- Overlay Wrapper -->\n\t\t\t <!-- Overlay Wrapper Closed -->\n\t\t\t\t<\/a>\n\t\t\t\t\t\t\t<meta itemprop=\"width\" content=\"900\" \/>\n\t\t\t<meta itemprop=\"height\" content=\"600\" \/>\n\t\t\t\t<a href=\"https:\/\/babiedoly.com\/wp-content\/uploads\/2021\/07\/plac-zabaw-dla-dzieci-obok-domkow.jpg\" target=\"_self\" itemprop=\"url\">\n\t\t\t\t<img loading=\"lazy\" decoding=\"async\" src=\"https:\/\/babiedoly.com\/wp-content\/uploads\/2021\/07\/plac-zabaw-dla-dzieci-obok-domkow.jpg\" alt=\"children&#039;s playground next to the cottages babiedoly.com\" itemprop=\"image\" height=\"600\" width=\"900\" title=\"children&#039;s playground next to the cottages babiedoly.com\" onerror=\"this.style.display='none'\"  \/>\n\t\t\t\t<\/a>\n\t<h2>We offer cottages with space for 4, 6 and 8 people<\/h2>\n<p>All three of our cottages comfortably accommodate 4 people, the large cottage comfortably accommodates 6 people.<\/p>\n<p>The maximum capacity of the houses is:<\/p>\n<ul>\n<li>in small houses 6 people<\/li>\n<li>8 people in a large house<\/li>\n<\/ul>\n<p>The maximum number is the maximum number of beds for guests &#8211; it does not mean spartan conditions.<\/p>\n<p>Of course, there is nothing stopping you from renting a house for two.<\/p>\n<p>You can also plan a trip with a larger group and rent all 20 places in our cottages.<\/p>\n<h2>\n\t\tAttractions in the area\n\t<\/h2>\n\t<h2>On the Baltic Sea in Babie Do\u0142y<\/h2>\n<p>Our cottages are located 150 meters from the beach access. A guarded swimming area is 500 meters from the cottages. <\/p>\n<p>In summer there are many attractions here, not to mention the clean and warm water in the bay.<\/p>\n<p>Kayaks, boats, jet skis, and kitesurfing are available for rent, as are numerous beach attractions for children. Near the beach, there are stalls selling treats and gadgets. <\/p>\n<p>In autumn and spring, many of these activities disappear, but this makes the beach more peaceful. Local activities remain, such as boat rentals and cruises. This is the perfect time for longer walks along the coast and through the forests. The charm is enhanced by attractive trails.   <\/p>\n<p><em><a href=\"https:\/\/babiedoly.com\/en\/gdynia-holiday-cottages-near-the-sea-in-poland\/\">Gdynia holiday cottages near the sea<\/a> &#8211; book your stay, see photos<\/em><\/p>\n<p>&nbsp;<\/p>\n\t\t\t\t<a href=\"https:\/\/babiedoly.com\/wp-content\/uploads\/2021\/07\/Domki-nad-morzem-plaza-Gdynia1.jpg\" target=\"_self\" itemprop=\"url\">\n\t\t\t\t<img loading=\"lazy\" decoding=\"async\" src=\"https:\/\/babiedoly.com\/wp-content\/uploads\/2021\/07\/Domki-nad-morzem-plaza-Gdynia1.jpg\" alt=\"Cottages by the sea beach Gdynia babiedoly.com\" itemprop=\"image\" height=\"933\" width=\"1400\" title=\"Cottages by the sea beach Gdynia babiedoly.com\" onerror=\"this.style.display='none'\"  \/>\n\t\t\t\t<\/a>\n\t\t\t\t<a href=\"https:\/\/babiedoly.com\/wp-content\/uploads\/2021\/07\/trampolina-Gdynia-Babie-Doly-babiedoly-com-9.jpg\" target=\"_self\" itemprop=\"url\">\n\t\t\t\t<img loading=\"lazy\" decoding=\"async\" src=\"https:\/\/babiedoly.com\/wp-content\/uploads\/2021\/07\/trampolina-Gdynia-Babie-Doly-babiedoly-com-9.jpg\" alt=\"trampoline Gdynia Babie Do\u0142y - babiedoly.com\" itemprop=\"image\" height=\"933\" width=\"1400\" title=\"trampoline Gdynia Babie Do\u0142y - babiedoly.com\" onerror=\"this.style.display='none'\"  \/>\n\t\t\t\t<\/a>\n\t<h3>What else can you do on the weekend?<\/h3>\n<p>Go to Hel, to W\u0142adys\u0142awowo. In the summer, it&#8217;s quite crowded, but there&#8217;s plenty of beach equipment available, and you can arrange special offers for larger groups with various service providers. Then, the open-sea beach experience will be a joy. At other times of the year, you can leisurely stroll along the numerous hiking trails, the beach, or take advantage of the excellent bike paths. Hel also boasts an attractive seal sanctuary. A water tram runs from there to Gdynia and Gda\u0144sk.     <\/p>\n<p>Or, in the other direction, explore the Tricity area &#8211; it will be a very active weekend by the sea. A wide selection of entertainment, sightseeing, and hiking and cycling opportunities abounds. The Tricity boasts very clean air and convenient and friendly paths. You can even happily embark on a journey without a plan. Once there, we&#8217;ll be happy to tell you more about the Tricity area, so you can visit places that interest you.    <\/p>\n<p><strong>There is one more direction &#8211; Kashubia. <\/strong>It is worth visiting the numerous and often beautiful lakes there, taking a kayaking trip, exploring the numerous hiking and cycling routes, or visiting the Miniature Park and, if you have children, the Giants Park is a must.<\/p>\n\t<h3>Attractions and cottage equipment<\/h3>\n<p>The cottages are fully equipped. Guests have access to lockers, wardrobes, a private bathroom in each cottage, and Wi-Fi internet access with a TV. A reliable stay also includes fresh linens and towels. Air conditioning with a heating option is also available (allowing the cottages to be used year-round).   <\/p>\n<p>A fully equipped kitchenette is also available. It includes: <\/p>\n<ul>\n<li>a refrigerator,<\/li>\n<li>a microwave<\/li>\n<li>hotplate<\/li>\n<li>pots, pans<\/li>\n<li>cutlery, knives<\/li>\n<li>dishes, plates, glasses, bowls<\/li>\n<li>i inne.<\/li>\n<\/ul>\n<p>Nieod\u0142\u0105czn\u0105 cz\u0119\u015bci\u0105 naszej oferty jest tak\u017ce plac zabaw dla dzieci. Mo\u017cecie Pa\u0144stwo dowolnie z niego korzysta\u0107. Nale\u017cy jednak mie\u0107 dzieci pod nadzorem, gdy\u017c nie wszystkie sprz\u0119ty s\u0105 atestowane &#8211; cho\u0107 bardzo solidne w konstrukcji.  <\/p>\n<p>&nbsp;<\/p>\n\t\t\t\t<a href=\"https:\/\/babiedoly.com\/wp-content\/uploads\/2021\/07\/bujawka-obok-domkow-Gdynia-Babie-Doly-babiedoly-com-13.jpg\" target=\"_self\" itemprop=\"url\">\n\t\t\t\t<img loading=\"lazy\" decoding=\"async\" src=\"https:\/\/babiedoly.com\/wp-content\/uploads\/2021\/07\/bujawka-obok-domkow-Gdynia-Babie-Doly-babiedoly-com-13.jpg\" alt=\"rocking chair next to the houses in Gdynia Babie Do\u0142y - babiedoly.com\" itemprop=\"image\" height=\"933\" width=\"1400\" title=\"rocking chair next to the houses in Gdynia Babie Do\u0142y - babiedoly.com\" onerror=\"this.style.display='none'\"  \/>\n\t\t\t\t<\/a>\n\t\t\t\t\t<a href=\"#\" id=\"fl-accordion--label-0\" tabindex=\"0\" aria-controls=\"fl-accordion--panel-0\">Featured Offers on Our Website<\/a>\n\t\t\t\t\t\t\t\t\t\t\t<a href=\"#\" id=\"fl-accordion--icon-0\" tabindex=\"-1\"><i>Expand<\/i><\/a>\n\t\t\t\t\t<a href=\"https:\/\/babiedoly.com\/en\/cheap-houses-gdynia\/\">Cheap cottages Gdynia<\/a><br \/>\n<a href=\"https:\/\/babiedoly.com\/en\/cheap-houses-by-the-sea-gdynia\/\">Cheap cottages by the sea Gdynia, Babie Do\u0142y<\/a><br \/>\n<a href=\"https:\/\/babiedoly.com\/en\/torpedo-station\/\">Torpedo station Gdynia &#8211; Babie Do\u0142y<\/a><br \/>\n<a href=\"https:\/\/babiedoly.com\/en\/holidays-by-the-polish-sea\/\">Holidays by the Polish sea<\/a><br \/>\n<a href=\"https:\/\/babiedoly.com\/en\/seaside-holidays-looking-for-a-way-to-relax\/\">Seaside holidays &#8211; check out our cottages<\/a><br \/>\n<a href=\"https:\/\/babiedoly.com\/en\/available-cottages-by-the-sea\/\">Available cottages by the sea<\/a><br \/>\n<a href=\"https:\/\/babiedoly.com\/en\/weekend-by-the-sea-poland\/\">A weekend by the sea<\/a><br \/>\n<a href=\"https:\/\/babiedoly.com\/en\/weekend-getaway-with-a-child\/\">Weekend trip with a child in Poland<\/a><br \/>\n<a href=\"https:\/\/babiedoly.com\/en\/photos\/\">Photos<\/a><br \/>\n<a href=\"https:\/\/babiedoly.com\/en\/year-round-seaside-accommodation-poland\/\">Year-Round Seaside Accommodation &#8211; Poland<\/a><br \/>\n<a href=\"https:\/\/babiedoly.com\/en\/seaside-cottage-rental\/\">Seaside cottage rental<\/a><br \/>\n<a href=\"https:\/\/babiedoly.com\/en\/tricity-cottages\/\">Tricity Cottages &#8211; make yourself at home<\/a><br \/>\n<a href=\"https:\/\/babiedoly.com\/en\/gdynia-accommodation\/\">Gdynia accommodation &#8211; in wooden houses near the sea Poland<\/a><br \/>\n<a href=\"https:\/\/babiedoly.com\/en\/autumn-weekend-getaway\/\">Where to go for a weekend in autumn<\/a><br \/>\n<a href=\"https:\/\/babiedoly.com\/en\/wooden-cottages-for-families\/\">Wooden cottages for families with children for winter holidays<\/a>\n\t\t\t\t<a href=\"https:\/\/babiedoly.com\/wp-content\/uploads\/2021\/07\/stara-torpedownia-Gdynia-Babie-Doly-babiedoly-com-7.jpg\" target=\"_self\" itemprop=\"url\">\n\t\t\t\t<img loading=\"lazy\" decoding=\"async\" src=\"https:\/\/babiedoly.com\/wp-content\/uploads\/2021\/07\/stara-torpedownia-Gdynia-Babie-Doly-babiedoly-com-7.jpg\" alt=\"old torpedo station Gdynia Babie Doly babiedoly.com\" itemprop=\"image\" height=\"933\" width=\"1400\" title=\"old torpedo station Gdynia Babie Doly babiedoly.com\" onerror=\"this.style.display='none'\"  \/>\n\t\t\t\t<\/a>\n\t<h2>Quiet neighborhood, private plot, away from larger accommodation facilities<\/h2>\n<p>The Polish seaside and peaceful surroundings are perfect for spending time with children, friends, or a romantic weekend. Please contact us, and we will provide you with all the information you need about our cottages and the surrounding area. It will certainly be an unforgettable weekend by the sea.  <\/p>\n<p>Accommodation in a quiet town. We invite you!<\/p>\n<p><a href=\"\/\"><em>Gdynia beach cottages<\/em><\/a><\/p>\n\t\t\t\t\t<a href=\"#\" id=\"fl-accordion--label-0\" tabindex=\"0\" aria-controls=\"fl-accordion--panel-0\">Offer Information<\/a>\n\t\t\t\t\t\t\t\t\t\t\t<a href=\"#\" id=\"fl-accordion--icon-0\" tabindex=\"-1\"><i>Expand<\/i><\/a>\n\t\t\t\t\t<h2>A weekend at the seaside &#8211; the perfect way to relax<\/h2>\n<p>Spend an unforgettable weekend by the sea, enjoying comfortable accommodations in spacious rooms overlooking the Baltic Sea. An ideal place to relax, just 150 meters from the beach. <\/p>\n<h2>Accommodation in the heart of Babie Do\u0142y<\/h2>\n<p>We offer accommodation in rooms ideal for families and groups of friends. Arrival and two nights allow for complete relaxation and rest, with the added convenience of our on-site parking. <\/p>\n<h2>A romantic weekend in charming Gdynia<\/h2>\n<p>We offer a romantic weekend by the sea in charming Gdynia. The city is just a 20-minute drive away, so you can enjoy its attractions and return to your cottage to enjoy the tranquility of nature. <\/p>\n<h2>A romantic weekend by the sea &#8211; a perfect option for couples<\/h2>\n<p>Our offer is the perfect solution for a romantic weekend by the sea. We will organize an unforgettable stay for you, including accommodations with a sea view, ensuring a romantic atmosphere. <\/p>\n<h2>Accommodation by the sea &#8211; comfort and convenience<\/h2>\n<p>We offer seaside accommodations in spacious rooms, guaranteeing comfort and convenience. Book in advance to take advantage of our attractive rates. <\/p>\n<h2>The Baltic Sea &#8211; the undiscovered beauty of the Polish coast<\/h2>\n<p>Discover the beauty of the Baltic Sea and the Polish coast with our accommodations. You&#8217;ll find spacious rooms with sea views, perfect for relaxation and rest. <\/p>\n<h2>Rest in Babie Do\u0142y &#8211; relaxation by the Polish seaside<\/h2>\n<p>Our holiday cottages offer not only a seaside holiday but also access to numerous attractions on the Polish coast. Perfect for families with children. <\/p>\n<p>&nbsp;<\/p>\n<p>We recommend booking in advance to ensure the best possible dates and prices. If your reservation is canceled before the deadline, your deposit will be refunded. <\/p>\n<p>In the event of a cancellation, the provisions regarding the refund of the booking value are clearly stated in our terms and conditions &#8211; please read them, within the appropriate cancellation period we will refund the full amount.<\/p>\n\t\t\t\t\t\t\t<img decoding=\"async\" src=\"https:\/\/demo.wpbeaveraddons.com\/wp-content\/uploads\/2017\/10\/mobile-icon.png\" alt=\"\" \/>\n\t\t\t\t\t\t\t\t\t\t\t\n\t\t\t\t\t<p><a href=\"tel:0048690197987\">+48 690 197 987<\/a><br \/><a href=\"mailto:domki@2mpro.pl\">domki@2mpro.pl<\/a><br \/><a href=\"https:\/\/wa.me\/0048690197987\" target=\"_blank\" rel=\"noopener\">WhatsApp <img loading=\"lazy\" decoding=\"async\" src=\"https:\/\/babiedoly.com\/wp-content\/uploads\/2026\/03\/whatsapp.webp\" alt=\"whatsapp\" width=\"25\" height=\"29\" \/><\/a><\/p>\t\t\t\t\n\t\t\t<a href=\"https:\/\/share.google\/Ifk0boLsw69kfMzKq\" target=\"_blank\" rel=\"noopener\">\n\t\t\t\t\t\t\t<img decoding=\"async\" src=\"https:\/\/demo.wpbeaveraddons.com\/wp-content\/uploads\/2017\/10\/map-icon.png\" alt=\"\" \/>\n\t\t\t\t\t\t\t\t\t\t\t\n\t\t\t\t\t<p>Rybak\u00f3w 32D, <br \/>81-197 Gdynia, Poland<\/p>\t\t\t\t\n\t\t<\/a>\n\t\t\t<a href=\"https:\/\/www.facebook.com\/pages\/category\/Vacation-Home-Rental\/Domki-Letniskowe-Babie-Do%C5%82y-101882701579054\/\" target=\"_self\" rel=\"nofollow noopener\">\n\t\t\t\t\t\t\t\t\t\t\t\n\t\t\t\t\t<p>See our<br \/>Fanpage<\/p>\t\t\t\t\n\t\t<\/a>\n\t\u00a9 2020-2026 r. <a href=\"https:\/\/babiedoly.com\/en\/privacy-policy\/\">privacy policy<\/a><br \/>\nmade by: <a href=\"https:\/\/brandrei.com\/\" target=\"_blank\" rel=\"noopener\">Brandrei.com<\/a> &amp; <a href=\"https:\/\/finemarketing.pl\/\" target=\"_blank\" rel=\"noopener\">Fine Marketing<\/a><br \/>\nAll photos are copyrighted<br \/>\n\n<p>See also <a href=\"https:\/\/babiedoly.com\/en\/year-round-cottages-by-the-sea-in-gdynia\/\">Year-round Holiday cottages &#8211; by the sea Poland<\/a><\/p>\n\n","protected":false},"excerpt":{"rendered":"<p>A weekend by the sea &#8211; try it in Babie Do\u0142y Babie Do\u0142y is a beautiful, relaxing district of Gdynia, located right by the sea, away from the hustle and bustle of the city. If you want to relax outdoors, in the comfort of summer cottages, trees, and the sound of the sea, this is&hellip;<\/p>\n","protected":false},"author":1,"featured_media":2280,"parent":0,"menu_order":0,"comment_status":"closed","ping_status":"closed","template":"tpl-no-header-footer.php","meta":{"footnotes":""},"class_list":["post-2541","page","type-page","status-publish","has-post-thumbnail","hentry"],"_links":{"self":[{"href":"https:\/\/babiedoly.com\/en\/wp-json\/wp\/v2\/pages\/2541","targetHints":{"allow":["GET"]}}],"collection":[{"href":"https:\/\/babiedoly.com\/en\/wp-json\/wp\/v2\/pages"}],"about":[{"href":"https:\/\/babiedoly.com\/en\/wp-json\/wp\/v2\/types\/page"}],"author":[{"embeddable":true,"href":"https:\/\/babiedoly.com\/en\/wp-json\/wp\/v2\/users\/1"}],"replies":[{"embeddable":true,"href":"https:\/\/babiedoly.com\/en\/wp-json\/wp\/v2\/comments?post=2541"}],"version-history":[{"count":2,"href":"https:\/\/babiedoly.com\/en\/wp-json\/wp\/v2\/pages\/2541\/revisions"}],"predecessor-version":[{"id":3329,"href":"https:\/\/babiedoly.com\/en\/wp-json\/wp\/v2\/pages\/2541\/revisions\/3329"}],"wp:featuredmedia":[{"embeddable":true,"href":"https:\/\/babiedoly.com\/en\/wp-json\/wp\/v2\/media\/2280"}],"wp:attachment":[{"href":"https:\/\/babiedoly.com\/en\/wp-json\/wp\/v2\/media?parent=2541"}],"curies":[{"name":"wp","href":"https:\/\/api.w.org\/{rel}","templated":true}]}}