{"id":2533,"date":"2022-02-02T08:42:03","date_gmt":"2022-02-02T07:42:03","guid":{"rendered":"https:\/\/babiedoly.com\/pomorze\/"},"modified":"2026-03-27T15:09:09","modified_gmt":"2026-03-27T14:09:09","slug":"pomerania-holiday","status":"publish","type":"page","link":"https:\/\/babiedoly.com\/en\/pomerania-holiday\/","title":{"rendered":"Pomerania, holiday cottages &#8211; trip offer"},"content":{"rendered":"\n\n\t<h1>Pomerania, summer cottages<br \/>\n&#8211; trip offer<\/h1>\n<p>We invite you for short and long stays in summer houses in Pomerania &#8211; specifically in the quiet area of \u200b\u200bGdynia &#8211; in Babie Do\u0142y.<\/p>\n<p>This is a secluded place, close to the sea.<\/p>\n<p>Our holiday homes are located near coastal cliffs. The beach is only 500 meters away, so you don&#8217;t have to venture out to experience the charms of the sand. <\/p>\n<h3>Our holiday cottages are open all year round<\/h3>\n<p>These are heated houses, and in the summer, when it is too hot, you can turn on the air conditioning to cool down.<\/p>\n<p>Briefly about the cottages: wooden cottages, built in early 2020. Modern, comfortable, wooden. <\/p>\n<p>It is not only an accommodation facility but also a fully equipped complex for spending a holiday, a short break, or even a weekend.<\/p>\n<p>&nbsp;<\/p>\n<p>You can find the available dates for our cottages in the <a href=\"https:\/\/babiedoly.com\/en\/reservations\/\">BOOKING<\/a> section.<\/p>\n\t\t\t\t<a href=\"https:\/\/babiedoly.com\/wp-content\/uploads\/2021\/07\/wnetrze-domku-letniskowego-dla-4-6-8-osob-Gdynia-Babie-Doly-babiedoly-com-9.jpg\" target=\"_self\" itemprop=\"url\">\n\t\t\t\t<img loading=\"lazy\" decoding=\"async\" src=\"https:\/\/babiedoly.com\/wp-content\/uploads\/2021\/07\/wnetrze-domku-letniskowego-dla-4-6-8-osob-Gdynia-Babie-Doly-babiedoly-com-9.jpg\" alt=\"interior of a holiday home for 4 - 6 - 8 people Gdynia Babie Do\u0142y babiedoly.com\" itemprop=\"image\" height=\"933\" width=\"1400\" title=\"interior of a holiday home for 4 - 6 - 8 people Gdynia Babie Do\u0142y babiedoly.com\" onerror=\"this.style.display='none'\"  \/>\n\t\t\t\t<\/a>\n\t<h4>We provide our guests with:<\/h4>\n<ul>\n<li>fully equipped kitchenette<\/li>\n<li>towels, fresh linen<\/li>\n<li>Wi-Fi in every cottage<\/li>\n<li>free parking on the property<\/li>\n<li>children&#8217;s playground<\/li>\n<li>a gazebo with a fireplace and grill, as well as recreational facilities for adults<\/li>\n<\/ul>\n<p>On site you will receive towels and fresh linen.<\/p>\n\t<h2>What is worth doing in Pomerania?<\/h2>\n<p>The obvious attraction is the sea. Our holiday cottages in Pomerania are located close to the sea &#8211; the beach access is 150 meters from the cottages, and the beach itself is 500 meters away.<\/p>\n<p>It is an attractive place,<strong> next to the cliffs.<\/strong><\/p>\n<p>The route along the coast is practically endless. In one direction, you&#8217;ll reach the port in Gdynia, and in the other, you can walk all the way to W\u0142adys\u0142awowo, visiting the Mecheli\u0144skie dunes and other nature reserves along the way.<\/p>\n<p>Although the voivodeship occupies a significant part of the Baltic coast, it is still worth exploring the hinterland.<\/p>\n<p>There are many attractions in the Tricity area &#8211; St. Mary&#8217;s Basilica, the modern World War II museum, the Zoo&#8230;<\/p>\n<p>Important points on the sightseeing map will also be: Malbork Castle (and the castle in Gniew for those who like castles), the Vistula Spit, the Tuchola Forest National Park, the Kashubian Landscape Park, the tower in Wie\u017cyca and others.<\/p>\n<p>We also recommend the S\u0142owi\u0144ski National Park with its dunes and bird breeding lakes.<\/p>\n<em><a href=\"https:\/\/babiedoly.com\/en\/modern-summer-cottages\/\">Modern cottages &#8211; rent by the sea<\/a><\/em>\n<p>&nbsp;<\/p>\n\t\t\t\t<a href=\"https:\/\/babiedoly.com\/wp-content\/uploads\/2021\/07\/plaza-Gdynia-Babie-Doly-babiedoly-com-2.jpg\" target=\"_self\" itemprop=\"url\">\n\t\t\t\t<img loading=\"lazy\" decoding=\"async\" src=\"https:\/\/babiedoly.com\/wp-content\/uploads\/2021\/07\/plaza-Gdynia-Babie-Doly-babiedoly-com-2.jpg\" alt=\"Gdynia Babie Do\u0142y beach babiedoly.com\" itemprop=\"image\" height=\"933\" width=\"1400\" title=\"Gdynia Babie Do\u0142y beach babiedoly.com\" onerror=\"this.style.display='none'\"  \/>\n\t\t\t\t<\/a>\n\t\t\t\t\t<a href=\"#\" id=\"fl-accordion--label-0\" tabindex=\"0\" aria-controls=\"fl-accordion--panel-0\">Featured Offers on Our Website<\/a>\n\t\t\t\t\t\t\t\t\t\t\t<a href=\"#\" id=\"fl-accordion--icon-0\" tabindex=\"-1\"><i>Expand<\/i><\/a>\n\t\t\t\t\t<a href=\"https:\/\/babiedoly.com\/en\/cottages-on-the-baltic-sea\/\">Cottages by the Baltic Sea<\/a><br \/>\n<a href=\"https:\/\/babiedoly.com\/en\/cottages-by-the-sea-price-list\/\">Cottages by the sea price list<\/a><br \/>\n<a href=\"https:\/\/babiedoly.com\/en\/holiday-cottages-gdynia\/\">Holiday cottages Gdynia Poland<\/a><br \/>\n<a href=\"https:\/\/babiedoly.com\/en\/where-to-spend-a-winter-weekend\/\">Where to spend a winter weekend<\/a><br \/>\n<a href=\"https:\/\/babiedoly.com\/en\/cottages-by-the-sea-poland\/\">Cottages right by the sea in Babie Do\u0142y<\/a><br \/>\n<a href=\"https:\/\/babiedoly.com\/en\/may-weekend-at-the-seaside-in-gdynia\/\">May weekend at the seaside in Poland<\/a><br \/>\n<a href=\"https:\/\/babiedoly.com\/en\/places-to-visit-in-poland-for-a-weekend-getaway-for-two\/\">Great places to visit in Poland for a weekend getaway for two<\/a><br \/>\n<a href=\"https:\/\/babiedoly.com\/en\/accommodation-by-the-sea-tourist-voucher\/\">Accommodation by the sea &#8211; tourist voucher<\/a><br \/>\n<a href=\"https:\/\/babiedoly.com\/en\/\">New year-round cottages for rent &#8211; Gdynia, Babie Do\u0142y, Poland on the Baltic Sea<\/a><br \/>\n<a href=\"https:\/\/babiedoly.com\/en\/modern-summer-cottages\/\">Modern holiday cottages &#8211; rent right by the sea<\/a><br \/>\n<a href=\"https:\/\/babiedoly.com\/en\/pomerania-holiday\/\">Pomerania, holiday cottages &#8211; offer for a trip<\/a><br \/>\n<a href=\"https:\/\/babiedoly.com\/en\/places-for-a-romantic-weekend-for-two\/\">Weekend getaways for couples Poland<\/a><br \/>\n<a href=\"https:\/\/babiedoly.com\/en\/cheap-houses-by-the-sea-gdynia\/\">Cheap cottages by the sea Gdynia, Babie Do\u0142y<\/a><br \/>\n<a href=\"https:\/\/babiedoly.com\/en\/seaside-holidays-looking-for-a-way-to-relax\/\">Seaside holidays &#8211; check out our cottages<\/a><br \/>\n<a href=\"https:\/\/babiedoly.com\/en\/weekend-by-the-sea-poland\/\">A weekend by the sea<\/a>\n\t\t\t\t<a href=\"https:\/\/babiedoly.com\/wp-content\/uploads\/2021\/07\/domki-letniskowe-nad-morzem-dla-4-6-osob-Gdynia-Babie-Doly-babiedoly-com-3.jpg\" target=\"_self\" itemprop=\"url\">\n\t\t\t\t<img loading=\"lazy\" decoding=\"async\" src=\"https:\/\/babiedoly.com\/wp-content\/uploads\/2021\/07\/domki-letniskowe-nad-morzem-dla-4-6-osob-Gdynia-Babie-Doly-babiedoly-com-3.jpg\" alt=\"seaside holiday cottages for 4 - 6 people Gdynia Babie Do\u0142y babiedoly.com\" itemprop=\"image\" height=\"933\" width=\"1400\" title=\"seaside holiday cottages for 4 - 6 people Gdynia Babie Do\u0142y babiedoly.com\" onerror=\"this.style.display='none'\"  \/>\n\t\t\t\t<\/a>\n\t<h3>Holiday cottages in Pomerania &#8211; information for guests<\/h3>\n<p>Our fully equipped summer cottages in Pomerania are the perfect place for a comfortable holiday by the Polish seaside. The cottages are new and feature a wide range of amenities. <\/p>\n<p>We provide everything you need to spend up to two weeks of vacation with us.<\/p>\n<p>The area is quiet, although you might encounter tourists in the summer. Nearby, you&#8217;ll also find various shops where you can stock up on supplies. <\/p>\n<p>&nbsp;<\/p>\n<h4>\n\t\tFeel free to contact us or make a reservation via the form\n\t<\/h4>\n\t\t\t\t\t\t\t<img decoding=\"async\" src=\"https:\/\/demo.wpbeaveraddons.com\/wp-content\/uploads\/2017\/10\/mobile-icon.png\" alt=\"\" \/>\n\t\t\t\t\t\t\t\t\t\t\t\n\t\t\t\t\t<p><a href=\"tel:0048690197987\">+48 690 197 987<\/a><br \/><a href=\"mailto:domki@2mpro.pl\">domki@2mpro.pl<\/a><br \/><a href=\"https:\/\/wa.me\/0048690197987\" target=\"_blank\" rel=\"noopener\">WhatsApp <img loading=\"lazy\" decoding=\"async\" src=\"https:\/\/babiedoly.com\/wp-content\/uploads\/2026\/03\/whatsapp.webp\" alt=\"whatsapp\" width=\"25\" height=\"29\" \/><\/a><\/p>\t\t\t\t\n\t\t\t<a href=\"https:\/\/share.google\/Ifk0boLsw69kfMzKq\" target=\"_blank\" rel=\"noopener\">\n\t\t\t\t\t\t\t<img decoding=\"async\" src=\"https:\/\/demo.wpbeaveraddons.com\/wp-content\/uploads\/2017\/10\/map-icon.png\" alt=\"\" \/>\n\t\t\t\t\t\t\t\t\t\t\t\n\t\t\t\t\t<p>Rybak\u00f3w 32D, <br \/>81-197 Gdynia, Poland<\/p>\t\t\t\t\n\t\t<\/a>\n\t\t\t<a href=\"https:\/\/www.facebook.com\/pages\/category\/Vacation-Home-Rental\/Domki-Letniskowe-Babie-Do%C5%82y-101882701579054\/\" target=\"_self\" rel=\"nofollow noopener\">\n\t\t\t\t\t\t\t\t\t\t\t\n\t\t\t\t\t<p>See our<br \/>Fanpage<\/p>\t\t\t\t\n\t\t<\/a>\n\t\u00a9 2020-2026 r. <a href=\"https:\/\/babiedoly.com\/en\/privacy-policy\/\">privacy policy<\/a><br \/>\nmade by: <a href=\"https:\/\/brandrei.com\/\" target=\"_blank\" rel=\"noopener\">Brandrei.com<\/a> &amp; <a href=\"https:\/\/finemarketing.pl\/\" target=\"_blank\" rel=\"noopener\">Fine Marketing<\/a><br \/>\nAll photos are copyrighted<br \/>\n\n<p>See also <a href=\"https:\/\/babiedoly.com\/en\/year-round-cottages-by-the-sea-in-gdynia\/\">Year-round Holiday cottages &#8211; by the sea Poland<\/a><\/p>\n\n","protected":false},"excerpt":{"rendered":"<p>Pomerania, summer cottages &#8211; trip offer We invite you for short and long stays in summer houses in Pomerania &#8211; specifically in the quiet area of \u200b\u200bGdynia &#8211; in Babie Do\u0142y. This is a secluded place, close to the sea. Our holiday homes are located near coastal cliffs. The beach is only 500 meters away,&hellip;<\/p>\n","protected":false},"author":1,"featured_media":2268,"parent":0,"menu_order":0,"comment_status":"closed","ping_status":"closed","template":"tpl-no-header-footer.php","meta":{"footnotes":""},"class_list":["post-2533","page","type-page","status-publish","has-post-thumbnail","hentry"],"_links":{"self":[{"href":"https:\/\/babiedoly.com\/en\/wp-json\/wp\/v2\/pages\/2533","targetHints":{"allow":["GET"]}}],"collection":[{"href":"https:\/\/babiedoly.com\/en\/wp-json\/wp\/v2\/pages"}],"about":[{"href":"https:\/\/babiedoly.com\/en\/wp-json\/wp\/v2\/types\/page"}],"author":[{"embeddable":true,"href":"https:\/\/babiedoly.com\/en\/wp-json\/wp\/v2\/users\/1"}],"replies":[{"embeddable":true,"href":"https:\/\/babiedoly.com\/en\/wp-json\/wp\/v2\/comments?post=2533"}],"version-history":[{"count":4,"href":"https:\/\/babiedoly.com\/en\/wp-json\/wp\/v2\/pages\/2533\/revisions"}],"predecessor-version":[{"id":3338,"href":"https:\/\/babiedoly.com\/en\/wp-json\/wp\/v2\/pages\/2533\/revisions\/3338"}],"wp:featuredmedia":[{"embeddable":true,"href":"https:\/\/babiedoly.com\/en\/wp-json\/wp\/v2\/media\/2268"}],"wp:attachment":[{"href":"https:\/\/babiedoly.com\/en\/wp-json\/wp\/v2\/media?parent=2533"}],"curies":[{"name":"wp","href":"https:\/\/api.w.org\/{rel}","templated":true}]}}