{"id":2531,"date":"2022-02-02T09:09:01","date_gmt":"2022-02-02T08:09:01","guid":{"rendered":"https:\/\/babiedoly.com\/gdzie-na-weekend-wiosna\/"},"modified":"2026-03-27T15:35:29","modified_gmt":"2026-03-27T14:35:29","slug":"where-to-go-for-a-weekend-in-spring","status":"publish","type":"page","link":"https:\/\/babiedoly.com\/en\/where-to-go-for-a-weekend-in-spring\/","title":{"rendered":"Where to go for a weekend in spring &#8211; see cottages by the sea"},"content":{"rendered":"\n\n\t<h1>Where to go for a weekend in spring &#8211; see cottages by the sea<\/h1>\n<p>If you&#8217;re interested in a trip to the seaside, you probably enjoy the fresh sea breeze. In late winter and spring, it has a soothing quality. <\/p>\n<p>There are almost no tourists here at this time, so you can enjoy the view of empty beaches and walk wherever you like.<\/p>\n<p>You can find the available dates for our cottages in the <strong><a href=\"https:\/\/babiedoly.com\/en\/reservations\/\">BOOKING<\/a><\/strong> section.<\/p>\n\t\t\t\t<a href=\"https:\/\/babiedoly.com\/wp-content\/uploads\/2021\/07\/teren-domkow-calorocznych-Gdynia-Babie-Doly-babiedoly-com-5.jpg\" target=\"_self\" itemprop=\"url\">\n\t\t\t\t<img loading=\"lazy\" decoding=\"async\" src=\"https:\/\/babiedoly.com\/wp-content\/uploads\/2021\/07\/teren-domkow-calorocznych-Gdynia-Babie-Doly-babiedoly-com-5.jpg\" alt=\"grounds of year-round cottages Gdynia Babie Do\u0142y - babiedoly.com\" itemprop=\"image\" height=\"933\" width=\"1400\" title=\"grounds of year-round cottages Gdynia Babie Do\u0142y - babiedoly.com\" onerror=\"this.style.display='none'\"  \/>\n\t\t\t\t<\/a>\n\t<h2>We invite you to visit our heated summer cottages in Babie Do\u0142y, Gdynia. <\/h2>\n<p>We have twelve beds available, with the possibility of adding another eight beds if you rent the cottage for at least a week. <strong>This is a total of 20 beds.<\/strong><\/p>\n<p>All cottages are fully equipped (<a href=\"https:\/\/babiedoly.com\/en\/#udogodnienia\" target=\"_blank\" rel=\"noopener noreferrer\">see facilities<\/a>)<\/p>\n<p>&nbsp;<\/p>\n<p>&nbsp;<\/p>\n\t<p>Spring is a great time for a short break. There are many different places to spend your free time. Our suggestion includes hiking trails in the northern part of Gdynia.  <\/p>\n<p>The cliffs on the beach, which allows you to walk around a large part of the bay, are worth seeing. It&#8217;s also a quiet spot, sheltered from strong winds by the Hel Peninsula. Walking south along the beach, you&#8217;ll reach the ports of Gdynia,  <\/p>\n<p>By heading north, you can get as far as W\u0142adys\u0142awowo and then on to Hel or west. However, this isn&#8217;t a feat you can undertake on foot. <\/p>\n<p><strong>Warto zwiedzi\u0107 nawet dalsze okolice:<\/strong><\/p>\n<p>Tricity Landscape Park, Mecheli\u0144ski Nature Reserve, walk along Oksywie Boulevard.<\/p>\n<p>And if you enjoy city life, Tricity has plenty to offer in terms of tourism. Tourist activity in Gda\u0144sk begins in February and practically ends in November. Gdynia is a more laid-back city, but there&#8217;s still plenty to see.  <\/p>\n\t\t\t\t<a href=\"https:\/\/babiedoly.com\/wp-content\/uploads\/2021\/07\/Domki-nad-morzem-plaza-Gdynia1.jpg\" target=\"_self\" itemprop=\"url\">\n\t\t\t\t<img loading=\"lazy\" decoding=\"async\" src=\"https:\/\/babiedoly.com\/wp-content\/uploads\/2021\/07\/Domki-nad-morzem-plaza-Gdynia1.jpg\" alt=\"Cottages by the sea beach Gdynia babiedoly.com\" itemprop=\"image\" height=\"933\" width=\"1400\" title=\"Cottages by the sea beach Gdynia babiedoly.com\" onerror=\"this.style.display='none'\"  \/>\n\t\t\t\t<\/a>\n\t\t\t\t<a href=\"https:\/\/babiedoly.com\/wp-content\/uploads\/2021\/07\/bezpieczny-plac-zabaw.jpg\" target=\"_self\" itemprop=\"url\">\n\t\t\t\t<img loading=\"lazy\" decoding=\"async\" src=\"https:\/\/babiedoly.com\/wp-content\/uploads\/2021\/07\/bezpieczny-plac-zabaw.jpg\" alt=\"safe playground babiedoly.com\" itemprop=\"image\" height=\"600\" width=\"900\" title=\"safe playground babiedoly.com\" onerror=\"this.style.display='none'\"  \/>\n\t\t\t\t<\/a>\n\t<h3>Where to go in early spring with a child?<\/h3>\n<p>Wondering how your kids will handle a trip like this? They usually do better than us older kids. Children aged 12 and up will usually enjoy the extensive playground located on our holiday homes&#8217; property. This place is perfect for active recreation and offers plenty of attractions for the little ones:   <\/p>\n<p>slide, climbing wall, trampoline, swing, swing, goals.<\/p>\n<p>It is also safer there in early spring because there are no ticks.<\/p>\n\t<h2>How to dress for a weekend tourist trip?<\/h2>\n<p>A spring weekend can be unpredictable weather-wise. Bring warm, breathable clothing. Windproof clothing should be worn, especially if you&#8217;re more susceptible to colds. Early spring weather is cool, but usually sunny, with light winds and occasional rain.   <\/p>\n<p>This is the perfect time for nature lovers who want to spend their free time outdoors, with family, and visit interesting places.<\/p>\n<p>We also recommend bicycle trips &#8211; in Gdynia and Gda\u0144sk you can rent a bike for 24 hours all year round.<\/p>\n\t\t\t\t<a href=\"https:\/\/babiedoly.com\/wp-content\/uploads\/2021\/07\/zachod-slonca-nad-polskim-morzem-Gdynia-babie-doly.jpg\" target=\"_self\" itemprop=\"url\">\n\t\t\t\t<img loading=\"lazy\" decoding=\"async\" src=\"https:\/\/babiedoly.com\/wp-content\/uploads\/2021\/07\/zachod-slonca-nad-polskim-morzem-Gdynia-babie-doly.jpg\" alt=\"Sunset over the Polish sea Gdynia Babie Do\u0142y babiedoly.com\" itemprop=\"image\" height=\"600\" width=\"900\" title=\"Sunset over the Polish sea Gdynia Babie Do\u0142y babiedoly.com\" onerror=\"this.style.display='none'\"  \/>\n\t\t\t\t<\/a>\n\t\t\t\t<a href=\"https:\/\/babiedoly.com\/wp-content\/uploads\/2022\/02\/wnetrze-domku-letniskowego-Babie-Doly_1.jpg\" target=\"_self\" itemprop=\"url\">\n\t\t\t\t<img loading=\"lazy\" decoding=\"async\" src=\"https:\/\/babiedoly.com\/wp-content\/uploads\/2022\/02\/wnetrze-domku-letniskowego-Babie-Doly_1.jpg\" alt=\"interior of the Babie Do\u0142y summer house\" itemprop=\"image\" height=\"933\" width=\"1400\" title=\"interior of the Babie Do\u0142y summer house - babiedoly.com\" onerror=\"this.style.display='none'\"  \/>\n\t\t\t\t<\/a>\n\t<h2>What equipment do we offer in our cottages?<\/h2>\n<p>Our cottages are fully equipped:<\/p>\n<ul>\n<li>are heated<\/li>\n<li>they have Wi-Fi<\/li>\n<li>access to electricity, hot water<\/li>\n<li>you will receive fresh linen and towels<\/li>\n<li>they have a full set of kitchen equipment<\/li>\n<\/ul>\n\t<h2>Forests near our cottages &#8211; active recreation in early spring<\/h2>\n<p>Forests are also a great place to visit in spring.<\/p>\n<p>Humidity is high there, but otherwise, it&#8217;s a great place to admire the views-to see nature come to life. It&#8217;s worth noting that the views vary greatly depending on the distance from the sea. <\/p>\n<p>For someone unfamiliar with nature, forests may seem like just a place to walk, but it is worth emphasizing that nowadays you can hire a guide who will take you to the secret places of the forest, show you various nuances and explain many of the small phenomena that make up the ecosystem.<\/p>\n<p>The forests are also a great place to visit in spring. They offer activities like hiking and biking. The scenery is beautiful, and there are few people around, making it an ideal place to relax.  <\/p>\n\t\t\t\t<a href=\"https:\/\/babiedoly.com\/wp-content\/uploads\/2021\/07\/teren-domkow-letniskowych-Gdynia-Babie-Doly-babiedoly-com-11.jpg\" target=\"_self\" itemprop=\"url\">\n\t\t\t\t<img loading=\"lazy\" decoding=\"async\" src=\"https:\/\/babiedoly.com\/wp-content\/uploads\/2021\/07\/teren-domkow-letniskowych-Gdynia-Babie-Doly-babiedoly-com-11.jpg\" alt=\"holiday cottage area Gdynia Babie Do\u0142y - babiedoly.com\" itemprop=\"image\" height=\"933\" width=\"1400\" title=\"holiday cottage area Gdynia Babie Do\u0142y - babiedoly.com\" onerror=\"this.style.display='none'\"  \/>\n\t\t\t\t<\/a>\n\t\t\t\t\t<a href=\"#\" id=\"fl-accordion--label-0\" tabindex=\"0\" aria-controls=\"fl-accordion--panel-0\">Featured Offers on Our Website<\/a>\n\t\t\t\t\t\t\t\t\t\t\t<a href=\"#\" id=\"fl-accordion--icon-0\" tabindex=\"-1\"><i>Expand<\/i><\/a>\n\t\t\t\t\t<a href=\"https:\/\/babiedoly.com\/en\/cottages-on-the-baltic-sea\/\">Cottages by the Baltic Sea<\/a><br \/>\n<a href=\"https:\/\/babiedoly.com\/en\/cottages-by-the-sea-price-list\/\">Cottages by the sea price list<\/a><br \/>\n<a href=\"https:\/\/babiedoly.com\/en\/holiday-cottages-gdynia\/\">Holiday cottages Gdynia Poland<\/a><br \/>\n<a href=\"https:\/\/babiedoly.com\/en\/where-to-spend-a-winter-weekend\/\">Where to spend a winter weekend<\/a><br \/>\n<a href=\"https:\/\/babiedoly.com\/en\/cottages-by-the-sea-poland\/\">Cottages right by the sea in Babie Do\u0142y<\/a><br \/>\n<a href=\"https:\/\/babiedoly.com\/en\/may-weekend-at-the-seaside-in-gdynia\/\">May weekend at the seaside in Poland<\/a><br \/>\n<a href=\"https:\/\/babiedoly.com\/en\/places-to-visit-in-poland-for-a-weekend-getaway-for-two\/\">Great places to visit in Poland for a weekend getaway for two<\/a><br \/>\n<a href=\"https:\/\/babiedoly.com\/en\/accommodation-by-the-sea-tourist-voucher\/\">Accommodation by the sea &#8211; tourist voucher<\/a><br \/>\n<a href=\"https:\/\/babiedoly.com\/en\/\">New year-round cottages for rent &#8211; Gdynia, Babie Do\u0142y, Poland on the Baltic Sea<\/a><br \/>\n<a href=\"https:\/\/babiedoly.com\/en\/modern-summer-cottages\/\">Modern holiday cottages &#8211; rent right by the sea<\/a><br \/>\n<a href=\"https:\/\/babiedoly.com\/en\/pomerania-holiday\/\">Pomerania, holiday cottages &#8211; offer for a trip<\/a><br \/>\n<a href=\"https:\/\/babiedoly.com\/en\/places-for-a-romantic-weekend-for-two\/\">Weekend getaways for couples Poland<\/a><br \/>\n<a href=\"https:\/\/babiedoly.com\/en\/cheap-houses-by-the-sea-gdynia\/\">Cheap cottages by the sea Gdynia, Babie Do\u0142y<\/a><br \/>\n<a href=\"https:\/\/babiedoly.com\/en\/seaside-holidays-looking-for-a-way-to-relax\/\">Seaside holidays &#8211; check out our cottages<\/a><br \/>\n<a href=\"https:\/\/babiedoly.com\/en\/weekend-by-the-sea-poland\/\">A weekend by the sea<\/a>\n\t<h2>Why is it worth going to the seaside in spring?<\/h2>\n<p>The seaside is also a great place to visit in spring. While it doesn&#8217;t offer as many attractions as it does in summer, and swimming is a bit of a stretch, it makes up for it in tranquility. <\/p>\n<p>If you are tired of being surrounded by too many people on vacation, you don&#8217;t like tripping over screens and you constantly see drunk people, it&#8217;s worth taking a break outside the summer season.<\/p>\n<p>A short weekend getaway will help you recharge for the coming weeks. You can enjoy beautiful views. It&#8217;s also a good place and time for long walks.  <\/p>\n<p>A w okolicy ca\u0142ej pla\u017cy jest co zje\u015b\u0107 &#8211; w dodatku <strong>jest to okres w roku, w kt\u00f3rym mo\u017cna zje\u015b\u0107 \u015bwie\u017c\u0105 ryb\u0119<\/strong>. Niestety w sezonie ryb po prostu brakuje i s\u0105 importowane mimo zapewnie\u0144 sprzedawc\u00f3w o \u015bwie\u017cym po\u0142owie. <\/p>\n<p>The sea offers a variety of activities. Incredible views, cliffs, boat trips, and the distant Hel Peninsula are just some of the attractions in our area. <\/p>\n<p>Spring is a great time to visit the beach because it&#8217;s warm and there aren&#8217;t many people around. This means you can enjoy the peace and quiet of the beach. <\/p>\n<h3>Liczne atrakcje miasta urozmaic\u0105 ka\u017cdy wyjazd weekendowy<\/h3>\n<p>In Tricity, you can experience a unique combination of a coastal city and a compact urban environment. It&#8217;s comparable to other European port cities. <\/p>\n<h3>And the &#8220;sea&#8221; May weekend?<\/h3>\n<p>On the one hand, May Day is the opposite of spring in terms of tourist activity. Many people simply enjoy their free time, and because of this, it can get quite crowded. Available May Day weekends fill up quickly, so we encourage you to book your spot in early January!  <\/p>\n<p>Kr\u00f3tko m\u00f3wi\u0105c wiosna to \u015bwietny czas na kr\u00f3tkie wakacje, a polskie morze stanowi idealne miejsce na kr\u00f3tki relaks w ustronnym miejscu.<\/p>\n\t<p>See how our year-round wooden houses look:<\/p>\n\t\t\t\t<a\n\t\t\thref=\"https:\/\/babiedoly.com\/wp-content\/uploads\/2021\/07\/duzy-domek-letniskowy-dla-8-osob.jpg\"\n\t\t\t\t\t\tdata-fancybox=\"images\" \n\t\t\ttitle=\"duzy domek letniskowy dla 8 osob babiedoly.com\" \n\t\t\t\t\t\tdata-caption=\"\"\n\t\t\t\t\t\tdata-description=\"\" \n\t\t\titemprop=\"contentUrl\">\n\t\t\t<img loading=\"lazy\" decoding=\"async\" src=\"https:\/\/babiedoly.com\/wp-content\/uploads\/2021\/07\/duzy-domek-letniskowy-dla-8-osob.jpg\" alt=\"duzy domek letniskowy dla 8 osob babiedoly.com\" data-no-lazy=\"1\" itemprop=\"thumbnail\" width=\"900\" height=\"600\" \/>\n\t\t\t<!-- Overlay Wrapper -->\n\t\t\t <!-- Overlay Wrapper Closed -->\n\t\t\t\t<\/a>\n\t\t\t\t\t\t\t<meta itemprop=\"width\" content=\"900\" \/>\n\t\t\t<meta itemprop=\"height\" content=\"600\" \/>\n\t\t\t\t<a\n\t\t\thref=\"https:\/\/babiedoly.com\/wp-content\/uploads\/2021\/07\/salon-duzego-domku.jpg\"\n\t\t\t\t\t\tdata-fancybox=\"images\" \n\t\t\ttitle=\"living room of the large cottage babiedoly.com\" \n\t\t\t\t\t\tdata-caption=\"\"\n\t\t\t\t\t\tdata-description=\"\" \n\t\t\titemprop=\"contentUrl\">\n\t\t\t<img loading=\"lazy\" decoding=\"async\" src=\"https:\/\/babiedoly.com\/wp-content\/uploads\/2021\/07\/salon-duzego-domku.jpg\" alt=\"living room of the large cottage babiedoly.com\" data-no-lazy=\"1\" itemprop=\"thumbnail\" width=\"900\" height=\"600\" \/>\n\t\t\t<!-- Overlay Wrapper -->\n\t\t\t <!-- Overlay Wrapper Closed -->\n\t\t\t\t<\/a>\n\t\t\t\t\t\t\t<meta itemprop=\"width\" content=\"900\" \/>\n\t\t\t<meta itemprop=\"height\" content=\"600\" \/>\n\t\t\t\t<a\n\t\t\thref=\"https:\/\/babiedoly.com\/wp-content\/uploads\/2021\/07\/wyposazenie-domkow-letniskowych-5.jpg\"\n\t\t\t\t\t\tdata-fancybox=\"images\" \n\t\t\ttitle=\"Holiday cottage amenities babiedoly.com\" \n\t\t\t\t\t\tdata-caption=\"\"\n\t\t\t\t\t\tdata-description=\"\" \n\t\t\titemprop=\"contentUrl\">\n\t\t\t<img loading=\"lazy\" decoding=\"async\" src=\"https:\/\/babiedoly.com\/wp-content\/uploads\/2021\/07\/wyposazenie-domkow-letniskowych-5.jpg\" alt=\"Holiday cottage amenities babiedoly.com\" data-no-lazy=\"1\" itemprop=\"thumbnail\" width=\"1000\" height=\"1000\" \/>\n\t\t\t<!-- Overlay Wrapper -->\n\t\t\t <!-- Overlay Wrapper Closed -->\n\t\t\t\t<\/a>\n\t\t\t\t\t\t\t<meta itemprop=\"width\" content=\"1000\" \/>\n\t\t\t<meta itemprop=\"height\" content=\"1000\" \/>\n\t\t\t\t<a\n\t\t\thref=\"https:\/\/babiedoly.com\/wp-content\/uploads\/2021\/07\/domki-letniskowe-z-zewnatrz.jpg\"\n\t\t\t\t\t\tdata-fancybox=\"images\" \n\t\t\ttitle=\"holiday cottages from the outside babiedoly.com\" \n\t\t\t\t\t\tdata-caption=\"\"\n\t\t\t\t\t\tdata-description=\"\" \n\t\t\titemprop=\"contentUrl\">\n\t\t\t<img loading=\"lazy\" decoding=\"async\" src=\"https:\/\/babiedoly.com\/wp-content\/uploads\/2021\/07\/domki-letniskowe-z-zewnatrz.jpg\" alt=\"holiday cottages from the outside babiedoly.com\" data-no-lazy=\"1\" itemprop=\"thumbnail\" width=\"900\" height=\"600\" \/>\n\t\t\t<!-- Overlay Wrapper -->\n\t\t\t <!-- Overlay Wrapper Closed -->\n\t\t\t\t<\/a>\n\t\t\t\t\t\t\t<meta itemprop=\"width\" content=\"900\" \/>\n\t\t\t<meta itemprop=\"height\" content=\"600\" \/>\n\t\t\t\t<a\n\t\t\thref=\"https:\/\/babiedoly.com\/wp-content\/uploads\/2021\/07\/wnetrze-domku-letniskowego-Gdynia.jpg\"\n\t\t\t\t\t\tdata-fancybox=\"images\" \n\t\t\ttitle=\"interior of the holiday cottage Gdynia babiedoly.com\" \n\t\t\t\t\t\tdata-caption=\"\"\n\t\t\t\t\t\tdata-description=\"\" \n\t\t\titemprop=\"contentUrl\">\n\t\t\t<img loading=\"lazy\" decoding=\"async\" src=\"https:\/\/babiedoly.com\/wp-content\/uploads\/2021\/07\/wnetrze-domku-letniskowego-Gdynia.jpg\" alt=\"interior of the holiday cottage Gdynia babiedoly.com\" data-no-lazy=\"1\" itemprop=\"thumbnail\" width=\"900\" height=\"600\" \/>\n\t\t\t<!-- Overlay Wrapper -->\n\t\t\t <!-- Overlay Wrapper Closed -->\n\t\t\t\t<\/a>\n\t\t\t\t\t\t\t<meta itemprop=\"width\" content=\"900\" \/>\n\t\t\t<meta itemprop=\"height\" content=\"600\" \/>\n\t\t\t\t<a\n\t\t\thref=\"https:\/\/babiedoly.com\/wp-content\/uploads\/2021\/07\/okno-na-ogrod.jpg\"\n\t\t\t\t\t\tdata-fancybox=\"images\" \n\t\t\ttitle=\"okno na ogrod babiedoly.com\" \n\t\t\t\t\t\tdata-caption=\"\"\n\t\t\t\t\t\tdata-description=\"\" \n\t\t\titemprop=\"contentUrl\">\n\t\t\t<img loading=\"lazy\" decoding=\"async\" src=\"https:\/\/babiedoly.com\/wp-content\/uploads\/2021\/07\/okno-na-ogrod.jpg\" alt=\"okno na ogrod babiedoly.com\" data-no-lazy=\"1\" itemprop=\"thumbnail\" width=\"900\" height=\"600\" \/>\n\t\t\t<!-- Overlay Wrapper -->\n\t\t\t <!-- Overlay Wrapper Closed -->\n\t\t\t\t<\/a>\n\t\t\t\t\t\t\t<meta itemprop=\"width\" content=\"900\" \/>\n\t\t\t<meta itemprop=\"height\" content=\"600\" \/>\n\t\t\t\t<a\n\t\t\thref=\"https:\/\/babiedoly.com\/wp-content\/uploads\/2021\/07\/altanka-z-lezakami.jpg\"\n\t\t\t\t\t\tdata-fancybox=\"images\" \n\t\t\ttitle=\"altanka z lezakami babiedoly.com\" \n\t\t\t\t\t\tdata-caption=\"\"\n\t\t\t\t\t\tdata-description=\"\" \n\t\t\titemprop=\"contentUrl\">\n\t\t\t<img loading=\"lazy\" decoding=\"async\" src=\"https:\/\/babiedoly.com\/wp-content\/uploads\/2021\/07\/altanka-z-lezakami.jpg\" alt=\"altanka z lezakami babiedoly.com\" data-no-lazy=\"1\" itemprop=\"thumbnail\" width=\"900\" height=\"600\" \/>\n\t\t\t<!-- Overlay Wrapper -->\n\t\t\t <!-- Overlay Wrapper Closed -->\n\t\t\t\t<\/a>\n\t\t\t\t\t\t\t<meta itemprop=\"width\" content=\"900\" \/>\n\t\t\t<meta itemprop=\"height\" content=\"600\" \/>\n\t<h4>\n\t\tFeel free to contact us or make a reservation via the form\n\t<\/h4>\n\t\t\t\t\t\t\t<img decoding=\"async\" src=\"https:\/\/demo.wpbeaveraddons.com\/wp-content\/uploads\/2017\/10\/mobile-icon.png\" alt=\"\" \/>\n\t\t\t\t\t\t\t\t\t\t\t\n\t\t\t\t\t<p><a href=\"tel:0048690197987\">+48 690 197 987<\/a><br \/><a href=\"mailto:domki@2mpro.pl\">domki@2mpro.pl<\/a><br \/><a href=\"https:\/\/wa.me\/0048690197987\" target=\"_blank\" rel=\"noopener\">WhatsApp <img loading=\"lazy\" decoding=\"async\" src=\"https:\/\/babiedoly.com\/wp-content\/uploads\/2026\/03\/whatsapp.webp\" alt=\"whatsapp\" width=\"25\" height=\"29\" \/><\/a><\/p>\t\t\t\t\n\t\t\t<a href=\"https:\/\/share.google\/Ifk0boLsw69kfMzKq\" target=\"_blank\" rel=\"noopener\">\n\t\t\t\t\t\t\t<img decoding=\"async\" src=\"https:\/\/demo.wpbeaveraddons.com\/wp-content\/uploads\/2017\/10\/map-icon.png\" alt=\"\" \/>\n\t\t\t\t\t\t\t\t\t\t\t\n\t\t\t\t\t<p>Rybak\u00f3w 32D, <br \/>81-197 Gdynia, Poland<\/p>\t\t\t\t\n\t\t<\/a>\n\t\t\t<a href=\"https:\/\/www.facebook.com\/pages\/category\/Vacation-Home-Rental\/Domki-Letniskowe-Babie-Do%C5%82y-101882701579054\/\" target=\"_self\" rel=\"nofollow noopener\">\n\t\t\t\t\t\t\t\t\t\t\t\n\t\t\t\t\t<p>See our<br \/>Fanpage<\/p>\t\t\t\t\n\t\t<\/a>\n\t\u00a9 2020-2026 r. <a href=\"https:\/\/babiedoly.com\/en\/privacy-policy\/\">privacy policy<\/a><br \/>\nmade by: <a href=\"https:\/\/brandrei.com\/\" target=\"_blank\" rel=\"noopener\">Brandrei.com<\/a> &amp; <a href=\"https:\/\/finemarketing.pl\/\" target=\"_blank\" rel=\"noopener\">Fine Marketing<\/a><br \/>\nAll photos are copyrighted<br \/>\n\n<p>See also <a href=\"https:\/\/babiedoly.com\/en\/year-round-cottages-by-the-sea-in-gdynia\/\">Year-round Holiday cottages &#8211; by the sea Poland<\/a><\/p>\n\n","protected":false},"excerpt":{"rendered":"<p>Where to go for a weekend in spring &#8211; see cottages by the sea If you&#8217;re interested in a trip to the seaside, you probably enjoy the fresh sea breeze. In late winter and spring, it has a soothing quality. There are almost no tourists here at this time, so you can enjoy the view&hellip;<\/p>\n","protected":false},"author":1,"featured_media":2268,"parent":0,"menu_order":0,"comment_status":"closed","ping_status":"closed","template":"tpl-no-header-footer.php","meta":{"footnotes":""},"class_list":["post-2531","page","type-page","status-publish","has-post-thumbnail","hentry"],"_links":{"self":[{"href":"https:\/\/babiedoly.com\/en\/wp-json\/wp\/v2\/pages\/2531","targetHints":{"allow":["GET"]}}],"collection":[{"href":"https:\/\/babiedoly.com\/en\/wp-json\/wp\/v2\/pages"}],"about":[{"href":"https:\/\/babiedoly.com\/en\/wp-json\/wp\/v2\/types\/page"}],"author":[{"embeddable":true,"href":"https:\/\/babiedoly.com\/en\/wp-json\/wp\/v2\/users\/1"}],"replies":[{"embeddable":true,"href":"https:\/\/babiedoly.com\/en\/wp-json\/wp\/v2\/comments?post=2531"}],"version-history":[{"count":3,"href":"https:\/\/babiedoly.com\/en\/wp-json\/wp\/v2\/pages\/2531\/revisions"}],"predecessor-version":[{"id":3349,"href":"https:\/\/babiedoly.com\/en\/wp-json\/wp\/v2\/pages\/2531\/revisions\/3349"}],"wp:featuredmedia":[{"embeddable":true,"href":"https:\/\/babiedoly.com\/en\/wp-json\/wp\/v2\/media\/2268"}],"wp:attachment":[{"href":"https:\/\/babiedoly.com\/en\/wp-json\/wp\/v2\/media?parent=2531"}],"curies":[{"name":"wp","href":"https:\/\/api.w.org\/{rel}","templated":true}]}}