{"id":2527,"date":"2022-03-04T11:42:21","date_gmt":"2022-03-04T10:42:21","guid":{"rendered":"https:\/\/babiedoly.com\/miejsca-na-weekend-we-dwoje\/"},"modified":"2026-03-27T15:27:06","modified_gmt":"2026-03-27T14:27:06","slug":"places-to-visit-in-poland-for-a-weekend-getaway-for-two","status":"publish","type":"page","link":"https:\/\/babiedoly.com\/en\/places-to-visit-in-poland-for-a-weekend-getaway-for-two\/","title":{"rendered":"Weekend getaways for couples"},"content":{"rendered":"\n\n\t<h1>Great places to visit in Poland for a weekend getaway for two<\/h1>\n<p>Je\u015bli szukasz pomys\u0142u na na weekend we dwoje, oto kilka wspania\u0142ych miejsc w naszym kraju, kt\u00f3re warto rozwa\u017cy\u0107.<\/p>\n<p>Romantic getaways are always a great way to spend time with your loved one, and Poland is a great place to do just that! From beautiful landscapes and charming villages, to delicious food and a vibrant nightlife, Poland has something for everyone. So if you&#8217;re looking for a romantic weekend escape, be sure to check out our list of the best places to go!  <\/p>\n\t\t\t\t<a href=\"https:\/\/babiedoly.com\/wp-content\/uploads\/2022\/03\/gdansk.jpg\" target=\"_self\" itemprop=\"url\">\n\t\t\t\t<img loading=\"lazy\" decoding=\"async\" src=\"https:\/\/babiedoly.com\/wp-content\/uploads\/2022\/03\/gdansk.jpg\" alt=\"Gda\u0144sk\" itemprop=\"image\" height=\"960\" width=\"1280\" title=\"Gda\u0144sk\" onerror=\"this.style.display='none'\"  \/>\n\t\t\t\t<\/a>\n\t<h2>From Warsaw to Krakow, or even to the seaside, there are many different types of short weekend trips to choose from. <\/h2>\n<p>Whether you&#8217;re looking for something adventurous or relaxing, we have some suggestions that will meet your expectations. To get you started, here are four great cities for a full-fledged road trip. <\/p>\n<p>If you are looking for a more active trip, you may want to consider some of the following ideas:<\/p>\n<ul>\n<li>Gda\u0144sk, and the entire Tricity area, is home to some of the best beaches on the Baltic Sea. It combines the charm of a big city with its numerous attractions, the tranquility of strolls, and the charm of the sea. We&#8217;ll write more about it below.  <\/li>\n<\/ul>\n<p><em><strong>Are you looking for a secluded year-round cottage for a weekend getaway?<\/strong> <a href=\"\/\">See our wooden houses in Gdynia, Babie Do\u0142y<\/a><\/em><\/p>\n<ul>\n<li>Zakopane &#8211; a charming mountain town that is perfect for skiing in winter and hiking in summer.<\/li>\n<li>Krakow &#8211; this city is full of beautiful architecture and historical sites. Its details could take weeks to explore, especially if you&#8217;re a history buff. <\/li>\n<li>Wroc\u0142aw &#8211; this city is known for its many bridges and beautiful parks. Its cultural life is exceptionally vibrant. Almost every day of the week, you can attend an opening, an exhibition, a museum, or a concert. Weekends are especially busy, but tickets should be purchased well in advance.   <\/li>\n<\/ul>\n\t<h3><strong>Other places worth seeing:<\/strong><\/h3>\n<p>Wieliczka Salt Mine &#8211; this mine has existed since the 13th century and offers tours of the salt mine and museum;<\/p>\n<p>S\u0142owi\u0144ski National Park &#8211; with dunes, a forest untouched by human hands for over a hundred years, bird nesting sites, and numerous hiking and cycling trails. And access to the sea. <\/p>\n<p>The Polish sea is accessible at various latitudes, and it would be easy to list many attractive places. If you&#8217;ve already visited many, we encourage you to visit the beach with cliffs in the northern part of Gdynia. <\/p>\n<p>&nbsp;<\/p>\n\t\t\t\t<a href=\"https:\/\/babiedoly.com\/wp-content\/uploads\/2021\/07\/Domki-nad-morzem-plaza-Gdynia1.jpg\" target=\"_self\" itemprop=\"url\">\n\t\t\t\t<img loading=\"lazy\" decoding=\"async\" src=\"https:\/\/babiedoly.com\/wp-content\/uploads\/2021\/07\/Domki-nad-morzem-plaza-Gdynia1.jpg\" alt=\"Cottages by the sea beach Gdynia babiedoly.com\" itemprop=\"image\" height=\"933\" width=\"1400\" title=\"Cottages by the sea beach Gdynia babiedoly.com\" onerror=\"this.style.display='none'\"  \/>\n\t\t\t\t<\/a>\n\t\t\t\t<a href=\"https:\/\/babiedoly.com\/wp-content\/uploads\/2022\/03\/uliczki-Gdanska.jpg\" target=\"_self\" itemprop=\"url\">\n\t\t\t\t<img loading=\"lazy\" decoding=\"async\" src=\"https:\/\/babiedoly.com\/wp-content\/uploads\/2022\/03\/uliczki-Gdanska.jpg\" alt=\"streets of Gda\u0144sk\" itemprop=\"image\" height=\"854\" width=\"1280\" title=\"streets of Gda\u0144sk\" onerror=\"this.style.display='none'\"  \/>\n\t\t\t\t<\/a>\n\t<h2>What does Gda\u0144sk and the Tricity area have to offer for the weekend?<\/h2>\n<p>While in Gda\u0144sk, be sure to visit the Main Market Square, one of the largest and most beautiful squares in Europe. It&#8217;s a great place to browse the 16th-century townhouses and grab a bite to eat, and the surrounding area is full of charming shops and restaurants. <\/p>\n<p>If you&#8217;re looking for something more active, head to the beach! The beach stretches across the entire Tricity area, with each section offering its own unique atmosphere. Choose from:  <\/p>\n<ul>\n<li>a strip of beach in Gda\u0144sk,<\/li>\n<li>Sopot beach is particularly attractive in combination with the weekend nightlife,<\/li>\n<li>albo spokojna lecz wietrzna pla\u017ca w Gdyni,<\/li>\n<li>Sopot Beach is the largest and most popular beach in the Tricity and is definitely worth visiting,<\/li>\n<\/ul>\n<p>There are also unique beaches in the surrounding area &#8211; for example, the beach with cliffs in Babie Do\u0142y &#8211; a quiet district of Gdynia, close to nature and only a 15-minute drive from the city center.<\/p>\n<p>What else? Of course, no trip to Gda\u0144sk would be complete without a visit to the famous amber market! Recently, you can also visit the amber museum, which houses enormous specimens and exquisite handicrafts. <\/p>\n<p>&nbsp;<\/p>\n\t<h2>A more romantic side of the city &#8211; a romantic weekend for two<\/h2>\n<p>A romantic getaway for two in Gdansk has tons to do! You can explore the charming Old Town, stroll along the river, and enjoy delicious food and drinks. <\/p>\n<p>Gda\u0144sk is also home to a vibrant nightlife, so you can enjoy a night out on the town as well. So, if you&#8217;re looking for a romantic getaway within Poland, be sure to check out Gda\u0144sk! <\/p>\n<p>Sopot also has plenty of attractions. Treat yourself to a romantic getaway by heading to Monciak (Monte Cassino Street). There, you&#8217;ll experience the bustling life of this short but vibrant street. The street ends in a square overlooking the sea, and beyond it lies the famous Sopot Pier. There&#8217;s also plenty of beautiful architecture to be found here.    <\/p>\n<p>You don&#8217;t necessarily have to spend hundreds of zlotys to have a good time there. You can enjoy a romantic dinner in at least five restaurants, not to mention other sophisticated eateries with affordable prices. <\/p>\n<p>Long walks are definitely Gdynia&#8217;s domain. <strong>We recommend a walk along the seaside boulevard and returning along \u015awi\u0119toja\u0144ska Street.<\/strong><\/p>\n<p>&nbsp;<\/p>\n\t\t\t\t<a href=\"https:\/\/babiedoly.com\/wp-content\/uploads\/2022\/03\/Sopot.jpg\" target=\"_self\" itemprop=\"url\">\n\t\t\t\t<img loading=\"lazy\" decoding=\"async\" src=\"https:\/\/babiedoly.com\/wp-content\/uploads\/2022\/03\/Sopot.jpg\" alt=\"Sopot\" itemprop=\"image\" height=\"944\" width=\"1279\" title=\"Sopot\" onerror=\"this.style.display='none'\"  \/>\n\t\t\t\t<\/a>\n\t\t\t\t\t<a href=\"#\" id=\"fl-accordion--label-0\" tabindex=\"0\" aria-controls=\"fl-accordion--panel-0\">Featured Offers on Our Website<\/a>\n\t\t\t\t\t\t\t\t\t\t\t<a href=\"#\" id=\"fl-accordion--icon-0\" tabindex=\"-1\"><i>Expand<\/i><\/a>\n\t\t\t\t\t<a href=\"https:\/\/babiedoly.com\/en\/cottages-on-the-baltic-sea\/\">Cottages by the Baltic Sea<\/a><br \/>\n<a href=\"https:\/\/babiedoly.com\/en\/cottages-by-the-sea-price-list\/\">Cottages by the sea price list<\/a><br \/>\n<a href=\"https:\/\/babiedoly.com\/en\/tricity-cottages\/\">Tricity Cottages &#8211; make yourself at home<\/a><br \/>\n<a href=\"https:\/\/babiedoly.com\/en\/holiday-cottages\/\">Holiday cottages<\/a><br \/>\n<a href=\"https:\/\/babiedoly.com\/en\/holiday-cottages-gdynia\/\">Holiday cottages Gdynia Poland<\/a><br \/>\n<a href=\"https:\/\/babiedoly.com\/en\/wooden-cottages-for-families\/\">Wooden cottages for families with children for winter holidays<\/a><br \/>\n<a href=\"https:\/\/babiedoly.com\/en\/gdynia-holiday-cottages-near-the-sea-in-poland\/\">Gdynia holiday homes near the sea in Poland<\/a><br \/>\n<a href=\"https:\/\/babiedoly.com\/en\/gdynia-beach-cottages-for-rent\/\">Holiday home rentals in Gdynia by the beach<\/a><br \/>\n<a href=\"https:\/\/babiedoly.com\/en\/gdynia-accommodation\/\">Gdynia accommodation &#8211; in wooden houses near the sea Poland<\/a><br \/>\n<a href=\"https:\/\/babiedoly.com\/en\/autumn-weekend-getaway\/\">Where to go for a weekend in autumn<\/a><br \/>\n<a href=\"https:\/\/babiedoly.com\/en\/where-to-go-for-a-weekend-in-autumn-winter-poland\/\">Where to go for a weekend in autumn &#8211; winter, Poland?<\/a><br \/>\n<a href=\"https:\/\/babiedoly.com\/en\/where-to-go-for-a-weekend-in-spring\/\">Where to go for a weekend in spring &#8211; see cottages by the sea<\/a><br \/>\n<a href=\"https:\/\/babiedoly.com\/en\/where-to-go-for-the-weekend\/\">Where to go for the weekend? Or where to go for two days without worrying about anything?<\/a><br \/>\n<a href=\"https:\/\/babiedoly.com\/en\/where-to-spend-a-winter-weekend\/\">Where to spend a winter weekend<\/a><br \/>\n<a href=\"https:\/\/babiedoly.com\/en\/cheap-houses-gdynia\/\">Cheap cottages Gdynia<\/a>\n\t<h2>If you are looking for a place for a weekend for two, we invite you to our wooden year-round cottages<\/h2>\n<p>They&#8217;re heated, accessible year-round, and comfortable. The cottages are designed to sleep 4-6 people, but if you&#8217;d like to feel more relaxed, you can set up a base camp there. Check out our offer on the homepage.  <\/p>\n<p>You can also spend time there with your family. There are plenty of recreational attractions for both adults and children. <\/p>\n<p>Each cottage is fully self-contained, featuring a kitchenette and full amenities. <\/p>\n<p>&nbsp;<\/p>\n\t\t\t\t<a\n\t\t\thref=\"https:\/\/babiedoly.com\/wp-content\/uploads\/2021\/07\/domki-letniskowe-z-zewnatrz.jpg\"\n\t\t\t\t\t\tdata-fancybox=\"images\" \n\t\t\ttitle=\"holiday cottages from the outside babiedoly.com\" \n\t\t\t\t\t\tdata-caption=\"\"\n\t\t\t\t\t\tdata-description=\"\" \n\t\t\titemprop=\"contentUrl\">\n\t\t\t<img loading=\"lazy\" decoding=\"async\" src=\"https:\/\/babiedoly.com\/wp-content\/uploads\/2021\/07\/domki-letniskowe-z-zewnatrz.jpg\" alt=\"holiday cottages from the outside babiedoly.com\" data-no-lazy=\"1\" itemprop=\"thumbnail\" width=\"900\" height=\"600\" \/>\n\t\t\t<!-- Overlay Wrapper -->\n\t\t\t <!-- Overlay Wrapper Closed -->\n\t\t\t\t<\/a>\n\t\t\t\t\t\t\t<meta itemprop=\"width\" content=\"900\" \/>\n\t\t\t<meta itemprop=\"height\" content=\"600\" \/>\n\t\t\t\t<a\n\t\t\thref=\"https:\/\/babiedoly.com\/wp-content\/uploads\/2021\/07\/altanka-z-lezakami.jpg\"\n\t\t\t\t\t\tdata-fancybox=\"images\" \n\t\t\ttitle=\"altanka z lezakami babiedoly.com\" \n\t\t\t\t\t\tdata-caption=\"\"\n\t\t\t\t\t\tdata-description=\"\" \n\t\t\titemprop=\"contentUrl\">\n\t\t\t<img loading=\"lazy\" decoding=\"async\" src=\"https:\/\/babiedoly.com\/wp-content\/uploads\/2021\/07\/altanka-z-lezakami.jpg\" alt=\"altanka z lezakami babiedoly.com\" data-no-lazy=\"1\" itemprop=\"thumbnail\" width=\"900\" height=\"600\" \/>\n\t\t\t<!-- Overlay Wrapper -->\n\t\t\t <!-- Overlay Wrapper Closed -->\n\t\t\t\t<\/a>\n\t\t\t\t\t\t\t<meta itemprop=\"width\" content=\"900\" \/>\n\t\t\t<meta itemprop=\"height\" content=\"600\" \/>\n\t\t\t\t<a\n\t\t\thref=\"https:\/\/babiedoly.com\/wp-content\/uploads\/2021\/07\/okno-na-ogrod.jpg\"\n\t\t\t\t\t\tdata-fancybox=\"images\" \n\t\t\ttitle=\"okno na ogrod babiedoly.com\" \n\t\t\t\t\t\tdata-caption=\"\"\n\t\t\t\t\t\tdata-description=\"\" \n\t\t\titemprop=\"contentUrl\">\n\t\t\t<img loading=\"lazy\" decoding=\"async\" src=\"https:\/\/babiedoly.com\/wp-content\/uploads\/2021\/07\/okno-na-ogrod.jpg\" alt=\"okno na ogrod babiedoly.com\" data-no-lazy=\"1\" itemprop=\"thumbnail\" width=\"900\" height=\"600\" \/>\n\t\t\t<!-- Overlay Wrapper -->\n\t\t\t <!-- Overlay Wrapper Closed -->\n\t\t\t\t<\/a>\n\t\t\t\t\t\t\t<meta itemprop=\"width\" content=\"900\" \/>\n\t\t\t<meta itemprop=\"height\" content=\"600\" \/>\n\t\t\t\t<a\n\t\t\thref=\"https:\/\/babiedoly.com\/wp-content\/uploads\/2021\/07\/klimatyzowane-i-ogrzewane-domki-nad-morzem.jpg\"\n\t\t\t\t\t\tdata-fancybox=\"images\" \n\t\t\ttitle=\"air-conditioned and heated seaside cottages babiedoly.com\" \n\t\t\t\t\t\tdata-caption=\"\"\n\t\t\t\t\t\tdata-description=\"\" \n\t\t\titemprop=\"contentUrl\">\n\t\t\t<img loading=\"lazy\" decoding=\"async\" src=\"https:\/\/babiedoly.com\/wp-content\/uploads\/2021\/07\/klimatyzowane-i-ogrzewane-domki-nad-morzem.jpg\" alt=\"air-conditioned and heated seaside cottages babiedoly.com\" data-no-lazy=\"1\" itemprop=\"thumbnail\" width=\"900\" height=\"600\" \/>\n\t\t\t<!-- Overlay Wrapper -->\n\t\t\t <!-- Overlay Wrapper Closed -->\n\t\t\t\t<\/a>\n\t\t\t\t\t\t\t<meta itemprop=\"width\" content=\"900\" \/>\n\t\t\t<meta itemprop=\"height\" content=\"600\" \/>\n\t\t\t\t<a\n\t\t\thref=\"https:\/\/babiedoly.com\/wp-content\/uploads\/2021\/07\/wyposazenie-domkow-duze.jpg\"\n\t\t\t\t\t\tdata-fancybox=\"images\" \n\t\t\ttitle=\"cottage equipment large babiedoly.com\" \n\t\t\t\t\t\tdata-caption=\"\"\n\t\t\t\t\t\tdata-description=\"\" \n\t\t\titemprop=\"contentUrl\">\n\t\t\t<img loading=\"lazy\" decoding=\"async\" src=\"https:\/\/babiedoly.com\/wp-content\/uploads\/2021\/07\/wyposazenie-domkow-duze-683x1024.jpg\" alt=\"cottage equipment large babiedoly.com\" data-no-lazy=\"1\" itemprop=\"thumbnail\" width=\"683\" height=\"1024\" \/>\n\t\t\t<!-- Overlay Wrapper -->\n\t\t\t <!-- Overlay Wrapper Closed -->\n\t\t\t\t<\/a>\n\t\t\t\t\t\t\t<meta itemprop=\"width\" content=\"683\" \/>\n\t\t\t<meta itemprop=\"height\" content=\"1024\" \/>\n\t\t\t\t<a\n\t\t\thref=\"https:\/\/babiedoly.com\/wp-content\/uploads\/2021\/07\/wyposazenie-domku-Gdynia.jpg\"\n\t\t\t\t\t\tdata-fancybox=\"images\" \n\t\t\ttitle=\"cottage equipment Gdynia babiedoly.com\" \n\t\t\t\t\t\tdata-caption=\"\"\n\t\t\t\t\t\tdata-description=\"\" \n\t\t\titemprop=\"contentUrl\">\n\t\t\t<img loading=\"lazy\" decoding=\"async\" src=\"https:\/\/babiedoly.com\/wp-content\/uploads\/2021\/07\/wyposazenie-domku-Gdynia.jpg\" alt=\"cottage equipment Gdynia babiedoly.com\" data-no-lazy=\"1\" itemprop=\"thumbnail\" width=\"900\" height=\"600\" \/>\n\t\t\t<!-- Overlay Wrapper -->\n\t\t\t <!-- Overlay Wrapper Closed -->\n\t\t\t\t<\/a>\n\t\t\t\t\t\t\t<meta itemprop=\"width\" content=\"900\" \/>\n\t\t\t<meta itemprop=\"height\" content=\"600\" \/>\n\t\t\t\t<a\n\t\t\thref=\"https:\/\/babiedoly.com\/wp-content\/uploads\/2021\/07\/lozka-w-domkach-letniskowych.jpg\"\n\t\t\t\t\t\tdata-fancybox=\"images\" \n\t\t\ttitle=\"lozka w domkach letniskowych babiedoly.com\" \n\t\t\t\t\t\tdata-caption=\"\"\n\t\t\t\t\t\tdata-description=\"\" \n\t\t\titemprop=\"contentUrl\">\n\t\t\t<img loading=\"lazy\" decoding=\"async\" src=\"https:\/\/babiedoly.com\/wp-content\/uploads\/2021\/07\/lozka-w-domkach-letniskowych.jpg\" alt=\"lozka w domkach letniskowych babiedoly.com\" data-no-lazy=\"1\" itemprop=\"thumbnail\" width=\"900\" height=\"600\" \/>\n\t\t\t<!-- Overlay Wrapper -->\n\t\t\t <!-- Overlay Wrapper Closed -->\n\t\t\t\t<\/a>\n\t\t\t\t\t\t\t<meta itemprop=\"width\" content=\"900\" \/>\n\t\t\t<meta itemprop=\"height\" content=\"600\" \/>\n\t\t\t\t<a\n\t\t\thref=\"https:\/\/babiedoly.com\/wp-content\/uploads\/2021\/07\/plac-zabaw-dla-dzieci-z-wieza-scianka-wspinaczkowa-Gdynia-Babie-Doly-babiedoly-com-8.jpg\"\n\t\t\t\t\t\tdata-fancybox=\"images\" \n\t\t\ttitle=\"children&#039;s playground with a tower-climbing wall Gdynia Babie Do\u0142y - babiedoly.com\" \n\t\t\t\t\t\tdata-caption=\"\"\n\t\t\t\t\t\tdata-description=\"\" \n\t\t\titemprop=\"contentUrl\">\n\t\t\t<img loading=\"lazy\" decoding=\"async\" src=\"https:\/\/babiedoly.com\/wp-content\/uploads\/2021\/07\/plac-zabaw-dla-dzieci-z-wieza-scianka-wspinaczkowa-Gdynia-Babie-Doly-babiedoly-com-8-1024x682.jpg\" alt=\"children&#039;s playground with a tower-climbing wall Gdynia Babie Do\u0142y - babiedoly.com\" data-no-lazy=\"1\" itemprop=\"thumbnail\" width=\"1024\" height=\"682\" \/>\n\t\t\t<!-- Overlay Wrapper -->\n\t\t\t <!-- Overlay Wrapper Closed -->\n\t\t\t\t<\/a>\n\t\t\t\t\t\t\t<meta itemprop=\"width\" content=\"1024\" \/>\n\t\t\t<meta itemprop=\"height\" content=\"682\" \/>\n\t\t\t\t<a\n\t\t\thref=\"https:\/\/babiedoly.com\/wp-content\/uploads\/2021\/07\/rozlegla-plaza-obok-domkow-i-klify.jpg\"\n\t\t\t\t\t\tdata-fancybox=\"images\" \n\t\t\ttitle=\"rozlegla plaza obok domkow i klify babiedoly.com\" \n\t\t\t\t\t\tdata-caption=\"\"\n\t\t\t\t\t\tdata-description=\"\" \n\t\t\titemprop=\"contentUrl\">\n\t\t\t<img loading=\"lazy\" decoding=\"async\" src=\"https:\/\/babiedoly.com\/wp-content\/uploads\/2021\/07\/rozlegla-plaza-obok-domkow-i-klify.jpg\" alt=\"rozlegla plaza obok domkow i klify babiedoly.com\" data-no-lazy=\"1\" itemprop=\"thumbnail\" width=\"900\" height=\"600\" \/>\n\t\t\t<!-- Overlay Wrapper -->\n\t\t\t <!-- Overlay Wrapper Closed -->\n\t\t\t\t<\/a>\n\t\t\t\t\t\t\t<meta itemprop=\"width\" content=\"900\" \/>\n\t\t\t<meta itemprop=\"height\" content=\"600\" \/>\n\t\t\t\t<a\n\t\t\thref=\"https:\/\/babiedoly.com\/wp-content\/uploads\/2021\/07\/zapraszamy-na-domki-letniskowe-Gdynia.jpg\"\n\t\t\t\t\t\tdata-fancybox=\"images\" \n\t\t\ttitle=\"zapraszamy na domki letniskowe Gdynia babiedoly.com\" \n\t\t\t\t\t\tdata-caption=\"\"\n\t\t\t\t\t\tdata-description=\"\" \n\t\t\titemprop=\"contentUrl\">\n\t\t\t<img loading=\"lazy\" decoding=\"async\" src=\"https:\/\/babiedoly.com\/wp-content\/uploads\/2021\/07\/zapraszamy-na-domki-letniskowe-Gdynia.jpg\" alt=\"zapraszamy na domki letniskowe Gdynia babiedoly.com\" data-no-lazy=\"1\" itemprop=\"thumbnail\" width=\"900\" height=\"600\" \/>\n\t\t\t<!-- Overlay Wrapper -->\n\t\t\t <!-- Overlay Wrapper Closed -->\n\t\t\t\t<\/a>\n\t\t\t\t\t\t\t<meta itemprop=\"width\" content=\"900\" \/>\n\t\t\t<meta itemprop=\"height\" content=\"600\" \/>\n\t\t\t\t<a\n\t\t\thref=\"https:\/\/babiedoly.com\/wp-content\/uploads\/2021\/07\/wnetrze-domku-letniskowego-dla-4-6-8-osob-Gdynia-Babie-Doly-babiedoly-com-9.jpg\"\n\t\t\t\t\t\tdata-fancybox=\"images\" \n\t\t\ttitle=\"interior of a holiday home for 4 - 6 - 8 people Gdynia Babie Do\u0142y babiedoly.com\" \n\t\t\t\t\t\tdata-caption=\"\"\n\t\t\t\t\t\tdata-description=\"\" \n\t\t\titemprop=\"contentUrl\">\n\t\t\t<img loading=\"lazy\" decoding=\"async\" src=\"https:\/\/babiedoly.com\/wp-content\/uploads\/2021\/07\/wnetrze-domku-letniskowego-dla-4-6-8-osob-Gdynia-Babie-Doly-babiedoly-com-9-1024x682.jpg\" alt=\"interior of a holiday home for 4 - 6 - 8 people Gdynia Babie Do\u0142y babiedoly.com\" data-no-lazy=\"1\" itemprop=\"thumbnail\" width=\"1024\" height=\"682\" \/>\n\t\t\t<!-- Overlay Wrapper -->\n\t\t\t <!-- Overlay Wrapper Closed -->\n\t\t\t\t<\/a>\n\t\t\t\t\t\t\t<meta itemprop=\"width\" content=\"1024\" \/>\n\t\t\t<meta itemprop=\"height\" content=\"682\" \/>\n\t<h4>\n\t\tFeel free to contact us or make a reservation via the form\n\t<\/h4>\n\t\t\t\t\t\t\t<img decoding=\"async\" src=\"https:\/\/demo.wpbeaveraddons.com\/wp-content\/uploads\/2017\/10\/mobile-icon.png\" alt=\"\" \/>\n\t\t\t\t\t\t\t\t\t\t\t\n\t\t\t\t\t<p><a href=\"tel:0048690197987\">+48 690 197 987<\/a><br \/><a href=\"mailto:domki@2mpro.pl\">domki@2mpro.pl<\/a><br \/><a href=\"https:\/\/wa.me\/0048690197987\" target=\"_blank\" rel=\"noopener\">WhatsApp <img loading=\"lazy\" decoding=\"async\" src=\"https:\/\/babiedoly.com\/wp-content\/uploads\/2026\/03\/whatsapp.webp\" alt=\"whatsapp\" width=\"25\" height=\"29\" \/><\/a><\/p>\t\t\t\t\n\t\t\t<a href=\"https:\/\/share.google\/Ifk0boLsw69kfMzKq\" target=\"_blank\" rel=\"noopener\">\n\t\t\t\t\t\t\t<img decoding=\"async\" src=\"https:\/\/demo.wpbeaveraddons.com\/wp-content\/uploads\/2017\/10\/map-icon.png\" alt=\"\" \/>\n\t\t\t\t\t\t\t\t\t\t\t\n\t\t\t\t\t<p>Rybak\u00f3w 32D, <br \/>81-197 Gdynia, Poland<\/p>\t\t\t\t\n\t\t<\/a>\n\t\t\t<a href=\"https:\/\/www.facebook.com\/pages\/category\/Vacation-Home-Rental\/Domki-Letniskowe-Babie-Do%C5%82y-101882701579054\/\" target=\"_self\" rel=\"nofollow noopener\">\n\t\t\t\t\t\t\t\t\t\t\t\n\t\t\t\t\t<p>See our<br \/>Fanpage<\/p>\t\t\t\t\n\t\t<\/a>\n\t\u00a9 2020-2026 r. <a href=\"https:\/\/babiedoly.com\/en\/privacy-policy\/\">privacy policy<\/a><br \/>\nmade by: <a href=\"https:\/\/brandrei.com\/\" target=\"_blank\" rel=\"noopener\">Brandrei.com<\/a> &amp; <a href=\"https:\/\/finemarketing.pl\/\" target=\"_blank\" rel=\"noopener\">Fine Marketing<\/a><br \/>\nAll photos are copyrighted<br \/>\n\n<p>See also <a href=\"https:\/\/babiedoly.com\/en\/year-round-cottages-by-the-sea-in-gdynia\/\">Year-round Holiday cottages &#8211; by the sea Poland<\/a><\/p>\n\n","protected":false},"excerpt":{"rendered":"<p>Great places to visit in Poland for a weekend getaway for two Je\u015bli szukasz pomys\u0142u na na weekend we dwoje, oto kilka wspania\u0142ych miejsc w naszym kraju, kt\u00f3re warto rozwa\u017cy\u0107. Romantic getaways are always a great way to spend time with your loved one, and Poland is a great place to do just that! From&hellip;<\/p>\n","protected":false},"author":1,"featured_media":2268,"parent":0,"menu_order":0,"comment_status":"closed","ping_status":"closed","template":"tpl-no-header-footer.php","meta":{"footnotes":""},"class_list":["post-2527","page","type-page","status-publish","has-post-thumbnail","hentry"],"_links":{"self":[{"href":"https:\/\/babiedoly.com\/en\/wp-json\/wp\/v2\/pages\/2527","targetHints":{"allow":["GET"]}}],"collection":[{"href":"https:\/\/babiedoly.com\/en\/wp-json\/wp\/v2\/pages"}],"about":[{"href":"https:\/\/babiedoly.com\/en\/wp-json\/wp\/v2\/types\/page"}],"author":[{"embeddable":true,"href":"https:\/\/babiedoly.com\/en\/wp-json\/wp\/v2\/users\/1"}],"replies":[{"embeddable":true,"href":"https:\/\/babiedoly.com\/en\/wp-json\/wp\/v2\/comments?post=2527"}],"version-history":[{"count":3,"href":"https:\/\/babiedoly.com\/en\/wp-json\/wp\/v2\/pages\/2527\/revisions"}],"predecessor-version":[{"id":3341,"href":"https:\/\/babiedoly.com\/en\/wp-json\/wp\/v2\/pages\/2527\/revisions\/3341"}],"wp:featuredmedia":[{"embeddable":true,"href":"https:\/\/babiedoly.com\/en\/wp-json\/wp\/v2\/media\/2268"}],"wp:attachment":[{"href":"https:\/\/babiedoly.com\/en\/wp-json\/wp\/v2\/media?parent=2527"}],"curies":[{"name":"wp","href":"https:\/\/api.w.org\/{rel}","templated":true}]}}