{"id":2510,"date":"2022-04-04T11:59:20","date_gmt":"2022-04-04T09:59:20","guid":{"rendered":"https:\/\/babiedoly.com\/gdzie-na-weekend-zima\/"},"modified":"2026-03-27T15:31:47","modified_gmt":"2026-03-27T14:31:47","slug":"where-to-spend-a-winter-weekend","status":"publish","type":"page","link":"https:\/\/babiedoly.com\/en\/where-to-spend-a-winter-weekend\/","title":{"rendered":"Where to spend a weekend in winter"},"content":{"rendered":"\n\n\t<h1>Where to spend a weekend in winter<\/h1>\n<p>We offer stays in heated summer cottages where you can comfortably spend a winter weekend.<\/p>\n<p>Our cottages are located in a quiet district of Gdynia &#8211; Babie Do\u0142y.<\/p>\n<p>The sea entrance is just 150 meters away. From there, you can see majestic cliffs and an old torpedo station.<\/p>\n<p>You can find the available dates for our cottages in the <strong><a href=\"https:\/\/babiedoly.com\/en\/reservations\/\">BOOKING<\/a><\/strong> section.<\/p>\n\t\t\t\t<a href=\"https:\/\/babiedoly.com\/wp-content\/uploads\/2021\/07\/teren-domkow-calorocznych-Gdynia-Babie-Doly-babiedoly-com-5.jpg\" target=\"_self\" itemprop=\"url\">\n\t\t\t\t<img loading=\"lazy\" decoding=\"async\" src=\"https:\/\/babiedoly.com\/wp-content\/uploads\/2021\/07\/teren-domkow-calorocznych-Gdynia-Babie-Doly-babiedoly-com-5.jpg\" alt=\"grounds of year-round cottages Gdynia Babie Do\u0142y - babiedoly.com\" itemprop=\"image\" height=\"933\" width=\"1400\" title=\"grounds of year-round cottages Gdynia Babie Do\u0142y - babiedoly.com\" onerror=\"this.style.display='none'\"  \/>\n\t\t\t\t<\/a>\n\t<h3>About the houses<\/h3>\n<p>These cottages sleep 4-6 people. They are new, built in 2020. Inside each cottage you&#8217;ll find a bathroom, two bedrooms, and a living room with a kitchenette. <\/p>\n<p>The cottages are fully equipped, from kitchen supplies and towels and fresh linens to Wi-Fi and TV access. Cozy rooms allow you to spend your free time away from the worries of the gloomy winter weather. <\/p>\n<p>The house also has a large table where you can play board games.<\/p>\n<p>Mild winters are perfect for enjoying a campfire &#8211; we have a shelter ready for you. If you&#8217;re planning a bonfire, please contact us in advance &#8211; we&#8217;ll have a supply of wood ready. <\/p>\n<p>Our cottages are warm and well-insulated. If we have a break in the flow of guests, we preheat them before your arrival (we have family members who suffer from cold weather and know how uncomfortable it is to find yourself in a cold room &#8211; brr!) <\/p>\n<p>&nbsp;<\/p>\n<p>&nbsp;<\/p>\n\t\t\t\t<a\n\t\t\thref=\"https:\/\/babiedoly.com\/wp-content\/uploads\/2021\/07\/duzy-domek-letniskowy-dla-8-osob.jpg\"\n\t\t\t\t\t\tdata-fancybox=\"images\" \n\t\t\ttitle=\"duzy domek letniskowy dla 8 osob babiedoly.com\" \n\t\t\t\t\t\tdata-caption=\"\"\n\t\t\t\t\t\tdata-description=\"\" \n\t\t\titemprop=\"contentUrl\">\n\t\t\t<img loading=\"lazy\" decoding=\"async\" src=\"https:\/\/babiedoly.com\/wp-content\/uploads\/2021\/07\/duzy-domek-letniskowy-dla-8-osob.jpg\" alt=\"duzy domek letniskowy dla 8 osob babiedoly.com\" data-no-lazy=\"1\" itemprop=\"thumbnail\" width=\"900\" height=\"600\" \/>\n\t\t\t<!-- Overlay Wrapper -->\n\t\t\t <!-- Overlay Wrapper Closed -->\n\t\t\t\t<\/a>\n\t\t\t\t\t\t\t<meta itemprop=\"width\" content=\"900\" \/>\n\t\t\t<meta itemprop=\"height\" content=\"600\" \/>\n\t\t\t\t<a\n\t\t\thref=\"https:\/\/babiedoly.com\/wp-content\/uploads\/2021\/07\/salon-duzego-domku.jpg\"\n\t\t\t\t\t\tdata-fancybox=\"images\" \n\t\t\ttitle=\"living room of the large cottage babiedoly.com\" \n\t\t\t\t\t\tdata-caption=\"\"\n\t\t\t\t\t\tdata-description=\"\" \n\t\t\titemprop=\"contentUrl\">\n\t\t\t<img loading=\"lazy\" decoding=\"async\" src=\"https:\/\/babiedoly.com\/wp-content\/uploads\/2021\/07\/salon-duzego-domku.jpg\" alt=\"living room of the large cottage babiedoly.com\" data-no-lazy=\"1\" itemprop=\"thumbnail\" width=\"900\" height=\"600\" \/>\n\t\t\t<!-- Overlay Wrapper -->\n\t\t\t <!-- Overlay Wrapper Closed -->\n\t\t\t\t<\/a>\n\t\t\t\t\t\t\t<meta itemprop=\"width\" content=\"900\" \/>\n\t\t\t<meta itemprop=\"height\" content=\"600\" \/>\n\t\t\t\t<a\n\t\t\thref=\"https:\/\/babiedoly.com\/wp-content\/uploads\/2021\/07\/wyposazenie-domkow-letniskowych-5.jpg\"\n\t\t\t\t\t\tdata-fancybox=\"images\" \n\t\t\ttitle=\"Holiday cottage amenities babiedoly.com\" \n\t\t\t\t\t\tdata-caption=\"\"\n\t\t\t\t\t\tdata-description=\"\" \n\t\t\titemprop=\"contentUrl\">\n\t\t\t<img loading=\"lazy\" decoding=\"async\" src=\"https:\/\/babiedoly.com\/wp-content\/uploads\/2021\/07\/wyposazenie-domkow-letniskowych-5.jpg\" alt=\"Holiday cottage amenities babiedoly.com\" data-no-lazy=\"1\" itemprop=\"thumbnail\" width=\"1000\" height=\"1000\" \/>\n\t\t\t<!-- Overlay Wrapper -->\n\t\t\t <!-- Overlay Wrapper Closed -->\n\t\t\t\t<\/a>\n\t\t\t\t\t\t\t<meta itemprop=\"width\" content=\"1000\" \/>\n\t\t\t<meta itemprop=\"height\" content=\"1000\" \/>\n\t\t\t\t<a\n\t\t\thref=\"https:\/\/babiedoly.com\/wp-content\/uploads\/2021\/07\/domki-letniskowe-z-zewnatrz.jpg\"\n\t\t\t\t\t\tdata-fancybox=\"images\" \n\t\t\ttitle=\"holiday cottages from the outside babiedoly.com\" \n\t\t\t\t\t\tdata-caption=\"\"\n\t\t\t\t\t\tdata-description=\"\" \n\t\t\titemprop=\"contentUrl\">\n\t\t\t<img loading=\"lazy\" decoding=\"async\" src=\"https:\/\/babiedoly.com\/wp-content\/uploads\/2021\/07\/domki-letniskowe-z-zewnatrz.jpg\" alt=\"holiday cottages from the outside babiedoly.com\" data-no-lazy=\"1\" itemprop=\"thumbnail\" width=\"900\" height=\"600\" \/>\n\t\t\t<!-- Overlay Wrapper -->\n\t\t\t <!-- Overlay Wrapper Closed -->\n\t\t\t\t<\/a>\n\t\t\t\t\t\t\t<meta itemprop=\"width\" content=\"900\" \/>\n\t\t\t<meta itemprop=\"height\" content=\"600\" \/>\n\t\t\t\t<a\n\t\t\thref=\"https:\/\/babiedoly.com\/wp-content\/uploads\/2021\/07\/wnetrze-domku-letniskowego-Gdynia.jpg\"\n\t\t\t\t\t\tdata-fancybox=\"images\" \n\t\t\ttitle=\"interior of the holiday cottage Gdynia babiedoly.com\" \n\t\t\t\t\t\tdata-caption=\"\"\n\t\t\t\t\t\tdata-description=\"\" \n\t\t\titemprop=\"contentUrl\">\n\t\t\t<img loading=\"lazy\" decoding=\"async\" src=\"https:\/\/babiedoly.com\/wp-content\/uploads\/2021\/07\/wnetrze-domku-letniskowego-Gdynia.jpg\" alt=\"interior of the holiday cottage Gdynia babiedoly.com\" data-no-lazy=\"1\" itemprop=\"thumbnail\" width=\"900\" height=\"600\" \/>\n\t\t\t<!-- Overlay Wrapper -->\n\t\t\t <!-- Overlay Wrapper Closed -->\n\t\t\t\t<\/a>\n\t\t\t\t\t\t\t<meta itemprop=\"width\" content=\"900\" \/>\n\t\t\t<meta itemprop=\"height\" content=\"600\" \/>\n\t\t\t\t<a\n\t\t\thref=\"https:\/\/babiedoly.com\/wp-content\/uploads\/2021\/07\/okno-na-ogrod.jpg\"\n\t\t\t\t\t\tdata-fancybox=\"images\" \n\t\t\ttitle=\"okno na ogrod babiedoly.com\" \n\t\t\t\t\t\tdata-caption=\"\"\n\t\t\t\t\t\tdata-description=\"\" \n\t\t\titemprop=\"contentUrl\">\n\t\t\t<img loading=\"lazy\" decoding=\"async\" src=\"https:\/\/babiedoly.com\/wp-content\/uploads\/2021\/07\/okno-na-ogrod.jpg\" alt=\"okno na ogrod babiedoly.com\" data-no-lazy=\"1\" itemprop=\"thumbnail\" width=\"900\" height=\"600\" \/>\n\t\t\t<!-- Overlay Wrapper -->\n\t\t\t <!-- Overlay Wrapper Closed -->\n\t\t\t\t<\/a>\n\t\t\t\t\t\t\t<meta itemprop=\"width\" content=\"900\" \/>\n\t\t\t<meta itemprop=\"height\" content=\"600\" \/>\n\t\t\t\t<a\n\t\t\thref=\"https:\/\/babiedoly.com\/wp-content\/uploads\/2021\/07\/altanka-z-lezakami.jpg\"\n\t\t\t\t\t\tdata-fancybox=\"images\" \n\t\t\ttitle=\"altanka z lezakami babiedoly.com\" \n\t\t\t\t\t\tdata-caption=\"\"\n\t\t\t\t\t\tdata-description=\"\" \n\t\t\titemprop=\"contentUrl\">\n\t\t\t<img loading=\"lazy\" decoding=\"async\" src=\"https:\/\/babiedoly.com\/wp-content\/uploads\/2021\/07\/altanka-z-lezakami.jpg\" alt=\"altanka z lezakami babiedoly.com\" data-no-lazy=\"1\" itemprop=\"thumbnail\" width=\"900\" height=\"600\" \/>\n\t\t\t<!-- Overlay Wrapper -->\n\t\t\t <!-- Overlay Wrapper Closed -->\n\t\t\t\t<\/a>\n\t\t\t\t\t\t\t<meta itemprop=\"width\" content=\"900\" \/>\n\t\t\t<meta itemprop=\"height\" content=\"600\" \/>\n\t<h2>Location<\/h2>\n<p>The cottages are located in Babie Do\u0142y, a quiet district of Gdynia. An ideal place for leisurely walks in the lap of nature. <\/p>\n<p>There&#8217;s also plenty of supplies and urban charm. Gdynia city center is 8 kilometers away-about a 12-minute drive. Sopot is less than half an hour away, and Gda\u0144sk is a little further. We recommend visiting all three city centers-they&#8217;re very charming in winter, when fewer tourists arrive and the town atmosphere is more immersive. Traffic increases around Christmas and New Year&#8217;s Eve, when stalls and Christmas markets appear on the streets.     <\/p>\n\t\t\t\t<a href=\"https:\/\/babiedoly.com\/wp-content\/uploads\/2021\/07\/Domki-nad-morzem-plaza-Gdynia1.jpg\" target=\"_self\" itemprop=\"url\">\n\t\t\t\t<img loading=\"lazy\" decoding=\"async\" src=\"https:\/\/babiedoly.com\/wp-content\/uploads\/2021\/07\/Domki-nad-morzem-plaza-Gdynia1.jpg\" alt=\"Cottages by the sea beach Gdynia babiedoly.com\" itemprop=\"image\" height=\"933\" width=\"1400\" title=\"Cottages by the sea beach Gdynia babiedoly.com\" onerror=\"this.style.display='none'\"  \/>\n\t\t\t\t<\/a>\n<h4>\n\t\tFeel free to contact us or make a reservation via the form\n\t<\/h4>\n\t\t\t\t<a href=\"https:\/\/babiedoly.com\/wp-content\/uploads\/2021\/07\/jasne-przytulne-pokoje-w-domkach-letniskowych.jpg\" target=\"_self\" itemprop=\"url\">\n\t\t\t\t<img loading=\"lazy\" decoding=\"async\" src=\"https:\/\/babiedoly.com\/wp-content\/uploads\/2021\/07\/jasne-przytulne-pokoje-w-domkach-letniskowych.jpg\" alt=\"bright, cozy rooms in holiday cottages babiedoly.com\" itemprop=\"image\" height=\"600\" width=\"900\" title=\"bright, cozy rooms in holiday cottages babiedoly.com\" onerror=\"this.style.display='none'\"  \/>\n\t\t\t\t<\/a>\n\t<h3>Book an appointment<\/h3>\n<p>Simple booking system &#8211; select the date of your stay that suits you and make a reservation.<\/p>\n<p>You can always call us and ask for details.<\/p>\n<p>We recommend booking your stay at least 3 months in advance &#8211; available places fill up quickly.<\/p>\n\t<h2>What is worth doing in winter in Tricity and its surroundings?<\/h2>\n<p>Gda\u0144sk and the entire Tricity are a large metropolitan area, so winter is a great time for tourists. This also means numerous attractions are prepared for them: <\/p>\n<ul>\n<li>cruise ship<\/li>\n<li>guided city tour<\/li>\n<li>visiting restaurants with local cuisine<\/li>\n<li>Souvenir shops are also always open<\/li>\n<li>open ice rinks!<\/li>\n<\/ul>\n\t\t\t\t<a href=\"https:\/\/babiedoly.com\/wp-content\/uploads\/2022\/02\/Rajska-plaza-nad-Baltykiem-odwiedz-BabieDoly-com.jpg\" target=\"_self\" itemprop=\"url\">\n\t\t\t\t<img loading=\"lazy\" decoding=\"async\" src=\"https:\/\/babiedoly.com\/wp-content\/uploads\/2022\/02\/Rajska-plaza-nad-Baltykiem-odwiedz-BabieDoly-com.jpg\" alt=\"Paradise beach on the Baltic Sea - visit our cottages\" itemprop=\"image\" height=\"933\" width=\"1400\" title=\"Paradise beach on the Baltic Sea - visit - babiedoly.com\" onerror=\"this.style.display='none'\"  \/>\n\t\t\t\t<\/a>\n\t\t\t\t<a href=\"https:\/\/babiedoly.com\/wp-content\/uploads\/2021\/07\/wyposazenie-domkow-letniskowych-5.jpg\" target=\"_self\" itemprop=\"url\">\n\t\t\t\t<img loading=\"lazy\" decoding=\"async\" src=\"https:\/\/babiedoly.com\/wp-content\/uploads\/2021\/07\/wyposazenie-domkow-letniskowych-5.jpg\" alt=\"Holiday cottage amenities babiedoly.com\" itemprop=\"image\" height=\"1000\" width=\"1000\" title=\"Holiday cottage amenities babiedoly.com\" onerror=\"this.style.display='none'\"  \/>\n\t\t\t\t<\/a>\n\t\t\t\t\t<a href=\"#\" id=\"fl-accordion--label-0\" tabindex=\"0\" aria-controls=\"fl-accordion--panel-0\">Featured Offers on Our Website<\/a>\n\t\t\t\t\t\t\t\t\t\t\t<a href=\"#\" id=\"fl-accordion--icon-0\" tabindex=\"-1\"><i>Expand<\/i><\/a>\n\t\t\t\t\t<a href=\"https:\/\/babiedoly.com\/en\/cheap-houses-gdynia\/\">Cheap cottages Gdynia<\/a><br \/>\n<a href=\"https:\/\/babiedoly.com\/en\/cheap-houses-by-the-sea-gdynia\/\">Cheap cottages by the sea Gdynia, Babie Do\u0142y<\/a><br \/>\n<a href=\"https:\/\/babiedoly.com\/en\/torpedo-station\/\">Torpedo station Gdynia &#8211; Babie Do\u0142y<\/a><br \/>\n<a href=\"https:\/\/babiedoly.com\/en\/holidays-by-the-polish-sea\/\">Holidays by the Polish sea<\/a><br \/>\n<a href=\"https:\/\/babiedoly.com\/en\/seaside-holidays-looking-for-a-way-to-relax\/\">Seaside holidays &#8211; check out our cottages<\/a><br \/>\n<a href=\"https:\/\/babiedoly.com\/en\/available-cottages-by-the-sea\/\">Available cottages by the sea<\/a><br \/>\n<a href=\"https:\/\/babiedoly.com\/en\/weekend-by-the-sea-poland\/\">A weekend by the sea<\/a><br \/>\n<a href=\"https:\/\/babiedoly.com\/en\/weekend-getaway-with-a-child\/\">Weekend trip with a child in Poland<\/a><br \/>\n<a href=\"https:\/\/babiedoly.com\/en\/photos\/\">Photos<\/a><br \/>\n<a href=\"https:\/\/babiedoly.com\/en\/year-round-seaside-accommodation-poland\/\">Year-Round Seaside Accommodation &#8211; Poland<\/a><br \/>\n<a href=\"https:\/\/babiedoly.com\/en\/seaside-cottage-rental\/\">Seaside cottage rental<\/a><br \/>\n<a href=\"https:\/\/babiedoly.com\/en\/tricity-cottages\/\">Tricity Cottages &#8211; make yourself at home<\/a><br \/>\n<a href=\"https:\/\/babiedoly.com\/en\/gdynia-accommodation\/\">Gdynia accommodation &#8211; in wooden houses near the sea Poland<\/a><br \/>\n<a href=\"https:\/\/babiedoly.com\/en\/autumn-weekend-getaway\/\">Where to go for a weekend in autumn<\/a><br \/>\n<a href=\"https:\/\/babiedoly.com\/en\/wooden-cottages-for-families\/\">Wooden cottages for families with children for winter holidays<\/a>\n\t<h3>This is just the tip of the iceberg &#8211; there are also numerous attractions available for residents:<\/h3>\n<p>We recommend:<\/p>\n<ul>\n<li>Visit museums: especially the amber museum in the center of Gda\u0144sk, the World War II museum, the Solidarity museum, the national museum<\/li>\n<li>Places worth visiting include: the Gdynia Aquarium, the Gdynia museum ships and the Gdynia Naval Museum, the Experyment Science Centre in Gdynia, and Monte Cassino Street in Sopot.<\/li>\n<li>Familiarize yourself with the repertoire of local theaters, or the Gdynia Musical Theatre. Unfortunately, the latter requires reservations many months in advance.<\/li>\n<\/ul>\n<p>Sopot and Gdynia are very peaceful places. Free from crowds, they offer a fresh sea breeze and plenty of greenery. Even in winter, you can feel the peace, especially when the cities aren&#8217;t flooded with tourists.<\/p>\n<p>In Gda\u0144sk, we recommend starting your sightseeing tour in the Old Town. Beautiful D\u0142uga Street ends at the Mot\u0142awa River. It&#8217;s worth strolling along it, then turning into one of the side streets to admire the historic townhouses, year-round amber shops, and other attractions.<\/p>\n<p>Gda\u0144sk is also a destination for lovers of sacred art. Gothic architecture dominates, and a visit to St. Mary&#8217;s Church is a must. The view from the tower is breathtaking.<\/p>\n<p><a href=\"https:\/\/babiedoly.com\/en\/wooden-cottages-for-families\/\"><em>Wooden cottages for families with children<\/em><\/a><\/p>\n\t<h2>It is also a good place for winter holidays &#8211; we have a large playground (spring photos)<\/h2>\n<p>The large playground allows children to spend plenty of time outdoors. While some activities are difficult in winter, they can still enjoy those that remain in use. <\/p>\n<ul>\n<li>On our large plot you can build more than one snowman whenever the snow falls.<\/li>\n<li>There are also goals, hurdles and a tunnel with a climbing wall.<\/li>\n<li>The full playground equipment is presented in the photos (summer version).<\/li>\n<\/ul>\n\t\t\t\t<a href=\"https:\/\/babiedoly.com\/wp-content\/uploads\/2021\/07\/teren-do-zabawy-dla-dzieci-Gdynia-babie-doly.jpg\" target=\"_self\" itemprop=\"url\">\n\t\t\t\t<img loading=\"lazy\" decoding=\"async\" src=\"https:\/\/babiedoly.com\/wp-content\/uploads\/2021\/07\/teren-do-zabawy-dla-dzieci-Gdynia-babie-doly.jpg\" alt=\"children&#039;s play area Gdynia Babie Do\u0142y babiedoly.com\" itemprop=\"image\" height=\"720\" width=\"900\" title=\"children&#039;s play area Gdynia Babie Do\u0142y babiedoly.com\" onerror=\"this.style.display='none'\"  \/>\n\t\t\t\t<\/a>\n\t<p><strong>A short summary<\/strong><\/p>\n<p>A winter getaway will surely fill you with positive energy as you explore the most beautiful places in Tricity and the surrounding area. You won&#8217;t see much on a weekend, but you&#8217;ll certainly be able to take a few walks and maybe even visit Gdynia.<\/p>\n<p>Our cottages are new, warm, and comfortable. We offer numerous amenities so you don&#8217;t have to bring unnecessary plates and bowls \ud83d\ude42<\/p>\n<p>Please contact us, and we&#8217;ll answer any questions you may have.<\/p>\n\t\t\t\t\t\t\t<img decoding=\"async\" src=\"https:\/\/demo.wpbeaveraddons.com\/wp-content\/uploads\/2017\/10\/mobile-icon.png\" alt=\"\" \/>\n\t\t\t\t\t\t\t\t\t\t\t\n\t\t\t\t\t<p><a href=\"tel:0048690197987\">+48 690 197 987<\/a><br \/><a href=\"mailto:domki@2mpro.pl\">domki@2mpro.pl<\/a><br \/><a href=\"https:\/\/wa.me\/0048690197987\" target=\"_blank\" rel=\"noopener\">WhatsApp <img loading=\"lazy\" decoding=\"async\" src=\"https:\/\/babiedoly.com\/wp-content\/uploads\/2026\/03\/whatsapp.webp\" alt=\"whatsapp\" width=\"25\" height=\"29\" \/><\/a><\/p>\t\t\t\t\n\t\t\t<a href=\"https:\/\/share.google\/Ifk0boLsw69kfMzKq\" target=\"_blank\" rel=\"noopener\">\n\t\t\t\t\t\t\t<img decoding=\"async\" src=\"https:\/\/demo.wpbeaveraddons.com\/wp-content\/uploads\/2017\/10\/map-icon.png\" alt=\"\" \/>\n\t\t\t\t\t\t\t\t\t\t\t\n\t\t\t\t\t<p>Rybak\u00f3w 32D, <br \/>81-197 Gdynia, Poland<\/p>\t\t\t\t\n\t\t<\/a>\n\t\t\t<a href=\"https:\/\/www.facebook.com\/pages\/category\/Vacation-Home-Rental\/Domki-Letniskowe-Babie-Do%C5%82y-101882701579054\/\" target=\"_self\" rel=\"nofollow noopener\">\n\t\t\t\t\t\t\t\t\t\t\t\n\t\t\t\t\t<p>See our<br \/>Fanpage<\/p>\t\t\t\t\n\t\t<\/a>\n\t\u00a9 2020-2026 r. <a href=\"https:\/\/babiedoly.com\/en\/privacy-policy\/\">privacy policy<\/a><br \/>\nmade by: <a href=\"https:\/\/brandrei.com\/\" target=\"_blank\" rel=\"noopener\">Brandrei.com<\/a> &amp; <a href=\"https:\/\/finemarketing.pl\/\" target=\"_blank\" rel=\"noopener\">Fine Marketing<\/a><br \/>\nAll photos are copyrighted<br \/>\n\n<p>See also <a href=\"https:\/\/babiedoly.com\/en\/year-round-cottages-by-the-sea-in-gdynia\/\">Year-round Holiday cottages &#8211; by the sea Poland<\/a><\/p>\n\n","protected":false},"excerpt":{"rendered":"<p>Where to spend a weekend in winter We offer stays in heated summer cottages where you can comfortably spend a winter weekend. Our cottages are located in a quiet district of Gdynia &#8211; Babie Do\u0142y. The sea entrance is just 150 meters away. From there, you can see majestic cliffs and an old torpedo station.&hellip;<\/p>\n","protected":false},"author":1,"featured_media":2268,"parent":0,"menu_order":0,"comment_status":"closed","ping_status":"closed","template":"tpl-no-header-footer.php","meta":{"footnotes":""},"class_list":["post-2510","page","type-page","status-publish","has-post-thumbnail","hentry"],"_links":{"self":[{"href":"https:\/\/babiedoly.com\/en\/wp-json\/wp\/v2\/pages\/2510","targetHints":{"allow":["GET"]}}],"collection":[{"href":"https:\/\/babiedoly.com\/en\/wp-json\/wp\/v2\/pages"}],"about":[{"href":"https:\/\/babiedoly.com\/en\/wp-json\/wp\/v2\/types\/page"}],"author":[{"embeddable":true,"href":"https:\/\/babiedoly.com\/en\/wp-json\/wp\/v2\/users\/1"}],"replies":[{"embeddable":true,"href":"https:\/\/babiedoly.com\/en\/wp-json\/wp\/v2\/comments?post=2510"}],"version-history":[{"count":4,"href":"https:\/\/babiedoly.com\/en\/wp-json\/wp\/v2\/pages\/2510\/revisions"}],"predecessor-version":[{"id":3346,"href":"https:\/\/babiedoly.com\/en\/wp-json\/wp\/v2\/pages\/2510\/revisions\/3346"}],"wp:featuredmedia":[{"embeddable":true,"href":"https:\/\/babiedoly.com\/en\/wp-json\/wp\/v2\/media\/2268"}],"wp:attachment":[{"href":"https:\/\/babiedoly.com\/en\/wp-json\/wp\/v2\/media?parent=2510"}],"curies":[{"name":"wp","href":"https:\/\/api.w.org\/{rel}","templated":true}]}}