{"id":2321,"date":"2020-06-16T20:02:52","date_gmt":"2020-06-16T18:02:52","guid":{"rendered":"https:\/\/babiedoly.com\/contact\/"},"modified":"2026-03-27T15:33:34","modified_gmt":"2026-03-27T14:33:34","slug":"contact","status":"publish","type":"page","link":"https:\/\/babiedoly.com\/en\/contact\/","title":{"rendered":"Contact"},"content":{"rendered":"\n\n\t<h1>Contact<\/h1>\n\t<p><strong>Feel free to ask questions about your stay in our cottages. <\/strong><\/p>\n<p>Phone: <a href=\"tel:0048690197987\">+48 690 197 987<\/a><\/p>\n<p>Email: <a href=\"mailto:domki@2mpro.pl\">domki@2mpro.pl<\/a><\/p>\n<p>Please contact us by phone between 8 AM and 7 PM, and on Saturdays and Sundays between 8-17<\/p>\n<p>If we are unable to answer the phone, please be patient, we will call you back.<\/p>\n<p>We try to respond to emails within a few hours.<\/p>\n<p><strong>Bookings can be made by phone<\/strong> or via the website<\/p>\n\t<a href=\"https:\/\/babiedoly.com\/en\/reservations\/\" target=\"_self\" role=\"button\" aria-label=\"Book now\">\n\t\t\t\t\t\tBook now\n\t\t\t\t\t<\/a>\n\t<p>Before booking, please read the <a href=\"https:\/\/babiedoly.com\/en\/rules-for-staying-in-the-cottages\/\">terms and conditions<\/a><\/p>\n<h2>\n\t\tContact Form\n\t<\/h2>\n<form>\n\t<input type=\"hidden\" name=\"fl-layout-id\" value=\"2321\" \/>\n    \t\t<label for=\"pp-name-\">Name<\/label>\n    \t\tPlease enter your name.\n    \t\t<input type=\"text\" name=\"pp-name\" id=\"pp-name-\" value=\"\" placeholder=\"Name\"  \/>\n    \t\t<label for=\"pp-email-\">Email<\/label>\n    \t\tPlease enter a valid email address.\n    \t\t<input type=\"email\" name=\"pp-email\" id=\"pp-email-\" value=\"\" placeholder=\"Email\"  \/>\n    \t\t<label for=\"pp-phone-\">Phone (optional)<\/label>\n    \t\tPlease enter a valid phone number.\n    \t\t<input type=\"tel\" name=\"pp-phone\" id=\"pp-phone-\" value=\"\" placeholder=\"Phone (optional)\"  \/>\n    \t\t<label for=\"pp-message-\">Message<\/label>\n    \t\tPlease type your message.\n    \t\t<textarea name=\"pp-message\" id=\"pp-message-\" placeholder=\"Message\"><\/textarea>\n    \t<a href=\"#\" target=\"_self\" role=\"button\">\n    \t\t    \t\t    \t\tSend message\n    \t\t    \t<\/a>\n\t\t\tNie uda\u0142o si\u0119 wys\u0142a\u0107 wiadomo\u015b\u0107. Spr\u00f3buj prosz\u0119 inn\u0105 metod\u0119 kontaktu.\n<\/form>\n  <p>Thank you for your message! We will get back to you shortly. <\/p>\n\t\t\t\t\t\t\t<img decoding=\"async\" src=\"https:\/\/demo.wpbeaveraddons.com\/wp-content\/uploads\/2017\/10\/mobile-icon.png\" alt=\"\" \/>\n\t\t\t\t\t\t\t\t\t\t\t\n\t\t\t\t\t<p><a href=\"tel:0048690197987\">+48 690 197 987<\/a><br \/><a href=\"mailto:domki@2mpro.pl\">domki@2mpro.pl<\/a><br \/><a href=\"https:\/\/wa.me\/0048690197987\" target=\"_blank\" rel=\"noopener\">WhatsApp <img loading=\"lazy\" decoding=\"async\" src=\"https:\/\/babiedoly.com\/wp-content\/uploads\/2026\/03\/whatsapp.webp\" alt=\"whatsapp\" width=\"25\" height=\"29\" \/><\/a><\/p>\t\t\t\t\n\t\t\t<a href=\"https:\/\/share.google\/Ifk0boLsw69kfMzKq\" target=\"_blank\" rel=\"noopener\">\n\t\t\t\t\t\t\t<img decoding=\"async\" src=\"https:\/\/demo.wpbeaveraddons.com\/wp-content\/uploads\/2017\/10\/map-icon.png\" alt=\"\" \/>\n\t\t\t\t\t\t\t\t\t\t\t\n\t\t\t\t\t<p>Rybak\u00f3w 32D, <br \/>81-197 Gdynia, Poland<\/p>\t\t\t\t\n\t\t<\/a>\n\t\t\t<a href=\"https:\/\/www.facebook.com\/pages\/category\/Vacation-Home-Rental\/Domki-Letniskowe-Babie-Do%C5%82y-101882701579054\/\" target=\"_self\" rel=\"nofollow noopener\">\n\t\t\t\t\t\t\t\t\t\t\t\n\t\t\t\t\t<p>See our<br \/>Fanpage<\/p>\t\t\t\t\n\t\t<\/a>\n\t\u00a9 2020-2026 r. <a href=\"https:\/\/babiedoly.com\/en\/privacy-policy\/\">privacy policy<\/a><br \/>\nmade by: <a href=\"https:\/\/brandrei.com\/\" target=\"_blank\" rel=\"noopener\">Brandrei.com<\/a> &amp; <a href=\"https:\/\/finemarketing.pl\/\" target=\"_blank\" rel=\"noopener\">Fine Marketing<\/a><br \/>\nAll photos are copyrighted<br \/>\n\n<p>See also <a href=\"https:\/\/babiedoly.com\/en\/year-round-cottages-by-the-sea-in-gdynia\/\">Year-round Holiday cottages &#8211; by the sea Poland<\/a><\/p>\n\n","protected":false},"excerpt":{"rendered":"<p>Contact Feel free to ask questions about your stay in our cottages. Phone: +48 690 197 987 Email: domki@2mpro.pl Please contact us by phone between 8 AM and 7 PM, and on Saturdays and Sundays between 8-17 If we are unable to answer the phone, please be patient, we will call you back. We try&hellip;<\/p>\n","protected":false},"author":1,"featured_media":0,"parent":0,"menu_order":0,"comment_status":"closed","ping_status":"closed","template":"tpl-no-header-footer.php","meta":{"footnotes":""},"class_list":["post-2321","page","type-page","status-publish","hentry"],"_links":{"self":[{"href":"https:\/\/babiedoly.com\/en\/wp-json\/wp\/v2\/pages\/2321","targetHints":{"allow":["GET"]}}],"collection":[{"href":"https:\/\/babiedoly.com\/en\/wp-json\/wp\/v2\/pages"}],"about":[{"href":"https:\/\/babiedoly.com\/en\/wp-json\/wp\/v2\/types\/page"}],"author":[{"embeddable":true,"href":"https:\/\/babiedoly.com\/en\/wp-json\/wp\/v2\/users\/1"}],"replies":[{"embeddable":true,"href":"https:\/\/babiedoly.com\/en\/wp-json\/wp\/v2\/comments?post=2321"}],"version-history":[{"count":2,"href":"https:\/\/babiedoly.com\/en\/wp-json\/wp\/v2\/pages\/2321\/revisions"}],"predecessor-version":[{"id":3347,"href":"https:\/\/babiedoly.com\/en\/wp-json\/wp\/v2\/pages\/2321\/revisions\/3347"}],"wp:attachment":[{"href":"https:\/\/babiedoly.com\/en\/wp-json\/wp\/v2\/media?parent=2321"}],"curies":[{"name":"wp","href":"https:\/\/api.w.org\/{rel}","templated":true}]}}