{"id":2267,"date":"2022-04-04T12:07:30","date_gmt":"2022-04-04T10:07:30","guid":{"rendered":"https:\/\/babiedoly.com\/holidays-by-the-polish-sea\/"},"modified":"2026-03-27T15:01:33","modified_gmt":"2026-03-27T14:01:33","slug":"holidays-by-the-polish-sea","status":"publish","type":"page","link":"https:\/\/babiedoly.com\/en\/holidays-by-the-polish-sea\/","title":{"rendered":"Holidays by the Polish sea"},"content":{"rendered":"\n\n\t<h1>Holidays by the Polish sea<\/h1>\n<p>Are you looking for a place by the Polish sea? We invite you to our holiday cottages in Babie Do\u0142y, Gdynia. <\/p>\n<p>These are new cottages, built in 2020, fully equipped, located close to the beach (500 m). Each cottage has a bathroom and a kitchenette, two comfortable bedrooms, and a living room. You can see all equipment details in the photos, and if you have any questions, please contact us.  <\/p>\n\t\t\t\t<a href=\"https:\/\/babiedoly.com\/wp-content\/uploads\/2021\/07\/teren-domkow-calorocznych-Gdynia-Babie-Doly-babiedoly-com-5.jpg\" target=\"_self\" itemprop=\"url\">\n\t\t\t\t<img loading=\"lazy\" decoding=\"async\" src=\"https:\/\/babiedoly.com\/wp-content\/uploads\/2021\/07\/teren-domkow-calorocznych-Gdynia-Babie-Doly-babiedoly-com-5.jpg\" alt=\"grounds of year-round cottages Gdynia Babie Do\u0142y - babiedoly.com\" itemprop=\"image\" height=\"933\" width=\"1400\" title=\"grounds of year-round cottages Gdynia Babie Do\u0142y - babiedoly.com\" onerror=\"this.style.display='none'\"  \/>\n\t\t\t\t<\/a>\n\t<h3>What do we offer our Guests?<\/h3>\n<p>Our cottages are located close to the beach &#8211; 150 meters from the sea access and 500 meters from the beach itself. There you will find monumental cliffs, the warm waters of the bay, and an old post-German torpedo station.<\/p>\n<p>We have available:<\/p>\n<ul>\n<li>2 holiday cottages accommodating 4-6 people<\/li>\n<li>and one larger cottage for 6-8 people.<\/li>\n<\/ul>\n<p>You can always rent a cottage with fewer people &#8211; the price is per cottage per night, so we do not block bookings for a smaller number of guests.<\/p>\nYou can find available dates in the <a href=\"https:\/\/babiedoly.com\/en\/reservations\/\"><strong>Booking<\/strong><\/a> section.<br \/>\nWe encourage you to book them sooner, especially if you plan to stay with us in the summer, during the May long weekend, or for New Year&#8217;s Eve.\n\t<h2>Comfortable holiday cottages with a large garden<\/h2>\n<p>A large plot of land surrounds our holiday cottages, fully available to our Guests. There is a place for grilling and bonfires, as well as a spacious area for relaxation with a children&#8217;s playground. <\/p>\n<p>The entire property is fenced, and parking is free. You can also bring your dog (cats are welcome too \ud83d\ude42 ) <\/p>\n<p><a href=\"https:\/\/babiedoly.com\/drewniane-domki-dla-rodzin\/\"><em>Wooden cottages for families with children<\/em><\/a><\/p>\n\t\t\t\t<a href=\"https:\/\/babiedoly.com\/wp-content\/uploads\/2021\/07\/Domki-nad-morzem-plaza-Gdynia1.jpg\" target=\"_self\" itemprop=\"url\">\n\t\t\t\t<img loading=\"lazy\" decoding=\"async\" src=\"https:\/\/babiedoly.com\/wp-content\/uploads\/2021\/07\/Domki-nad-morzem-plaza-Gdynia1.jpg\" alt=\"Cottages by the sea beach Gdynia babiedoly.com\" itemprop=\"image\" height=\"933\" width=\"1400\" title=\"Cottages by the sea beach Gdynia babiedoly.com\" onerror=\"this.style.display='none'\"  \/>\n\t\t\t\t<\/a>\n\t\t\t\t<a href=\"https:\/\/babiedoly.com\/wp-content\/uploads\/2022\/02\/Zachod-slonca-na-plazy-w-babich-dolach.jpg\" target=\"_self\" itemprop=\"url\">\n\t\t\t\t<img loading=\"lazy\" decoding=\"async\" src=\"https:\/\/babiedoly.com\/wp-content\/uploads\/2022\/02\/Zachod-slonca-na-plazy-w-babich-dolach.jpg\" alt=\"Sunset on the beach in Babie Do\u0142y\" itemprop=\"image\" height=\"933\" width=\"1400\" title=\"Sunset on the beach in Babie Do\u0142y - babiedoly.com\" onerror=\"this.style.display='none'\"  \/>\n\t\t\t\t<\/a>\n\t<h4>Cottages near the beach, what&#8217;s there by the sea?<\/h4>\n<p>During the summer season, there are many tourists on the beach, but it is extensive enough that <strong>you can always find a secluded<\/strong> or a more crowded spot &#8211; something for everyone. It&#8217;s not as busy here as in W\u0142adys\u0142awowo, where &#8220;you can&#8217;t squeeze a pin in&#8221; due to lack of space. <\/p>\n<p>In summer, numerous stalls operate by the beach where you can buy seaside &#8220;supplies&#8221;.<\/p>\n\t\t\t\t\t<a href=\"#\" id=\"fl-accordion--label-0\" tabindex=\"0\" aria-controls=\"fl-accordion--panel-0\">Recommended offers on our website<\/a>\n\t\t\t\t\t\t\t\t\t\t\t<a href=\"#\" id=\"fl-accordion--icon-0\" tabindex=\"-1\"><i>Expand<\/i><\/a>\n\t\t\t\t\t<a href=\"https:\/\/babiedoly.com\/en\/gdynia-babie-doly-accommodation\/\">Year-round Accommodation in Modern Cottages<\/a><br \/>\n<a href=\"https:\/\/babiedoly.com\/en\/year-round-modern-cottages-for-rent\/\">Year-round modern holiday cottages for rent<\/a><br \/>\n<a href=\"https:\/\/babiedoly.com\/en\/4-person-cottage-by-the-sea\/\">4-person cottage by the sea &#8211; Gdynia, Poland<\/a><br \/>\n<a href=\"https:\/\/babiedoly.com\/en\/6-person-cottage-by-the-sea\/\">6-person cottage by the sea &#8211; Gdynia, Poland<\/a><br \/>\n<a href=\"https:\/\/babiedoly.com\/en\/seaside-cottage\/\">Cottage close to the sea &#8211; rent for 4 &#8211; 8 people<\/a><br \/>\n<a href=\"https:\/\/babiedoly.com\/en\/seaside-cottage-rental\/\">Seaside cottage rental<\/a><br \/>\n<a href=\"https:\/\/babiedoly.com\/en\/year-round-cottages-by-the-sea-in-gdynia\/\">Year-round cottages &#8211; by the sea, in Gdynia<\/a><br \/>\n<a href=\"https:\/\/babiedoly.com\/en\/year-round-cottages-for-rent\/\">Year-round cottages for rent<\/a><br \/>\n<a href=\"https:\/\/babiedoly.com\/en\/year-round-cottage-rentals-in-pomerania\/\">Year-round cottages for rent Pomerania<\/a><br \/>\n<a href=\"https:\/\/babiedoly.com\/en\/cottages-for-rent-gdynia\/\">Cottages for rent Gdynia<\/a><br \/>\n<a href=\"https:\/\/babiedoly.com\/en\/gdynia-cottages-tourist-voucher\/\">Cottages Gdynia Tourist Voucher<\/a><br \/>\n<a href=\"https:\/\/babiedoly.com\/en\/year-round-holiday-cottages\/\">Year-round holiday cottages<\/a><br \/>\n<a href=\"https:\/\/babiedoly.com\/en\/seaside-cottages-babie-doly-gdynia\/\">Holiday cottages by the sea &#8211; Babie Do\u0142y, Gdynia<\/a><br \/>\n<a href=\"https:\/\/babiedoly.com\/en\/holiday-cottages-for-rent\/\">Holiday cottages for rent<\/a><br \/>\n<a href=\"https:\/\/babiedoly.com\/en\/cottages-for-12-people-by-the-sea\/\">Cottages for 12 people by the sea<\/a>\n\t<p>See what our year-round wooden cottages look like:<\/p>\n\t\t\t\t<a\n\t\t\thref=\"https:\/\/babiedoly.com\/wp-content\/uploads\/2021\/07\/domek-letniskowy-Babie-doly.jpg\"\n\t\t\t\t\t\tdata-fancybox=\"images\" \n\t\t\ttitle=\"holiday cottage Babie Do\u0142y babiedoly.com\" \n\t\t\t\t\t\tdata-caption=\"\"\n\t\t\t\t\t\tdata-description=\"\" \n\t\t\titemprop=\"contentUrl\">\n\t\t\t<img loading=\"lazy\" decoding=\"async\" src=\"https:\/\/babiedoly.com\/wp-content\/uploads\/2021\/07\/domek-letniskowy-Babie-doly.jpg\" alt=\"holiday cottage Babie Do\u0142y babiedoly.com\" data-no-lazy=\"1\" itemprop=\"thumbnail\" width=\"900\" height=\"600\" \/>\n\t\t\t<!-- Overlay Wrapper -->\n\t\t\t <!-- Overlay Wrapper Closed -->\n\t\t\t\t<\/a>\n\t\t\t\t\t\t\t<meta itemprop=\"width\" content=\"900\" \/>\n\t\t\t<meta itemprop=\"height\" content=\"600\" \/>\n\t\t\t\t<a\n\t\t\thref=\"https:\/\/babiedoly.com\/wp-content\/uploads\/2021\/07\/domki-letniskowe-z-zewnatrz.jpg\"\n\t\t\t\t\t\tdata-fancybox=\"images\" \n\t\t\ttitle=\"holiday cottages from the outside babiedoly.com\" \n\t\t\t\t\t\tdata-caption=\"\"\n\t\t\t\t\t\tdata-description=\"\" \n\t\t\titemprop=\"contentUrl\">\n\t\t\t<img loading=\"lazy\" decoding=\"async\" src=\"https:\/\/babiedoly.com\/wp-content\/uploads\/2021\/07\/domki-letniskowe-z-zewnatrz.jpg\" alt=\"holiday cottages from the outside babiedoly.com\" data-no-lazy=\"1\" itemprop=\"thumbnail\" width=\"900\" height=\"600\" \/>\n\t\t\t<!-- Overlay Wrapper -->\n\t\t\t <!-- Overlay Wrapper Closed -->\n\t\t\t\t<\/a>\n\t\t\t\t\t\t\t<meta itemprop=\"width\" content=\"900\" \/>\n\t\t\t<meta itemprop=\"height\" content=\"600\" \/>\n\t\t\t\t<a\n\t\t\thref=\"https:\/\/babiedoly.com\/wp-content\/uploads\/2022\/03\/ogrod-domki-Babie-Doly1.jpg\"\n\t\t\t\t\t\tdata-fancybox=\"images\" \n\t\t\ttitle=\"garden houses Babie Doly\" \n\t\t\t\t\t\tdata-caption=\"\"\n\t\t\t\t\t\tdata-description=\"\" \n\t\t\titemprop=\"contentUrl\">\n\t\t\t<img loading=\"lazy\" decoding=\"async\" src=\"https:\/\/babiedoly.com\/wp-content\/uploads\/2022\/03\/ogrod-domki-Babie-Doly1-1024x682.jpg\" alt=\"\" data-no-lazy=\"1\" itemprop=\"thumbnail\" width=\"1024\" height=\"682\" \/>\n\t\t\t<!-- Overlay Wrapper -->\n\t\t\t <!-- Overlay Wrapper Closed -->\n\t\t\t\t<\/a>\n\t\t\t\t\t\t\t<meta itemprop=\"width\" content=\"1024\" \/>\n\t\t\t<meta itemprop=\"height\" content=\"682\" \/>\n\t\t\t\t<a\n\t\t\thref=\"https:\/\/babiedoly.com\/wp-content\/uploads\/2021\/07\/domki-nad-morzem-Gdynia-Babie-doly.jpg\"\n\t\t\t\t\t\tdata-fancybox=\"images\" \n\t\t\ttitle=\"seaside cottages Gdynia Babie Doly babiedoly.com\" \n\t\t\t\t\t\tdata-caption=\"\"\n\t\t\t\t\t\tdata-description=\"\" \n\t\t\titemprop=\"contentUrl\">\n\t\t\t<img loading=\"lazy\" decoding=\"async\" src=\"https:\/\/babiedoly.com\/wp-content\/uploads\/2021\/07\/domki-nad-morzem-Gdynia-Babie-doly.jpg\" alt=\"seaside cottages Gdynia Babie Doly babiedoly.com\" data-no-lazy=\"1\" itemprop=\"thumbnail\" width=\"900\" height=\"600\" \/>\n\t\t\t<!-- Overlay Wrapper -->\n\t\t\t <!-- Overlay Wrapper Closed -->\n\t\t\t\t<\/a>\n\t\t\t\t\t\t\t<meta itemprop=\"width\" content=\"900\" \/>\n\t\t\t<meta itemprop=\"height\" content=\"600\" \/>\n\t\t\t\t<a\n\t\t\thref=\"https:\/\/babiedoly.com\/wp-content\/uploads\/2022\/02\/wnetrze-domku-duzego.jpg\"\n\t\t\t\t\t\tdata-fancybox=\"images\" \n\t\t\ttitle=\"wn\u0119trze domku du\u017cego - babiedoly.com\" \n\t\t\t\t\t\tdata-caption=\"\"\n\t\t\t\t\t\tdata-description=\"\" \n\t\t\titemprop=\"contentUrl\">\n\t\t\t<img loading=\"lazy\" decoding=\"async\" src=\"https:\/\/babiedoly.com\/wp-content\/uploads\/2022\/02\/wnetrze-domku-duzego-1024x682.jpg\" alt=\"wn\u0119trze domku du\u017cego\" data-no-lazy=\"1\" itemprop=\"thumbnail\" width=\"1024\" height=\"682\" \/>\n\t\t\t<!-- Overlay Wrapper -->\n\t\t\t <!-- Overlay Wrapper Closed -->\n\t\t\t\t<\/a>\n\t\t\t\t\t\t\t<meta itemprop=\"width\" content=\"1024\" \/>\n\t\t\t<meta itemprop=\"height\" content=\"682\" \/>\n\t\t\t\t<a\n\t\t\thref=\"https:\/\/babiedoly.com\/wp-content\/uploads\/2022\/02\/Bogate-wnetrze-domkow-letniskowych-w-Gdyni-BabieDoly-com_1.jpg\"\n\t\t\t\t\t\tdata-fancybox=\"images\" \n\t\t\ttitle=\"Well-appointed Interiors of Holiday Cottages in Gdynia - babiedoly.com\" \n\t\t\t\t\t\tdata-caption=\"\"\n\t\t\t\t\t\tdata-description=\"\" \n\t\t\titemprop=\"contentUrl\">\n\t\t\t<img loading=\"lazy\" decoding=\"async\" src=\"https:\/\/babiedoly.com\/wp-content\/uploads\/2022\/02\/Bogate-wnetrze-domkow-letniskowych-w-Gdyni-BabieDoly-com_1-1024x682.jpg\" alt=\"Well-appointed Interiors of Holiday Cottages in Gdynia\" data-no-lazy=\"1\" itemprop=\"thumbnail\" width=\"1024\" height=\"682\" \/>\n\t\t\t<!-- Overlay Wrapper -->\n\t\t\t <!-- Overlay Wrapper Closed -->\n\t\t\t\t<\/a>\n\t\t\t\t\t\t\t<meta itemprop=\"width\" content=\"1024\" \/>\n\t\t\t<meta itemprop=\"height\" content=\"682\" \/>\n\t\t\t\t<a\n\t\t\thref=\"https:\/\/babiedoly.com\/wp-content\/uploads\/2021\/07\/wyposazenie-domkow-letniskowych-5.jpg\"\n\t\t\t\t\t\tdata-fancybox=\"images\" \n\t\t\ttitle=\"Holiday cottage amenities babiedoly.com\" \n\t\t\t\t\t\tdata-caption=\"\"\n\t\t\t\t\t\tdata-description=\"\" \n\t\t\titemprop=\"contentUrl\">\n\t\t\t<img loading=\"lazy\" decoding=\"async\" src=\"https:\/\/babiedoly.com\/wp-content\/uploads\/2021\/07\/wyposazenie-domkow-letniskowych-5.jpg\" alt=\"Holiday cottage amenities babiedoly.com\" data-no-lazy=\"1\" itemprop=\"thumbnail\" width=\"1000\" height=\"1000\" \/>\n\t\t\t<!-- Overlay Wrapper -->\n\t\t\t <!-- Overlay Wrapper Closed -->\n\t\t\t\t<\/a>\n\t\t\t\t\t\t\t<meta itemprop=\"width\" content=\"1000\" \/>\n\t\t\t<meta itemprop=\"height\" content=\"1000\" \/>\n\t\t\t\t<a\n\t\t\thref=\"https:\/\/babiedoly.com\/wp-content\/uploads\/2022\/03\/Scianka-wspinaczkowa-z-domkiem-w-srodku-domki-Babie-Doly1.jpg\"\n\t\t\t\t\t\tdata-fancybox=\"images\" \n\t\t\ttitle=\"Scianka wspinaczkowa z domkiem w srodku - domki Babie Do\u0142y(1)\" \n\t\t\t\t\t\tdata-caption=\"\"\n\t\t\t\t\t\tdata-description=\"\" \n\t\t\titemprop=\"contentUrl\">\n\t\t\t<img loading=\"lazy\" decoding=\"async\" src=\"https:\/\/babiedoly.com\/wp-content\/uploads\/2022\/03\/Scianka-wspinaczkowa-z-domkiem-w-srodku-domki-Babie-Doly1-1024x682.jpg\" alt=\"\" data-no-lazy=\"1\" itemprop=\"thumbnail\" width=\"1024\" height=\"682\" \/>\n\t\t\t<!-- Overlay Wrapper -->\n\t\t\t <!-- Overlay Wrapper Closed -->\n\t\t\t\t<\/a>\n\t\t\t\t\t\t\t<meta itemprop=\"width\" content=\"1024\" \/>\n\t\t\t<meta itemprop=\"height\" content=\"682\" \/>\n\t\t\t\t<a\n\t\t\thref=\"https:\/\/babiedoly.com\/wp-content\/uploads\/2022\/03\/trampolina-Domki-Babie-Doly1.jpg\"\n\t\t\t\t\t\tdata-fancybox=\"images\" \n\t\t\ttitle=\"trampolina Domki Babie Do\u0142y(1)\" \n\t\t\t\t\t\tdata-caption=\"\"\n\t\t\t\t\t\tdata-description=\"\" \n\t\t\titemprop=\"contentUrl\">\n\t\t\t<img loading=\"lazy\" decoding=\"async\" src=\"https:\/\/babiedoly.com\/wp-content\/uploads\/2022\/03\/trampolina-Domki-Babie-Doly1-1024x682.jpg\" alt=\"\" data-no-lazy=\"1\" itemprop=\"thumbnail\" width=\"1024\" height=\"682\" \/>\n\t\t\t<!-- Overlay Wrapper -->\n\t\t\t <!-- Overlay Wrapper Closed -->\n\t\t\t\t<\/a>\n\t\t\t\t\t\t\t<meta itemprop=\"width\" content=\"1024\" \/>\n\t\t\t<meta itemprop=\"height\" content=\"682\" \/>\n\t\t\t\t<a\n\t\t\thref=\"https:\/\/babiedoly.com\/wp-content\/uploads\/2026\/01\/Sauna-Domki-Babie-Doly-10.webp\"\n\t\t\t\t\t\tdata-fancybox=\"images\" \n\t\t\ttitle=\"Sauna Domki Babie Doly (10)\" \n\t\t\t\t\t\tdata-caption=\"\"\n\t\t\t\t\t\tdata-description=\"\" \n\t\t\titemprop=\"contentUrl\">\n\t\t\t<img loading=\"lazy\" decoding=\"async\" src=\"https:\/\/babiedoly.com\/wp-content\/uploads\/2026\/01\/Sauna-Domki-Babie-Doly-10-768x1024.webp\" alt=\"Drewniana ceberka z chochl\u0105 do wody stoj\u0105ca na g\u00f3rnej \u0142awie w saunie, w tle delikatna para unosz\u0105ca si\u0119 znad pieca\" data-no-lazy=\"1\" itemprop=\"thumbnail\" width=\"768\" height=\"1024\" \/>\n\t\t\t<!-- Overlay Wrapper -->\n\t\t\t <!-- Overlay Wrapper Closed -->\n\t\t\t\t<\/a>\n\t\t\t\t\t\t\t<meta itemprop=\"width\" content=\"768\" \/>\n\t\t\t<meta itemprop=\"height\" content=\"1024\" \/>\n\t<h4>\n\t\tFeel free to contact us or make a reservation via the form\n\t<\/h4>\n\t\t\t\t\t\t\t<img decoding=\"async\" src=\"https:\/\/demo.wpbeaveraddons.com\/wp-content\/uploads\/2017\/10\/mobile-icon.png\" alt=\"\" \/>\n\t\t\t\t\t\t\t\t\t\t\t\n\t\t\t\t\t<p><a href=\"tel:0048690197987\">+48 690 197 987<\/a><br \/><a href=\"mailto:domki@2mpro.pl\">domki@2mpro.pl<\/a><br \/><a href=\"https:\/\/wa.me\/0048690197987\" target=\"_blank\" rel=\"noopener\">WhatsApp <img loading=\"lazy\" decoding=\"async\" src=\"https:\/\/babiedoly.com\/wp-content\/uploads\/2026\/03\/whatsapp.webp\" alt=\"whatsapp\" width=\"25\" height=\"29\" \/><\/a><\/p>\t\t\t\t\n\t\t\t<a href=\"https:\/\/share.google\/Ifk0boLsw69kfMzKq\" target=\"_blank\" rel=\"noopener\">\n\t\t\t\t\t\t\t<img decoding=\"async\" src=\"https:\/\/demo.wpbeaveraddons.com\/wp-content\/uploads\/2017\/10\/map-icon.png\" alt=\"\" \/>\n\t\t\t\t\t\t\t\t\t\t\t\n\t\t\t\t\t<p>Rybak\u00f3w 32D, <br \/>81-197 Gdynia, Poland<\/p>\t\t\t\t\n\t\t<\/a>\n\t\t\t<a href=\"https:\/\/www.facebook.com\/pages\/category\/Vacation-Home-Rental\/Domki-Letniskowe-Babie-Do%C5%82y-101882701579054\/\" target=\"_self\" rel=\"nofollow noopener\">\n\t\t\t\t\t\t\t\t\t\t\t\n\t\t\t\t\t<p>See our<br \/>Fanpage<\/p>\t\t\t\t\n\t\t<\/a>\n\t\u00a9 2020-2026 r. <a href=\"https:\/\/babiedoly.com\/en\/privacy-policy\/\">privacy policy<\/a><br \/>\nmade by: <a href=\"https:\/\/brandrei.com\/\" target=\"_blank\" rel=\"noopener\">Brandrei.com<\/a> &amp; <a href=\"https:\/\/finemarketing.pl\/\" target=\"_blank\" rel=\"noopener\">Fine Marketing<\/a><br \/>\nAll photos are copyrighted<br \/>\n\n<p>See also <a href=\"https:\/\/babiedoly.com\/en\/year-round-cottages-by-the-sea-in-gdynia\/\">Year-round Holiday cottages &#8211; by the sea Poland<\/a><\/p>\n\n","protected":false},"excerpt":{"rendered":"<p>Holidays by the Polish sea Are you looking for a place by the Polish sea? We invite you to our holiday cottages in Babie Do\u0142y, Gdynia. These are new cottages, built in 2020, fully equipped, located close to the beach (500 m). Each cottage has a bathroom and a kitchenette, two comfortable bedrooms, and a&hellip;<\/p>\n","protected":false},"author":1,"featured_media":2268,"parent":0,"menu_order":0,"comment_status":"closed","ping_status":"closed","template":"tpl-no-header-footer.php","meta":{"footnotes":""},"class_list":["post-2267","page","type-page","status-publish","has-post-thumbnail","hentry"],"_links":{"self":[{"href":"https:\/\/babiedoly.com\/en\/wp-json\/wp\/v2\/pages\/2267","targetHints":{"allow":["GET"]}}],"collection":[{"href":"https:\/\/babiedoly.com\/en\/wp-json\/wp\/v2\/pages"}],"about":[{"href":"https:\/\/babiedoly.com\/en\/wp-json\/wp\/v2\/types\/page"}],"author":[{"embeddable":true,"href":"https:\/\/babiedoly.com\/en\/wp-json\/wp\/v2\/users\/1"}],"replies":[{"embeddable":true,"href":"https:\/\/babiedoly.com\/en\/wp-json\/wp\/v2\/comments?post=2267"}],"version-history":[{"count":2,"href":"https:\/\/babiedoly.com\/en\/wp-json\/wp\/v2\/pages\/2267\/revisions"}],"predecessor-version":[{"id":3332,"href":"https:\/\/babiedoly.com\/en\/wp-json\/wp\/v2\/pages\/2267\/revisions\/3332"}],"wp:featuredmedia":[{"embeddable":true,"href":"https:\/\/babiedoly.com\/en\/wp-json\/wp\/v2\/media\/2268"}],"wp:attachment":[{"href":"https:\/\/babiedoly.com\/en\/wp-json\/wp\/v2\/media?parent=2267"}],"curies":[{"name":"wp","href":"https:\/\/api.w.org\/{rel}","templated":true}]}}