{"id":2511,"date":"2022-04-04T11:59:20","date_gmt":"2022-04-04T09:59:20","guid":{"rendered":"https:\/\/babiedoly.com\/gdzie-na-weekend-zima\/"},"modified":"2026-04-10T13:39:44","modified_gmt":"2026-04-10T11:39:44","slug":"wo-ein-winterwochenende-verbringen","status":"publish","type":"page","link":"https:\/\/babiedoly.com\/de\/wo-ein-winterwochenende-verbringen\/","title":{"rendered":"Wo man in Polen im Winter ein Wochenende verbringen kann"},"content":{"rendered":"\n\n\t<h1>Wo man in Polen im Winter ein Wochenende verbringen kann<\/h1>\n<p>Wir bieten Aufenthalte in beheizten Sommerh\u00e4usern an, in denen Sie ein Winterwochenende komfortabel verbringen k\u00f6nnen.<\/p>\n<p>Unsere Ferienh\u00e4user befinden sich in einem ruhigen Viertel von Gdynia &#8211; Babie Do\u0142y.<\/p>\n<p>Die Meereseinfahrt ist nur 150 Meter entfernt. Von dort aus kann man majest\u00e4tische Klippen und eine alte Torpedostation sehen. <\/p>\n<p>Verf\u00fcgbare Termine f\u00fcr unsere Ferienh\u00e4user finden Sie im Reiter <a href=\"https:\/\/babiedoly.com\/de\/reservierungen\/\"><strong>BUCHUNG<\/strong><\/a>.<\/p>\n\t\t\t\t<a href=\"https:\/\/babiedoly.com\/wp-content\/uploads\/2026\/02\/domki-Babie-Doly-zima-2026-5-1.webp\" target=\"_self\" itemprop=\"url\">\n\t\t\t\t<img loading=\"lazy\" decoding=\"async\" src=\"https:\/\/babiedoly.com\/wp-content\/uploads\/2026\/02\/domki-Babie-Doly-zima-2026-5-1.webp\" alt=\"Babie Doly Ferienh\u00e4user Winter 2026\" itemprop=\"image\" height=\"2048\" width=\"1536\" title=\"Babie Doly Ferienh\u00e4user Winter 2026\" onerror=\"this.style.display='none'\"  \/>\n\t\t\t\t<\/a>\n\t<h3>\u00dcber die H\u00e4user<\/h3>\n<p>Diese Ferienh\u00e4user bieten Platz f\u00fcr 4-6 Personen. Sie sind neu und wurden 2020 erbaut. Jedes Ferienhaus verf\u00fcgt \u00fcber ein Badezimmer, zwei Schlafzimmer und ein Wohnzimmer mit Kochnische. <\/p>\n<p>Die Ferienh\u00e4user sind komplett ausgestattet, von K\u00fcchenutensilien \u00fcber Handt\u00fccher und frische Bettw\u00e4sche bis hin zu WLAN und TV-Anschluss. In den gem\u00fctlichen Zimmern k\u00f6nnen Sie Ihre Freizeit fernab der Sorgen des tr\u00fcben Winterwetters verbringen. <\/p>\n<p>Das Haus verf\u00fcgt au\u00dferdem \u00fcber einen gro\u00dfen Tisch, an dem man Brettspiele spielen kann.<\/p>\n<p>Milde Winter sind ideal f\u00fcr ein Lagerfeuer &#8211; wir haben einen Unterstand f\u00fcr Sie bereitgestellt. Wenn Sie ein Lagerfeuer planen, kontaktieren Sie uns bitte im Voraus &#8211; wir halten Holz bereit. <\/p>\n<p>Unsere Ferienh\u00e4user sind warm und gut isoliert. Sollten wir gerade weniger G\u00e4ste haben, heizen wir sie vor Ihrer Ankunft vor (wir haben Familienmitglieder, die k\u00e4lteempfindlich sind und wissen, wie unangenehm es ist, in einem kalten Zimmer zu sitzen &#8211; brrr!). <\/p>\n<p>&nbsp;<\/p>\n<p>&nbsp;<\/p>\n\t<h2><strong>Kostenlose Sauna f\u00fcr unsere G\u00e4ste<\/strong><\/h2>\n<p><strong>2 Stunden kostenlose<\/strong> Sauna f\u00fcr alle G\u00e4ste<\/p>\n<p>Dann 100 PLN f\u00fcr 2 Stunden an einem anderen Tag. Reservierung erforderlich. <\/p>\n\t\t\t\t<a href=\"https:\/\/babiedoly.com\/zdjecia\/\" target=\"_blank\" rel=\"noopener\"  itemprop=\"url\">\n\t\t\t\t<img loading=\"lazy\" decoding=\"async\" src=\"https:\/\/babiedoly.com\/wp-content\/uploads\/2026\/01\/sauna-dla-Gosci-Domki-Babie-Doly.webp\" alt=\"Sauna f\u00fcr G\u00e4ste der Babie Do\u0142y H\u00e4user\" itemprop=\"image\" height=\"338\" width=\"508\" title=\"Sauna f\u00fcr G\u00e4ste der Babie Do\u0142y H\u00e4user\" onerror=\"this.style.display='none'\"  \/>\n\t\t\t\t<\/a>\n\t\t\t\t<a\n\t\t\thref=\"https:\/\/babiedoly.com\/wp-content\/uploads\/2021\/07\/duzy-domek-letniskowy-dla-8-osob.jpg\"\n\t\t\t\t\t\tdata-fancybox=\"images\" \n\t\t\ttitle=\"duzy domek letniskowy dla 8 osob babiedoly.com\" \n\t\t\t\t\t\tdata-caption=\"\"\n\t\t\t\t\t\tdata-description=\"\" \n\t\t\titemprop=\"contentUrl\">\n\t\t\t<img loading=\"lazy\" decoding=\"async\" src=\"https:\/\/babiedoly.com\/wp-content\/uploads\/2021\/07\/duzy-domek-letniskowy-dla-8-osob.jpg\" alt=\"duzy domek letniskowy dla 8 osob babiedoly.com\" data-no-lazy=\"1\" itemprop=\"thumbnail\" width=\"900\" height=\"600\" \/>\n\t\t\t<!-- Overlay Wrapper -->\n\t\t\t <!-- Overlay Wrapper Closed -->\n\t\t\t\t<\/a>\n\t\t\t\t\t\t\t<meta itemprop=\"width\" content=\"900\" \/>\n\t\t\t<meta itemprop=\"height\" content=\"600\" \/>\n\t\t\t\t<a\n\t\t\thref=\"https:\/\/babiedoly.com\/wp-content\/uploads\/2021\/07\/salon-duzego-domku.jpg\"\n\t\t\t\t\t\tdata-fancybox=\"images\" \n\t\t\ttitle=\"salon duzego domku babiedoly.com\" \n\t\t\t\t\t\tdata-caption=\"\"\n\t\t\t\t\t\tdata-description=\"\" \n\t\t\titemprop=\"contentUrl\">\n\t\t\t<img loading=\"lazy\" decoding=\"async\" src=\"https:\/\/babiedoly.com\/wp-content\/uploads\/2021\/07\/salon-duzego-domku.jpg\" alt=\"salon duzego domku babiedoly.com\" data-no-lazy=\"1\" itemprop=\"thumbnail\" width=\"900\" height=\"600\" \/>\n\t\t\t<!-- Overlay Wrapper -->\n\t\t\t <!-- Overlay Wrapper Closed -->\n\t\t\t\t<\/a>\n\t\t\t\t\t\t\t<meta itemprop=\"width\" content=\"900\" \/>\n\t\t\t<meta itemprop=\"height\" content=\"600\" \/>\n\t\t\t\t<a\n\t\t\thref=\"https:\/\/babiedoly.com\/wp-content\/uploads\/2021\/07\/wyposazenie-domkow-letniskowych-5.jpg\"\n\t\t\t\t\t\tdata-fancybox=\"images\" \n\t\t\ttitle=\"wyposazenie domkow letniskowych babiedoly.com\" \n\t\t\t\t\t\tdata-caption=\"\"\n\t\t\t\t\t\tdata-description=\"\" \n\t\t\titemprop=\"contentUrl\">\n\t\t\t<img loading=\"lazy\" decoding=\"async\" src=\"https:\/\/babiedoly.com\/wp-content\/uploads\/2021\/07\/wyposazenie-domkow-letniskowych-5.jpg\" alt=\"wyposazenie domkow letniskowych babiedoly.com\" data-no-lazy=\"1\" itemprop=\"thumbnail\" width=\"1000\" height=\"1000\" \/>\n\t\t\t<!-- Overlay Wrapper -->\n\t\t\t <!-- Overlay Wrapper Closed -->\n\t\t\t\t<\/a>\n\t\t\t\t\t\t\t<meta itemprop=\"width\" content=\"1000\" \/>\n\t\t\t<meta itemprop=\"height\" content=\"1000\" \/>\n\t\t\t\t<a\n\t\t\thref=\"https:\/\/babiedoly.com\/wp-content\/uploads\/2021\/07\/domki-letniskowe-z-zewnatrz.jpg\"\n\t\t\t\t\t\tdata-fancybox=\"images\" \n\t\t\ttitle=\"domki letniskowe z zewnatrz babiedoly.com\" \n\t\t\t\t\t\tdata-caption=\"\"\n\t\t\t\t\t\tdata-description=\"\" \n\t\t\titemprop=\"contentUrl\">\n\t\t\t<img loading=\"lazy\" decoding=\"async\" src=\"https:\/\/babiedoly.com\/wp-content\/uploads\/2021\/07\/domki-letniskowe-z-zewnatrz.jpg\" alt=\"domki letniskowe z zewnatrz babiedoly.com\" data-no-lazy=\"1\" itemprop=\"thumbnail\" width=\"900\" height=\"600\" \/>\n\t\t\t<!-- Overlay Wrapper -->\n\t\t\t <!-- Overlay Wrapper Closed -->\n\t\t\t\t<\/a>\n\t\t\t\t\t\t\t<meta itemprop=\"width\" content=\"900\" \/>\n\t\t\t<meta itemprop=\"height\" content=\"600\" \/>\n\t\t\t\t<a\n\t\t\thref=\"https:\/\/babiedoly.com\/wp-content\/uploads\/2021\/07\/wnetrze-domku-letniskowego-Gdynia.jpg\"\n\t\t\t\t\t\tdata-fancybox=\"images\" \n\t\t\ttitle=\"wnetrze domku letniskowego Gdynia babiedoly.com\" \n\t\t\t\t\t\tdata-caption=\"\"\n\t\t\t\t\t\tdata-description=\"\" \n\t\t\titemprop=\"contentUrl\">\n\t\t\t<img loading=\"lazy\" decoding=\"async\" src=\"https:\/\/babiedoly.com\/wp-content\/uploads\/2021\/07\/wnetrze-domku-letniskowego-Gdynia.jpg\" alt=\"wnetrze domku letniskowego Gdynia babiedoly.com\" data-no-lazy=\"1\" itemprop=\"thumbnail\" width=\"900\" height=\"600\" \/>\n\t\t\t<!-- Overlay Wrapper -->\n\t\t\t <!-- Overlay Wrapper Closed -->\n\t\t\t\t<\/a>\n\t\t\t\t\t\t\t<meta itemprop=\"width\" content=\"900\" \/>\n\t\t\t<meta itemprop=\"height\" content=\"600\" \/>\n\t\t\t\t<a\n\t\t\thref=\"https:\/\/babiedoly.com\/wp-content\/uploads\/2021\/07\/okno-na-ogrod.jpg\"\n\t\t\t\t\t\tdata-fancybox=\"images\" \n\t\t\ttitle=\"okno na ogrod babiedoly.com\" \n\t\t\t\t\t\tdata-caption=\"\"\n\t\t\t\t\t\tdata-description=\"\" \n\t\t\titemprop=\"contentUrl\">\n\t\t\t<img loading=\"lazy\" decoding=\"async\" src=\"https:\/\/babiedoly.com\/wp-content\/uploads\/2021\/07\/okno-na-ogrod.jpg\" alt=\"okno na ogrod babiedoly.com\" data-no-lazy=\"1\" itemprop=\"thumbnail\" width=\"900\" height=\"600\" \/>\n\t\t\t<!-- Overlay Wrapper -->\n\t\t\t <!-- Overlay Wrapper Closed -->\n\t\t\t\t<\/a>\n\t\t\t\t\t\t\t<meta itemprop=\"width\" content=\"900\" \/>\n\t\t\t<meta itemprop=\"height\" content=\"600\" \/>\n\t\t\t\t<a\n\t\t\thref=\"https:\/\/babiedoly.com\/wp-content\/uploads\/2021\/07\/altanka-z-lezakami.jpg\"\n\t\t\t\t\t\tdata-fancybox=\"images\" \n\t\t\ttitle=\"altanka z lezakami babiedoly.com\" \n\t\t\t\t\t\tdata-caption=\"\"\n\t\t\t\t\t\tdata-description=\"\" \n\t\t\titemprop=\"contentUrl\">\n\t\t\t<img loading=\"lazy\" decoding=\"async\" src=\"https:\/\/babiedoly.com\/wp-content\/uploads\/2021\/07\/altanka-z-lezakami.jpg\" alt=\"altanka z lezakami babiedoly.com\" data-no-lazy=\"1\" itemprop=\"thumbnail\" width=\"900\" height=\"600\" \/>\n\t\t\t<!-- Overlay Wrapper -->\n\t\t\t <!-- Overlay Wrapper Closed -->\n\t\t\t\t<\/a>\n\t\t\t\t\t\t\t<meta itemprop=\"width\" content=\"900\" \/>\n\t\t\t<meta itemprop=\"height\" content=\"600\" \/>\n\t\t\t\t<a\n\t\t\thref=\"https:\/\/babiedoly.com\/wp-content\/uploads\/2020\/12\/zrealizuj-bon-turystyczny.jpg\"\n\t\t\t\t\t\tdata-fancybox=\"images\" \n\t\t\ttitle=\"zrealizuj bon turystyczny\" \n\t\t\t\t\t\tdata-caption=\"zrealizuj bon turystyczny\"\n\t\t\t\t\t\tdata-description=\"\" \n\t\t\titemprop=\"contentUrl\">\n\t\t\t<img loading=\"lazy\" decoding=\"async\" src=\"https:\/\/babiedoly.com\/wp-content\/uploads\/2020\/12\/zrealizuj-bon-turystyczny-1024x682.jpg\" alt=\"zrealizuj bon turystyczny\" data-no-lazy=\"1\" itemprop=\"thumbnail\" width=\"1024\" height=\"682\" \/>\n\t\t\t<!-- Overlay Wrapper -->\n\t\t\t\t\t\t\tzrealizuj bon turystyczny\t\t\t\t\t\t\n\t\t\t <!-- Overlay Wrapper Closed -->\n\t\t\t\t<\/a>\n\t\t\t\t\t\t\t<meta itemprop=\"width\" content=\"1024\" \/>\n\t\t\t<meta itemprop=\"height\" content=\"682\" \/>\n\t\t\t\t<a\n\t\t\thref=\"https:\/\/babiedoly.com\/wp-content\/uploads\/2026\/02\/domki-Babie-Doly-zima-2026-4-1.webp\"\n\t\t\t\t\t\tdata-fancybox=\"images\" \n\t\t\ttitle=\"domki Babie Doly zima 2026 (4) (1)\" \n\t\t\t\t\t\tdata-caption=\"\"\n\t\t\t\t\t\tdata-description=\"\" \n\t\t\titemprop=\"contentUrl\">\n\t\t\t<img loading=\"lazy\" decoding=\"async\" src=\"https:\/\/babiedoly.com\/wp-content\/uploads\/2026\/02\/domki-Babie-Doly-zima-2026-4-1-768x1024.webp\" alt=\"domki Babie Doly zima 2026\" data-no-lazy=\"1\" itemprop=\"thumbnail\" width=\"768\" height=\"1024\" \/>\n\t\t\t<!-- Overlay Wrapper -->\n\t\t\t <!-- Overlay Wrapper Closed -->\n\t\t\t\t<\/a>\n\t\t\t\t\t\t\t<meta itemprop=\"width\" content=\"768\" \/>\n\t\t\t<meta itemprop=\"height\" content=\"1024\" \/>\n\t\t\t\t<a\n\t\t\thref=\"https:\/\/babiedoly.com\/wp-content\/uploads\/2026\/01\/Sauna-Domki-Babie-Doly-18.webp\"\n\t\t\t\t\t\tdata-fancybox=\"images\" \n\t\t\ttitle=\"Sauna Domki Babie Doly (18)\" \n\t\t\t\t\t\tdata-caption=\"\"\n\t\t\t\t\t\tdata-description=\"\" \n\t\t\titemprop=\"contentUrl\">\n\t\t\t<img loading=\"lazy\" decoding=\"async\" src=\"https:\/\/babiedoly.com\/wp-content\/uploads\/2026\/01\/Sauna-Domki-Babie-Doly-18-768x1024.webp\" alt=\"\" data-no-lazy=\"1\" itemprop=\"thumbnail\" width=\"768\" height=\"1024\" \/>\n\t\t\t<!-- Overlay Wrapper -->\n\t\t\t <!-- Overlay Wrapper Closed -->\n\t\t\t\t<\/a>\n\t\t\t\t\t\t\t<meta itemprop=\"width\" content=\"768\" \/>\n\t\t\t<meta itemprop=\"height\" content=\"1024\" \/>\n\t\t\t\t<a\n\t\t\thref=\"https:\/\/babiedoly.com\/wp-content\/uploads\/2026\/01\/Sauna-Domki-Babie-Doly-17.webp\"\n\t\t\t\t\t\tdata-fancybox=\"images\" \n\t\t\ttitle=\"Sauna Domki Babie Doly (17)\" \n\t\t\t\t\t\tdata-caption=\"\"\n\t\t\t\t\t\tdata-description=\"\" \n\t\t\titemprop=\"contentUrl\">\n\t\t\t<img loading=\"lazy\" decoding=\"async\" src=\"https:\/\/babiedoly.com\/wp-content\/uploads\/2026\/01\/Sauna-Domki-Babie-Doly-17-768x1024.webp\" alt=\"\" data-no-lazy=\"1\" itemprop=\"thumbnail\" width=\"768\" height=\"1024\" \/>\n\t\t\t<!-- Overlay Wrapper -->\n\t\t\t <!-- Overlay Wrapper Closed -->\n\t\t\t\t<\/a>\n\t\t\t\t\t\t\t<meta itemprop=\"width\" content=\"768\" \/>\n\t\t\t<meta itemprop=\"height\" content=\"1024\" \/>\n\t\t\t\t<a\n\t\t\thref=\"https:\/\/babiedoly.com\/wp-content\/uploads\/2026\/01\/Sauna-Domki-Babie-Doly-16.webp\"\n\t\t\t\t\t\tdata-fancybox=\"images\" \n\t\t\ttitle=\"Sauna Domki Babie Doly (16)\" \n\t\t\t\t\t\tdata-caption=\"\"\n\t\t\t\t\t\tdata-description=\"\" \n\t\t\titemprop=\"contentUrl\">\n\t\t\t<img loading=\"lazy\" decoding=\"async\" src=\"https:\/\/babiedoly.com\/wp-content\/uploads\/2026\/01\/Sauna-Domki-Babie-Doly-16-768x1024.webp\" alt=\"Wn\u0119trze sauny fi\u0144skiej wykonane z jasnego drewna \u015bwierkowego z dwupoziomowymi \u0142awami i piecem elektrycznym wype\u0142nionym kamieniami\" data-no-lazy=\"1\" itemprop=\"thumbnail\" width=\"768\" height=\"1024\" \/>\n\t\t\t<!-- Overlay Wrapper -->\n\t\t\t <!-- Overlay Wrapper Closed -->\n\t\t\t\t<\/a>\n\t\t\t\t\t\t\t<meta itemprop=\"width\" content=\"768\" \/>\n\t\t\t<meta itemprop=\"height\" content=\"1024\" \/>\n\t\t\t\t<a\n\t\t\thref=\"https:\/\/babiedoly.com\/wp-content\/uploads\/2026\/01\/Sauna-Domki-Babie-Doly-7.webp\"\n\t\t\t\t\t\tdata-fancybox=\"images\" \n\t\t\ttitle=\"Sauna Domki Babie Doly (7)\" \n\t\t\t\t\t\tdata-caption=\"\"\n\t\t\t\t\t\tdata-description=\"\" \n\t\t\titemprop=\"contentUrl\">\n\t\t\t<img loading=\"lazy\" decoding=\"async\" src=\"https:\/\/babiedoly.com\/wp-content\/uploads\/2026\/01\/Sauna-Domki-Babie-Doly-7-768x1024.webp\" alt=\"Przytulna, o\u015bwietlona ciep\u0142ym \u015bwiat\u0142em sauna ogrodowa wieczorow\u0105 por\u0105, widoczna przez przeszklone drzwi na tle za\u015bnie\u017conego ogrodu\" data-no-lazy=\"1\" itemprop=\"thumbnail\" width=\"768\" height=\"1024\" \/>\n\t\t\t<!-- Overlay Wrapper -->\n\t\t\t <!-- Overlay Wrapper Closed -->\n\t\t\t\t<\/a>\n\t\t\t\t\t\t\t<meta itemprop=\"width\" content=\"768\" \/>\n\t\t\t<meta itemprop=\"height\" content=\"1024\" \/>\n\t\t\t\t<a\n\t\t\thref=\"https:\/\/babiedoly.com\/wp-content\/uploads\/2026\/01\/Sauna-Domki-Babie-Doly-1.webp\"\n\t\t\t\t\t\tdata-fancybox=\"images\" \n\t\t\ttitle=\"Sauna Domki Babie Doly (1)\" \n\t\t\t\t\t\tdata-caption=\"\"\n\t\t\t\t\t\tdata-description=\"\" \n\t\t\titemprop=\"contentUrl\">\n\t\t\t<img loading=\"lazy\" decoding=\"async\" src=\"https:\/\/babiedoly.com\/wp-content\/uploads\/2026\/01\/Sauna-Domki-Babie-Doly-1-768x1024.webp\" alt=\"\" data-no-lazy=\"1\" itemprop=\"thumbnail\" width=\"768\" height=\"1024\" \/>\n\t\t\t<!-- Overlay Wrapper -->\n\t\t\t <!-- Overlay Wrapper Closed -->\n\t\t\t\t<\/a>\n\t\t\t\t\t\t\t<meta itemprop=\"width\" content=\"768\" \/>\n\t\t\t<meta itemprop=\"height\" content=\"1024\" \/>\n\t<h2>Standort<\/h2>\n<p>Die Ferienh\u00e4user befinden sich in Babie Do\u0142y, einem ruhigen Stadtteil von Gdynia. Ein idealer Ort f\u00fcr gem\u00fctliche Spazierg\u00e4nge inmitten der Natur. <\/p>\n<p>Es gibt au\u00dferdem zahlreiche Einkaufsm\u00f6glichkeiten und urbanen Charme. Das Stadtzentrum von Gdynia ist 8 Kilometer entfernt &#8211; etwa 12 Autominuten. Sopot ist in weniger als einer halben Stunde zu erreichen, und Danzig liegt etwas weiter entfernt. Wir empfehlen einen Besuch aller drei Stadtzentren &#8211; sie sind im Winter besonders reizvoll, wenn weniger Touristen kommen und die Atmosph\u00e4re der St\u00e4dte intensiver ist. Um Weihnachten und Silvester nimmt der Verkehr zu, da dann St\u00e4nde und Weihnachtsm\u00e4rkte die Stra\u00dfen f\u00fcllen.     <\/p>\n\t\t\t\t<a href=\"https:\/\/babiedoly.com\/wp-content\/uploads\/2021\/07\/Domki-nad-morzem-plaza-Gdynia1.jpg\" target=\"_self\" itemprop=\"url\">\n\t\t\t\t<img loading=\"lazy\" decoding=\"async\" src=\"https:\/\/babiedoly.com\/wp-content\/uploads\/2021\/07\/Domki-nad-morzem-plaza-Gdynia1.jpg\" alt=\"Ferienh\u00e4user am Meer, Strand, Gdynia babiedoly.com\" itemprop=\"image\" height=\"933\" width=\"1400\" title=\"Ferienh\u00e4user am Meer, Strand, Gdynia babiedoly.com\" onerror=\"this.style.display='none'\"  \/>\n\t\t\t\t<\/a>\n<h4>\n\t\tBitte kontaktieren Sie uns oder nehmen Sie \u00fcber das Formular eine Reservierung vor.\n\t<\/h4>\n\t\t\t\t<a href=\"https:\/\/babiedoly.com\/wp-content\/uploads\/2021\/07\/jasne-przytulne-pokoje-w-domkach-letniskowych.jpg\" target=\"_self\" itemprop=\"url\">\n\t\t\t\t<img loading=\"lazy\" decoding=\"async\" src=\"https:\/\/babiedoly.com\/wp-content\/uploads\/2021\/07\/jasne-przytulne-pokoje-w-domkach-letniskowych.jpg\" alt=\"helle, gem\u00fctliche Zimmer in Sommerh\u00e4usern babiedoly.com\" itemprop=\"image\" height=\"600\" width=\"900\" title=\"helle, gem\u00fctliche Zimmer in Sommerh\u00e4usern babiedoly.com\" onerror=\"this.style.display='none'\"  \/>\n\t\t\t\t<\/a>\n\t<h3>Vereinbaren Sie einen Termin<\/h3>\n<p>Prosty system rezerwacji &#8211; wybierz odpowiadaj\u0105cy Wam termin pobytu, i z\u0142\u00f3\u017c rezerwacj\u0119.<\/p>\n<p>Sie k\u00f6nnen uns jederzeit anrufen und nach Einzelheiten fragen.<\/p>\n<p>Wir empfehlen Ihnen, Ihren Aufenthalt mindestens 3 Monate im Voraus zu buchen &#8211; die verf\u00fcgbaren Pl\u00e4tze sind schnell ausgebucht.<\/p>\n\t<h2>Was kann man im Winter in der Dreistadt und ihrer Umgebung unternehmen?<\/h2>\n<p>Danzig und die gesamte Dreistadt bilden eine gro\u00dfe Metropolregion, daher ist der Winter eine gro\u00dfartige Reisezeit. Das bedeutet auch, dass zahlreiche Attraktionen f\u00fcr Touristen bereitstehen: <\/p>\n<ul>\n<li>Kreuzfahrtschiff<\/li>\n<li>gef\u00fchrte Stadtrundfahrt<\/li>\n<li>Besuch von Restaurants mit lokaler K\u00fcche<\/li>\n<li>Souvenirl\u00e4den sind ebenfalls immer ge\u00f6ffnet<\/li>\n<li>otwarte lodowiska !<\/li>\n<\/ul>\n\t\t\t\t<a href=\"https:\/\/babiedoly.com\/wp-content\/uploads\/2022\/02\/Rajska-plaza-nad-Baltykiem-odwiedz-BabieDoly-com.jpg\" target=\"_self\" itemprop=\"url\">\n\t\t\t\t<img loading=\"lazy\" decoding=\"async\" src=\"https:\/\/babiedoly.com\/wp-content\/uploads\/2022\/02\/Rajska-plaza-nad-Baltykiem-odwiedz-BabieDoly-com.jpg\" alt=\"Paradiesstrand an der Ostsee - besuchen Sie unsere Ferienh\u00e4user.\" itemprop=\"image\" height=\"933\" width=\"1400\" title=\"Paradiesstrand an der Ostsee - besuchen Sie babiedoly.com\" onerror=\"this.style.display='none'\"  \/>\n\t\t\t\t<\/a>\n\t\t\t\t<a href=\"https:\/\/babiedoly.com\/wp-content\/uploads\/2021\/07\/wyposazenie-domkow-letniskowych-5.jpg\" target=\"_self\" itemprop=\"url\">\n\t\t\t\t<img loading=\"lazy\" decoding=\"async\" src=\"https:\/\/babiedoly.com\/wp-content\/uploads\/2021\/07\/wyposazenie-domkow-letniskowych-5.jpg\" alt=\"Ferienhausausstattung babiedoly.com\" itemprop=\"image\" height=\"1000\" width=\"1000\" title=\"Ferienhausausstattung babiedoly.com\" onerror=\"this.style.display='none'\"  \/>\n\t\t\t\t<\/a>\n\t\t\t\t\t<a href=\"#\" id=\"fl-accordion--label-0\" tabindex=\"0\" aria-controls=\"fl-accordion--panel-0\">Ausgew\u00e4hlte Angebote auf unserer Website<\/a>\n\t\t\t\t\t\t\t\t\t\t\t<a href=\"#\" id=\"fl-accordion--icon-0\" tabindex=\"-1\"><i>Expand<\/i><\/a>\n\t\t\t\t\t<a href=\"https:\/\/babiedoly.com\/de\/ferienhaeuser-an-der-ostsee\/\">Ferienh\u00e4user an der Ostsee in Polen<\/a><br \/>\n<a href=\"https:\/\/babiedoly.com\/de\/ferienhaeuser-am-meer-preisliste\/\">Preisliste f\u00fcr Ferienunterk\u00fcnfte Ferienh\u00e4user am Meer in Polen<\/a><br \/>\n<a href=\"https:\/\/babiedoly.com\/de\/dreistadt-ferienhaeuser\/\">Ferienh\u00e4user in der Dreistadt, Polen &#8211; F\u00fchlen Sie sich wie zu Hause<\/a><br \/>\n<a href=\"https:\/\/babiedoly.com\/de\/ferienhaeuser\/\">Ferienh\u00e4user in Polen<\/a><br \/>\n<a href=\"https:\/\/babiedoly.com\/de\/ferienhaeuser-gdynia\/\">Ferienh\u00e4user in Gdynia<\/a><br \/>\n<a href=\"https:\/\/babiedoly.com\/de\/holzferienhaeuser-fuer-familien\/\">Winterh\u00e4user aus Holz f\u00fcr Familien mit Kindern in Polen<\/a><br \/>\n<a href=\"https:\/\/babiedoly.com\/de\/gdynia-ferienhaeuser-in-meeresnaehe-in-polen\/\">Ferienh\u00e4user in Gdynia am Meer in Polen<\/a><br \/>\n<a href=\"https:\/\/babiedoly.com\/de\/gdynia-strandferienhaeuser-zu-vermieten\/\">Ferienh\u00e4user direkt am Strand in Gdynia, Polen<\/a><br \/>\n<a href=\"https:\/\/babiedoly.com\/de\/gdynia-unterkunft\/\">Unterk\u00fcnfte in Gdynia &#8211; Holzh\u00e4user am Meer in Polen<\/a><br \/>\n<a href=\"https:\/\/babiedoly.com\/de\/herbst-wochenendausflug\/\">Wochenendausfl\u00fcge im Herbst in Polen<\/a><br \/>\n<a href=\"https:\/\/babiedoly.com\/de\/wohin-an-einem-wochenende-im-herbst-winter-polen\/\">Wochenendausfl\u00fcge im Herbst und Winter in Polen<\/a><br \/>\n<a href=\"https:\/\/babiedoly.com\/de\/wohin-an-einem-wochenende-im-fruehling\/\">Wochenendausfl\u00fcge im Fr\u00fchling &#8211; Ferienh\u00e4user am Meer<\/a><br \/>\n<a href=\"https:\/\/babiedoly.com\/de\/wohin-am-wochenende\/\">Wohin f\u00fcr ein Wochenende in Polen? Oder vielleicht einfach nur zwei Tage zum Entspannen und Abschalten?<\/a><br \/>\n<a href=\"https:\/\/babiedoly.com\/de\/wo-ein-winterwochenende-verbringen\/\">Winterwochenendausfl\u00fcge in Polen<\/a><br \/>\n<a href=\"https:\/\/babiedoly.com\/de\/ferienhaeuser-am-meer-polen\/\">Ferienh\u00e4user am Meer in Babie Do\u0142y, Polen<\/a>\n\t<h3>Dies ist nur die Spitze des Eisbergs &#8211; den Bewohnern stehen dar\u00fcber hinaus zahlreiche weitere Attraktionen zur Verf\u00fcgung:<\/h3>\n<p>Wir empfehlen:<\/p>\n<ul>\n<li>Besuchen Sie Museen: insbesondere das Bernsteinmuseum im Zentrum von Danzig, das Museum des Zweiten Weltkriegs, das Solidarno\u015b\u0107-Museum und das Nationalmuseum.<\/li>\n<li>Zu den sehenswerten Orten geh\u00f6ren: das Aquarium von Gdynia, die Museumsschiffe von Gdynia und das Marinemuseum von Gdynia, das Experimental Science Centre in Gdynia und die Monte Cassino Stra\u00dfe in Sopot. <\/li>\n<li>Machen Sie sich mit dem Repertoire der \u00f6rtlichen Theater oder des Gdynia Musical Theatre vertraut. Letzteres erfordert leider Reservierungen viele Monate im Voraus. <\/li>\n<\/ul>\n<p>Sopot und Gdynia sind sehr friedliche Orte. Fernab vom Trubel bieten sie eine frische Meeresbrise und viel Gr\u00fcn. Selbst im Winter sp\u00fcrt man hier die Ruhe, besonders wenn die St\u00e4dte nicht von Touristen \u00fcberlaufen sind.  <\/p>\n<p>In Danzig empfehlen wir Ihnen, Ihre Stadtbesichtigung in der Altstadt zu beginnen. Die wundersch\u00f6ne D\u0142uga-Stra\u00dfe endet am Fluss Mot\u0142awa. Ein Spaziergang entlang der Stra\u00dfe lohnt sich, um dann in eine der Seitenstra\u00dfen abzubiegen und die historischen Stadth\u00e4user, die ganzj\u00e4hrig ge\u00f6ffneten Bernsteingesch\u00e4fte und andere Sehensw\u00fcrdigkeiten zu bewundern.  <\/p>\n<p>Danzig ist auch ein Reiseziel f\u00fcr Liebhaber sakraler Kunst. Gotische Architektur pr\u00e4gt das Stadtbild, und ein Besuch der Marienkirche ist ein absolutes Muss. Der Ausblick vom Turm ist atemberaubend.  <\/p>\n<p><a href=\"https:\/\/babiedoly.com\/de\/holzferienhaeuser-fuer-familien\/\"><em>Holzh\u00e4user f\u00fcr Familien mit Kindern<\/em><\/a><\/p>\n\t<h2>Es ist auch ein guter Ort f\u00fcr Winterurlaube &#8211; wir haben einen gro\u00dfen Spielplatz (Fr\u00fchlingsfotos).<\/h2>\n<p>Der gro\u00dfe Spielplatz bietet Kindern die M\u00f6glichkeit, viel Zeit im Freien zu verbringen. Auch wenn einige Aktivit\u00e4ten im Winter schwierig sind, k\u00f6nnen sie die verbleibenden dennoch genie\u00dfen. <\/p>\n<ul>\n<li>Auf unserem gro\u00dfen Grundst\u00fcck k\u00f6nnen Sie bei jedem Schneefall mehr als einen Schneemann bauen.<\/li>\n<li>Au\u00dferdem gibt es Tore, H\u00fcrden und einen Tunnel mit Kletterwand.<\/li>\n<li>Die kompletten Spielger\u00e4te sind auf den Fotos zu sehen (Sommerversion).<\/li>\n<\/ul>\n\t\t\t\t<a href=\"https:\/\/babiedoly.com\/wp-content\/uploads\/2021\/07\/teren-do-zabawy-dla-dzieci-Gdynia-babie-doly.jpg\" target=\"_self\" itemprop=\"url\">\n\t\t\t\t<img loading=\"lazy\" decoding=\"async\" src=\"https:\/\/babiedoly.com\/wp-content\/uploads\/2021\/07\/teren-do-zabawy-dla-dzieci-Gdynia-babie-doly.jpg\" alt=\"Kinderspielplatz Gdynia babie doly babiedoly.com\" itemprop=\"image\" height=\"720\" width=\"900\" title=\"Kinderspielplatz Gdynia babie doly babiedoly.com\" onerror=\"this.style.display='none'\"  \/>\n\t\t\t\t<\/a>\n\t<p><strong>Eine kurze Zusammenfassung<\/strong><\/p>\n<p>Ein Winterurlaub wird Ihnen mit Sicherheit neue Energie schenken, w\u00e4hrend Sie die sch\u00f6nsten Orte der Dreistadt und ihrer Umgebung erkunden. An einem Wochenende werden Sie zwar nicht viel sehen, aber Sie k\u00f6nnen bestimmt ein paar Spazierg\u00e4nge unternehmen und vielleicht sogar Gdynia besuchen. <\/p>\n<p>Nasze domki s\u0105 nowe, ciep\u0142e i komfortowe. Oferujemy liczne udogodnienia, aby\u015bcie nie musieli Pa\u0144stwo ze sob\u0105 zabiera\u0107 niepotrzebnych talerzy i misek \ud83d\ude42 <\/p>\n<p>Bitte kontaktieren Sie uns, und wir werden alle Zweifel ausr\u00e4umen.<\/p>\n\t\t\t\t\t\t\t<img decoding=\"async\" src=\"https:\/\/demo.wpbeaveraddons.com\/wp-content\/uploads\/2017\/10\/mobile-icon.png\" alt=\"\" \/>\n\t\t\t\t\t\t\t\t\t\t\t\n\t\t\t\t\t<p><a href=\"tel:0048690197987\">+48 690 197 987<\/a><br \/><a href=\"mailto:domki@2mpro.pl\">domki@2mpro.pl<\/a><br \/><a href=\"https:\/\/wa.me\/0048690197987\" target=\"_blank\" rel=\"noopener\">WhatsApp <img loading=\"lazy\" decoding=\"async\" src=\"https:\/\/babiedoly.com\/wp-content\/uploads\/2026\/03\/whatsapp.webp\" alt=\"whatsapp\" width=\"25\" height=\"29\"\/><\/a> <\/p>\n\t\t\t<a href=\"https:\/\/share.google\/Ifk0boLsw69kfMzKq\" target=\"_blank\" rel=\"noopener\">\n\t\t\t\t\t\t\t<img decoding=\"async\" src=\"https:\/\/demo.wpbeaveraddons.com\/wp-content\/uploads\/2017\/10\/map-icon.png\" alt=\"\" \/>\n\t\t\t\t\t\t\t\t\t\t\t\n\t\t\t\t\t<p>Rybak\u00f3w 32D, <br \/>81-197 Gdynia, Polen<\/p>\t\t\t\t\n\t\t<\/a>\n\t\u00a9 2020-2026 r. <a href=\"https:\/\/babiedoly.com\/de\/datenschutzerklaerung\/\">Datenschutzrichtlinie und Verarbeitung personenbezogener Daten<\/a><br \/>\nUmsetzung: <a href=\"https:\/\/brandrei.com\/\" target=\"_blank\" rel=\"noopener\">Brandrei.com<\/a> oraz <a href=\"https:\/\/finemarketing.pl\/\" target=\"_blank\" rel=\"noopener\">Fine Marketing<\/a><br \/>\nAlle Fotos urheberrechtlich gesch\u00fctzt\n<p><a href=\"https:\/\/babiedoly.com\/de\/ganzjaehrige-unterkunft-am-meer-polen\/\">Ganzj\u00e4hrig nutzbare Ferienh\u00e4user in Gdynia ansehen<\/a><\/p>\n\n","protected":false},"excerpt":{"rendered":"<p>Wo man in Polen im Winter ein Wochenende verbringen kann Wir bieten Aufenthalte in beheizten Sommerh\u00e4usern an, in denen Sie ein Winterwochenende komfortabel verbringen k\u00f6nnen. Unsere Ferienh\u00e4user befinden sich in einem ruhigen Viertel von Gdynia &#8211; Babie Do\u0142y. Die Meereseinfahrt ist nur 150 Meter entfernt. Von dort aus kann man majest\u00e4tische Klippen und eine alte&hellip;<\/p>\n","protected":false},"author":1,"featured_media":2239,"parent":0,"menu_order":0,"comment_status":"closed","ping_status":"closed","template":"tpl-no-header-footer.php","meta":{"footnotes":""},"class_list":["post-2511","page","type-page","status-publish","has-post-thumbnail","hentry"],"_links":{"self":[{"href":"https:\/\/babiedoly.com\/de\/wp-json\/wp\/v2\/pages\/2511","targetHints":{"allow":["GET"]}}],"collection":[{"href":"https:\/\/babiedoly.com\/de\/wp-json\/wp\/v2\/pages"}],"about":[{"href":"https:\/\/babiedoly.com\/de\/wp-json\/wp\/v2\/types\/page"}],"author":[{"embeddable":true,"href":"https:\/\/babiedoly.com\/de\/wp-json\/wp\/v2\/users\/1"}],"replies":[{"embeddable":true,"href":"https:\/\/babiedoly.com\/de\/wp-json\/wp\/v2\/comments?post=2511"}],"version-history":[{"count":2,"href":"https:\/\/babiedoly.com\/de\/wp-json\/wp\/v2\/pages\/2511\/revisions"}],"predecessor-version":[{"id":3609,"href":"https:\/\/babiedoly.com\/de\/wp-json\/wp\/v2\/pages\/2511\/revisions\/3609"}],"wp:featuredmedia":[{"embeddable":true,"href":"https:\/\/babiedoly.com\/de\/wp-json\/wp\/v2\/media\/2239"}],"wp:attachment":[{"href":"https:\/\/babiedoly.com\/de\/wp-json\/wp\/v2\/media?parent=2511"}],"curies":[{"name":"wp","href":"https:\/\/api.w.org\/{rel}","templated":true}]}}