{"id":2485,"date":"2022-08-25T08:19:35","date_gmt":"2022-08-25T06:19:35","guid":{"rendered":"https:\/\/babiedoly.com\/caloroczne-domki-letniskowe\/"},"modified":"2026-04-10T14:40:02","modified_gmt":"2026-04-10T12:40:02","slug":"4-personen-ferienhaus-am-meer","status":"publish","type":"page","link":"https:\/\/babiedoly.com\/de\/4-personen-ferienhaus-am-meer\/","title":{"rendered":"Moderne Ferienh\u00e4user in Polen \u2013 ganzj\u00e4hrig zu vermieten"},"content":{"rendered":"\n\n\t<h1>Moderne Ferienh\u00e4user in Polen &#8211; ganzj\u00e4hrig zu vermieten<\/h1>\n<p>Wir laden Sie ein, unsere modernen Ferienh\u00e4user in Babie Do\u0142y zu mieten.<\/p>\n<p>Dieser K\u00fcstenabschnitt in Gdynia eignet sich f\u00fcr Besuche das ganze Jahr \u00fcber.<\/p>\n<p>Ein Urlaub am Meer in einem Sommerhaus ist eine gro\u00dfartige M\u00f6glichkeit, fast jedes Wetter zu genie\u00dfen und der Stadt zu entfliehen.<\/p>\n<p>Wir bieten Ihnen drei Ferienh\u00e4user zur Auswahl, von denen jedes etwas Einzigartiges bietet.<\/p>\n<p>Ob Sie einen ruhigen Ort zum Entspannen, eine Location f\u00fcr eine Feier oder ein Ferienhaus f\u00fcr einen Aufenthalt mit Freunden suchen &#8211; bei uns finden Sie die passende Unterkunft f\u00fcr einen kurzen oder l\u00e4ngeren Aufenthalt. Wir garantieren Ihnen einen komfortablen Aufenthalt fernab von L\u00e4rm und Hektik. <\/p>\n<p>Bitte besuchen Sie den <a href=\"https:\/\/babiedoly.com\/de\/reservierungen\/\" target=\"_blank\" rel=\"noopener noreferrer\"><strong>Buchungsbereich<\/strong><\/a>, um verf\u00fcgbare Termine zu finden.<\/p>\n\t\t\t\t<a href=\"https:\/\/babiedoly.com\/wp-content\/uploads\/2022\/02\/jest-u-nas-co-robic-Domki-letniskowe-BabieDoly-com.jpg\" target=\"_self\" itemprop=\"url\">\n\t\t\t\t<img loading=\"lazy\" decoding=\"async\" src=\"https:\/\/babiedoly.com\/wp-content\/uploads\/2022\/02\/jest-u-nas-co-robic-Domki-letniskowe-BabieDoly-com.jpg\" alt=\"Hier gibt es etwas zu unternehmen: Ferienh\u00e4user Babie Do\u0142y\" itemprop=\"image\" height=\"933\" width=\"1400\" title=\"Hier in den Ferienh\u00e4usern von Babie Do\u0142y - babiedoly.com - gibt es viel zu unternehmen.\" onerror=\"this.style.display='none'\"  \/>\n\t\t\t\t<\/a>\n\t<h2>Moderne Ferienh\u00e4user zu vermieten<\/h2>\n<p>Jedes Ferienhaus verf\u00fcgt \u00fcber alle notwendigen Annehmlichkeiten: eine K\u00fcchenzeile, Fernseher, Internetanschluss, Badezimmer und ein separates Schlafzimmer. Jedes Ferienhaus besticht durch sein individuelles Design &#8211; die Ferienh\u00e4user wurden Ende 2020 erbaut. <\/p>\n<p>Wir bieten Ihnen farbenfrohe, komplette Sets an K\u00fcchenger\u00e4ten, Besteck, Mikrowelle, Pfannenwendern und Essbesteck &#8211; perfekt f\u00fcr ein romantisches Essen oder ein nahrhaftes Fr\u00fchst\u00fcck f\u00fcr die ganze Familie.<\/p>\n<p>Jedes Ferienhaus verf\u00fcgt \u00fcber ein ger\u00e4umiges Wohnzimmer und eine kleine Terrasse. Das Wohnzimmer ist mit einer K\u00fcchenzeile verbunden. <\/p>\n<p>Das dritte, gro\u00dfe Sommerhaus steht seinerseits nur im Sommer und zu besonderen Anl\u00e4ssen zur Verf\u00fcgung &#8211; es hat zwei Etagen und bietet Platz f\u00fcr 8 Personen.<\/p>\n\t<h3>Perfekte Lage:<\/h3>\n<p>Ein Urlaub am Meer in einem Ferienhaus ist die perfekte Art, sich zu entspannen und die Landschaft zu genie\u00dfen. Unsere charmanten neuen Ferienh\u00e4user bieten alles, was Sie f\u00fcr einen komfortablen Aufenthalt ben\u00f6tigen, und die Aussicht ist atemberaubend. <\/p>\n<p>Ob romantischer Kurzurlaub oder Familienurlaub &#8211; ein Ferienhaus am Meer wird Ihnen sicher gefallen.<\/p>\n<p>Verbringen Sie Ihren Urlaub im Freien nicht nur mit Spazierg\u00e4ngen in der Umgebung, sondern auch auf unserem Grundst\u00fcck. Inmitten der Natur bieten wir einen Grillpavillon, zahlreiche Spielger\u00e4te f\u00fcr Kinder, eine Schaukel f\u00fcr Erwachsene und eine Feuerstelle. <\/p>\n<p>Ein modernes Sommerhaus mag nicht die anspruchsvollsten Kunden zufriedenstellen, aber es ist sicherlich eine gute Option f\u00fcr Menschen, die ihre Zeit komfortabel mit Freunden verbringen m\u00f6chten.<\/p>\n\t\t\t\t<a href=\"https:\/\/babiedoly.com\/wp-content\/uploads\/2022\/02\/okolica-domkow-letniskowych-nasz-ogrod-BabieDoly-com.jpg\" target=\"_self\" itemprop=\"url\">\n\t\t\t\t<img loading=\"lazy\" decoding=\"async\" src=\"https:\/\/babiedoly.com\/wp-content\/uploads\/2022\/02\/okolica-domkow-letniskowych-nasz-ogrod-BabieDoly-com.jpg\" alt=\"Bereich um die Sommerh\u00e4user - unser Garten\" itemprop=\"image\" height=\"933\" width=\"1400\" title=\"Umgebung der Sommerh\u00e4user - unser Garten - babiedoly.com\" onerror=\"this.style.display='none'\"  \/>\n\t\t\t\t<\/a>\n\t\t\t\t<a href=\"https:\/\/babiedoly.com\/wp-content\/uploads\/2022\/02\/Bogate-wnetrze-domkow-letniskowych-w-Gdyni-BabieDoly-com_1.jpg\" target=\"_self\" itemprop=\"url\">\n\t\t\t\t<img loading=\"lazy\" decoding=\"async\" src=\"https:\/\/babiedoly.com\/wp-content\/uploads\/2022\/02\/Bogate-wnetrze-domkow-letniskowych-w-Gdyni-BabieDoly-com_1.jpg\" alt=\"Die prunkvolle Innenausstattung der Sommerh\u00e4user in Gdynia\" itemprop=\"image\" height=\"933\" width=\"1400\" title=\"Die prachtvolle Inneneinrichtung von Sommerh\u00e4usern in Gdynia - babyedoly.com\" onerror=\"this.style.display='none'\"  \/>\n\t\t\t\t<\/a>\n\t<h3>Ferienh\u00e4user f\u00fcr bis zu 6 Personen pro Haus &#8211; Ausstattung ansehen<\/h3>\n<p>Bei der Suche nach einem Ferienhaus f\u00fcr den Sommer sollten Sie verschiedene Ausstattungsmerkmale ber\u00fccksichtigen. \u00dcberlegen Sie sich zun\u00e4chst, welche Art von Atmosph\u00e4re Sie bevorzugen. Ein abgelegenes Strandhaus bietet ein ganz anderes Erlebnis als eines in der N\u00e4he der Strandpromenade.  <\/p>\n<p>Unsere Ferienh\u00e4user liegen auf einem privaten Grundst\u00fcck, abseits von gro\u00dfen Ferienanlagen. Von hier aus f\u00fchrt ein direkter Weg zum Strand. <\/p>\n<p>Sobald Sie sich f\u00fcr einen Ort entschieden haben, empfehlen wir Ihnen, sich \u00fcber die angebotenen Aktivit\u00e4ten zu informieren, insbesondere zu der jeweiligen Jahreszeit.<\/p>\n<p>Wenn Sie mit kleinen Kindern reisen, suchen Sie am besten nach einer Unterkunft mit Pool oder in Strandn\u00e4he. Falls Sie gerne kochen, wird Ihnen unsere gut ausgestattete K\u00fcchenzeile helfen, auch wenn Ihnen vielleicht Ihre Lieblingsk\u00fcchenutensilien fehlen. <\/p>\n<p><a href=\"https:\/\/babiedoly.com\/de\/ganzjaehrige-unterkunft-am-meer-polen\/\"><em>Ferienh\u00e4user, die ganzj\u00e4hrig ge\u00f6ffnet sind<\/em><\/a><\/p>\n<p><em>Nichts geht \u00fcber eine <a href=\"https:\/\/babiedoly.com\/de\/ganzjaehrige-ferienhaeuser\/\">Unterkunft das ganze Jahr \u00fcber.<\/a><\/em><\/p>\n<p>Vergessen Sie schlie\u00dflich nicht die kleinen Dinge, die Ihren Urlaub deutlich angenehmer machen k\u00f6nnen. Stellen Sie sicher, dass gen\u00fcgend Parkpl\u00e4tze f\u00fcr Ihr Auto oder Boot vorhanden sind und dass die Vermietungsfirma WLAN und Kabelfernsehen anbietet. <\/p>\n\tEin Sommerurlaub am Strand ist die beste Art, sich zu entspannen und das warme Wetter zu genie\u00dfen. Es gibt unz\u00e4hlige Aktivit\u00e4ten, die f\u00fcr Abwechslung sorgen, vom Schwimmen und Sonnenbaden bis hin zum Erkunden der Umgebung. Und nat\u00fcrlich gibt es nichts Sch\u00f6neres, als mit einem guten Buch und einem k\u00fchlen Getr\u00e4nk zu entspannen und dem Rauschen und dem Duft des Meeres zu lauschen.  \n<p>Zu anderen Jahreszeiten gibt es zwar weniger Attraktionen, diese sind aber von ganz anderer Qualit\u00e4t. Vor allem herrscht Ruhe und Frieden, da die Touristenzahlen deutlich sinken. Wandern wird so zum Vergn\u00fcgen &#8211; ob an der K\u00fcste, im Wald oder sogar auf den Boulevards der Dreistadt.  <\/p>\n<p><a href=\"https:\/\/babiedoly.com\/domki-wypoczynkowe-gdynia\/\"><em>Domki wypoczynkowe Gdynia<\/em><\/a><\/p>\n\t\t\t\t<a href=\"https:\/\/babiedoly.com\/wp-content\/uploads\/2021\/07\/domki-letniskowe-przyjazne-dzieciom.jpg\" target=\"_self\" itemprop=\"url\">\n\t\t\t\t<img loading=\"lazy\" decoding=\"async\" src=\"https:\/\/babiedoly.com\/wp-content\/uploads\/2021\/07\/domki-letniskowe-przyjazne-dzieciom.jpg\" alt=\"kinderfreundliche Ferienh\u00e4user babiedoly.com\" itemprop=\"image\" height=\"600\" width=\"900\" title=\"kinderfreundliche Ferienh\u00e4user babiedoly.com\" onerror=\"this.style.display='none'\"  \/>\n\t\t\t\t<\/a>\n\t\t\t\t\t<a href=\"#\" id=\"fl-accordion--label-0\" tabindex=\"0\" aria-controls=\"fl-accordion--panel-0\">Ausgew\u00e4hlte Angebote auf unserer Website<\/a>\n\t\t\t\t\t\t\t\t\t\t\t<a href=\"#\" id=\"fl-accordion--icon-0\" tabindex=\"-1\"><i>Expand<\/i><\/a>\n\t\t\t\t\t<a href=\"https:\/\/babiedoly.com\/de\/mai-wochenende-am-meer-in-gdynia\/\">Wochenende am Meer im Mai in Polen<\/a><br \/>\n<a href=\"https:\/\/babiedoly.com\/de\/orte-in-polen-fuer-einen-wochenendausflug-zu-zweit\/\">Tolle Orte in Polen f\u00fcr einen Wochenendausflug zu zweit<\/a><br \/>\n<a href=\"https:\/\/babiedoly.com\/de\/unterkunft-am-meer-touristen-gutschein\/\">Unterk\u00fcnfte am Meer in Polen &#8211; Touristengutschein<\/a><br \/>\n<a href=\"https:\/\/babiedoly.com\/de\/\">Neue Ferienh\u00e4user ganzj\u00e4hrig verf\u00fcgbar &#8211; Gdynia, Babie Do\u0142y, Polen an der Ostsee<\/a><br \/>\n<a href=\"https:\/\/babiedoly.com\/de\/moderne-sommerferienhaeuser\/\">Moderne Ferienh\u00e4user &#8211; Apartments am Meer in Polen<\/a><br \/>\n<a href=\"https:\/\/babiedoly.com\/de\/bewertungen\/\">Bewertungen von Ferienh\u00e4usern &#8211; Gdynia Babie Do\u0142y<\/a><br \/>\n<a href=\"https:\/\/babiedoly.com\/de\/empfohlene-ferienhaeuser-am-meer\/\">Empfohlene Ferienh\u00e4user am Meer in Polen &#8211; Bewertungen ansehen<\/a><br \/>\n<a href=\"https:\/\/babiedoly.com\/de\/pommern-urlaub\/\">Pommern, Ferienh\u00e4user &#8211; Reiseangebot<\/a><br \/>\n<a href=\"https:\/\/babiedoly.com\/de\/orte-fuer-ein-romantisches-wochenende-zu-zweit\/\">Wochenendtrips f\u00fcr Paare in Polen<\/a><br \/>\n<a href=\"https:\/\/babiedoly.com\/de\/guenstige-haeuser-gdynia\/\">G\u00fcnstige Ferienh\u00e4user in Gdynia, Polen<\/a><br \/>\n<a href=\"https:\/\/babiedoly.com\/de\/guenstige-haeuser-am-meer-gdynia\/\">G\u00fcnstige Ferienh\u00e4user am Meer in Gdynia, Babie Do\u0142y<\/a><br \/>\n<a href=\"https:\/\/babiedoly.com\/de\/torpedostation\/\">Torpedownia Gdynia, Polen &#8211; Babie Do\u0142y<\/a><br \/>\n<a href=\"https:\/\/babiedoly.com\/de\/urlaub-am-polnischen-meer\/\">Meer Urlaub in Polen, Ostsee<\/a><br \/>\n<a href=\"https:\/\/babiedoly.com\/de\/urlaub-am-meer-suchen-sie-nach-entspannung\/\">Urlaub am Meer in Polen &#8211; Entdecken Sie unsere Ferienh\u00e4user<\/a><br \/>\n<a href=\"https:\/\/babiedoly.com\/de\/verfuegbare-ferienhaeuser-am-meer\/\">Verf\u00fcgbare Ferienh\u00e4user am Meer<\/a>\n\t\t\t\t<a href=\"https:\/\/babiedoly.com\/wp-content\/uploads\/2022\/02\/Rajska-plaza-nad-Baltykiem-odwiedz-BabieDoly-com.jpg\" target=\"_self\" itemprop=\"url\">\n\t\t\t\t<img loading=\"lazy\" decoding=\"async\" src=\"https:\/\/babiedoly.com\/wp-content\/uploads\/2022\/02\/Rajska-plaza-nad-Baltykiem-odwiedz-BabieDoly-com.jpg\" alt=\"Paradiesstrand an der Ostsee - besuchen Sie unsere Ferienh\u00e4user.\" itemprop=\"image\" height=\"933\" width=\"1400\" title=\"Paradiesstrand an der Ostsee - besuchen Sie babiedoly.com\" onerror=\"this.style.display='none'\"  \/>\n\t\t\t\t<\/a>\n\t<h4 data-pm-slice=\"1 1 []\">In der N\u00e4he des Meeres<\/h4>\n<p>Unsere Ferienh\u00e4user liegen 500 Meter vom Strand entfernt. Ganz in der N\u00e4he, etwa zwanzig Meter entfernt, kann man den steilen Abhang zur K\u00fcste und die Klippen von Gdynia sehen.<\/p>\n<p>Es ist ein wunderbarer Ort zum Entspannen, auch zu anderen Jahreszeiten. Au\u00dferdem sind unsere Ferienh\u00e4user beheizt und gut isoliert.<\/p>\n<a href=\"https:\/\/babiedoly.com\/nowoczesne-domki-letniskowe\/\"><em>Moderne Ferienh\u00e4user &#8211; direkt am Meer zu mieten<\/em><\/a>\n\t<p>Sehen Sie selbst, wie unsere ganzj\u00e4hrig nutzbaren Holzh\u00e4user aussehen:<\/p>\n\t\t\t\t<a\n\t\t\thref=\"https:\/\/babiedoly.com\/wp-content\/uploads\/2021\/07\/duzy-domek-letniskowy-dla-8-osob.jpg\"\n\t\t\t\t\t\tdata-fancybox=\"images\" \n\t\t\ttitle=\"duzy domek letniskowy dla 8 osob babiedoly.com\" \n\t\t\t\t\t\tdata-caption=\"\"\n\t\t\t\t\t\tdata-description=\"\" \n\t\t\titemprop=\"contentUrl\">\n\t\t\t<img loading=\"lazy\" decoding=\"async\" src=\"https:\/\/babiedoly.com\/wp-content\/uploads\/2021\/07\/duzy-domek-letniskowy-dla-8-osob.jpg\" alt=\"duzy domek letniskowy dla 8 osob babiedoly.com\" data-no-lazy=\"1\" itemprop=\"thumbnail\" width=\"900\" height=\"600\" \/>\n\t\t\t<!-- Overlay Wrapper -->\n\t\t\t <!-- Overlay Wrapper Closed -->\n\t\t\t\t<\/a>\n\t\t\t\t\t\t\t<meta itemprop=\"width\" content=\"900\" \/>\n\t\t\t<meta itemprop=\"height\" content=\"600\" \/>\n\t\t\t\t<a\n\t\t\thref=\"https:\/\/babiedoly.com\/wp-content\/uploads\/2021\/07\/salon-duzego-domku.jpg\"\n\t\t\t\t\t\tdata-fancybox=\"images\" \n\t\t\ttitle=\"salon duzego domku babiedoly.com\" \n\t\t\t\t\t\tdata-caption=\"\"\n\t\t\t\t\t\tdata-description=\"\" \n\t\t\titemprop=\"contentUrl\">\n\t\t\t<img loading=\"lazy\" decoding=\"async\" src=\"https:\/\/babiedoly.com\/wp-content\/uploads\/2021\/07\/salon-duzego-domku.jpg\" alt=\"salon duzego domku babiedoly.com\" data-no-lazy=\"1\" itemprop=\"thumbnail\" width=\"900\" height=\"600\" \/>\n\t\t\t<!-- Overlay Wrapper -->\n\t\t\t <!-- Overlay Wrapper Closed -->\n\t\t\t\t<\/a>\n\t\t\t\t\t\t\t<meta itemprop=\"width\" content=\"900\" \/>\n\t\t\t<meta itemprop=\"height\" content=\"600\" \/>\n\t\t\t\t<a\n\t\t\thref=\"https:\/\/babiedoly.com\/wp-content\/uploads\/2021\/07\/wyposazenie-domkow-letniskowych-5.jpg\"\n\t\t\t\t\t\tdata-fancybox=\"images\" \n\t\t\ttitle=\"wyposazenie domkow letniskowych babiedoly.com\" \n\t\t\t\t\t\tdata-caption=\"\"\n\t\t\t\t\t\tdata-description=\"\" \n\t\t\titemprop=\"contentUrl\">\n\t\t\t<img loading=\"lazy\" decoding=\"async\" src=\"https:\/\/babiedoly.com\/wp-content\/uploads\/2021\/07\/wyposazenie-domkow-letniskowych-5.jpg\" alt=\"wyposazenie domkow letniskowych babiedoly.com\" data-no-lazy=\"1\" itemprop=\"thumbnail\" width=\"1000\" height=\"1000\" \/>\n\t\t\t<!-- Overlay Wrapper -->\n\t\t\t <!-- Overlay Wrapper Closed -->\n\t\t\t\t<\/a>\n\t\t\t\t\t\t\t<meta itemprop=\"width\" content=\"1000\" \/>\n\t\t\t<meta itemprop=\"height\" content=\"1000\" \/>\n\t\t\t\t<a\n\t\t\thref=\"https:\/\/babiedoly.com\/wp-content\/uploads\/2021\/07\/domki-letniskowe-z-zewnatrz.jpg\"\n\t\t\t\t\t\tdata-fancybox=\"images\" \n\t\t\ttitle=\"domki letniskowe z zewnatrz babiedoly.com\" \n\t\t\t\t\t\tdata-caption=\"\"\n\t\t\t\t\t\tdata-description=\"\" \n\t\t\titemprop=\"contentUrl\">\n\t\t\t<img loading=\"lazy\" decoding=\"async\" src=\"https:\/\/babiedoly.com\/wp-content\/uploads\/2021\/07\/domki-letniskowe-z-zewnatrz.jpg\" alt=\"domki letniskowe z zewnatrz babiedoly.com\" data-no-lazy=\"1\" itemprop=\"thumbnail\" width=\"900\" height=\"600\" \/>\n\t\t\t<!-- Overlay Wrapper -->\n\t\t\t <!-- Overlay Wrapper Closed -->\n\t\t\t\t<\/a>\n\t\t\t\t\t\t\t<meta itemprop=\"width\" content=\"900\" \/>\n\t\t\t<meta itemprop=\"height\" content=\"600\" \/>\n\t\t\t\t<a\n\t\t\thref=\"https:\/\/babiedoly.com\/wp-content\/uploads\/2021\/07\/wnetrze-domku-letniskowego-Gdynia.jpg\"\n\t\t\t\t\t\tdata-fancybox=\"images\" \n\t\t\ttitle=\"wnetrze domku letniskowego Gdynia babiedoly.com\" \n\t\t\t\t\t\tdata-caption=\"\"\n\t\t\t\t\t\tdata-description=\"\" \n\t\t\titemprop=\"contentUrl\">\n\t\t\t<img loading=\"lazy\" decoding=\"async\" src=\"https:\/\/babiedoly.com\/wp-content\/uploads\/2021\/07\/wnetrze-domku-letniskowego-Gdynia.jpg\" alt=\"wnetrze domku letniskowego Gdynia babiedoly.com\" data-no-lazy=\"1\" itemprop=\"thumbnail\" width=\"900\" height=\"600\" \/>\n\t\t\t<!-- Overlay Wrapper -->\n\t\t\t <!-- Overlay Wrapper Closed -->\n\t\t\t\t<\/a>\n\t\t\t\t\t\t\t<meta itemprop=\"width\" content=\"900\" \/>\n\t\t\t<meta itemprop=\"height\" content=\"600\" \/>\n\t\t\t\t<a\n\t\t\thref=\"https:\/\/babiedoly.com\/wp-content\/uploads\/2021\/07\/okno-na-ogrod.jpg\"\n\t\t\t\t\t\tdata-fancybox=\"images\" \n\t\t\ttitle=\"okno na ogrod babiedoly.com\" \n\t\t\t\t\t\tdata-caption=\"\"\n\t\t\t\t\t\tdata-description=\"\" \n\t\t\titemprop=\"contentUrl\">\n\t\t\t<img loading=\"lazy\" decoding=\"async\" src=\"https:\/\/babiedoly.com\/wp-content\/uploads\/2021\/07\/okno-na-ogrod.jpg\" alt=\"okno na ogrod babiedoly.com\" data-no-lazy=\"1\" itemprop=\"thumbnail\" width=\"900\" height=\"600\" \/>\n\t\t\t<!-- Overlay Wrapper -->\n\t\t\t <!-- Overlay Wrapper Closed -->\n\t\t\t\t<\/a>\n\t\t\t\t\t\t\t<meta itemprop=\"width\" content=\"900\" \/>\n\t\t\t<meta itemprop=\"height\" content=\"600\" \/>\n\t\t\t\t<a\n\t\t\thref=\"https:\/\/babiedoly.com\/wp-content\/uploads\/2021\/07\/altanka-z-lezakami.jpg\"\n\t\t\t\t\t\tdata-fancybox=\"images\" \n\t\t\ttitle=\"altanka z lezakami babiedoly.com\" \n\t\t\t\t\t\tdata-caption=\"\"\n\t\t\t\t\t\tdata-description=\"\" \n\t\t\titemprop=\"contentUrl\">\n\t\t\t<img loading=\"lazy\" decoding=\"async\" src=\"https:\/\/babiedoly.com\/wp-content\/uploads\/2021\/07\/altanka-z-lezakami.jpg\" alt=\"altanka z lezakami babiedoly.com\" data-no-lazy=\"1\" itemprop=\"thumbnail\" width=\"900\" height=\"600\" \/>\n\t\t\t<!-- Overlay Wrapper -->\n\t\t\t <!-- Overlay Wrapper Closed -->\n\t\t\t\t<\/a>\n\t\t\t\t\t\t\t<meta itemprop=\"width\" content=\"900\" \/>\n\t\t\t<meta itemprop=\"height\" content=\"600\" \/>\n\t\t\t\t<a\n\t\t\thref=\"https:\/\/babiedoly.com\/wp-content\/uploads\/2020\/12\/zrealizuj-bon-turystyczny.jpg\"\n\t\t\t\t\t\tdata-fancybox=\"images\" \n\t\t\ttitle=\"zrealizuj bon turystyczny\" \n\t\t\t\t\t\tdata-caption=\"zrealizuj bon turystyczny\"\n\t\t\t\t\t\tdata-description=\"\" \n\t\t\titemprop=\"contentUrl\">\n\t\t\t<img loading=\"lazy\" decoding=\"async\" src=\"https:\/\/babiedoly.com\/wp-content\/uploads\/2020\/12\/zrealizuj-bon-turystyczny-1024x682.jpg\" alt=\"zrealizuj bon turystyczny\" data-no-lazy=\"1\" itemprop=\"thumbnail\" width=\"1024\" height=\"682\" \/>\n\t\t\t<!-- Overlay Wrapper -->\n\t\t\t\t\t\t\tzrealizuj bon turystyczny\t\t\t\t\t\t\n\t\t\t <!-- Overlay Wrapper Closed -->\n\t\t\t\t<\/a>\n\t\t\t\t\t\t\t<meta itemprop=\"width\" content=\"1024\" \/>\n\t\t\t<meta itemprop=\"height\" content=\"682\" \/>\n\t<h4>\n\t\tBitte kontaktieren Sie uns oder nehmen Sie \u00fcber das Formular eine Reservierung vor.\n\t<\/h4>\n\t\t\t\t\t\t\t<img decoding=\"async\" src=\"https:\/\/demo.wpbeaveraddons.com\/wp-content\/uploads\/2017\/10\/mobile-icon.png\" alt=\"\" \/>\n\t\t\t\t\t\t\t\t\t\t\t\n\t\t\t\t\t<p><a href=\"tel:0048690197987\">+48 690 197 987<\/a><br \/><a href=\"mailto:domki@2mpro.pl\">domki@2mpro.pl<\/a><br \/><a href=\"https:\/\/wa.me\/0048690197987\" target=\"_blank\" rel=\"noopener\">WhatsApp <img loading=\"lazy\" decoding=\"async\" src=\"https:\/\/babiedoly.com\/wp-content\/uploads\/2026\/03\/whatsapp.webp\" alt=\"whatsapp\" width=\"25\" height=\"29\"\/><\/a> <\/p>\n\t\t\t<a href=\"https:\/\/share.google\/Ifk0boLsw69kfMzKq\" target=\"_blank\" rel=\"noopener\">\n\t\t\t\t\t\t\t<img decoding=\"async\" src=\"https:\/\/demo.wpbeaveraddons.com\/wp-content\/uploads\/2017\/10\/map-icon.png\" alt=\"\" \/>\n\t\t\t\t\t\t\t\t\t\t\t\n\t\t\t\t\t<p>Rybak\u00f3w 32D, <br \/>81-197 Gdynia, Polen<\/p>\t\t\t\t\n\t\t<\/a>\n\t\u00a9 2020-2026 r. <a href=\"https:\/\/babiedoly.com\/de\/datenschutzerklaerung\/\">Datenschutzrichtlinie und Verarbeitung personenbezogener Daten<\/a><br \/>\nUmsetzung: <a href=\"https:\/\/brandrei.com\/\" target=\"_blank\" rel=\"noopener\">Brandrei.com<\/a> oraz <a href=\"https:\/\/finemarketing.pl\/\" target=\"_blank\" rel=\"noopener\">Fine Marketing<\/a><br \/>\nAlle Fotos urheberrechtlich gesch\u00fctzt\n<p><a href=\"https:\/\/babiedoly.com\/de\/ganzjaehrige-unterkunft-am-meer-polen\/\">Ganzj\u00e4hrig nutzbare Ferienh\u00e4user in Gdynia ansehen<\/a><\/p>\n\n","protected":false},"excerpt":{"rendered":"<p>Moderne Ferienh\u00e4user in Polen &#8211; ganzj\u00e4hrig zu vermieten Wir laden Sie ein, unsere modernen Ferienh\u00e4user in Babie Do\u0142y zu mieten. Dieser K\u00fcstenabschnitt in Gdynia eignet sich f\u00fcr Besuche das ganze Jahr \u00fcber. Ein Urlaub am Meer in einem Sommerhaus ist eine gro\u00dfartige M\u00f6glichkeit, fast jedes Wetter zu genie\u00dfen und der Stadt zu entfliehen. Wir bieten&hellip;<\/p>\n","protected":false},"author":1,"featured_media":2239,"parent":0,"menu_order":0,"comment_status":"closed","ping_status":"closed","template":"tpl-no-header-footer.php","meta":{"footnotes":""},"class_list":["post-2485","page","type-page","status-publish","has-post-thumbnail","hentry"],"_links":{"self":[{"href":"https:\/\/babiedoly.com\/de\/wp-json\/wp\/v2\/pages\/2485","targetHints":{"allow":["GET"]}}],"collection":[{"href":"https:\/\/babiedoly.com\/de\/wp-json\/wp\/v2\/pages"}],"about":[{"href":"https:\/\/babiedoly.com\/de\/wp-json\/wp\/v2\/types\/page"}],"author":[{"embeddable":true,"href":"https:\/\/babiedoly.com\/de\/wp-json\/wp\/v2\/users\/1"}],"replies":[{"embeddable":true,"href":"https:\/\/babiedoly.com\/de\/wp-json\/wp\/v2\/comments?post=2485"}],"version-history":[{"count":2,"href":"https:\/\/babiedoly.com\/de\/wp-json\/wp\/v2\/pages\/2485\/revisions"}],"predecessor-version":[{"id":3633,"href":"https:\/\/babiedoly.com\/de\/wp-json\/wp\/v2\/pages\/2485\/revisions\/3633"}],"wp:featuredmedia":[{"embeddable":true,"href":"https:\/\/babiedoly.com\/de\/wp-json\/wp\/v2\/media\/2239"}],"wp:attachment":[{"href":"https:\/\/babiedoly.com\/de\/wp-json\/wp\/v2\/media?parent=2485"}],"curies":[{"name":"wp","href":"https:\/\/api.w.org\/{rel}","templated":true}]}}