{"id":2261,"date":"2021-07-07T07:31:38","date_gmt":"2021-07-07T05:31:38","guid":{"rendered":"https:\/\/babiedoly.com\/opinie\/"},"modified":"2026-04-10T11:16:34","modified_gmt":"2026-04-10T09:16:34","slug":"bewertungen","status":"publish","type":"page","link":"https:\/\/babiedoly.com\/de\/bewertungen\/","title":{"rendered":"Bewertungen von babiedoly.com Ferienh\u00e4usern &#8211; Gdynia Babie Do\u0142y"},"content":{"rendered":"\n<h1>Opinie &#8211; Domki Babie Do\u0142y<\/h1>\n\t<p><strong>Poczuj rado\u015b\u0107 wypoczynku o ka\u017cdej porze roku!<\/strong><\/p>\n<p>Autentyczne opinie znajdziecie Pa\u0144stwo na naszej mapie Google oraz na serwisie Booking.com : www.booking.com\/hotel\/pl\/domki-letniskowe-babie-doly.pl.html<\/p>\n\t<pre class=\"ti-widget\"><template id=\"trustindex-google-widget-html\"><div class=\" ti-widget  ti-goog ti-show-rating-text ti-review-text-mode-readmore ti-content-align-center\" data-no-translation=\"true\" data-time-locale=\"%d %s temu|dzi\u015b|dzie\u0144|dni|tydzie\u0144|tygodni|miesi\u0105c|miesi\u0119cy|rok|lat\" data-plugin-version=\"13.2.8\" data-layout-id=\"37\" data-layout-category=\"slider\" data-set-id=\"ligth-border\" data-pid=\"\" data-language=\"pl\" data-close-locale=\"Zamkn\u0105\u0107\" data-css-version=\"2\" data-reply-by-locale=\"Odpowied\u017a w\u0142a\u015bciciela\" data-only-rating-locale=\"Ten u\u017cytkownik wystawi\u0142 tylko ocen\u0119.\" data-pager-autoplay-timeout=\"6\"> <div class=\"ti-widget-container ti-col-1\"> <div class=\"ti-reviews-container\"> <div class=\"ti-controls\"> <div class=\"ti-next\" aria-label=\"Nast\u0119pna recenzj\u0119\" role=\"button\" tabindex=\"0\"><\/div> <div class=\"ti-prev\" aria-label=\"Poprzednia recenzj\u0119\" role=\"button\" tabindex=\"0\"><\/div> <\/div> <div class=\"ti-reviews-container-wrapper\">  <div data-empty=\"0\" data-time=\"1766188800\" class=\"ti-review-item source-Google ti-image-layout-thumbnail\" data-id=\"cfcd208495d565ef66e7dff9f98764da\"> <div class=\"ti-inner\"> <div class=\"ti-review-header\"> <trustindex-image class=\"ti-platform-icon\" data-imgurl=\"https:\/\/cdn.trustindex.io\/assets\/platform\/Google\/icon.svg\" alt=\"\" width=\"20\" height=\"20\" loading=\"lazy\"><\/trustindex-image> <div class=\"ti-profile-img\"> <trustindex-image data-imgurl=\"https:\/\/lh3.googleusercontent.com\/a-\/ALV-UjWurEbFZ_ocNDIoIv6_LWYcLlvgUvhFv-gkNZ-1zQcYXWabYDjp=w64-h64-c-rp-mo-ba3-br100\" alt=\"Piotr Jurgielewicz profile picture\" loading=\"lazy\"><\/trustindex-image> <\/div> <div class=\"ti-profile-details\"> <div class=\"ti-name\"> Piotr Jurgielewicz <\/div> <div class=\"ti-date\"><\/div> <\/div> <\/div> <span class=\"ti-stars\"><trustindex-image class=\"ti-star\" data-imgurl=\"https:\/\/cdn.trustindex.io\/assets\/platform\/Google\/star\/f.svg\" alt=\"Google\" width=\"17\" height=\"17\" loading=\"lazy\"><\/trustindex-image><trustindex-image class=\"ti-star\" data-imgurl=\"https:\/\/cdn.trustindex.io\/assets\/platform\/Google\/star\/f.svg\" alt=\"Google\" width=\"17\" height=\"17\" loading=\"lazy\"><\/trustindex-image><trustindex-image class=\"ti-star\" data-imgurl=\"https:\/\/cdn.trustindex.io\/assets\/platform\/Google\/star\/f.svg\" alt=\"Google\" width=\"17\" height=\"17\" loading=\"lazy\"><\/trustindex-image><trustindex-image class=\"ti-star\" data-imgurl=\"https:\/\/cdn.trustindex.io\/assets\/platform\/Google\/star\/f.svg\" alt=\"Google\" width=\"17\" height=\"17\" loading=\"lazy\"><\/trustindex-image><trustindex-image class=\"ti-star\" data-imgurl=\"https:\/\/cdn.trustindex.io\/assets\/platform\/Google\/star\/f.svg\" alt=\"Google\" width=\"17\" height=\"17\" loading=\"lazy\"><\/trustindex-image><span class=\"ti-verified-review ti-verified-platform\"><span class=\"ti-verified-tooltip\">Trustindex sprawdza, czy pierwotnym \u017ar\u00f3d\u0142em recenzji jest Google.<\/span><\/span><\/span> <div class=\"ti-review-text-container ti-review-content\"><!-- R-CONTENT -->Bardzo \u0142adne i klimatyczne domki. Przyjemnie zagospodarowany teren wok\u00f3\u0142 domk\u00f3w przygotowany dla ma\u0142ych ( plac zabaw, trampolina, tyrolka \u2026) i du\u017cych ( altana, grille \u2026). Super baza wypadowa. Zdecydowanie godna polecenia.<!-- R-CONTENT --><\/div> <span class=\"ti-read-more\" data-container=\".ti-review-content\" data-collapse-text=\"Ukryj\" data-open-text=\"Czytaj wi\u0119cej\"><\/span> <\/div> <\/div>  <div data-empty=\"0\" data-time=\"1759708800\" class=\"ti-review-item source-Google ti-image-layout-thumbnail\" data-id=\"cfcd208495d565ef66e7dff9f98764da\"> <div class=\"ti-inner\"> <div class=\"ti-review-header\"> <trustindex-image class=\"ti-platform-icon\" data-imgurl=\"https:\/\/cdn.trustindex.io\/assets\/platform\/Google\/icon.svg\" alt=\"\" width=\"20\" height=\"20\" loading=\"lazy\"><\/trustindex-image> <div class=\"ti-profile-img\"> <trustindex-image data-imgurl=\"https:\/\/lh3.googleusercontent.com\/a-\/ALV-UjXzwTTQOntDDyJTBrM2qtNGm2kXK0q42wJ9AQH4ik2hUVMMbeHc=w64-h64-c-rp-mo-ba2-br100\" alt=\"Sylwia B\u0142aszczyk profile picture\" loading=\"lazy\"><\/trustindex-image> <\/div> <div class=\"ti-profile-details\"> <div class=\"ti-name\"> Sylwia B\u0142aszczyk <\/div> <div class=\"ti-date\"><\/div> <\/div> <\/div> <span class=\"ti-stars\"><trustindex-image class=\"ti-star\" data-imgurl=\"https:\/\/cdn.trustindex.io\/assets\/platform\/Google\/star\/f.svg\" alt=\"Google\" width=\"17\" height=\"17\" loading=\"lazy\"><\/trustindex-image><trustindex-image class=\"ti-star\" data-imgurl=\"https:\/\/cdn.trustindex.io\/assets\/platform\/Google\/star\/f.svg\" alt=\"Google\" width=\"17\" height=\"17\" loading=\"lazy\"><\/trustindex-image><trustindex-image class=\"ti-star\" data-imgurl=\"https:\/\/cdn.trustindex.io\/assets\/platform\/Google\/star\/f.svg\" alt=\"Google\" width=\"17\" height=\"17\" loading=\"lazy\"><\/trustindex-image><trustindex-image class=\"ti-star\" data-imgurl=\"https:\/\/cdn.trustindex.io\/assets\/platform\/Google\/star\/f.svg\" alt=\"Google\" width=\"17\" height=\"17\" loading=\"lazy\"><\/trustindex-image><trustindex-image class=\"ti-star\" data-imgurl=\"https:\/\/cdn.trustindex.io\/assets\/platform\/Google\/star\/f.svg\" alt=\"Google\" width=\"17\" height=\"17\" loading=\"lazy\"><\/trustindex-image><span class=\"ti-verified-review ti-verified-platform\"><span class=\"ti-verified-tooltip\">Trustindex sprawdza, czy pierwotnym \u017ar\u00f3d\u0142em recenzji jest Google.<\/span><\/span><\/span> <div class=\"ti-review-text-container ti-review-content\"><!-- R-CONTENT -->Miejsce bardzo urokliwe i klimatyczne, lubimy tam wraca\u0107 \ud83d\ude42 zawsze czysto i na czas \ud83d\ude42 blisko do morza i co dla nas wa\u017cne, jest cicho i spokojnie. Polecamy \u2764\ufe0f bardzo sympatyczni w\u0142a\u015bciciele<!-- R-CONTENT --><\/div> <span class=\"ti-read-more\" data-container=\".ti-review-content\" data-collapse-text=\"Ukryj\" data-open-text=\"Czytaj wi\u0119cej\"><\/span> <\/div> <\/div>  <div data-empty=\"0\" data-time=\"1758240000\" class=\"ti-review-item source-Google ti-image-layout-thumbnail\" data-id=\"cfcd208495d565ef66e7dff9f98764da\"> <div class=\"ti-inner\"> <div class=\"ti-review-header\"> <trustindex-image class=\"ti-platform-icon\" data-imgurl=\"https:\/\/cdn.trustindex.io\/assets\/platform\/Google\/icon.svg\" alt=\"\" width=\"20\" height=\"20\" loading=\"lazy\"><\/trustindex-image> <div class=\"ti-profile-img\"> <trustindex-image data-imgurl=\"https:\/\/lh3.googleusercontent.com\/a\/ACg8ocKDc2zeiQt87ArdI5WgNUTCgPE_GqrM8bNLm_WuLaZh7qoTgA=w64-h64-c-rp-mo-br100\" alt=\"Kamila Osmolska profile picture\" loading=\"lazy\"><\/trustindex-image> <\/div> <div class=\"ti-profile-details\"> <div class=\"ti-name\"> Kamila Osmolska <\/div> <div class=\"ti-date\"><\/div> <\/div> <\/div> <span class=\"ti-stars\"><trustindex-image class=\"ti-star\" data-imgurl=\"https:\/\/cdn.trustindex.io\/assets\/platform\/Google\/star\/f.svg\" alt=\"Google\" width=\"17\" height=\"17\" loading=\"lazy\"><\/trustindex-image><trustindex-image class=\"ti-star\" data-imgurl=\"https:\/\/cdn.trustindex.io\/assets\/platform\/Google\/star\/f.svg\" alt=\"Google\" width=\"17\" height=\"17\" loading=\"lazy\"><\/trustindex-image><trustindex-image class=\"ti-star\" data-imgurl=\"https:\/\/cdn.trustindex.io\/assets\/platform\/Google\/star\/f.svg\" alt=\"Google\" width=\"17\" height=\"17\" loading=\"lazy\"><\/trustindex-image><trustindex-image class=\"ti-star\" data-imgurl=\"https:\/\/cdn.trustindex.io\/assets\/platform\/Google\/star\/f.svg\" alt=\"Google\" width=\"17\" height=\"17\" loading=\"lazy\"><\/trustindex-image><trustindex-image class=\"ti-star\" data-imgurl=\"https:\/\/cdn.trustindex.io\/assets\/platform\/Google\/star\/f.svg\" alt=\"Google\" width=\"17\" height=\"17\" loading=\"lazy\"><\/trustindex-image><span class=\"ti-verified-review ti-verified-platform\"><span class=\"ti-verified-tooltip\">Trustindex sprawdza, czy pierwotnym \u017ar\u00f3d\u0142em recenzji jest Google.<\/span><\/span><\/span> <div class=\"ti-review-text-container ti-review-content\"><!-- R-CONTENT -->Wspania\u0142e miejsce na odpoczynek. Przede wszystkim bajkowa okolica z klifami, dzikimi pla\u017cami i mn\u00f3stwem historycznych artefakt\u00f3w dla fan\u00f3w urbexu. Domki czyste, zadbane, wyposa\u017cone standard + co najmniej. (Uwaga, mo\u017ce si\u0119 zdarzy\u0107, \u017ce po powrocie, \u017cony b\u0119d\u0105 domaga\u0107 si\u0119 remontu kuchni, bo jednak klasyka Ikei jest ponadczasowa). Zadbany teren ma wyznaczone miejsce na du\u017ce ognisko i grilla, oraz hu\u015btawki, kt\u00f3re mog\u0105 \u015bmia\u0142o u\u017cytkowa\u0107 r\u00f3wnie\u017c doro\u015bli. W\u0142a\u015bciciele domk\u00f3w s\u0105 mega sympatyczni, kontaktowi, pomocni. W okolicy s\u0105 sklepy i piekarnia, w kt\u00f3rej mo\u017cna kupi\u0107 genialny chleb focaccia, a w niedalekiej Gdyni z kolei maj\u0105 najlepsz\u0105 kebabownie pewnie w ca\u0142ym Tr\u00f3jmie\u015bcie ( Drwal). A to wszystko za rozs\u0105dne pieni\u0105dze. Tak\u017ce polecamy z ca\u0142ego serca, tym bardziej, \u017ce mo\u017cna z psami, a psy to dopiero tam maj\u0105 raj:)<!-- R-CONTENT --><\/div> <span class=\"ti-read-more\" data-container=\".ti-review-content\" data-collapse-text=\"Ukryj\" data-open-text=\"Czytaj wi\u0119cej\"><\/span> <\/div> <\/div>  <div data-empty=\"0\" data-time=\"1757030400\" class=\"ti-review-item source-Google ti-image-layout-thumbnail\" data-id=\"cfcd208495d565ef66e7dff9f98764da\"> <div class=\"ti-inner\"> <div class=\"ti-review-header\"> <trustindex-image class=\"ti-platform-icon\" data-imgurl=\"https:\/\/cdn.trustindex.io\/assets\/platform\/Google\/icon.svg\" alt=\"\" width=\"20\" height=\"20\" loading=\"lazy\"><\/trustindex-image> <div class=\"ti-profile-img\"> <trustindex-image data-imgurl=\"https:\/\/lh3.googleusercontent.com\/a-\/ALV-UjWxopzOts8uiPcM04VZGxxdJRT5Yxg3a3cGTGRpUc7o2gPrr1Y=w64-h64-c-rp-mo-br100\" alt=\"Maciej Swatek profile picture\" loading=\"lazy\"><\/trustindex-image> <\/div> <div class=\"ti-profile-details\"> <div class=\"ti-name\"> Maciej Swatek <\/div> <div class=\"ti-date\"><\/div> <\/div> <\/div> <span class=\"ti-stars\"><trustindex-image class=\"ti-star\" data-imgurl=\"https:\/\/cdn.trustindex.io\/assets\/platform\/Google\/star\/f.svg\" alt=\"Google\" width=\"17\" height=\"17\" loading=\"lazy\"><\/trustindex-image><trustindex-image class=\"ti-star\" data-imgurl=\"https:\/\/cdn.trustindex.io\/assets\/platform\/Google\/star\/f.svg\" alt=\"Google\" width=\"17\" height=\"17\" loading=\"lazy\"><\/trustindex-image><trustindex-image class=\"ti-star\" data-imgurl=\"https:\/\/cdn.trustindex.io\/assets\/platform\/Google\/star\/f.svg\" alt=\"Google\" width=\"17\" height=\"17\" loading=\"lazy\"><\/trustindex-image><trustindex-image class=\"ti-star\" data-imgurl=\"https:\/\/cdn.trustindex.io\/assets\/platform\/Google\/star\/f.svg\" alt=\"Google\" width=\"17\" height=\"17\" loading=\"lazy\"><\/trustindex-image><trustindex-image class=\"ti-star\" data-imgurl=\"https:\/\/cdn.trustindex.io\/assets\/platform\/Google\/star\/f.svg\" alt=\"Google\" width=\"17\" height=\"17\" loading=\"lazy\"><\/trustindex-image><span class=\"ti-verified-review ti-verified-platform\"><span class=\"ti-verified-tooltip\">Trustindex sprawdza, czy pierwotnym \u017ar\u00f3d\u0142em recenzji jest Google.<\/span><\/span><\/span> <div class=\"ti-review-text-container ti-review-content\"><!-- R-CONTENT -->Wspania\u0142e miejsce, super obs\u0142uga - zawsze na miejscu i pomocna, miejsce ognisko - drewno przygotowane, du\u017co atrakcji dla dzieci, w tym trampolina i tyrolka, ogromna przestrze\u0144. Domki zadbane i czyste.<!-- R-CONTENT --><\/div> <span class=\"ti-read-more\" data-container=\".ti-review-content\" data-collapse-text=\"Ukryj\" data-open-text=\"Czytaj wi\u0119cej\"><\/span> <\/div> <\/div>  <div data-empty=\"0\" data-time=\"1755907200\" class=\"ti-review-item source-Google ti-image-layout-thumbnail\" data-id=\"cfcd208495d565ef66e7dff9f98764da\"> <div class=\"ti-inner\"> <div class=\"ti-review-header\"> <trustindex-image class=\"ti-platform-icon\" data-imgurl=\"https:\/\/cdn.trustindex.io\/assets\/platform\/Google\/icon.svg\" alt=\"\" width=\"20\" height=\"20\" loading=\"lazy\"><\/trustindex-image> <div class=\"ti-profile-img\"> <trustindex-image data-imgurl=\"https:\/\/lh3.googleusercontent.com\/a-\/ALV-UjU_u-iHZPyW_FmddikEObqpLVg63c6_AHXc92ozzxIOwWhFG_HgZQ=w64-h64-c-rp-mo-ba4-br100\" alt=\"Luk\u00e1\u0161 Bobek profile picture\" loading=\"lazy\"><\/trustindex-image> <\/div> <div class=\"ti-profile-details\"> <div class=\"ti-name\"> Luk\u00e1\u0161 Bobek <\/div> <div class=\"ti-date\"><\/div> <\/div> <\/div> <span class=\"ti-stars\"><trustindex-image class=\"ti-star\" data-imgurl=\"https:\/\/cdn.trustindex.io\/assets\/platform\/Google\/star\/f.svg\" alt=\"Google\" width=\"17\" height=\"17\" loading=\"lazy\"><\/trustindex-image><trustindex-image class=\"ti-star\" data-imgurl=\"https:\/\/cdn.trustindex.io\/assets\/platform\/Google\/star\/f.svg\" alt=\"Google\" width=\"17\" height=\"17\" loading=\"lazy\"><\/trustindex-image><trustindex-image class=\"ti-star\" data-imgurl=\"https:\/\/cdn.trustindex.io\/assets\/platform\/Google\/star\/f.svg\" alt=\"Google\" width=\"17\" height=\"17\" loading=\"lazy\"><\/trustindex-image><trustindex-image class=\"ti-star\" data-imgurl=\"https:\/\/cdn.trustindex.io\/assets\/platform\/Google\/star\/f.svg\" alt=\"Google\" width=\"17\" height=\"17\" loading=\"lazy\"><\/trustindex-image><trustindex-image class=\"ti-star\" data-imgurl=\"https:\/\/cdn.trustindex.io\/assets\/platform\/Google\/star\/f.svg\" alt=\"Google\" width=\"17\" height=\"17\" loading=\"lazy\"><\/trustindex-image><span class=\"ti-verified-review ti-verified-platform\"><span class=\"ti-verified-tooltip\">Trustindex sprawdza, czy pierwotnym \u017ar\u00f3d\u0142em recenzji jest Google.<\/span><\/span><\/span> <div class=\"ti-review-text-container ti-review-content\"><!-- R-CONTENT -->P\u011bkn\u00e9 a dob\u0159e za\u0159\u00edzen\u00e9 chatky. Vybaven\u00ed velmi dobr\u00e9, v\u0161e \u010dist\u00e9. Je to v klidn\u00e9 \u010d\u00e1sti, ide\u00e1ln\u00ed pro rodiny s d\u011btmi. V are\u00e1lu jsou pro d\u011bti houpa\u010dky, trampol\u00edna a klouzacka. U ka\u017ed\u00e9 chatky je tak\u00e9 gril, co\u017e jsme ocenili a tak\u00e9 vyu\u017eili.\n\nI kdy\u017e n\u00e1m \u00fapln\u011b nevy\u0161lo po\u010das\u00ed a bylo chladn\u011bji, tak v chatk\u00e1ch bylo pom\u011brn\u011b teplo. Pro ty, co maj\u00ed r\u00e1di v\u011bt\u0161\u00ed teplo, je mo\u017enost si pritopit p\u0159es klimatizaci.\n\nV porovn\u00e1n\u00ed s chatkou v kempu p\u0159\u00edmo v Sopotech, kde jsme byli minul\u00fd rok, je toto ubytov\u00e1n\u00ed na daleko lep\u0161\u00ed \u00farovni.<!-- R-CONTENT --><\/div> <span class=\"ti-read-more\" data-container=\".ti-review-content\" data-collapse-text=\"Ukryj\" data-open-text=\"Czytaj wi\u0119cej\"><\/span> <\/div> <\/div>  <div data-empty=\"0\" data-time=\"1755561600\" class=\"ti-review-item source-Google ti-image-layout-thumbnail\" data-id=\"cfcd208495d565ef66e7dff9f98764da\"> <div class=\"ti-inner\"> <div class=\"ti-review-header\"> <trustindex-image class=\"ti-platform-icon\" data-imgurl=\"https:\/\/cdn.trustindex.io\/assets\/platform\/Google\/icon.svg\" alt=\"\" width=\"20\" height=\"20\" loading=\"lazy\"><\/trustindex-image> <div class=\"ti-profile-img\"> <trustindex-image data-imgurl=\"https:\/\/lh3.googleusercontent.com\/a\/ACg8ocLOdHS2WX3LIrANEcoHgrDZYEXgi44sWCIuZJBBieE9INIY4Q=w64-h64-c-rp-mo-br100\" alt=\"Agatoniak P profile picture\" loading=\"lazy\"><\/trustindex-image> <\/div> <div class=\"ti-profile-details\"> <div class=\"ti-name\"> Agatoniak P <\/div> <div class=\"ti-date\"><\/div> <\/div> <\/div> <span class=\"ti-stars\"><trustindex-image class=\"ti-star\" data-imgurl=\"https:\/\/cdn.trustindex.io\/assets\/platform\/Google\/star\/f.svg\" alt=\"Google\" width=\"17\" height=\"17\" loading=\"lazy\"><\/trustindex-image><trustindex-image class=\"ti-star\" data-imgurl=\"https:\/\/cdn.trustindex.io\/assets\/platform\/Google\/star\/f.svg\" alt=\"Google\" width=\"17\" height=\"17\" loading=\"lazy\"><\/trustindex-image><trustindex-image class=\"ti-star\" data-imgurl=\"https:\/\/cdn.trustindex.io\/assets\/platform\/Google\/star\/f.svg\" alt=\"Google\" width=\"17\" height=\"17\" loading=\"lazy\"><\/trustindex-image><trustindex-image class=\"ti-star\" data-imgurl=\"https:\/\/cdn.trustindex.io\/assets\/platform\/Google\/star\/f.svg\" alt=\"Google\" width=\"17\" height=\"17\" loading=\"lazy\"><\/trustindex-image><trustindex-image class=\"ti-star\" data-imgurl=\"https:\/\/cdn.trustindex.io\/assets\/platform\/Google\/star\/f.svg\" alt=\"Google\" width=\"17\" height=\"17\" loading=\"lazy\"><\/trustindex-image><span class=\"ti-verified-review ti-verified-platform\"><span class=\"ti-verified-tooltip\">Trustindex sprawdza, czy pierwotnym \u017ar\u00f3d\u0142em recenzji jest Google.<\/span><\/span><\/span> <div class=\"ti-review-text-container ti-review-content\"><!-- R-CONTENT -->Miejsce wspania\u0142e. Z dala od t\u0142umu turyst\u00f3w, stragan\u00f3w i miejskiego chaosu. Cudowna plaza tu\u017c pod nosem ,pi\u0119kne klify. Niedaleko 2 sklepy oraz autobus miejski.W domkach wszystko co potrzeba pe\u0142en komfort. Atrakcje dla dzieci zabezpieczone.Domki wyciszone z dala od miejskiego gwaru.Jestem zadowolona z pobytu i napewno jeszcze wr\u00f3c\u0119.<!-- R-CONTENT --><\/div> <span class=\"ti-read-more\" data-container=\".ti-review-content\" data-collapse-text=\"Ukryj\" data-open-text=\"Czytaj wi\u0119cej\"><\/span> <\/div> <\/div>  <div data-empty=\"0\" data-time=\"1754265600\" class=\"ti-review-item source-Google ti-image-layout-thumbnail\" data-id=\"cfcd208495d565ef66e7dff9f98764da\"> <div class=\"ti-inner\"> <div class=\"ti-review-header\"> <trustindex-image class=\"ti-platform-icon\" data-imgurl=\"https:\/\/cdn.trustindex.io\/assets\/platform\/Google\/icon.svg\" alt=\"\" width=\"20\" height=\"20\" loading=\"lazy\"><\/trustindex-image> <div class=\"ti-profile-img\"> <trustindex-image data-imgurl=\"https:\/\/lh3.googleusercontent.com\/a\/ACg8ocL1UtJi5TO7tdcFLuTLTdEXO2DQxQ-HzCCwkLn4JVplzmjbiw=w64-h64-c-rp-mo-br100\" alt=\"Igor Dobrovolskyi profile picture\" loading=\"lazy\"><\/trustindex-image> <\/div> <div class=\"ti-profile-details\"> <div class=\"ti-name\"> Igor Dobrovolskyi <\/div> <div class=\"ti-date\"><\/div> <\/div> <\/div> <span class=\"ti-stars\"><trustindex-image class=\"ti-star\" data-imgurl=\"https:\/\/cdn.trustindex.io\/assets\/platform\/Google\/star\/f.svg\" alt=\"Google\" width=\"17\" height=\"17\" loading=\"lazy\"><\/trustindex-image><trustindex-image class=\"ti-star\" data-imgurl=\"https:\/\/cdn.trustindex.io\/assets\/platform\/Google\/star\/f.svg\" alt=\"Google\" width=\"17\" height=\"17\" loading=\"lazy\"><\/trustindex-image><trustindex-image class=\"ti-star\" data-imgurl=\"https:\/\/cdn.trustindex.io\/assets\/platform\/Google\/star\/f.svg\" alt=\"Google\" width=\"17\" height=\"17\" loading=\"lazy\"><\/trustindex-image><trustindex-image class=\"ti-star\" data-imgurl=\"https:\/\/cdn.trustindex.io\/assets\/platform\/Google\/star\/f.svg\" alt=\"Google\" width=\"17\" height=\"17\" loading=\"lazy\"><\/trustindex-image><trustindex-image class=\"ti-star\" data-imgurl=\"https:\/\/cdn.trustindex.io\/assets\/platform\/Google\/star\/f.svg\" alt=\"Google\" width=\"17\" height=\"17\" loading=\"lazy\"><\/trustindex-image><span class=\"ti-verified-review ti-verified-platform\"><span class=\"ti-verified-tooltip\">Trustindex sprawdza, czy pierwotnym \u017ar\u00f3d\u0142em recenzji jest Google.<\/span><\/span><\/span> <div class=\"ti-review-text-container ti-review-content\"><!-- R-CONTENT -->By\u0142o mega fajnie , dzi\u0119kuje bardzo , lokalizacja jest dobra , bardzo blisko morze , uber do Gdyni jest mega tani z Gdyni MKS wsz\u0119dzie mo\u017cna si\u0119 dosta\u0107 . Polecam<!-- R-CONTENT --><\/div> <span class=\"ti-read-more\" data-container=\".ti-review-content\" data-collapse-text=\"Ukryj\" data-open-text=\"Czytaj wi\u0119cej\"><\/span> <\/div> <\/div>  <\/div> <\/div> <div class=\"ti-controls-line\"> <div class=\"dot\"><\/div> <\/div> <div class=\"ti-footer\"> <div class=\"ti-rating-text\"> <span class=\"nowrap\">Og\u00f3lna ocena <strong>Google<\/strong><\/span><span class=\"nowrap\"><strong>4.9<\/strong>\/5, <\/span><span class=\"nowrap\">na podstawie <strong>69 opinii<\/strong><\/span> <\/div> <\/div>   <\/div> <\/div> <\/template><\/pre><div data-src=\"https:\/\/cdn.trustindex.io\/loader.js?wp-widget\" data-template-id=\"trustindex-google-widget-html\" data-css-url=\"https:\/\/babiedoly.com\/wp-content\/uploads\/trustindex-google-widget.css?1774341295\"><\/div>\n\t<style>\n      \/* Always set the map height explicitly to define the size of the div\n       * element that contains the map. *\/\n      #map {\n        height: 100%;\n      }\n      \/* Optional: Makes the sample page fill the window. *\/\n      html, body {\n        height: 100%;\n        margin: 0;\n        padding: 0;\n      }\n    <\/style>\n  \n  \n\t<p>Na terenie jest ogrodzony, strze\u017cony parking. Nie pobieramy dodatkowych op\u0142at za parkowanie.<\/p>\n\t\t\t\t\t\t\t<img decoding=\"async\" src=\"https:\/\/demo.wpbeaveraddons.com\/wp-content\/uploads\/2017\/10\/mobile-icon.png\" alt=\"\">\n\t\t\n\t\t\t\t\t690 197 987<br>\ndomki@2mpro.pl\n\t\t\t<a href=\"https:\/\/share.google\/Ifk0boLsw69kfMzKq\" target=\"_blank\" rel=\"noopener\">\n\t\t\t\t\t\t\t<img decoding=\"async\" src=\"https:\/\/demo.wpbeaveraddons.com\/wp-content\/uploads\/2017\/10\/map-icon.png\" alt=\"\">\n\t\t\n\t\t\t\t\t<p>Rybak\u00f3w 32D, <br>81-197 Gdynia<\/p>\t\t\t\t\n\t\t<\/a>\n\t\u00a9 2020-2026 r. <a href=\"https:\/\/babiedoly.com\/de\/datenschutzerklaerung\/\">polityka prywatno\u015bci i przetwarzanie danych osobowych<\/a><br>\nwdro\u017cenie: <a href=\"https:\/\/brandrei.com\/\" target=\"_blank\" rel=\"noopener\">Brandrei.com<\/a> oraz <a href=\"https:\/\/finemarketing.pl\/\" target=\"_blank\" rel=\"noopener\">Fine Marketing<\/a><br>\nWszystkie zdj\u0119cia obj\u0119te prawem autorskim\n<p>Zobacz <a href=\"https:\/\/babiedoly.com\/de\/ganzjaehrige-ferienhaeuser-am-meer-in-gdynia\/\">domki ca\u0142oroczne Gdynia<\/a><\/p>\n\n","protected":false},"excerpt":{"rendered":"<p>Opinie &#8211; Domki Babie Do\u0142y Poczuj rado\u015b\u0107 wypoczynku o ka\u017cdej porze roku! Autentyczne opinie znajdziecie Pa\u0144stwo na naszej mapie Google oraz na serwisie Booking.com : www.booking.com\/hotel\/pl\/domki-letniskowe-babie-doly.pl.html Na terenie jest ogrodzony, strze\u017cony parking. Nie pobieramy dodatkowych op\u0142at za parkowanie. 690 197 987 domki@2mpro.pl Rybak\u00f3w 32D, 81-197 Gdynia \u00a9 2020-2026 r. polityka prywatno\u015bci i przetwarzanie danych osobowych&hellip;<\/p>\n","protected":false},"author":1,"featured_media":0,"parent":0,"menu_order":0,"comment_status":"closed","ping_status":"closed","template":"tpl-no-header-footer.php","meta":{"footnotes":""},"class_list":["post-2261","page","type-page","status-publish","hentry"],"_links":{"self":[{"href":"https:\/\/babiedoly.com\/de\/wp-json\/wp\/v2\/pages\/2261","targetHints":{"allow":["GET"]}}],"collection":[{"href":"https:\/\/babiedoly.com\/de\/wp-json\/wp\/v2\/pages"}],"about":[{"href":"https:\/\/babiedoly.com\/de\/wp-json\/wp\/v2\/types\/page"}],"author":[{"embeddable":true,"href":"https:\/\/babiedoly.com\/de\/wp-json\/wp\/v2\/users\/1"}],"replies":[{"embeddable":true,"href":"https:\/\/babiedoly.com\/de\/wp-json\/wp\/v2\/comments?post=2261"}],"version-history":[{"count":2,"href":"https:\/\/babiedoly.com\/de\/wp-json\/wp\/v2\/pages\/2261\/revisions"}],"predecessor-version":[{"id":3571,"href":"https:\/\/babiedoly.com\/de\/wp-json\/wp\/v2\/pages\/2261\/revisions\/3571"}],"wp:attachment":[{"href":"https:\/\/babiedoly.com\/de\/wp-json\/wp\/v2\/media?parent=2261"}],"curies":[{"name":"wp","href":"https:\/\/api.w.org\/{rel}","templated":true}]}}