{"id":2251,"date":"2020-06-23T13:47:31","date_gmt":"2020-06-23T11:47:31","guid":{"rendered":"https:\/\/babiedoly.com\/regulamin-sprzedazy\/"},"modified":"2026-04-10T11:16:15","modified_gmt":"2026-04-10T09:16:15","slug":"verkaufsbedingungen","status":"publish","type":"page","link":"https:\/\/babiedoly.com\/de\/verkaufsbedingungen\/","title":{"rendered":"Verkaufsbestimmungen in den Ferienh\u00e4usern \u201eBabie Do\u0142y\u201c."},"content":{"rendered":"\n\n\t<h2>Regulamin sprzeda\u017cy w domkach &#8211; Babie Do\u0142y<\/h2>\n\t<p><strong>Regulamin sprzeda\u017cy us\u0142ugi <\/strong><\/p>\n<p><strong>\u00a7 1 <\/strong><strong>Postanowienia wst\u0119pne<\/strong><\/p>\n<ol>\n<li>Domki Letniskowe Babie Do\u0142y, dost\u0119pny pod adresem internetowym <a href=\"https:\/\/babiedoly.com\/de\/\">https:\/\/babiedoly.com<\/a>, prowadzony jest przez Monik\u0119 Trzebi\u0144sk\u0105 prowadz\u0105cego dzia\u0142alno\u015b\u0107 gospodarcz\u0105 pod firm\u0105 2MPRO Monika Trzebi\u0144ska, wpisan\u0105 do Centralnej Ewidencji i Informacji o Dzia\u0142alno\u015bci Gospodarczej (CEIDG) prowadzonej przez ministra w\u0142a\u015bciwego ds. gospodarki, NIP 9580983052, REGON 369263498 adres siedziby oraz adres prowadzenia dzia\u0142alno\u015bci ul. Rybak\u00f3w 32d, 81-197 Gdynia<\/li>\n<\/ol>\n<ol start=\"2\">\n<li>Niniejszy Regulamin skierowany jest zar\u00f3wno do Konsument\u00f3w korzystaj\u0105cych z us\u0142ugi i okre\u015bla zasady korzystania oraz zasady i tryb zawierania Um\u00f3w Sprzeda\u017cy z Klientem na odleg\u0142o\u015b\u0107 za po\u015brednictwem kalendarza rezerwacji.<\/li>\n<\/ol>\n<p><strong> \u00a7 <\/strong><strong>2 <\/strong><strong>Definicje<\/strong><\/p>\n<ol>\n<li><strong>Konsument <\/strong>&#8211; osoba fizyczna, firma zawieraj\u0105ca ze Sprzedawc\u0105 umow\u0119 w ramach wynajmu domk\u00f3w letniskowych,<\/li>\n<li><strong>Sprzedawca <\/strong>&#8211; osoba fizyczna prowadz\u0105ca dzia\u0142alno\u015b\u0107 gospodarcz\u0105 pod firm\u0105 2MPRO Monika Trzebi\u0144ska, wpisan\u0105 do Centralnej Ewidencji i Informacji o Dzia\u0142alno\u015bci Gospodarczej (CEIDG) prowadzonej przez ministra w\u0142a\u015bciwego ds. gospodarki, NIP 9580983052, REGON 369263498 adres siedziby oraz adres prowadzenia dzia\u0142alno\u015bci ul. Rybak\u00f3w 32d, 81-197 Gdynia<\/li>\n<li><strong>Klient <\/strong>&#8211; ka\u017cdy podmiot dokonuj\u0105cy rezerwacji za po\u015brednictwem kalendarza rezerwacji.<\/li>\n<li><strong>Przedsi\u0119biorca <\/strong>&#8211; osoba fizyczna, osoba prawna i jednostka organizacyjna nieb\u0119d\u0105ca osob\u0105 prawn\u0105, kt\u00f3rej odr\u0119bna ustawa przyznaje zdolno\u015b\u0107 prawn\u0105, wykonuj\u0105ca we w\u0142asnym imieniu dzia\u0142alno\u015b\u0107 gospodarcz\u0105, kt\u00f3ra korzysta z us\u0142ugi.<\/li>\n<li><strong>Us\u0142uga noclegowa <\/strong>&#8211; dzia\u0142alno\u015b\u0107 rezerwacyjna prowadzona przez Sprzedawc\u0119 pod adresem internetowym https:\/\/babiedoly.com<\/li>\n<li><strong>Umowa zawarta na odleg\u0142o\u015b\u0107<\/strong> &#8211; umowa zawarta z Klientem w ramach zorganizowanego systemu zawierania um\u00f3w na odleg\u0142o\u015b\u0107 (w ramach kalendarza rezerwacji),<\/li>\n<li><strong>Regulamin <\/strong>&#8211; niniejszy regulamin sprzeda\u017cy us\u0142ugi.<\/li>\n<li><strong>Zam\u00f3wienie <\/strong>&#8211; o\u015bwiadczenie woli Klienta sk\u0142adane za pomoc\u0105 Formularza rezerwacji i zmierzaj\u0105ce bezpo\u015brednio do zawarcia Umowy z Sprzedawc\u0105.<\/li>\n<li><strong>Konto<\/strong> &#8211; konto klienta, s\u0105 w nim gromadzone dane podane przez Klienta oraz informacje o z\u0142o\u017conych przez niego z\u0142o\u017conych rezerwacji.<\/li>\n<li><strong>Kalendarz rezerwacji<\/strong> &#8211; interaktywny formularz dost\u0119pny w na stronie internetowej umo\u017cliwiaj\u0105cy z\u0142o\u017cenie rezerwacji, oraz okre\u015blenie warunk\u00f3w Umowy Sprzeda\u017cy, w tym sposobu dostawy i p\u0142atno\u015bci.<\/li>\n<li><strong>Produkt <\/strong>&#8211; us\u0142uga noclegowa, b\u0119d\u0105ca przedmiotem Umowy Sprzeda\u017cy mi\u0119dzy Klientem a Sprzedawc\u0105.<\/li>\n<li><strong>Umowa Sprzeda\u017cy<\/strong> &#8211; umowa sprzeda\u017cy Produktu zawierana albo zawarta mi\u0119dzy Klientem a Sprzedawc\u0105 za po\u015brednictwem formularza rezerwacji.<\/li>\n<\/ol>\n<p><strong>\u00a7 3 <\/strong><strong>Kontakt <\/strong><\/p>\n<ol>\n<li>Adres Sprzedawcy: ul. Rybak\u00f3w 32d, 81-197 Gdynia<\/li>\n<li>Adres e-mail Sprzedawcy: domki@2mpro.pl<\/li>\n<li>Numer telefonu Sprzedawcy: +48 690\u00a0197\u00a0987<\/li>\n<li>Numer fax Sprzedawcy: 58\u00a0727 00 55<\/li>\n<li>Numer rachunku bankowego Sprzedawcy BNP Paribas 03 1750 0009 0000 0000 3878 9759<\/li>\n<li>Klient mo\u017ce porozumiewa\u0107 si\u0119 ze Sprzedawc\u0105 za pomoc\u0105 adres\u00f3w i numer\u00f3w telefon\u00f3w podanych w niniejszym paragrafie.<\/li>\n<li>Klient mo\u017ce porozumie\u0107 si\u0119 telefonicznie ze Sprzedawc\u0105 w godzinach 7:00 &#8211; 22:00.<\/li>\n<\/ol>\n<p><strong>\u00a7 4 <\/strong><strong>Informacje og\u00f3lne<\/strong><\/p>\n<ol>\n<li>Sprzedawca w najszerszym dopuszczalnym przez prawo zakresie nie ponosi odpowiedzialno\u015bci za zak\u0142\u00f3cenia w tym przerwy w funkcjonowaniu formularza rezerwacji spowodowane si\u0142\u0105 wy\u017csz\u0105, niedozwolonym dzia\u0142aniem os\u00f3b trzecich lub niekompatybilno\u015bci\u0105 z infrastruktur\u0105 techniczn\u0105 Klienta.<\/li>\n<li>Przegl\u0105danie formularza rezerwacji nie wymaga zak\u0142adania Konta. Sk\u0142adanie rezerwacji przez Klienta jest mo\u017cliwe przez formularz rezerwacji na stronie internetowej, telefonicznie ju\u017c e-mailowo.<\/li>\n<li>Ceny podane w cenniku s\u0105 podane w polskich z\u0142otych i s\u0105 cenami brutto (uwzgl\u0119dniaj\u0105 podatek VAT).<\/li>\n<li>Na ko\u0144cow\u0105 (ostateczn\u0105) kwot\u0119 do zap\u0142aty przez Klienta sk\u0142ada si\u0119 cena za dob\u0119 mno\u017cona przez ilo\u015b\u0107 dni zarezerwowanych przez klienta. Klient jest poinformowany automatycznie e-mailem w momencie z\u0142o\u017cenia rezerwacji. Warunkiem poprawnie z\u0142o\u017conej rezerwacji jest wymagana op\u0142ata zadatku w wysoko\u015bci 20% ca\u0142o\u015bci pobytu.<\/li>\n<\/ol>\n<p><strong>\u00a7 5 S<\/strong><strong>k\u0142adanie rezerwacji w kalendarzu<\/strong><\/p>\n<ol>\n<li>Aby za\u0142o\u017cy\u0107 rezerwacje w kalendarzu, nale\u017cy wype\u0142ni\u0107 Formularz rezerwacji. Niezb\u0119dne jest podanie nast\u0119puj\u0105cych danych: Imi\u0119 Nazwisko, Telefon, e-mia\u0142, dat\u0119 przyjazdu i dat\u0119 wyjazdu, ilo\u015b\u0107 os\u00f3b wynajmuj\u0105cych domek.<\/li>\n<li>Dodatkowo w przypadku otrzymania faktury vat trzeba poda\u0107: nazw\u0119 firmy, adres, NIP.<\/li>\n<li>Poprawne z\u0142o\u017cenie rezerwacji jest r\u00f3wnoznaczne z akceptacj\u0105 regulaminy pobytu i sprzeda\u017cy jak r\u00f3wnie\u017c jednoznaczne z wp\u0142aceniem zadatku za pobyt.<\/li>\n<\/ol>\n<p><strong> \u00a7 6 <\/strong><strong>Oferowane metody p\u0142atno\u015bci<\/strong><\/p>\n<ol>\n<li>Klient mo\u017ce skorzysta\u0107 z nast\u0119puj\u0105cych metod p\u0142atno\u015bci zadatku:<\/li>\n<li>P\u0142atno\u015b\u0107 online &#8211; Przelewy24,<\/li>\n<li>P\u0142atno\u015b\u0107 przelew tradycyjny na konto Sprzedawcy<\/li>\n<\/ol>\n<p><strong> \u00a7 7 <\/strong><strong>Wykonanie umowy sprzeda\u017cy<\/strong><\/p>\n<ol>\n<li>Zawarcie Umowy Sprzeda\u017cy mi\u0119dzy Klientem a Sprzedawc\u0105 nast\u0119puje po uprzednim z\u0142o\u017ceniu rezerwacji przez Klienta za pomoc\u0105 Formularza rezerwacji.<\/li>\n<li>Po z\u0142o\u017ceniu Rezerwacji Sprzedawca niezw\u0142ocznie potwierdza jego otrzymanie. Potwierdzenie otrzymania rezerwacji i jego przyj\u0119cie do realizacji nast\u0119puje poprzez przes\u0142anie przez Sprzedawc\u0119 Klientowi stosownej wiadomo\u015bci e-mail na podany w trakcie sk\u0142adania rezerwacji adresu poczty elektronicznej Klienta. Z chwil\u0105 otrzymania przez Klienta powy\u017cszej wiadomo\u015bci e-mail zostaje zawarta Umowa Sprzeda\u017cy us\u0142ugi mi\u0119dzy Klientem a Sprzedawc\u0105.<\/li>\n<li>W przypadku wyboru przez Klienta:<\/li>\n<li>P\u0142atno\u015bci online &#8211; Klient jest zobowi\u0105zany do dokonania p\u0142atno\u015bci natychmiast po dokonaniu rezerwacji, w wybranym banku.<\/li>\n<li>p\u0142atno\u015bci przelewem tradycyjnym, Klient obowi\u0105zany jest do dokonania p\u0142atno\u015bci w terminie 3 dni kalendarzowych od dnia zawarcia Umowy Sprzeda\u017cy &#8211; w przeciwnym razie rezerwacja zostanie anulowana.<\/li>\n<\/ol>\n<p><strong> \u00a7 8 <\/strong><strong>Prawo odst\u0105pienia od umowy<\/strong><\/p>\n<ol>\n<li>Konsument mo\u017ce w terminie do 30 dni przez terminem najp\u00f3\u017aniej na 30 dni przed dniem przyjazdu<strong> &#8211; odst\u0105pi\u0107 od umowy bez podania przyczyny. Sprzedawca ma obowi\u0105zek w przeci\u0105gu 3 dni roboczych na zwrot wp\u0142aconego zadatku przez Klienta. Na numer konta z kt\u00f3rego zosta\u0142 wp\u0142acony zadatek. <\/strong><\/li>\n<li>W przypadku odwo\u0142ania rezerwacji na 29 i mniej dni przed przyjazdem &#8211; pobieramy w ca\u0142o\u015bci wp\u0142acony zadatek tj. <strong>20% ca\u0142ego pobytu. <\/strong><\/li>\n<li><strong> Sprzedawca <\/strong>w uzasadnionych przypadkach ma mo\u017cliwo\u015b\u0107 wystawienia Vouchera na wy\u017cej wymienion\u0105 kwot\u0119 \u00a0do wykorzystania w innym terminie.<\/li>\n<\/ol>\n<p><strong> \u00a7 9 <\/strong><strong>Reklamacja <\/strong><\/p>\n<ol>\n<li>W przypadku wyst\u0105pienia b\u0142\u0119d\u00f3w w z\u0142o\u017ceniu reklamacji u Sprzedawcy Klient ma prawo do reklamacji polegaj\u0105cej na korekcie dat rezerwacji.<\/li>\n<li>Reklamacj\u0119 nale\u017cy zg\u0142osi\u0107 pisemnie drog\u0105 elektroniczn\u0105 na podane w niniejszym Regulaminie adresy Sprzedawcy.<\/li>\n<li>Sprzedawca ustosunkuje si\u0119 do \u017c\u0105dania reklamacyjnego niezw\u0142ocznie, nie p\u00f3\u017aniej ni\u017c w terminie 3 dni, a je\u015bli nie zrobi tego w tym terminie, uwa\u017ca si\u0119, \u017ce \u017c\u0105danie Klienta uzna\u0142 za uzasadnione.<\/li>\n<\/ol>\n<p><strong> \u00a7 10 <\/strong><strong>Postanowienia ko\u0144cowe<\/strong><\/p>\n<ol>\n<li>Umowy zawierane poprzez formularz rezerwacyjny s\u0105 zawierane w j\u0119zyku polskim.<\/li>\n<li>Sprzedawca zastrzega sobie prawo do dokonywania zmian Regulaminu z wa\u017cnych przyczyn to jest: zmiany przepis\u00f3w prawa, zmiany sposob\u00f3w p\u0142atno\u015bci i dostaw &#8211; w zakresie, w jakim te zmiany wp\u0142ywaj\u0105 na realizacj\u0119 postanowie\u0144 niniejszego Regulaminu. O ka\u017cdej zmianie Sprzedawca poinformuje Klienta z co najmniej 7 dniowym wyprzedzeniem.<\/li>\n<li>W sprawach nieuregulowanych w niniejszym Regulaminie maj\u0105 zastosowanie powszechnie obowi\u0105zuj\u0105ce przepisy prawa polskiego, w szczeg\u00f3lno\u015bci: Kodeksu cywilnego; ustawy o \u015bwiadczeniu us\u0142ug drog\u0105 elektroniczn\u0105; ustawy o prawach konsumenta, ustawy o ochronie danych osobowych.<\/li>\n<\/ol>\n\t\t\t\t\t\t\t<img decoding=\"async\" src=\"https:\/\/demo.wpbeaveraddons.com\/wp-content\/uploads\/2017\/10\/mobile-icon.png\" alt=\"\" \/>\n\t\t\t\t\t\n\t\t\t\t\t690 197 987<br \/>\ndomki@2mpro.pl\n\t\t\t\t\t\t\t<img decoding=\"async\" src=\"https:\/\/demo.wpbeaveraddons.com\/wp-content\/uploads\/2017\/10\/map-icon.png\" alt=\"\" \/>\n\t\t\t\t\t\n\t\t\t\t\t<p>Rybak\u00f3w 32D, <br \/>81-197 Gdynia<\/p>\t\t\t\t\n\t\u00a9 2021 r. <a href=\"https:\/\/babiedoly.com\/polityka-prywatnosci\/\">polityka prywatno\u015bci i przetwarzanie danych osobowych<\/a><br \/>\nwdro\u017cenie: Brandrei.com<br \/>Wszystkie zdj\u0119cia obj\u0119te prawem autorskim\n\n","protected":false},"excerpt":{"rendered":"<p>Regulamin sprzeda\u017cy w domkach &#8211; Babie Do\u0142y Regulamin sprzeda\u017cy us\u0142ugi \u00a7 1 Postanowienia wst\u0119pne Domki Letniskowe Babie Do\u0142y, dost\u0119pny pod adresem internetowym https:\/\/babiedoly.com, prowadzony jest przez Monik\u0119 Trzebi\u0144sk\u0105 prowadz\u0105cego dzia\u0142alno\u015b\u0107 gospodarcz\u0105 pod firm\u0105 2MPRO Monika Trzebi\u0144ska, wpisan\u0105 do Centralnej Ewidencji i Informacji o Dzia\u0142alno\u015bci Gospodarczej (CEIDG) prowadzonej przez ministra w\u0142a\u015bciwego ds. gospodarki, NIP 9580983052, REGON&hellip;<\/p>\n","protected":false},"author":1,"featured_media":0,"parent":0,"menu_order":0,"comment_status":"closed","ping_status":"closed","template":"tpl-no-header-footer.php","meta":{"footnotes":""},"class_list":["post-2251","page","type-page","status-publish","hentry"],"_links":{"self":[{"href":"https:\/\/babiedoly.com\/de\/wp-json\/wp\/v2\/pages\/2251","targetHints":{"allow":["GET"]}}],"collection":[{"href":"https:\/\/babiedoly.com\/de\/wp-json\/wp\/v2\/pages"}],"about":[{"href":"https:\/\/babiedoly.com\/de\/wp-json\/wp\/v2\/types\/page"}],"author":[{"embeddable":true,"href":"https:\/\/babiedoly.com\/de\/wp-json\/wp\/v2\/users\/1"}],"replies":[{"embeddable":true,"href":"https:\/\/babiedoly.com\/de\/wp-json\/wp\/v2\/comments?post=2251"}],"version-history":[{"count":1,"href":"https:\/\/babiedoly.com\/de\/wp-json\/wp\/v2\/pages\/2251\/revisions"}],"predecessor-version":[{"id":3499,"href":"https:\/\/babiedoly.com\/de\/wp-json\/wp\/v2\/pages\/2251\/revisions\/3499"}],"wp:attachment":[{"href":"https:\/\/babiedoly.com\/de\/wp-json\/wp\/v2\/media?parent=2251"}],"curies":[{"name":"wp","href":"https:\/\/api.w.org\/{rel}","templated":true}]}}