{"id":2250,"date":"2020-06-16T20:17:23","date_gmt":"2020-06-16T18:17:23","guid":{"rendered":"https:\/\/babiedoly.com\/regulamin\/"},"modified":"2026-04-10T11:16:18","modified_gmt":"2026-04-10T09:16:18","slug":"aufenthaltsregeln","status":"publish","type":"page","link":"https:\/\/babiedoly.com\/de\/aufenthaltsregeln\/","title":{"rendered":"Vorschriften f\u00fcr Aufenthalte in Ferienh\u00e4usern"},"content":{"rendered":"\n\n\t\n\t\t\t\t<a href=\"\/\" target=\"_self\" itemprop=\"url\" rel=\"noopener\">\n\t\t\t\t<img loading=\"lazy\" decoding=\"async\" src=\"https:\/\/babiedoly.com\/wp-content\/uploads\/2020\/07\/fresh-grass-green.png\" alt=\"Domki ca\u0142oroczne BabieDo\u0142y logo2\" itemprop=\"image\" height=\"305\" width=\"305\" title=\"Domki ca\u0142oroczne BabieDo\u0142y logo3\" onerror=\"this.style.display='none'\"  \/>\n\t\t\t\t<\/a>\n\t\n\t\t\t\t<a href=\"\/\" target=\"_self\" itemprop=\"url\" rel=\"noopener\">\n\t\t\t\t<img loading=\"lazy\" decoding=\"async\" src=\"https:\/\/babiedoly.com\/wp-content\/uploads\/2020\/07\/fresh-grass-green.png\" alt=\"Domki ca\u0142oroczne BabieDo\u0142y logo2\" itemprop=\"image\" height=\"305\" width=\"305\" title=\"Domki ca\u0142oroczne BabieDo\u0142y logo3\" onerror=\"this.style.display='none'\"  \/>\n\t\t\t\t<\/a>\n\t\n\t\n\t   \t<ul id=\"menu-domki-babie-doly\"><li id=\"menu-item-1238\"><a href=\"\/\" tabindex=\"0\" role=\"link\">strona g\u0142\u00f3wna<\/a><\/li>\n<li id=\"menu-item-1239\"><a href=\"https:\/\/babiedoly.com\/de\/fotos\/\" tabindex=\"0\" role=\"link\">zdj\u0119cia<\/a><\/li>\n<li id=\"menu-item-1240\"><a href=\"\/#cennik\" tabindex=\"0\" role=\"link\">cennik<\/a><\/li>\n<li id=\"menu-item-1241\"><a href=\"https:\/\/babiedoly.com\/de\/lage\/\" tabindex=\"0\" role=\"link\">lokalizacja<\/a><\/li>\n<li id=\"menu-item-1242\"><a href=\"\/#udogodnienia\" tabindex=\"0\" role=\"link\">udogodnienia<\/a><\/li>\n<li id=\"menu-item-1243\"><a href=\"https:\/\/babiedoly.com\/de\/reservierungen\/\" tabindex=\"0\" role=\"link\">rezerwacja<\/a><\/li>\n<li id=\"menu-item-1244\"><a href=\"https:\/\/babiedoly.com\/de\/kontakt\/\" tabindex=\"0\" role=\"link\">kontakt<\/a><\/li>\n<\/ul>\nMenu\n\t\t<a href=\"javascript:void(0)\">\u00d7<\/a>\n\t\t<ul id=\"menu-domki-babie-doly-1\"><li id=\"menu-item-1238\"><a href=\"\/\" tabindex=\"0\" role=\"link\">strona g\u0142\u00f3wna<\/a><\/li>\n<li id=\"menu-item-1239\"><a href=\"https:\/\/babiedoly.com\/de\/fotos\/\" tabindex=\"0\" role=\"link\">zdj\u0119cia<\/a><\/li>\n<li id=\"menu-item-1240\"><a href=\"\/#cennik\" tabindex=\"0\" role=\"link\">cennik<\/a><\/li>\n<li id=\"menu-item-1241\"><a href=\"https:\/\/babiedoly.com\/de\/lage\/\" tabindex=\"0\" role=\"link\">lokalizacja<\/a><\/li>\n<li id=\"menu-item-1242\"><a href=\"\/#udogodnienia\" tabindex=\"0\" role=\"link\">udogodnienia<\/a><\/li>\n<li id=\"menu-item-1243\"><a href=\"https:\/\/babiedoly.com\/de\/reservierungen\/\" tabindex=\"0\" role=\"link\">rezerwacja<\/a><\/li>\n<li id=\"menu-item-1244\"><a href=\"https:\/\/babiedoly.com\/de\/kontakt\/\" tabindex=\"0\" role=\"link\">kontakt<\/a><\/li>\n<\/ul>\n\t<h2>Regulamin pobytu w domkach &#8211; Babie Do\u0142y<\/h2>\n\t<ol>\n<li>Warunkiem poprawnie z\u0142o\u017conej rezerwacji jest potwierdzona wp\u0142ata zadatku rezerwacyjnego, reszt\u0119 p\u0142atno\u015bci za pobyt dokonuje si\u0119 w dniu przyjazdu got\u00f3wka\/ karta.<\/li>\n<li><strong>Wp\u0142ata zadatku oznacza akceptacj\u0119 Regulaminu.<\/strong><\/li>\n<li>Wystawiamy na \u017cyczenie faktury VAT &#8211; zg\u0142oszenie i dane do faktury trzeba poda\u0107 w dniu przyjazdu przy meldunku.<\/li>\n<li><strong>Najp\u00f3\u017aniej na 30 dni przed dniem przyjazdu &#8211; rezygnacja BEZP\u0141ATNA<\/strong><\/li>\n<li>W przypadku odwo\u0142ania rezerwacji na 29 i mniej dni przed przyjazdem &#8211; pobieramy 20% ZALICZKI<br \/>\nJest mo\u017cliwo\u015b\u0107 otrzymania Vouchera na wy\u017cej wymienion\u0105 kwot\u0119 do wykorzystania w innym terminie.<\/li>\n<li>Wysoko\u015b\u0107 op\u0142at za pobyt nie podlega zmniejszeniu lub zwrotowi, je\u017celi wczasowicz wyjedzie z w\u0142asnej woli w trakcie trwania wypoczynku.<\/li>\n<li><strong>Doba pobytu<\/strong> na o\u015brodku zaczyna si\u0119 o godzinie<strong> 15.00<\/strong>, ko\u0144czy o godzinie &#8211;<strong> 11.00<\/strong> nast\u0119pnego dnia.<\/li>\n<li>Z zasady nie przyjmujemy zwierz\u0105t &#8211; s\u0105 jednak akceptowane po indywidualnym ustaleniu z w\u0142a\u015bcicielami o\u015brodka. Prosimy o kontakt.<\/li>\n<li>Ceny podane w cenniku zawieraj\u0105 op\u0142at\u0119 za media i parking.<\/li>\n<li>W domku nie mo\u017ce przebywa\u0107 wi\u0119cej ni\u017c 6 os\u00f3b.<\/li>\n<li><strong>W domkach zabrania si\u0119 sma\u017cenia ryb oraz palenia tytoniu.<\/strong><\/li>\n<li>Wynajmuj\u0105cy ponosi odpowiedzialno\u015b\u0107 materialn\u0105 za wszelkiego rodzaju uszkodzenia i zniszczenia powsta\u0142e z jego winy.<\/li>\n<li>Dbaj\u0105c o jako\u015b\u0107 wypoczynku na terenie kompleksu obowi\u0105zuje cisza nocna od 22.00 do 7.00.<\/li>\n<li>Na terenie kompleksu znajduj\u0105 si\u0119 niecertyfikowane elementy zabawowe dla dzieci, korzystanie z nich jest tylko pod nadzorem rodzica\/opiekuna i na jego odpowiedzialno\u015b\u0107.<\/li>\n<li>Pe\u0142n\u0105 odpowiedzialno\u015b\u0107 za dzieci (niezale\u017cnie od wieku) podczas pobytu ponosz\u0105 rodzice\/opiekunowie.<\/li>\n<li>Przyjmowanie go\u015bci do domk\u00f3w odbywa si\u0119 wy\u0142\u0105cznie po wcze\u015bniejszym zg\u0142oszeniu.<\/li>\n<li>W\u0142a\u015bciciel nie ponosi odpowiedzialno\u015bci za uszkodzone pojazdy na parkingu i skradzione mienie pozostawione na terenie.<\/li>\n<li>Wypoczynek w naszym o\u015brodku ma charakter rodzinny, nie przyjmujemy samodzielnych grup m\u0142odzie\u017cowych.<\/li>\n<li>Zabrania si\u0119 parkowania samochod\u00f3w os\u00f3b nieb\u0119d\u0105cych klientami.<\/li>\n<li><strong>Przed wjazdem\/wyjazdem na\/z posesj\u0119 nale\u017cy poczeka\u0107 do ca\u0142kowitego otwarcia bramy (zga\u015bni\u0119cia sygnalizacji), poniewa\u017c silny wiatr i przeszkody sta\u0142e mog\u0105 powodowa\u0107 awaryjne zatrzymanie i cofni\u0119cie skrzyde\u0142 bramy. Po otwarciu bramy nale\u017cy j\u0105 zamkn\u0105\u0107.<\/strong><\/li>\n<\/ol>\n\t\t\t\t<img decoding=\"async\" src=\"https:\/\/demo.wpbeaveraddons.com\/wp-content\/uploads\/2017\/10\/mobile-icon.png\" alt=\"\" \/>\n\t\t\t\t\t<h4><\/h4>\n\t\t\t\t\t<p>696 448 181<br \/>monika@2mpro.pl<\/p>\t\t\t\t\n\t\t\t\t<img decoding=\"async\" src=\"https:\/\/demo.wpbeaveraddons.com\/wp-content\/uploads\/2017\/10\/map-icon.png\" alt=\"\" \/>\n\t\t\t\t\t<h4><\/h4>\n\t\t\t\t\t<p>Rybak\u00f3w 32D, <br \/>81-197 Gdynia<\/p>\t\t\t\t\n\t\t\t<a href=\"https:\/\/www.facebook.com\/pages\/category\/Vacation-Home-Rental\/Domki-Letniskowe-Babie-Do%C5%82y-101882701579054\/\" target=\"_self\" rel=\"nofollow noopener\">\n\t\t\t\t\t<h4><\/h4>\n\t\t\t\t\t<p>Zobacz nasz <br \/>Fanpage<\/p>\t\t\t\t\n\t\t<\/a>\n\t\u00a9 2021 r. <a href=\"https:\/\/babiedoly.com\/polityka-prywatnosci\/\">polityka prywatno\u015bci i przetwarzanie danych osobowych<\/a><br \/>\nwdro\u017cenie: Brandrei.com<br \/>Wszystkie zdj\u0119cia obj\u0119te prawem autorskim\n\n","protected":false},"excerpt":{"rendered":"<p>strona g\u0142\u00f3wna zdj\u0119cia cennik lokalizacja udogodnienia rezerwacja kontakt Menu \u00d7 strona g\u0142\u00f3wna zdj\u0119cia cennik lokalizacja udogodnienia rezerwacja kontakt Regulamin pobytu w domkach &#8211; Babie Do\u0142y Warunkiem poprawnie z\u0142o\u017conej rezerwacji jest potwierdzona wp\u0142ata zadatku rezerwacyjnego, reszt\u0119 p\u0142atno\u015bci za pobyt dokonuje si\u0119 w dniu przyjazdu got\u00f3wka\/ karta. Wp\u0142ata zadatku oznacza akceptacj\u0119 Regulaminu. Wystawiamy na \u017cyczenie faktury VAT&hellip;<\/p>\n","protected":false},"author":1,"featured_media":0,"parent":0,"menu_order":0,"comment_status":"closed","ping_status":"closed","template":"tpl-no-header-footer.php","meta":{"footnotes":""},"class_list":["post-2250","page","type-page","status-publish","hentry"],"_links":{"self":[{"href":"https:\/\/babiedoly.com\/de\/wp-json\/wp\/v2\/pages\/2250","targetHints":{"allow":["GET"]}}],"collection":[{"href":"https:\/\/babiedoly.com\/de\/wp-json\/wp\/v2\/pages"}],"about":[{"href":"https:\/\/babiedoly.com\/de\/wp-json\/wp\/v2\/types\/page"}],"author":[{"embeddable":true,"href":"https:\/\/babiedoly.com\/de\/wp-json\/wp\/v2\/users\/1"}],"replies":[{"embeddable":true,"href":"https:\/\/babiedoly.com\/de\/wp-json\/wp\/v2\/comments?post=2250"}],"version-history":[{"count":1,"href":"https:\/\/babiedoly.com\/de\/wp-json\/wp\/v2\/pages\/2250\/revisions"}],"predecessor-version":[{"id":3498,"href":"https:\/\/babiedoly.com\/de\/wp-json\/wp\/v2\/pages\/2250\/revisions\/3498"}],"wp:attachment":[{"href":"https:\/\/babiedoly.com\/de\/wp-json\/wp\/v2\/media?parent=2250"}],"curies":[{"name":"wp","href":"https:\/\/api.w.org\/{rel}","templated":true}]}}