{"id":2248,"date":"2020-06-16T19:57:41","date_gmt":"2020-06-16T17:57:41","guid":{"rendered":"https:\/\/babiedoly.com\/rezerwacja\/"},"modified":"2026-04-10T13:52:15","modified_gmt":"2026-04-10T11:52:15","slug":"reservierungen","status":"publish","type":"page","link":"https:\/\/babiedoly.com\/de\/reservierungen\/","title":{"rendered":"Reservierungen"},"content":{"rendered":"\n\n\t<h1>Reservieren Sie Ihren Platz in den Ferienh\u00e4usern<\/h1>\n\t<p>Kalender der verf\u00fcgbaren Termine:<\/p>\n\t<iframe id=\"ra-calendar-8b999149469496376ad472a6c578a695\" src=\"\/\/roomadmin.pl\/application\/calendar\/index?fh=c92ce4e188ec752ec9aa1c984d6a0150bf15499e&#038;disableReservationButton=1&#038;style=%7B%22color_accent%22%3A%22%23d67347%22%2C%22color_bg%22%3A%22%23FFFFFF%22%7D&#038;lang=de\"><\/iframe> \n\t<p>W\u00e4hlen Sie einen Termin und die Anzahl der G\u00e4ste aus, und es erscheint eine Liste der verf\u00fcgbaren H\u00e4user. Dasselbe finden Sie unter der Schaltfl\u00e4che Reservierung. <\/p>\n<iframe id=\"ra-reservation-form-v2-eed10cd469f8cf1c757672e6c358adf0\" src=\"https:\/\/roomadmin.pl\/widget\/reservation-v2\/start?fh=c92ce4e188ec752ec9aa1c984d6a0150bf15499e&#038;style=%7B%22color_accent%22%3A%22%23d57347%22%2C%22color_bg%22%3A%22%23FFFFFF%22%2C%22color_panel_header%22%3A%22%23FFFFFF%22%2C%22color_panel_body%22%3A%22%23FFFFFF%22%2C%22rounded_corners%22%3A%22true%22%7D&#038;filter=%7B%7D&#038;lang=de\"><\/iframe> \n\t<a href=\"https:\/\/roomadmin.pl\/widget\/reservation-v2\/start?fh=c92ce4e188ec752ec9aa1c984d6a0150bf15499e&#038;style=%7B%22color_accent%22:%22%23A1195B%22%7D&#038;lang=de\" target=\"_blank\" role=\"button\" rel=\"noopener\" aria-label=\"RESERVIERUNG\">\n\t\t\t\t\t\tRESERVIERUNG\n\t\t\t\t\t<\/a>\n\t<p>Kapazit\u00e4t der H\u00e4user:<\/p>\n<ul>\n<li>Haus 1: f\u00fcr 4-6 Personen<\/li>\n<li>Haus 2: f\u00fcr 4-6 Personen<\/li>\n<li>Haus 3: f\u00fcr 4-8 Personen<\/li>\n<li>Haus 4: f\u00fcr 3-5 Personen<\/li>\n<\/ul>\nF\u00fcr alle G\u00e4ste <strong>2 Stunden Sauna KOSTENLOS<\/strong> im Rahmen des Aufenthalts.<br \/>\nDanach 100 PLN f\u00fcr weitere zwei Stunden an einem anderen Tag.\n\t<a href=\"https:\/\/babiedoly.com\/de\/aufenthaltsregeln\/\" target=\"_self\" role=\"button\" aria-label=\"Aufenthaltsordnung\">\n\t\t\t\t\t\tAufenthaltsordnung\n\t\t\t\t\t<\/a>\n\t<a href=\"https:\/\/babiedoly.com\/de\/verkaufsbedingungen\/\" target=\"_self\" role=\"button\" aria-label=\"Verkaufsbedingungen\">\n\t\t\t\t\t\tVerkaufsbedingungen\n\t\t\t\t\t<\/a>\n\t<pre class=\"ti-widget\"><template id=\"trustindex-google-widget-html\"><div class=\" ti-widget  ti-goog ti-show-rating-text ti-review-text-mode-readmore ti-content-align-center\" data-no-translation=\"true\" data-time-locale=\"%d %s temu|dzi\u015b|dzie\u0144|dni|tydzie\u0144|tygodni|miesi\u0105c|miesi\u0119cy|rok|lat\" data-plugin-version=\"13.2.8\" data-layout-id=\"37\" data-layout-category=\"slider\" data-set-id=\"ligth-border\" data-pid=\"\" data-language=\"pl\" data-close-locale=\"Zamkn\u0105\u0107\" data-css-version=\"2\" data-reply-by-locale=\"Odpowied\u017a w\u0142a\u015bciciela\" data-only-rating-locale=\"Ten u\u017cytkownik wystawi\u0142 tylko ocen\u0119.\" data-pager-autoplay-timeout=\"6\"> <div class=\"ti-widget-container ti-col-1\"> <div class=\"ti-reviews-container\"> <div class=\"ti-controls\"> <div class=\"ti-next\" aria-label=\"Nast\u0119pna recenzj\u0119\" role=\"button\" tabindex=\"0\"><\/div> <div class=\"ti-prev\" aria-label=\"Poprzednia recenzj\u0119\" role=\"button\" tabindex=\"0\"><\/div> <\/div> <div class=\"ti-reviews-container-wrapper\">  <div data-empty=\"0\" data-time=\"1766188800\" class=\"ti-review-item source-Google ti-image-layout-thumbnail\" data-id=\"cfcd208495d565ef66e7dff9f98764da\"> <div class=\"ti-inner\"> <div class=\"ti-review-header\"> <trustindex-image class=\"ti-platform-icon\" data-imgurl=\"https:\/\/cdn.trustindex.io\/assets\/platform\/Google\/icon.svg\" alt=\"\" width=\"20\" height=\"20\" loading=\"lazy\"><\/trustindex-image> <div class=\"ti-profile-img\"> <trustindex-image data-imgurl=\"https:\/\/lh3.googleusercontent.com\/a-\/ALV-UjWurEbFZ_ocNDIoIv6_LWYcLlvgUvhFv-gkNZ-1zQcYXWabYDjp=w64-h64-c-rp-mo-ba3-br100\" alt=\"Piotr Jurgielewicz profile picture\" loading=\"lazy\"><\/trustindex-image> <\/div> <div class=\"ti-profile-details\"> <div class=\"ti-name\"> Piotr Jurgielewicz <\/div> <div class=\"ti-date\"><\/div> <\/div> <\/div> <span class=\"ti-stars\"><trustindex-image class=\"ti-star\" data-imgurl=\"https:\/\/cdn.trustindex.io\/assets\/platform\/Google\/star\/f.svg\" alt=\"Google\" width=\"17\" height=\"17\" loading=\"lazy\"><\/trustindex-image><trustindex-image class=\"ti-star\" data-imgurl=\"https:\/\/cdn.trustindex.io\/assets\/platform\/Google\/star\/f.svg\" alt=\"Google\" width=\"17\" height=\"17\" loading=\"lazy\"><\/trustindex-image><trustindex-image class=\"ti-star\" data-imgurl=\"https:\/\/cdn.trustindex.io\/assets\/platform\/Google\/star\/f.svg\" alt=\"Google\" width=\"17\" height=\"17\" loading=\"lazy\"><\/trustindex-image><trustindex-image class=\"ti-star\" data-imgurl=\"https:\/\/cdn.trustindex.io\/assets\/platform\/Google\/star\/f.svg\" alt=\"Google\" width=\"17\" height=\"17\" loading=\"lazy\"><\/trustindex-image><trustindex-image class=\"ti-star\" data-imgurl=\"https:\/\/cdn.trustindex.io\/assets\/platform\/Google\/star\/f.svg\" alt=\"Google\" width=\"17\" height=\"17\" loading=\"lazy\"><\/trustindex-image><span class=\"ti-verified-review ti-verified-platform\"><span class=\"ti-verified-tooltip\">Trustindex sprawdza, czy pierwotnym \u017ar\u00f3d\u0142em recenzji jest Google.<\/span><\/span><\/span> <div class=\"ti-review-text-container ti-review-content\"><!-- R-CONTENT -->Bardzo \u0142adne i klimatyczne domki. Przyjemnie zagospodarowany teren wok\u00f3\u0142 domk\u00f3w przygotowany dla ma\u0142ych ( plac zabaw, trampolina, tyrolka \u2026) i du\u017cych ( altana, grille \u2026). Super baza wypadowa. Zdecydowanie godna polecenia.<!-- R-CONTENT --><\/div> <span class=\"ti-read-more\" data-container=\".ti-review-content\" data-collapse-text=\"Ukryj\" data-open-text=\"Czytaj wi\u0119cej\"><\/span> <\/div> <\/div>  <div data-empty=\"0\" data-time=\"1759708800\" class=\"ti-review-item source-Google ti-image-layout-thumbnail\" data-id=\"cfcd208495d565ef66e7dff9f98764da\"> <div class=\"ti-inner\"> <div class=\"ti-review-header\"> <trustindex-image class=\"ti-platform-icon\" data-imgurl=\"https:\/\/cdn.trustindex.io\/assets\/platform\/Google\/icon.svg\" alt=\"\" width=\"20\" height=\"20\" loading=\"lazy\"><\/trustindex-image> <div class=\"ti-profile-img\"> <trustindex-image data-imgurl=\"https:\/\/lh3.googleusercontent.com\/a-\/ALV-UjXzwTTQOntDDyJTBrM2qtNGm2kXK0q42wJ9AQH4ik2hUVMMbeHc=w64-h64-c-rp-mo-ba2-br100\" alt=\"Sylwia B\u0142aszczyk profile picture\" loading=\"lazy\"><\/trustindex-image> <\/div> <div class=\"ti-profile-details\"> <div class=\"ti-name\"> Sylwia B\u0142aszczyk <\/div> <div class=\"ti-date\"><\/div> <\/div> <\/div> <span class=\"ti-stars\"><trustindex-image class=\"ti-star\" data-imgurl=\"https:\/\/cdn.trustindex.io\/assets\/platform\/Google\/star\/f.svg\" alt=\"Google\" width=\"17\" height=\"17\" loading=\"lazy\"><\/trustindex-image><trustindex-image class=\"ti-star\" data-imgurl=\"https:\/\/cdn.trustindex.io\/assets\/platform\/Google\/star\/f.svg\" alt=\"Google\" width=\"17\" height=\"17\" loading=\"lazy\"><\/trustindex-image><trustindex-image class=\"ti-star\" data-imgurl=\"https:\/\/cdn.trustindex.io\/assets\/platform\/Google\/star\/f.svg\" alt=\"Google\" width=\"17\" height=\"17\" loading=\"lazy\"><\/trustindex-image><trustindex-image class=\"ti-star\" data-imgurl=\"https:\/\/cdn.trustindex.io\/assets\/platform\/Google\/star\/f.svg\" alt=\"Google\" width=\"17\" height=\"17\" loading=\"lazy\"><\/trustindex-image><trustindex-image class=\"ti-star\" data-imgurl=\"https:\/\/cdn.trustindex.io\/assets\/platform\/Google\/star\/f.svg\" alt=\"Google\" width=\"17\" height=\"17\" loading=\"lazy\"><\/trustindex-image><span class=\"ti-verified-review ti-verified-platform\"><span class=\"ti-verified-tooltip\">Trustindex sprawdza, czy pierwotnym \u017ar\u00f3d\u0142em recenzji jest Google.<\/span><\/span><\/span> <div class=\"ti-review-text-container ti-review-content\"><!-- R-CONTENT -->Miejsce bardzo urokliwe i klimatyczne, lubimy tam wraca\u0107 \ud83d\ude42 zawsze czysto i na czas \ud83d\ude42 blisko do morza i co dla nas wa\u017cne, jest cicho i spokojnie. Polecamy \u2764\ufe0f bardzo sympatyczni w\u0142a\u015bciciele<!-- R-CONTENT --><\/div> <span class=\"ti-read-more\" data-container=\".ti-review-content\" data-collapse-text=\"Ukryj\" data-open-text=\"Czytaj wi\u0119cej\"><\/span> <\/div> <\/div>  <div data-empty=\"0\" data-time=\"1758240000\" class=\"ti-review-item source-Google ti-image-layout-thumbnail\" data-id=\"cfcd208495d565ef66e7dff9f98764da\"> <div class=\"ti-inner\"> <div class=\"ti-review-header\"> <trustindex-image class=\"ti-platform-icon\" data-imgurl=\"https:\/\/cdn.trustindex.io\/assets\/platform\/Google\/icon.svg\" alt=\"\" width=\"20\" height=\"20\" loading=\"lazy\"><\/trustindex-image> <div class=\"ti-profile-img\"> <trustindex-image data-imgurl=\"https:\/\/lh3.googleusercontent.com\/a\/ACg8ocKDc2zeiQt87ArdI5WgNUTCgPE_GqrM8bNLm_WuLaZh7qoTgA=w64-h64-c-rp-mo-br100\" alt=\"Kamila Osmolska profile picture\" loading=\"lazy\"><\/trustindex-image> <\/div> <div class=\"ti-profile-details\"> <div class=\"ti-name\"> Kamila Osmolska <\/div> <div class=\"ti-date\"><\/div> <\/div> <\/div> <span class=\"ti-stars\"><trustindex-image class=\"ti-star\" data-imgurl=\"https:\/\/cdn.trustindex.io\/assets\/platform\/Google\/star\/f.svg\" alt=\"Google\" width=\"17\" height=\"17\" loading=\"lazy\"><\/trustindex-image><trustindex-image class=\"ti-star\" data-imgurl=\"https:\/\/cdn.trustindex.io\/assets\/platform\/Google\/star\/f.svg\" alt=\"Google\" width=\"17\" height=\"17\" loading=\"lazy\"><\/trustindex-image><trustindex-image class=\"ti-star\" data-imgurl=\"https:\/\/cdn.trustindex.io\/assets\/platform\/Google\/star\/f.svg\" alt=\"Google\" width=\"17\" height=\"17\" loading=\"lazy\"><\/trustindex-image><trustindex-image class=\"ti-star\" data-imgurl=\"https:\/\/cdn.trustindex.io\/assets\/platform\/Google\/star\/f.svg\" alt=\"Google\" width=\"17\" height=\"17\" loading=\"lazy\"><\/trustindex-image><trustindex-image class=\"ti-star\" data-imgurl=\"https:\/\/cdn.trustindex.io\/assets\/platform\/Google\/star\/f.svg\" alt=\"Google\" width=\"17\" height=\"17\" loading=\"lazy\"><\/trustindex-image><span class=\"ti-verified-review ti-verified-platform\"><span class=\"ti-verified-tooltip\">Trustindex sprawdza, czy pierwotnym \u017ar\u00f3d\u0142em recenzji jest Google.<\/span><\/span><\/span> <div class=\"ti-review-text-container ti-review-content\"><!-- R-CONTENT -->Wspania\u0142e miejsce na odpoczynek. Przede wszystkim bajkowa okolica z klifami, dzikimi pla\u017cami i mn\u00f3stwem historycznych artefakt\u00f3w dla fan\u00f3w urbexu. Domki czyste, zadbane, wyposa\u017cone standard + co najmniej. (Uwaga, mo\u017ce si\u0119 zdarzy\u0107, \u017ce po powrocie, \u017cony b\u0119d\u0105 domaga\u0107 si\u0119 remontu kuchni, bo jednak klasyka Ikei jest ponadczasowa). Zadbany teren ma wyznaczone miejsce na du\u017ce ognisko i grilla, oraz hu\u015btawki, kt\u00f3re mog\u0105 \u015bmia\u0142o u\u017cytkowa\u0107 r\u00f3wnie\u017c doro\u015bli. W\u0142a\u015bciciele domk\u00f3w s\u0105 mega sympatyczni, kontaktowi, pomocni. W okolicy s\u0105 sklepy i piekarnia, w kt\u00f3rej mo\u017cna kupi\u0107 genialny chleb focaccia, a w niedalekiej Gdyni z kolei maj\u0105 najlepsz\u0105 kebabownie pewnie w ca\u0142ym Tr\u00f3jmie\u015bcie ( Drwal). A to wszystko za rozs\u0105dne pieni\u0105dze. Tak\u017ce polecamy z ca\u0142ego serca, tym bardziej, \u017ce mo\u017cna z psami, a psy to dopiero tam maj\u0105 raj:)<!-- R-CONTENT --><\/div> <span class=\"ti-read-more\" data-container=\".ti-review-content\" data-collapse-text=\"Ukryj\" data-open-text=\"Czytaj wi\u0119cej\"><\/span> <\/div> <\/div>  <div data-empty=\"0\" data-time=\"1757030400\" class=\"ti-review-item source-Google ti-image-layout-thumbnail\" data-id=\"cfcd208495d565ef66e7dff9f98764da\"> <div class=\"ti-inner\"> <div class=\"ti-review-header\"> <trustindex-image class=\"ti-platform-icon\" data-imgurl=\"https:\/\/cdn.trustindex.io\/assets\/platform\/Google\/icon.svg\" alt=\"\" width=\"20\" height=\"20\" loading=\"lazy\"><\/trustindex-image> <div class=\"ti-profile-img\"> <trustindex-image data-imgurl=\"https:\/\/lh3.googleusercontent.com\/a-\/ALV-UjWxopzOts8uiPcM04VZGxxdJRT5Yxg3a3cGTGRpUc7o2gPrr1Y=w64-h64-c-rp-mo-br100\" alt=\"Maciej Swatek profile picture\" loading=\"lazy\"><\/trustindex-image> <\/div> <div class=\"ti-profile-details\"> <div class=\"ti-name\"> Maciej Swatek <\/div> <div class=\"ti-date\"><\/div> <\/div> <\/div> <span class=\"ti-stars\"><trustindex-image class=\"ti-star\" data-imgurl=\"https:\/\/cdn.trustindex.io\/assets\/platform\/Google\/star\/f.svg\" alt=\"Google\" width=\"17\" height=\"17\" loading=\"lazy\"><\/trustindex-image><trustindex-image class=\"ti-star\" data-imgurl=\"https:\/\/cdn.trustindex.io\/assets\/platform\/Google\/star\/f.svg\" alt=\"Google\" width=\"17\" height=\"17\" loading=\"lazy\"><\/trustindex-image><trustindex-image class=\"ti-star\" data-imgurl=\"https:\/\/cdn.trustindex.io\/assets\/platform\/Google\/star\/f.svg\" alt=\"Google\" width=\"17\" height=\"17\" loading=\"lazy\"><\/trustindex-image><trustindex-image class=\"ti-star\" data-imgurl=\"https:\/\/cdn.trustindex.io\/assets\/platform\/Google\/star\/f.svg\" alt=\"Google\" width=\"17\" height=\"17\" loading=\"lazy\"><\/trustindex-image><trustindex-image class=\"ti-star\" data-imgurl=\"https:\/\/cdn.trustindex.io\/assets\/platform\/Google\/star\/f.svg\" alt=\"Google\" width=\"17\" height=\"17\" loading=\"lazy\"><\/trustindex-image><span class=\"ti-verified-review ti-verified-platform\"><span class=\"ti-verified-tooltip\">Trustindex sprawdza, czy pierwotnym \u017ar\u00f3d\u0142em recenzji jest Google.<\/span><\/span><\/span> <div class=\"ti-review-text-container ti-review-content\"><!-- R-CONTENT -->Wspania\u0142e miejsce, super obs\u0142uga - zawsze na miejscu i pomocna, miejsce ognisko - drewno przygotowane, du\u017co atrakcji dla dzieci, w tym trampolina i tyrolka, ogromna przestrze\u0144. Domki zadbane i czyste.<!-- R-CONTENT --><\/div> <span class=\"ti-read-more\" data-container=\".ti-review-content\" data-collapse-text=\"Ukryj\" data-open-text=\"Czytaj wi\u0119cej\"><\/span> <\/div> <\/div>  <div data-empty=\"0\" data-time=\"1755907200\" class=\"ti-review-item source-Google ti-image-layout-thumbnail\" data-id=\"cfcd208495d565ef66e7dff9f98764da\"> <div class=\"ti-inner\"> <div class=\"ti-review-header\"> <trustindex-image class=\"ti-platform-icon\" data-imgurl=\"https:\/\/cdn.trustindex.io\/assets\/platform\/Google\/icon.svg\" alt=\"\" width=\"20\" height=\"20\" loading=\"lazy\"><\/trustindex-image> <div class=\"ti-profile-img\"> <trustindex-image data-imgurl=\"https:\/\/lh3.googleusercontent.com\/a-\/ALV-UjU_u-iHZPyW_FmddikEObqpLVg63c6_AHXc92ozzxIOwWhFG_HgZQ=w64-h64-c-rp-mo-ba4-br100\" alt=\"Luk\u00e1\u0161 Bobek profile picture\" loading=\"lazy\"><\/trustindex-image> <\/div> <div class=\"ti-profile-details\"> <div class=\"ti-name\"> Luk\u00e1\u0161 Bobek <\/div> <div class=\"ti-date\"><\/div> <\/div> <\/div> <span class=\"ti-stars\"><trustindex-image class=\"ti-star\" data-imgurl=\"https:\/\/cdn.trustindex.io\/assets\/platform\/Google\/star\/f.svg\" alt=\"Google\" width=\"17\" height=\"17\" loading=\"lazy\"><\/trustindex-image><trustindex-image class=\"ti-star\" data-imgurl=\"https:\/\/cdn.trustindex.io\/assets\/platform\/Google\/star\/f.svg\" alt=\"Google\" width=\"17\" height=\"17\" loading=\"lazy\"><\/trustindex-image><trustindex-image class=\"ti-star\" data-imgurl=\"https:\/\/cdn.trustindex.io\/assets\/platform\/Google\/star\/f.svg\" alt=\"Google\" width=\"17\" height=\"17\" loading=\"lazy\"><\/trustindex-image><trustindex-image class=\"ti-star\" data-imgurl=\"https:\/\/cdn.trustindex.io\/assets\/platform\/Google\/star\/f.svg\" alt=\"Google\" width=\"17\" height=\"17\" loading=\"lazy\"><\/trustindex-image><trustindex-image class=\"ti-star\" data-imgurl=\"https:\/\/cdn.trustindex.io\/assets\/platform\/Google\/star\/f.svg\" alt=\"Google\" width=\"17\" height=\"17\" loading=\"lazy\"><\/trustindex-image><span class=\"ti-verified-review ti-verified-platform\"><span class=\"ti-verified-tooltip\">Trustindex sprawdza, czy pierwotnym \u017ar\u00f3d\u0142em recenzji jest Google.<\/span><\/span><\/span> <div class=\"ti-review-text-container ti-review-content\"><!-- R-CONTENT -->P\u011bkn\u00e9 a dob\u0159e za\u0159\u00edzen\u00e9 chatky. Vybaven\u00ed velmi dobr\u00e9, v\u0161e \u010dist\u00e9. Je to v klidn\u00e9 \u010d\u00e1sti, ide\u00e1ln\u00ed pro rodiny s d\u011btmi. V are\u00e1lu jsou pro d\u011bti houpa\u010dky, trampol\u00edna a klouzacka. U ka\u017ed\u00e9 chatky je tak\u00e9 gril, co\u017e jsme ocenili a tak\u00e9 vyu\u017eili.\n\nI kdy\u017e n\u00e1m \u00fapln\u011b nevy\u0161lo po\u010das\u00ed a bylo chladn\u011bji, tak v chatk\u00e1ch bylo pom\u011brn\u011b teplo. Pro ty, co maj\u00ed r\u00e1di v\u011bt\u0161\u00ed teplo, je mo\u017enost si pritopit p\u0159es klimatizaci.\n\nV porovn\u00e1n\u00ed s chatkou v kempu p\u0159\u00edmo v Sopotech, kde jsme byli minul\u00fd rok, je toto ubytov\u00e1n\u00ed na daleko lep\u0161\u00ed \u00farovni.<!-- R-CONTENT --><\/div> <span class=\"ti-read-more\" data-container=\".ti-review-content\" data-collapse-text=\"Ukryj\" data-open-text=\"Czytaj wi\u0119cej\"><\/span> <\/div> <\/div>  <div data-empty=\"0\" data-time=\"1755561600\" class=\"ti-review-item source-Google ti-image-layout-thumbnail\" data-id=\"cfcd208495d565ef66e7dff9f98764da\"> <div class=\"ti-inner\"> <div class=\"ti-review-header\"> <trustindex-image class=\"ti-platform-icon\" data-imgurl=\"https:\/\/cdn.trustindex.io\/assets\/platform\/Google\/icon.svg\" alt=\"\" width=\"20\" height=\"20\" loading=\"lazy\"><\/trustindex-image> <div class=\"ti-profile-img\"> <trustindex-image data-imgurl=\"https:\/\/lh3.googleusercontent.com\/a\/ACg8ocLOdHS2WX3LIrANEcoHgrDZYEXgi44sWCIuZJBBieE9INIY4Q=w64-h64-c-rp-mo-br100\" alt=\"Agatoniak P profile picture\" loading=\"lazy\"><\/trustindex-image> <\/div> <div class=\"ti-profile-details\"> <div class=\"ti-name\"> Agatoniak P <\/div> <div class=\"ti-date\"><\/div> <\/div> <\/div> <span class=\"ti-stars\"><trustindex-image class=\"ti-star\" data-imgurl=\"https:\/\/cdn.trustindex.io\/assets\/platform\/Google\/star\/f.svg\" alt=\"Google\" width=\"17\" height=\"17\" loading=\"lazy\"><\/trustindex-image><trustindex-image class=\"ti-star\" data-imgurl=\"https:\/\/cdn.trustindex.io\/assets\/platform\/Google\/star\/f.svg\" alt=\"Google\" width=\"17\" height=\"17\" loading=\"lazy\"><\/trustindex-image><trustindex-image class=\"ti-star\" data-imgurl=\"https:\/\/cdn.trustindex.io\/assets\/platform\/Google\/star\/f.svg\" alt=\"Google\" width=\"17\" height=\"17\" loading=\"lazy\"><\/trustindex-image><trustindex-image class=\"ti-star\" data-imgurl=\"https:\/\/cdn.trustindex.io\/assets\/platform\/Google\/star\/f.svg\" alt=\"Google\" width=\"17\" height=\"17\" loading=\"lazy\"><\/trustindex-image><trustindex-image class=\"ti-star\" data-imgurl=\"https:\/\/cdn.trustindex.io\/assets\/platform\/Google\/star\/f.svg\" alt=\"Google\" width=\"17\" height=\"17\" loading=\"lazy\"><\/trustindex-image><span class=\"ti-verified-review ti-verified-platform\"><span class=\"ti-verified-tooltip\">Trustindex sprawdza, czy pierwotnym \u017ar\u00f3d\u0142em recenzji jest Google.<\/span><\/span><\/span> <div class=\"ti-review-text-container ti-review-content\"><!-- R-CONTENT -->Miejsce wspania\u0142e. Z dala od t\u0142umu turyst\u00f3w, stragan\u00f3w i miejskiego chaosu. Cudowna plaza tu\u017c pod nosem ,pi\u0119kne klify. Niedaleko 2 sklepy oraz autobus miejski.W domkach wszystko co potrzeba pe\u0142en komfort. Atrakcje dla dzieci zabezpieczone.Domki wyciszone z dala od miejskiego gwaru.Jestem zadowolona z pobytu i napewno jeszcze wr\u00f3c\u0119.<!-- R-CONTENT --><\/div> <span class=\"ti-read-more\" data-container=\".ti-review-content\" data-collapse-text=\"Ukryj\" data-open-text=\"Czytaj wi\u0119cej\"><\/span> <\/div> <\/div>  <div data-empty=\"0\" data-time=\"1754265600\" class=\"ti-review-item source-Google ti-image-layout-thumbnail\" data-id=\"cfcd208495d565ef66e7dff9f98764da\"> <div class=\"ti-inner\"> <div class=\"ti-review-header\"> <trustindex-image class=\"ti-platform-icon\" data-imgurl=\"https:\/\/cdn.trustindex.io\/assets\/platform\/Google\/icon.svg\" alt=\"\" width=\"20\" height=\"20\" loading=\"lazy\"><\/trustindex-image> <div class=\"ti-profile-img\"> <trustindex-image data-imgurl=\"https:\/\/lh3.googleusercontent.com\/a\/ACg8ocL1UtJi5TO7tdcFLuTLTdEXO2DQxQ-HzCCwkLn4JVplzmjbiw=w64-h64-c-rp-mo-br100\" alt=\"Igor Dobrovolskyi profile picture\" loading=\"lazy\"><\/trustindex-image> <\/div> <div class=\"ti-profile-details\"> <div class=\"ti-name\"> Igor Dobrovolskyi <\/div> <div class=\"ti-date\"><\/div> <\/div> <\/div> <span class=\"ti-stars\"><trustindex-image class=\"ti-star\" data-imgurl=\"https:\/\/cdn.trustindex.io\/assets\/platform\/Google\/star\/f.svg\" alt=\"Google\" width=\"17\" height=\"17\" loading=\"lazy\"><\/trustindex-image><trustindex-image class=\"ti-star\" data-imgurl=\"https:\/\/cdn.trustindex.io\/assets\/platform\/Google\/star\/f.svg\" alt=\"Google\" width=\"17\" height=\"17\" loading=\"lazy\"><\/trustindex-image><trustindex-image class=\"ti-star\" data-imgurl=\"https:\/\/cdn.trustindex.io\/assets\/platform\/Google\/star\/f.svg\" alt=\"Google\" width=\"17\" height=\"17\" loading=\"lazy\"><\/trustindex-image><trustindex-image class=\"ti-star\" data-imgurl=\"https:\/\/cdn.trustindex.io\/assets\/platform\/Google\/star\/f.svg\" alt=\"Google\" width=\"17\" height=\"17\" loading=\"lazy\"><\/trustindex-image><trustindex-image class=\"ti-star\" data-imgurl=\"https:\/\/cdn.trustindex.io\/assets\/platform\/Google\/star\/f.svg\" alt=\"Google\" width=\"17\" height=\"17\" loading=\"lazy\"><\/trustindex-image><span class=\"ti-verified-review ti-verified-platform\"><span class=\"ti-verified-tooltip\">Trustindex sprawdza, czy pierwotnym \u017ar\u00f3d\u0142em recenzji jest Google.<\/span><\/span><\/span> <div class=\"ti-review-text-container ti-review-content\"><!-- R-CONTENT -->By\u0142o mega fajnie , dzi\u0119kuje bardzo , lokalizacja jest dobra , bardzo blisko morze , uber do Gdyni jest mega tani z Gdyni MKS wsz\u0119dzie mo\u017cna si\u0119 dosta\u0107 . Polecam<!-- R-CONTENT --><\/div> <span class=\"ti-read-more\" data-container=\".ti-review-content\" data-collapse-text=\"Ukryj\" data-open-text=\"Czytaj wi\u0119cej\"><\/span> <\/div> <\/div>  <\/div> <\/div> <div class=\"ti-controls-line\"> <div class=\"dot\"><\/div> <\/div> <div class=\"ti-footer\"> <div class=\"ti-rating-text\"> <span class=\"nowrap\">Og\u00f3lna ocena <strong>Google<\/strong><\/span><span class=\"nowrap\"><strong>4.9<\/strong>\/5, <\/span><span class=\"nowrap\">na podstawie <strong>69 opinii<\/strong><\/span> <\/div> <\/div>   <\/div> <\/div> <\/template><\/pre><div data-src=\"https:\/\/cdn.trustindex.io\/loader.js?wp-widget\" data-template-id=\"trustindex-google-widget-html\" data-css-url=\"https:\/\/babiedoly.com\/wp-content\/uploads\/trustindex-google-widget.css?1774341295\"><\/div>\n\t<h2>Sie k\u00f6nnen Ihren Aufenthalt online reservieren, indem Sie oben auf die Schaltfl\u00e4che Reservierung klicken, oder rufen Sie uns an oder schreiben Sie uns eine Nachricht<\/h2>\n<p>Tel.: +48 690 197 987<\/p>\n<p>E-Mail: domki@2mpro.pl<\/p>\n<p>Unsere H\u00e4user sind das ganze Jahr \u00fcber ge\u00f6ffnet.<\/p>\n\t<iframe src=\"https:\/\/www.google.com\/maps\/embed?pb=!1m18!1m12!1m3!1d203834.10399265116!2d18.416168114884204!3d54.43307185568472!2m3!1f0!2f0!3f0!3m2!1i1024!2i768!4f13.1!3m3!1m2!1s0x46fda742777c7515%3A0x9d3cd716029a0bd6!2sDomki%20Babie%20Do%C5%82y%20-%20ca%C5%82oroczne%20domki%20drewniane%20w%20Gdyni!5e1!3m2!1spl!2spl!4v1723047190252!5m2!1spl!2spl\" width=\"100%\" height=\"450\" allowfullscreen=\"\" loading=\"lazy\" referrerpolicy=\"no-referrer-when-downgrade\"><\/iframe>\n\t\t\t\t\t\t\t<img decoding=\"async\" src=\"https:\/\/demo.wpbeaveraddons.com\/wp-content\/uploads\/2017\/10\/mobile-icon.png\" alt=\"\" \/>\n\t\t\t\t\t\t\t\t\t\t\t\n\t\t\t\t\t<p><a href=\"tel:0048690197987\">+48 690 197 987<\/a><br \/><a href=\"mailto:domki@2mpro.pl\">domki@2mpro.pl<\/a><br \/><a href=\"https:\/\/wa.me\/0048690197987\" target=\"_blank\" rel=\"noopener\">WhatsApp <img loading=\"lazy\" decoding=\"async\" src=\"https:\/\/babiedoly.com\/wp-content\/uploads\/2026\/03\/whatsapp.webp\" alt=\"whatsapp\" width=\"25\" height=\"29\"\/><\/a> <\/p>\n\t\t\t<a href=\"https:\/\/share.google\/Ifk0boLsw69kfMzKq\" target=\"_blank\" rel=\"noopener\">\n\t\t\t\t\t\t\t<img decoding=\"async\" src=\"https:\/\/demo.wpbeaveraddons.com\/wp-content\/uploads\/2017\/10\/map-icon.png\" alt=\"\" \/>\n\t\t\t\t\t\t\t\t\t\t\t\n\t\t\t\t\t<p>Rybak\u00f3w 32D, <br \/>81-197 Gdynia, Polen<\/p>\t\t\t\t\n\t\t<\/a>\n\t\u00a9 2020-2026 r. <a href=\"https:\/\/babiedoly.com\/de\/datenschutzerklaerung\/\">Datenschutzrichtlinie und Verarbeitung personenbezogener Daten<\/a><br \/>\nUmsetzung: <a href=\"https:\/\/brandrei.com\/\" target=\"_blank\" rel=\"noopener\">Brandrei.com<\/a> oraz <a href=\"https:\/\/finemarketing.pl\/\" target=\"_blank\" rel=\"noopener\">Fine Marketing<\/a><br \/>\nAlle Fotos urheberrechtlich gesch\u00fctzt\n<p><a href=\"https:\/\/babiedoly.com\/de\/ganzjaehrige-unterkunft-am-meer-polen\/\">Ganzj\u00e4hrig nutzbare Ferienh\u00e4user in Gdynia ansehen<\/a><\/p>\n\n","protected":false},"excerpt":{"rendered":"<p>Reservieren Sie Ihren Platz in den Ferienh\u00e4usern Kalender der verf\u00fcgbaren Termine: W\u00e4hlen Sie einen Termin und die Anzahl der G\u00e4ste aus, und es erscheint eine Liste der verf\u00fcgbaren H\u00e4user. Dasselbe finden Sie unter der Schaltfl\u00e4che Reservierung. RESERVIERUNG Kapazit\u00e4t der H\u00e4user: Haus 1: f\u00fcr 4-6 Personen Haus 2: f\u00fcr 4-6 Personen Haus 3: f\u00fcr 4-8 Personen&hellip;<\/p>\n","protected":false},"author":1,"featured_media":0,"parent":0,"menu_order":0,"comment_status":"closed","ping_status":"closed","template":"tpl-no-header-footer.php","meta":{"footnotes":""},"class_list":["post-2248","page","type-page","status-publish","hentry"],"_links":{"self":[{"href":"https:\/\/babiedoly.com\/de\/wp-json\/wp\/v2\/pages\/2248","targetHints":{"allow":["GET"]}}],"collection":[{"href":"https:\/\/babiedoly.com\/de\/wp-json\/wp\/v2\/pages"}],"about":[{"href":"https:\/\/babiedoly.com\/de\/wp-json\/wp\/v2\/types\/page"}],"author":[{"embeddable":true,"href":"https:\/\/babiedoly.com\/de\/wp-json\/wp\/v2\/users\/1"}],"replies":[{"embeddable":true,"href":"https:\/\/babiedoly.com\/de\/wp-json\/wp\/v2\/comments?post=2248"}],"version-history":[{"count":2,"href":"https:\/\/babiedoly.com\/de\/wp-json\/wp\/v2\/pages\/2248\/revisions"}],"predecessor-version":[{"id":3613,"href":"https:\/\/babiedoly.com\/de\/wp-json\/wp\/v2\/pages\/2248\/revisions\/3613"}],"wp:attachment":[{"href":"https:\/\/babiedoly.com\/de\/wp-json\/wp\/v2\/media?parent=2248"}],"curies":[{"name":"wp","href":"https:\/\/api.w.org\/{rel}","templated":true}]}}